{"id":839,"date":"2024-05-13T04:12:00","date_gmt":"2024-05-13T04:12:00","guid":{"rendered":"https:\/\/goenvio.es\/?page_id=839"},"modified":"2024-05-13T04:20:11","modified_gmt":"2024-05-13T04:20:11","slug":"%e5%9c%a8%e6%9c%ba%e5%9c%ba%e6%89%be%e5%9b%9e%e5%a4%b1%e7%89%a9%e7%9a%84%e6%ad%a5%e9%aa%a4%e4%bb%a5%e5%8f%8a-goenvio-%e5%a6%82%e4%bd%95%e5%8d%8f%e5%8a%a9%e6%89%be%e5%9b%9e%e5%a4%b1%e7%89%a9","status":"publish","type":"page","link":"https:\/\/goenvio.es\/zh\/%e5%9c%a8%e6%9c%ba%e5%9c%ba%e6%89%be%e5%9b%9e%e5%a4%b1%e7%89%a9%e7%9a%84%e6%ad%a5%e9%aa%a4%e4%bb%a5%e5%8f%8a-goenvio-%e5%a6%82%e4%bd%95%e5%8d%8f%e5%8a%a9%e6%89%be%e5%9b%9e%e5%a4%b1%e7%89%a9\/","title":{"rendered":"\u673a\u573a\u5931\u7269\u62db\u9886\uff1a\u627e\u56de\u5931\u7269\u7684\u6b65\u9aa4\u4ee5\u53ca GoEnvio \u5982\u4f55\u5e2e\u52a9\u627e\u56de\u5931\u7269"},"content":{"rendered":"<div data-elementor-type=\"wp-page\" data-elementor-id=\"839\" class=\"elementor elementor-839\">\n\t\t\t\t\t\t<section class=\"elementor-section elementor-top-section elementor-element elementor-element-d676a70 elementor-section-full_width elementor-section-stretched elementor-section-height-default elementor-section-height-default\" data-id=\"d676a70\" data-element_type=\"section\" data-e-type=\"section\" data-settings=\"{&quot;stretch_section&quot;:&quot;section-stretched&quot;}\">\n\t\t\t\t\t\t<div class=\"elementor-container elementor-column-gap-wider\">\n\t\t\t\t\t<div class=\"elementor-column elementor-col-100 elementor-top-column elementor-element elementor-element-d57ed04\" data-id=\"d57ed04\" data-element_type=\"column\" data-e-type=\"column\" data-settings=\"{&quot;background_background&quot;:&quot;classic&quot;}\">\n\t\t\t<div class=\"elementor-widget-wrap elementor-element-populated\">\n\t\t\t\t\t\t<section class=\"elementor-section elementor-inner-section elementor-element elementor-element-d3a90e6 elementor-section-boxed elementor-section-height-default elementor-section-height-default\" data-id=\"d3a90e6\" data-element_type=\"section\" data-e-type=\"section\">\n\t\t\t\t\t\t<div class=\"elementor-container elementor-column-gap-default\">\n\t\t\t\t\t<div class=\"elementor-column elementor-col-100 elementor-inner-column elementor-element elementor-element-bd5e915\" data-id=\"bd5e915\" data-element_type=\"column\" data-e-type=\"column\">\n\t\t\t<div class=\"elementor-widget-wrap elementor-element-populated\">\n\t\t\t\t\t\t<section class=\"elementor-section elementor-inner-section elementor-element elementor-element-c100ef7 elementor-section-boxed elementor-section-height-default elementor-section-height-default\" data-id=\"c100ef7\" data-element_type=\"section\" data-e-type=\"section\">\n\t\t\t\t\t\t<div class=\"elementor-container elementor-column-gap-default\">\n\t\t\t\t\t<div class=\"elementor-column elementor-col-25 elementor-inner-column elementor-element elementor-element-8cbaae0\" data-id=\"8cbaae0\" data-element_type=\"column\" data-e-type=\"column\">\n\t\t\t<div class=\"elementor-widget-wrap\">\n\t\t\t\t\t\t\t<\/div>\n\t\t<\/div>\n\t\t\t\t<div class=\"elementor-column elementor-col-50 elementor-inner-column elementor-element elementor-element-f71378a\" data-id=\"f71378a\" data-element_type=\"column\" data-e-type=\"column\">\n\t\t\t<div class=\"elementor-widget-wrap elementor-element-populated\">\n\t\t\t\t\t\t<div class=\"elementor-element elementor-element-598cb93 elementor-widget elementor-widget-heading\" data-id=\"598cb93\" data-element_type=\"widget\" data-e-type=\"widget\" data-widget_type=\"heading.default\">\n\t\t\t\t<div class=\"elementor-widget-container\">\n\t\t\t\t\t<h3 class=\"elementor-heading-title elementor-size-default\">\u673a\u573a\u5931\u7269\u62db\u9886\uff1a\u627e\u56de\u5931\u7269\u7684\u6b65\u9aa4\u4ee5\u53ca GoEnvio \u5982\u4f55\u5e2e\u52a9\u627e\u56de\u5931\u7269\n\n<\/h3>\t\t\t\t<\/div>\n\t\t\t\t<\/div>\n\t\t\t\t<div class=\"elementor-element elementor-element-563c703 elementor-widget-tablet__width-initial elementor-widget elementor-widget-heading\" data-id=\"563c703\" data-element_type=\"widget\" data-e-type=\"widget\" data-widget_type=\"heading.default\">\n\t\t\t\t<div class=\"elementor-widget-container\">\n\t\t\t\t\t<h5 class=\"elementor-heading-title elementor-size-default\">\u65c5\u884c\u4e2d\u9057\u5931\u7269\u54c1\u662f\u4e00\u4ef6\u975e\u5e38\u4ee4\u4eba\u62c5\u5fe7\u7684\u4e8b\u60c5\u3002\u5982\u679c\u60a8\u66fe\u7ecf\u5728\u673a\u573a\u4e22\u5931\u8fc7\u7269\u54c1\uff0c\u60a8\u5c31\u4f1a\u77e5\u9053\u8fd9\u6709\u591a\u4e48\u4ee4\u4eba\u6cae\u4e27\u3002\u4e0d\u8fc7\uff0c\u60a8\u53ef\u4ee5\u91c7\u53d6\u4e00\u4e9b\u660e\u786e\u7684\u6b65\u9aa4\u6765\u5c1d\u8bd5\u627e\u56de\u60a8\u7684\u7269\u54c1\uff0c\u5728 GoEnvio \u7b49\u670d\u52a1\u7684\u5e2e\u52a9\u4e0b\uff0c\u8fd9\u4e2a\u8fc7\u7a0b\u4f1a\u53d8\u5f97\u66f4\u52a0\u7b80\u5355\u548c\u9ad8\u6548\u3002\u4ee5\u4e0b\u662f\u5982\u4f55\u8fdb\u884c\u4ee5\u53ca\u6211\u4eec\u7684\u670d\u52a1\u5982\u4f55\u5e2e\u52a9\u60a8\u5b8c\u6210\u6bcf\u4e00\u6b65\u3002\n\n\n\n\n\n<\/h5>\t\t\t\t<\/div>\n\t\t\t\t<\/div>\n\t\t\t\t\t<\/div>\n\t\t<\/div>\n\t\t\t\t<div class=\"elementor-column elementor-col-25 elementor-inner-column elementor-element elementor-element-50c51bc\" data-id=\"50c51bc\" data-element_type=\"column\" data-e-type=\"column\">\n\t\t\t<div class=\"elementor-widget-wrap\">\n\t\t\t\t\t\t\t<\/div>\n\t\t<\/div>\n\t\t\t\t\t<\/div>\n\t\t<\/section>\n\t\t\t\t\t<\/div>\n\t\t<\/div>\n\t\t\t\t\t<\/div>\n\t\t<\/section>\n\t\t\t\t\t<\/div>\n\t\t<\/div>\n\t\t\t\t\t<\/div>\n\t\t<\/section>\n\t\t\t\t<section class=\"elementor-section elementor-top-section elementor-element elementor-element-0d58ce0 elementor-section-full_width elementor-section-stretched elementor-section-height-default elementor-section-height-default\" data-id=\"0d58ce0\" data-element_type=\"section\" data-e-type=\"section\" data-settings=\"{&quot;stretch_section&quot;:&quot;section-stretched&quot;,&quot;background_background&quot;:&quot;classic&quot;}\">\n\t\t\t\t\t\t<div class=\"elementor-container elementor-column-gap-default\">\n\t\t\t\t\t<div class=\"elementor-column elementor-col-100 elementor-top-column elementor-element elementor-element-16d11c8\" data-id=\"16d11c8\" data-element_type=\"column\" data-e-type=\"column\" data-settings=\"{&quot;background_background&quot;:&quot;classic&quot;}\">\n\t\t\t<div class=\"elementor-widget-wrap elementor-element-populated\">\n\t\t\t\t\t\t<section class=\"elementor-section elementor-inner-section elementor-element elementor-element-4a1e55a elementor-reverse-tablet elementor-reverse-mobile elementor-section-boxed elementor-section-height-default elementor-section-height-default\" data-id=\"4a1e55a\" data-element_type=\"section\" data-e-type=\"section\" id=\"dental\">\n\t\t\t\t\t\t<div class=\"elementor-container elementor-column-gap-default\">\n\t\t\t\t\t<div class=\"elementor-column elementor-col-50 elementor-inner-column elementor-element elementor-element-6a6be8d\" data-id=\"6a6be8d\" data-element_type=\"column\" data-e-type=\"column\" data-settings=\"{&quot;background_background&quot;:&quot;classic&quot;}\">\n\t\t\t<div class=\"elementor-widget-wrap elementor-element-populated\">\n\t\t\t\t\t\t<div class=\"elementor-element elementor-element-3774c39 elementor-widget elementor-widget-text-editor\" data-id=\"3774c39\" data-element_type=\"widget\" data-e-type=\"widget\" data-widget_type=\"text-editor.default\">\n\t\t\t\t<div class=\"elementor-widget-container\">\n\t\t\t\t\t\t\t\t\t<h3>\u6b65\u9aa4 1\uff1a\u62a5\u544a\u5931\u7269\u62db\u9886<\/h3><p>\u4e00\u65e6\u610f\u8bc6\u5230\u81ea\u5df1\u4e22\u5931\u4e86\u7269\u54c1\uff0c\u7acb\u5373\u62a5\u5931\u81f3\u5173\u91cd\u8981\u3002\u5927\u591a\u6570\u673a\u573a\u90fd\u8bbe\u6709\u5931\u7269\u62db\u9886\u5904\u6216\u5728\u7ebf\u670d\u52a1\uff0c\u60a8\u53ef\u4ee5\u5728\u90a3\u91cc\u62a5\u5931\u3002\u8bf7\u63d0\u4f9b\u7269\u54c1\u7684\u8be6\u7ec6\u63cf\u8ff0\uff0c\u5305\u62ec\u54c1\u724c\u3001\u989c\u8272\u4ee5\u53ca\u4efb\u4f55\u6709\u52a9\u4e8e\u8bc6\u522b\u7269\u54c1\u7684\u7279\u5f81\u3002<\/p><h3>\u6b65\u9aa4 2\uff1a\u53c2\u89c2\u4fe1\u606f\u70b9<\/h3><p>\u5982\u679c\u60a8\u4ecd\u5728\u673a\u573a\uff0c\u8bf7\u524d\u5f80\u95ee\u8be2\u5904\u6216\u5931\u7269\u62db\u9886\u5904\u3002\u5de5\u4f5c\u4eba\u5458\u53ef\u4ee5\u5e2e\u52a9\u60a8\u68c0\u67e5\u7269\u54c1\u662f\u5426\u5df2\u7ecf\u4e0a\u4ea4\uff0c\u5e76\u6307\u5bfc\u60a8\u5982\u4f55\u7ee7\u7eed\u64cd\u4f5c\u3002<\/p>\t\t\t\t\t\t\t\t<\/div>\n\t\t\t\t<\/div>\n\t\t\t\t\t<\/div>\n\t\t<\/div>\n\t\t\t\t<div class=\"elementor-column elementor-col-50 elementor-inner-column elementor-element elementor-element-5eb845c\" data-id=\"5eb845c\" data-element_type=\"column\" data-e-type=\"column\" data-settings=\"{&quot;background_background&quot;:&quot;classic&quot;}\">\n\t\t\t<div class=\"elementor-widget-wrap elementor-element-populated\">\n\t\t\t\t\t\t<div class=\"elementor-element elementor-element-fe8aa1c elementor-widget elementor-widget-spacer\" data-id=\"fe8aa1c\" data-element_type=\"widget\" data-e-type=\"widget\" data-widget_type=\"spacer.default\">\n\t\t\t\t<div class=\"elementor-widget-container\">\n\t\t\t\t\t\t\t<div class=\"elementor-spacer\">\n\t\t\t<div class=\"elementor-spacer-inner\"><\/div>\n\t\t<\/div>\n\t\t\t\t\t\t<\/div>\n\t\t\t\t<\/div>\n\t\t\t\t\t<\/div>\n\t\t<\/div>\n\t\t\t\t\t<\/div>\n\t\t<\/section>\n\t\t\t\t<section class=\"elementor-section elementor-inner-section elementor-element elementor-element-9f13e75 elementor-section-boxed elementor-section-height-default elementor-section-height-default\" data-id=\"9f13e75\" data-element_type=\"section\" data-e-type=\"section\" id=\"xray\">\n\t\t\t\t\t\t<div class=\"elementor-container elementor-column-gap-default\">\n\t\t\t\t\t<div class=\"elementor-column elementor-col-100 elementor-inner-column elementor-element elementor-element-a864368\" data-id=\"a864368\" data-element_type=\"column\" data-e-type=\"column\" data-settings=\"{&quot;background_background&quot;:&quot;classic&quot;}\">\n\t\t\t<div class=\"elementor-widget-wrap elementor-element-populated\">\n\t\t\t\t\t\t<div class=\"elementor-element elementor-element-a429858 elementor-widget elementor-widget-text-editor\" data-id=\"a429858\" data-element_type=\"widget\" data-e-type=\"widget\" data-widget_type=\"text-editor.default\">\n\t\t\t\t<div class=\"elementor-widget-container\">\n\t\t\t\t\t\t\t\t\t<h3>\u6b65\u9aa4 3\uff1a\u4fdd\u6301\u8054\u7cfb<\/h3><p>\u5982\u679c\u60a8\u7684\u7269\u54c1\u6ca1\u6709\u7acb\u5373\u627e\u5230\uff0c\u8bf7\u52a1\u5fc5\u4e0e\u673a\u573a\u7684\u5931\u7269\u62db\u9886\u90e8\u95e8\u4fdd\u6301\u8054\u7cfb\u3002\u8bb8\u591a\u673a\u573a\u90fd\u6709\u767b\u8bb0\u5931\u7269\u7684\u5728\u7ebf\u7cfb\u7edf\uff0c\u60a8\u53ef\u4ee5\u8fdc\u7a0b\u67e5\u770b\u5931\u7269\u7684\u72b6\u6001\u3002<\/p><h3>\u6b65\u9aa4 4\uff1a\u9700\u8981\u5e2e\u52a9\u65f6\u4f7f\u7528 GoEnvio<\/h3><p>\u5982\u679c\u6807\u51c6\u6d41\u7a0b\u8ba9\u4eba\u96be\u4ee5\u627f\u53d7\uff0c\u6216\u8005\u60a8\u53ea\u662f\u66f4\u559c\u6b22\u66f4\u76f4\u63a5\u3001\u66f4\u9ad8\u6548\u7684\u89e3\u51b3\u65b9\u6848\uff0cGoEnvio \u5c06\u4e3a\u60a8\u63d0\u4f9b\u5e2e\u52a9\u3002\u6211\u4eec\u4e13\u4e3a\u5728 Aena \u7ba1\u7406\u7684\u673a\u573a\u627e\u56de\u9057\u5931\u7269\u54c1\u800c\u8bbe\u8ba1\u7684\u670d\u52a1\u7b80\u5316\u4e86\u8fd9\u4e00\u6d41\u7a0b\u3002<\/p>\t\t\t\t\t\t\t\t<\/div>\n\t\t\t\t<\/div>\n\t\t\t\t<div class=\"elementor-element elementor-element-ac07bb3 elementor-widget elementor-widget-heading\" data-id=\"ac07bb3\" data-element_type=\"widget\" data-e-type=\"widget\" data-widget_type=\"heading.default\">\n\t\t\t\t<div class=\"elementor-widget-container\">\n\t\t\t\t\t<h3 class=\"elementor-heading-title elementor-size-default\">\nGoEnvio \u80fd\u4e3a\u60a8\u63d0\u4f9b\u54ea\u4e9b\u5e2e\u52a9\uff1f\n<\/h3>\t\t\t\t<\/div>\n\t\t\t\t<\/div>\n\t\t\t\t<div class=\"elementor-element elementor-element-9902a9f elementor-widget elementor-widget-text-editor\" data-id=\"9902a9f\" data-element_type=\"widget\" data-e-type=\"widget\" data-widget_type=\"text-editor.default\">\n\t\t\t\t<div class=\"elementor-widget-container\">\n\t\t\t\t\t\t\t\t\t<p><strong>\u53d6\u8d27\u548c\u9001\u8d27\uff1a<\/strong> \u5982\u679c\u60a8\u7684\u7269\u54c1\u5df2\u7ecf\u627e\u5230\uff0c\u6211\u4eec\u5c06\u8d1f\u8d23\u6574\u4e2a\u53d6\u8d27\u8fc7\u7a0b\u3002\u6b64\u5916\uff0c\u6211\u4eec\u4f1a\u5c06\u7269\u54c1\u76f4\u63a5\u5bc4\u5f80\u60a8\u6307\u5b9a\u7684\u56fd\u5185\u6216\u56fd\u9645\u5730\u5740\u3002<\/p><p><strong>\u7b80\u5316\u6d41\u7a0b\uff1a<\/strong> \u60a8\u53ef\u4ee5\u8bbf\u95ee\u6211\u4eec\u7684\u7f51\u7ad9\uff0c\u5728\u4ee5\u4e0b\u7f51\u5740\u586b\u5199\u4e00\u4efd\u7b80\u5355\u7684\u8868\u683c\uff0c\u5f00\u59cb\u7533\u8bf7\u7a0b\u5e8f <a href=\"https:\/\/goenvio.es\/zh\/%e9%81%97%e5%a4%b1%e7%89%a9%e8%bf%90%e8%b4%b9%e4%bc%b0%e7%ae%97\/\" target=\"_new\" rel=\"noreferrer\">\u7533\u8bf7\u5931\u7269\u62db\u9886\u670d\u52a1<\/a>.\u6211\u4eec\u4f1a\u5904\u7406\u5176\u4f59\u4e8b\u5b9c\uff0c\u786e\u4fdd\u60a8\u7684\u9057\u5931\u7269\u54c1\u5b89\u5168\u3001\u9ad8\u6548\u5730\u5f52\u8fd8\u3002<\/p><h3>\u7ed3\u8bba<\/h3><p>\u5728\u673a\u573a\u4e22\u5931\u7269\u54c1\u5e76\u4e0d\u4e00\u5b9a\u662f\u60a8\u7269\u54c1\u7684\u4e0d\u5e78\u7ed3\u5c40\u3002\u53ea\u8981\u9075\u5faa\u8fd9\u4e9b\u6b65\u9aa4\uff0c\u5e76\u5728 GoEnvio \u7684\u5e2e\u52a9\u4e0b\uff0c\u60a8\u5c31\u53ef\u4ee5\u5927\u5927\u589e\u52a0\u627e\u56de\u9057\u5931\u7269\u54c1\u7684\u673a\u4f1a\u3002\u6211\u4eec\u7684\u670d\u52a1\u65e8\u5728\u8ba9\u65c5\u5ba2\u5b89\u5fc3\uff0c\u786e\u4fdd\u5373\u4f7f\u4e22\u5931\u4e86\u7269\u54c1\uff0c\u4e5f\u6709\u53ef\u9760\u6709\u6548\u7684\u65b9\u6cd5\u627e\u56de\u3002 \u6709 GoEnvio \u5728\u60a8\u8eab\u8fb9\uff0c\u5e2e\u60a8\u627e\u56de\u5c5e\u4e8e\u60a8\u7684\u4e1c\u897f\uff0c\u8ba9\u60a8\u7684\u65c5\u884c\u4e0d\u518d\u62c5\u5fe7\uff01<\/p>\t\t\t\t\t\t\t\t<\/div>\n\t\t\t\t<\/div>\n\t\t\t\t\t<\/div>\n\t\t<\/div>\n\t\t\t\t\t<\/div>\n\t\t<\/section>\n\t\t\t\t\t<\/div>\n\t\t<\/div>\n\t\t\t\t\t<\/div>\n\t\t<\/section>\n\t\t\t\t<section class=\"elementor-section elementor-top-section elementor-element elementor-element-64e0935 elementor-section-full_width elementor-section-stretched elementor-section-height-default elementor-section-height-default\" data-id=\"64e0935\" data-element_type=\"section\" data-e-type=\"section\" data-settings=\"{&quot;stretch_section&quot;:&quot;section-stretched&quot;}\">\n\t\t\t\t\t\t<div class=\"elementor-container elementor-column-gap-wider\">\n\t\t\t\t\t<div class=\"elementor-column elementor-col-100 elementor-top-column elementor-element elementor-element-3718854\" data-id=\"3718854\" data-element_type=\"column\" data-e-type=\"column\">\n\t\t\t<div class=\"elementor-widget-wrap elementor-element-populated\">\n\t\t\t\t\t\t<section class=\"elementor-section elementor-inner-section elementor-element elementor-element-6462d46 elementor-section-boxed elementor-section-height-default elementor-section-height-default\" data-id=\"6462d46\" data-element_type=\"section\" data-e-type=\"section\" data-settings=\"{&quot;background_background&quot;:&quot;classic&quot;}\">\n\t\t\t\t\t\t<div class=\"elementor-container elementor-column-gap-default\">\n\t\t\t\t\t<div class=\"elementor-column elementor-col-100 elementor-inner-column elementor-element elementor-element-cac5a93\" data-id=\"cac5a93\" data-element_type=\"column\" data-e-type=\"column\" data-settings=\"{&quot;background_background&quot;:&quot;classic&quot;}\">\n\t\t\t<div class=\"elementor-widget-wrap elementor-element-populated\">\n\t\t\t\t\t\t<div class=\"elementor-element elementor-element-96d16a7 elementor-widget__width-initial elementor-widget elementor-widget-heading\" data-id=\"96d16a7\" data-element_type=\"widget\" data-e-type=\"widget\" data-widget_type=\"heading.default\">\n\t\t\t\t<div class=\"elementor-widget-container\">\n\t\t\t\t\t<h3 class=\"elementor-heading-title elementor-size-default\"><p><span style=\"color: #2b6cf5\">\u7533\u8bf7\u60a8\u7684<\/span> \u975e\u7ea6\u675f\u6027\u62a5\u4ef7 &lt;\/p<\/h3>\t\t\t\t<\/div>\n\t\t\t\t<\/div>\n\t\t\t\t<div class=\"elementor-element elementor-element-3f554ac elementor-mobile-align-center elementor-widget-tablet__width-inherit elementor-align-center elementor-widget elementor-widget-button\" data-id=\"3f554ac\" data-element_type=\"widget\" data-e-type=\"widget\" data-widget_type=\"button.default\">\n\t\t\t\t<div class=\"elementor-widget-container\">\n\t\t\t\t\t\t\t\t\t<div class=\"elementor-button-wrapper\">\n\t\t\t\t\t<a class=\"elementor-button elementor-button-link elementor-size-sm\" href=\"\/zh\/%e9%81%97%e5%a4%b1%e7%89%a9%e8%bf%90%e8%b4%b9%e4%bc%b0%e7%ae%97\/\">\n\t\t\t\t\t\t<span class=\"elementor-button-content-wrapper\">\n\t\t\t\t\t\t\t\t\t<span class=\"elementor-button-text\">\u70b9\u51fb\u6b64\u5904<\/span>\n\t\t\t\t\t<\/span>\n\t\t\t\t\t<\/a>\n\t\t\t\t<\/div>\n\t\t\t\t\t\t\t\t<\/div>\n\t\t\t\t<\/div>\n\t\t\t\t\t<\/div>\n\t\t<\/div>\n\t\t\t\t\t<\/div>\n\t\t<\/section>\n\t\t\t\t\t<\/div>\n\t\t<\/div>\n\t\t\t\t\t<\/div>\n\t\t<\/section>\n\t\t\t\t<\/div>","protected":false},"excerpt":{"rendered":"<p>Objetos Perdidos en Aeropuertos: Pasos para Recuperarlos y C\u00f3mo GoEnvio Facilita el Proceso Perder objetos durante un viaje puede convertirse en una gran preocupaci\u00f3n. Si alguna<span class=\"excerpt-hellip\"> [\u2026]<\/span><\/p>\n","protected":false},"author":1,"featured_media":0,"parent":0,"menu_order":0,"comment_status":"open","ping_status":"closed","template":"","meta":{"footnotes":""},"class_list":["post-839","page","type-page","status-publish","hentry"],"yoast_head":"<!-- This site is optimized with the Yoast SEO Premium plugin v21.7 (Yoast SEO v27.3) - https:\/\/yoast.com\/product\/yoast-seo-premium-wordpress\/ -->\n<title>Objetos Perdidos en Aeropuertos: Pasos para Recuperarlos y C\u00f3mo GoEnvio Facilita el Proceso - Goenv\u00edo<\/title>\n<meta name=\"robots\" content=\"index, follow, max-snippet:-1, max-image-preview:large, max-video-preview:-1\" \/>\n<link rel=\"canonical\" href=\"https:\/\/goenvio.es\/zh\/\u5728\u673a\u573a\u627e\u56de\u5931\u7269\u7684\u6b65\u9aa4\u4ee5\u53ca-goenvio-\u5982\u4f55\u534f\u52a9\u627e\u56de\u5931\u7269\/\" \/>\n<meta property=\"og:locale\" content=\"zh_CN\" \/>\n<meta property=\"og:type\" content=\"article\" \/>\n<meta property=\"og:title\" content=\"Objetos Perdidos en Aeropuertos: Pasos para Recuperarlos y C\u00f3mo GoEnvio Facilita el Proceso\" \/>\n<meta property=\"og:description\" content=\"Objetos Perdidos en Aeropuertos: Pasos para Recuperarlos y C\u00f3mo GoEnvio Facilita el Proceso Perder objetos durante un viaje puede convertirse en una gran preocupaci\u00f3n. Si alguna [\u2026]\" \/>\n<meta property=\"og:url\" content=\"https:\/\/goenvio.es\/zh\/\u5728\u673a\u573a\u627e\u56de\u5931\u7269\u7684\u6b65\u9aa4\u4ee5\u53ca-goenvio-\u5982\u4f55\u534f\u52a9\u627e\u56de\u5931\u7269\/\" \/>\n<meta property=\"og:site_name\" content=\"Goenv\u00edo\" \/>\n<meta property=\"article:modified_time\" content=\"2024-05-13T04:20:11+00:00\" \/>\n<meta name=\"twitter:card\" content=\"summary_large_image\" \/>\n<meta name=\"twitter:label1\" content=\"\u9884\u8ba1\u9605\u8bfb\u65f6\u95f4\" \/>\n\t<meta name=\"twitter:data1\" content=\"3 \u5206\" \/>\n<script type=\"application\/ld+json\" class=\"yoast-schema-graph\">{\"@context\":\"https:\\\/\\\/schema.org\",\"@graph\":[{\"@type\":\"WebPage\",\"@id\":\"https:\\\/\\\/goenvio.es\\\/objetos-perdidos-en-aeropuertos-pasos-para-recuperarlos-y-como-goenvio-facilita-el-proceso\\\/\",\"url\":\"https:\\\/\\\/goenvio.es\\\/objetos-perdidos-en-aeropuertos-pasos-para-recuperarlos-y-como-goenvio-facilita-el-proceso\\\/\",\"name\":\"Objetos Perdidos en Aeropuertos: Pasos para Recuperarlos y C\u00f3mo GoEnvio Facilita el Proceso - Goenv\u00edo\",\"isPartOf\":{\"@id\":\"https:\\\/\\\/goenvio.es\\\/#website\"},\"datePublished\":\"2024-05-13T04:12:00+00:00\",\"dateModified\":\"2024-05-13T04:20:11+00:00\",\"breadcrumb\":{\"@id\":\"https:\\\/\\\/goenvio.es\\\/objetos-perdidos-en-aeropuertos-pasos-para-recuperarlos-y-como-goenvio-facilita-el-proceso\\\/#breadcrumb\"},\"inLanguage\":\"zh-Hans\",\"potentialAction\":[{\"@type\":\"ReadAction\",\"target\":[\"https:\\\/\\\/goenvio.es\\\/objetos-perdidos-en-aeropuertos-pasos-para-recuperarlos-y-como-goenvio-facilita-el-proceso\\\/\"]}]},{\"@type\":\"BreadcrumbList\",\"@id\":\"https:\\\/\\\/goenvio.es\\\/objetos-perdidos-en-aeropuertos-pasos-para-recuperarlos-y-como-goenvio-facilita-el-proceso\\\/#breadcrumb\",\"itemListElement\":[{\"@type\":\"ListItem\",\"position\":1,\"name\":\"Home\",\"item\":\"https:\\\/\\\/goenvio.es\\\/\"},{\"@type\":\"ListItem\",\"position\":2,\"name\":\"Objetos Perdidos en Aeropuertos: Pasos para Recuperarlos y C\u00f3mo GoEnvio Facilita el Proceso\"}]},{\"@type\":\"WebSite\",\"@id\":\"https:\\\/\\\/goenvio.es\\\/#website\",\"url\":\"https:\\\/\\\/goenvio.es\\\/\",\"name\":\"goenv\u00edo\",\"description\":\"Recogida y env\u00edo de objetos perdidos en aeropuertos, trenes y ciudades\",\"publisher\":{\"@id\":\"https:\\\/\\\/goenvio.es\\\/#organization\"},\"potentialAction\":[{\"@type\":\"SearchAction\",\"target\":{\"@type\":\"EntryPoint\",\"urlTemplate\":\"https:\\\/\\\/goenvio.es\\\/?s={search_term_string}\"},\"query-input\":{\"@type\":\"PropertyValueSpecification\",\"valueRequired\":true,\"valueName\":\"search_term_string\"}}],\"inLanguage\":\"zh-Hans\"},{\"@type\":\"Organization\",\"@id\":\"https:\\\/\\\/goenvio.es\\\/#organization\",\"name\":\"goenv\u00edo\",\"url\":\"https:\\\/\\\/goenvio.es\\\/\",\"logo\":{\"@type\":\"ImageObject\",\"inLanguage\":\"zh-Hans\",\"@id\":\"https:\\\/\\\/goenvio.es\\\/#\\\/schema\\\/logo\\\/image\\\/\",\"url\":\"\",\"contentUrl\":\"\",\"caption\":\"goenv\u00edo\"},\"image\":{\"@id\":\"https:\\\/\\\/goenvio.es\\\/#\\\/schema\\\/logo\\\/image\\\/\"}}]}<\/script>\n<!-- \/ Yoast SEO Premium plugin. -->","yoast_head_json":{"title":"\u673a\u573a\u5931\u7269\u62db\u9886\uff1a\u627e\u56de\u5931\u7269\u7684\u6b65\u9aa4\u4ee5\u53ca GoEnvoy \u5982\u4f55\u8ba9\u8fd9\u4e00\u8fc7\u7a0b\u53d8\u5f97\u66f4\u7b80\u5355 - GoEnvoy","robots":{"index":"index","follow":"follow","max-snippet":"max-snippet:-1","max-image-preview":"max-image-preview:large","max-video-preview":"max-video-preview:-1"},"canonical":"https:\/\/goenvio.es\/zh\/\u5728\u673a\u573a\u627e\u56de\u5931\u7269\u7684\u6b65\u9aa4\u4ee5\u53ca-goenvio-\u5982\u4f55\u534f\u52a9\u627e\u56de\u5931\u7269\/","og_locale":"zh_CN","og_type":"article","og_title":"Objetos Perdidos en Aeropuertos: Pasos para Recuperarlos y C\u00f3mo GoEnvio Facilita el Proceso","og_description":"Objetos Perdidos en Aeropuertos: Pasos para Recuperarlos y C\u00f3mo GoEnvio Facilita el Proceso Perder objetos durante un viaje puede convertirse en una gran preocupaci\u00f3n. Si alguna [\u2026]","og_url":"https:\/\/goenvio.es\/zh\/\u5728\u673a\u573a\u627e\u56de\u5931\u7269\u7684\u6b65\u9aa4\u4ee5\u53ca-goenvio-\u5982\u4f55\u534f\u52a9\u627e\u56de\u5931\u7269\/","og_site_name":"Goenv\u00edo","article_modified_time":"2024-05-13T04:20:11+00:00","twitter_card":"summary_large_image","twitter_misc":{"\u9884\u8ba1\u9605\u8bfb\u65f6\u95f4":"3 \u5206"},"schema":{"@context":"https:\/\/schema.org","@graph":[{"@type":"WebPage","@id":"https:\/\/goenvio.es\/objetos-perdidos-en-aeropuertos-pasos-para-recuperarlos-y-como-goenvio-facilita-el-proceso\/","url":"https:\/\/goenvio.es\/objetos-perdidos-en-aeropuertos-pasos-para-recuperarlos-y-como-goenvio-facilita-el-proceso\/","name":"\u673a\u573a\u5931\u7269\u62db\u9886\uff1a\u627e\u56de\u5931\u7269\u7684\u6b65\u9aa4\u4ee5\u53ca GoEnvoy \u5982\u4f55\u8ba9\u8fd9\u4e00\u8fc7\u7a0b\u53d8\u5f97\u66f4\u7b80\u5355 - GoEnvoy","isPartOf":{"@id":"https:\/\/goenvio.es\/#website"},"datePublished":"2024-05-13T04:12:00+00:00","dateModified":"2024-05-13T04:20:11+00:00","breadcrumb":{"@id":"https:\/\/goenvio.es\/objetos-perdidos-en-aeropuertos-pasos-para-recuperarlos-y-como-goenvio-facilita-el-proceso\/#breadcrumb"},"inLanguage":"zh-Hans","potentialAction":[{"@type":"ReadAction","target":["https:\/\/goenvio.es\/objetos-perdidos-en-aeropuertos-pasos-para-recuperarlos-y-como-goenvio-facilita-el-proceso\/"]}]},{"@type":"BreadcrumbList","@id":"https:\/\/goenvio.es\/objetos-perdidos-en-aeropuertos-pasos-para-recuperarlos-y-como-goenvio-facilita-el-proceso\/#breadcrumb","itemListElement":[{"@type":"ListItem","position":1,"name":"Home","item":"https:\/\/goenvio.es\/"},{"@type":"ListItem","position":2,"name":"Objetos Perdidos en Aeropuertos: Pasos para Recuperarlos y C\u00f3mo GoEnvio Facilita el Proceso"}]},{"@type":"WebSite","@id":"https:\/\/goenvio.es\/#website","url":"https:\/\/goenvio.es\/","name":"\u9e45\u5375\u77f3","description":"\u5728\u673a\u573a\u3001\u706b\u8f66\u548c\u57ce\u5e02\u9886\u53d6\u548c\u8f6c\u4ea4\u5931\u7269","publisher":{"@id":"https:\/\/goenvio.es\/#organization"},"potentialAction":[{"@type":"SearchAction","target":{"@type":"EntryPoint","urlTemplate":"https:\/\/goenvio.es\/?s={search_term_string}"},"query-input":{"@type":"PropertyValueSpecification","valueRequired":true,"valueName":"search_term_string"}}],"inLanguage":"zh-Hans"},{"@type":"Organization","@id":"https:\/\/goenvio.es\/#organization","name":"\u9e45\u5375\u77f3","url":"https:\/\/goenvio.es\/","logo":{"@type":"ImageObject","inLanguage":"zh-Hans","@id":"https:\/\/goenvio.es\/#\/schema\/logo\/image\/","url":"","contentUrl":"","caption":"goenv\u00edo"},"image":{"@id":"https:\/\/goenvio.es\/#\/schema\/logo\/image\/"}}]}},"_links":{"self":[{"href":"https:\/\/goenvio.es\/zh\/wp-json\/wp\/v2\/pages\/839","targetHints":{"allow":["GET"]}}],"collection":[{"href":"https:\/\/goenvio.es\/zh\/wp-json\/wp\/v2\/pages"}],"about":[{"href":"https:\/\/goenvio.es\/zh\/wp-json\/wp\/v2\/types\/page"}],"author":[{"embeddable":true,"href":"https:\/\/goenvio.es\/zh\/wp-json\/wp\/v2\/users\/1"}],"replies":[{"embeddable":true,"href":"https:\/\/goenvio.es\/zh\/wp-json\/wp\/v2\/comments?post=839"}],"version-history":[{"count":0,"href":"https:\/\/goenvio.es\/zh\/wp-json\/wp\/v2\/pages\/839\/revisions"}],"wp:attachment":[{"href":"https:\/\/goenvio.es\/zh\/wp-json\/wp\/v2\/media?parent=839"}],"curies":[{"name":"wp","href":"https:\/\/api.w.org\/{rel}","templated":true}]}}