{"id":821,"date":"2024-05-13T03:51:53","date_gmt":"2024-05-13T03:51:53","guid":{"rendered":"https:\/\/goenvio.es\/?page_id=821"},"modified":"2024-05-13T04:00:26","modified_gmt":"2024-05-13T04:00:26","slug":"%e4%ba%ba%e5%b7%a5%e6%99%ba%e8%83%bd%e5%a6%82%e4%bd%95%e9%80%9a%e8%bf%87-goenvio-%e6%94%b9%e8%bf%9b%e6%9c%ba%e5%9c%ba%e5%a4%b1%e7%89%a9%e6%8b%9b%e9%a2%86%e5%b7%a5%e4%bd%9c%ef%bc%9f","status":"publish","type":"page","link":"https:\/\/goenvio.es\/zh\/%e4%ba%ba%e5%b7%a5%e6%99%ba%e8%83%bd%e5%a6%82%e4%bd%95%e9%80%9a%e8%bf%87-goenvio-%e6%94%b9%e8%bf%9b%e6%9c%ba%e5%9c%ba%e5%a4%b1%e7%89%a9%e6%8b%9b%e9%a2%86%e5%b7%a5%e4%bd%9c%ef%bc%9f\/","title":{"rendered":"\u6280\u672f\u62ef\u6551\uff1a\u4eba\u5de5\u667a\u80fd\u5982\u4f55\u4e0e GoEnvoy \u4e00\u8d77\u6539\u8fdb\u673a\u573a\u9057\u5931\u7269\u7684\u627e\u56de\u5de5\u4f5c"},"content":{"rendered":"<div data-elementor-type=\"wp-page\" data-elementor-id=\"821\" class=\"elementor elementor-821\">\n\t\t\t\t\t\t<section class=\"elementor-section elementor-top-section elementor-element elementor-element-d676a70 elementor-section-full_width elementor-section-stretched elementor-section-height-default elementor-section-height-default\" data-id=\"d676a70\" data-element_type=\"section\" data-e-type=\"section\" data-settings=\"{&quot;stretch_section&quot;:&quot;section-stretched&quot;}\">\n\t\t\t\t\t\t<div class=\"elementor-container elementor-column-gap-wider\">\n\t\t\t\t\t<div class=\"elementor-column elementor-col-100 elementor-top-column elementor-element elementor-element-d57ed04\" data-id=\"d57ed04\" data-element_type=\"column\" data-e-type=\"column\" data-settings=\"{&quot;background_background&quot;:&quot;classic&quot;}\">\n\t\t\t<div class=\"elementor-widget-wrap elementor-element-populated\">\n\t\t\t\t\t\t<section class=\"elementor-section elementor-inner-section elementor-element elementor-element-d3a90e6 elementor-section-boxed elementor-section-height-default elementor-section-height-default\" data-id=\"d3a90e6\" data-element_type=\"section\" data-e-type=\"section\">\n\t\t\t\t\t\t<div class=\"elementor-container elementor-column-gap-default\">\n\t\t\t\t\t<div class=\"elementor-column elementor-col-100 elementor-inner-column elementor-element elementor-element-bd5e915\" data-id=\"bd5e915\" data-element_type=\"column\" data-e-type=\"column\">\n\t\t\t<div class=\"elementor-widget-wrap elementor-element-populated\">\n\t\t\t\t\t\t<section class=\"elementor-section elementor-inner-section elementor-element elementor-element-c100ef7 elementor-section-boxed elementor-section-height-default elementor-section-height-default\" data-id=\"c100ef7\" data-element_type=\"section\" data-e-type=\"section\">\n\t\t\t\t\t\t<div class=\"elementor-container elementor-column-gap-default\">\n\t\t\t\t\t<div class=\"elementor-column elementor-col-25 elementor-inner-column elementor-element elementor-element-8cbaae0\" data-id=\"8cbaae0\" data-element_type=\"column\" data-e-type=\"column\">\n\t\t\t<div class=\"elementor-widget-wrap\">\n\t\t\t\t\t\t\t<\/div>\n\t\t<\/div>\n\t\t\t\t<div class=\"elementor-column elementor-col-50 elementor-inner-column elementor-element elementor-element-f71378a\" data-id=\"f71378a\" data-element_type=\"column\" data-e-type=\"column\">\n\t\t\t<div class=\"elementor-widget-wrap elementor-element-populated\">\n\t\t\t\t\t\t<div class=\"elementor-element elementor-element-598cb93 elementor-widget elementor-widget-heading\" data-id=\"598cb93\" data-element_type=\"widget\" data-e-type=\"widget\" data-widget_type=\"heading.default\">\n\t\t\t\t<div class=\"elementor-widget-container\">\n\t\t\t\t\t<h3 class=\"elementor-heading-title elementor-size-default\">\u6280\u672f\u62ef\u6551\uff1a\u4eba\u5de5\u667a\u80fd\u5982\u4f55\u4e0e GoEnvoy \u4e00\u8d77\u6539\u8fdb\u673a\u573a\u9057\u5931\u7269\u7684\u627e\u56de\u5de5\u4f5c\n\n<\/h3>\t\t\t\t<\/div>\n\t\t\t\t<\/div>\n\t\t\t\t<div class=\"elementor-element elementor-element-563c703 elementor-widget-tablet__width-initial elementor-widget elementor-widget-heading\" data-id=\"563c703\" data-element_type=\"widget\" data-e-type=\"widget\" data-widget_type=\"heading.default\">\n\t\t\t\t<div class=\"elementor-widget-container\">\n\t\t\t\t\t<h5 class=\"elementor-heading-title elementor-size-default\">\u5728\u673a\u573a\u9057\u5931\u7269\u54c1\u53ef\u80fd\u662f\u4e00\u79cd\u4ee4\u4eba\u6cae\u4e27\u548c\u7d27\u5f20\u7684\u7ecf\u5386\u3002\u4ece\u7535\u5b50\u8bbe\u5907\u5230\u91cd\u8981\u6587\u4ef6\uff0c\u9057\u5931\u7269\u54c1\u4f1a\u7ed9\u65c5\u5ba2\u5e26\u6765\u4e25\u91cd\u4e0d\u4fbf\u3002\u7136\u800c\uff0c\u6280\u672f\uff0c\u5c24\u5176\u662f\u4eba\u5de5\u667a\u80fd\uff08AI\uff09\uff0c\u6b63\u5728\u6539\u53d8\u6211\u4eec\u627e\u56de\u8fd9\u4e9b\u9057\u5931\u7269\u54c1\u7684\u65b9\u5f0f\uff0c\u4f7f\u8fd9\u4e00\u8fc7\u7a0b\u53d8\u5f97\u66f4\u52a0\u9ad8\u6548\uff0c\u51cf\u5c11\u4e86\u75db\u82e6\u3002\u5728\u8fd9\u79cd\u60c5\u51b5\u4e0b\uff0c\u4e00\u4e9b\u673a\u573a\u5f00\u59cb\u5c06\u4eba\u5de5\u667a\u80fd\u89e3\u51b3\u65b9\u6848\u6574\u5408\u5230\u5176\u670d\u52a1\u4e2d\u3002\n\n\n\n\n\n\n<\/h5>\t\t\t\t<\/div>\n\t\t\t\t<\/div>\n\t\t\t\t\t<\/div>\n\t\t<\/div>\n\t\t\t\t<div class=\"elementor-column elementor-col-25 elementor-inner-column elementor-element elementor-element-50c51bc\" data-id=\"50c51bc\" data-element_type=\"column\" data-e-type=\"column\">\n\t\t\t<div class=\"elementor-widget-wrap\">\n\t\t\t\t\t\t\t<\/div>\n\t\t<\/div>\n\t\t\t\t\t<\/div>\n\t\t<\/section>\n\t\t\t\t\t<\/div>\n\t\t<\/div>\n\t\t\t\t\t<\/div>\n\t\t<\/section>\n\t\t\t\t\t<\/div>\n\t\t<\/div>\n\t\t\t\t\t<\/div>\n\t\t<\/section>\n\t\t\t\t<section class=\"elementor-section elementor-top-section elementor-element elementor-element-0d58ce0 elementor-section-full_width elementor-section-stretched elementor-section-height-default elementor-section-height-default\" data-id=\"0d58ce0\" data-element_type=\"section\" data-e-type=\"section\" data-settings=\"{&quot;stretch_section&quot;:&quot;section-stretched&quot;,&quot;background_background&quot;:&quot;classic&quot;}\">\n\t\t\t\t\t\t<div class=\"elementor-container elementor-column-gap-default\">\n\t\t\t\t\t<div class=\"elementor-column elementor-col-100 elementor-top-column elementor-element elementor-element-16d11c8\" data-id=\"16d11c8\" data-element_type=\"column\" data-e-type=\"column\" data-settings=\"{&quot;background_background&quot;:&quot;classic&quot;}\">\n\t\t\t<div class=\"elementor-widget-wrap elementor-element-populated\">\n\t\t\t\t\t\t<section class=\"elementor-section elementor-inner-section elementor-element elementor-element-4a1e55a elementor-reverse-tablet elementor-reverse-mobile elementor-section-boxed elementor-section-height-default elementor-section-height-default\" data-id=\"4a1e55a\" data-element_type=\"section\" data-e-type=\"section\" id=\"dental\">\n\t\t\t\t\t\t<div class=\"elementor-container elementor-column-gap-default\">\n\t\t\t\t\t<div class=\"elementor-column elementor-col-50 elementor-inner-column elementor-element elementor-element-6a6be8d\" data-id=\"6a6be8d\" data-element_type=\"column\" data-e-type=\"column\" data-settings=\"{&quot;background_background&quot;:&quot;classic&quot;}\">\n\t\t\t<div class=\"elementor-widget-wrap elementor-element-populated\">\n\t\t\t\t\t\t<div class=\"elementor-element elementor-element-3774c39 elementor-widget elementor-widget-text-editor\" data-id=\"3774c39\" data-element_type=\"widget\" data-e-type=\"widget\" data-widget_type=\"text-editor.default\">\n\t\t\t\t<div class=\"elementor-widget-container\">\n\t\t\t\t\t\t\t\t\t<h3>\u4eba\u5de5\u667a\u80fd\u5728\u5931\u7269\u62db\u9886\u4e2d\u7684\u5e94\u7528<\/h3>\n<p>\u4e00\u4e9b\u673a\u573a\u5f00\u59cb\u4f7f\u7528\u4eba\u5de5\u667a\u80fd\u6765\u4f18\u5316\u9057\u5931\u7269\u54c1\u7684\u8bc6\u522b\u548c\u627e\u56de\u5de5\u4f5c\u3002\u4eba\u5de5\u667a\u80fd\u6709\u52a9\u4e8e\u6839\u636e\u9057\u5931\u7269\u54c1\u7684\u7279\u5f81\u548c\u62a5\u544a\u7684\u4f4d\u7f6e\u5bf9\u5176\u8fdb\u884c\u5feb\u901f\u5206\u7c7b\u548c\u7f16\u76ee\uff0c\u4ece\u800c\u66f4\u5feb\u3001\u66f4\u51c6\u786e\u5730\u5904\u7406\u9057\u5931\u7269\u54c1\u3002\u8fd9\u79cd\u667a\u80fd\u7cfb\u7edf\u4e0d\u4ec5\u80fd\u63d0\u9ad8\u8bc6\u522b\u7269\u54c1\u7684\u51c6\u786e\u6027\uff0c\u8fd8\u80fd\u7b80\u5316\u7269\u54c1\u4e0e\u5931\u4e3b\u7684\u5339\u914d\u8fc7\u7a0b\u3002<\/p>\t\t\t\t\t\t\t\t<\/div>\n\t\t\t\t<\/div>\n\t\t\t\t\t<\/div>\n\t\t<\/div>\n\t\t\t\t<div class=\"elementor-column elementor-col-50 elementor-inner-column elementor-element elementor-element-5eb845c\" data-id=\"5eb845c\" data-element_type=\"column\" data-e-type=\"column\" data-settings=\"{&quot;background_background&quot;:&quot;classic&quot;}\">\n\t\t\t<div class=\"elementor-widget-wrap elementor-element-populated\">\n\t\t\t\t\t\t<div class=\"elementor-element elementor-element-fe8aa1c elementor-widget elementor-widget-spacer\" data-id=\"fe8aa1c\" data-element_type=\"widget\" data-e-type=\"widget\" data-widget_type=\"spacer.default\">\n\t\t\t\t<div class=\"elementor-widget-container\">\n\t\t\t\t\t\t\t<div class=\"elementor-spacer\">\n\t\t\t<div class=\"elementor-spacer-inner\"><\/div>\n\t\t<\/div>\n\t\t\t\t\t\t<\/div>\n\t\t\t\t<\/div>\n\t\t\t\t\t<\/div>\n\t\t<\/div>\n\t\t\t\t\t<\/div>\n\t\t<\/section>\n\t\t\t\t<section class=\"elementor-section elementor-inner-section elementor-element elementor-element-9f13e75 elementor-section-boxed elementor-section-height-default elementor-section-height-default\" data-id=\"9f13e75\" data-element_type=\"section\" data-e-type=\"section\" id=\"xray\">\n\t\t\t\t\t\t<div class=\"elementor-container elementor-column-gap-default\">\n\t\t\t\t\t<div class=\"elementor-column elementor-col-100 elementor-inner-column elementor-element elementor-element-a864368\" data-id=\"a864368\" data-element_type=\"column\" data-e-type=\"column\" data-settings=\"{&quot;background_background&quot;:&quot;classic&quot;}\">\n\t\t\t<div class=\"elementor-widget-wrap elementor-element-populated\">\n\t\t\t\t\t\t<div class=\"elementor-element elementor-element-ac07bb3 elementor-widget elementor-widget-heading\" data-id=\"ac07bb3\" data-element_type=\"widget\" data-e-type=\"widget\" data-widget_type=\"heading.default\">\n\t\t\t\t<div class=\"elementor-widget-container\">\n\t\t\t\t\t<h3 class=\"elementor-heading-title elementor-size-default\">\u6280\u672f\u5982\u4f55\u53d1\u6325\u4f5c\u7528\n<\/h3>\t\t\t\t<\/div>\n\t\t\t\t<\/div>\n\t\t\t\t<div class=\"elementor-element elementor-element-9902a9f elementor-widget elementor-widget-text-editor\" data-id=\"9902a9f\" data-element_type=\"widget\" data-e-type=\"widget\" data-widget_type=\"text-editor.default\">\n\t\t\t\t<div class=\"elementor-widget-container\">\n\t\t\t\t\t\t\t\t\t<p>\u5f53\u62a5\u544a\u4e22\u5931\u7269\u54c1\u65f6\uff0c\u7528\u6237\u63d0\u4f9b\u7684\u63cf\u8ff0\u4f1a\u88ab\u8f93\u5165\u4eba\u5de5\u667a\u80fd\u6570\u636e\u5e93\u3002\u8be5\u6280\u672f\u4f1a\u5c06\u8fd9\u4e9b\u4fe1\u606f\u4e0e\u5728\u673a\u573a\u53d1\u73b0\u7684\u7269\u54c1\u7684\u73b0\u6709\u8bb0\u5f55\u8fdb\u884c\u6bd4\u8f83\uff0c\u5e76\u4f7f\u7528\u5148\u8fdb\u7684\u7b97\u6cd5\u6765\u8bc6\u522b\u6f5c\u5728\u7684\u5339\u914d\u4fe1\u606f\u3002\u8fd9\u5927\u5927\u7f29\u77ed\u4e86\u5b9a\u4f4d\u7269\u54c1\u6240\u9700\u7684\u65f6\u95f4\uff0c\u5e76\u6709\u52a9\u4e8e\u534f\u8c03\u7269\u54c1\u7684\u5f52\u8fd8\u3002<\/p>\n<p>\u00a0<\/p>\n<h3>\u4eba\u5de5\u667a\u80fd\u5728\u5931\u7269\u62db\u9886\u4e2d\u7684\u4f18\u52bf<\/h3>\n<p>\u00a0<\/p>\n<ol>\n<li><strong>\u63d0\u9ad8\u6548\u7387<\/strong>\u4eba\u5de5\u667a\u80fd\u53ef\u5728\u77ed\u65f6\u95f4\u5185\u5904\u7406\u5927\u91cf\u6570\u636e\uff0c\u4ece\u800c\u5feb\u901f\u627e\u5230\u5339\u914d\u4fe1\u606f\uff0c\u51cf\u5c11\u65c5\u5ba2\u7684\u7b49\u5f85\u65f6\u95f4\u3002<\/li>\n<li><strong>\u51cf\u5c11\u4eba\u4e3a\u9519\u8bef<\/strong>\u901a\u8fc7\u5c06\u7f16\u76ee\u548c\u641c\u7d22\u8fc7\u7a0b\u7684\u4e00\u90e8\u5206\u81ea\u52a8\u5316\uff0c\u53ef\u6700\u5927\u9650\u5ea6\u5730\u51cf\u5c11\u4eba\u4e3a\u9519\u8bef\uff0c\u4ece\u800c\u63d0\u9ad8\u68c0\u7d22\u5bf9\u8c61\u7684\u51c6\u786e\u6027\u3002<\/li>\n<li><strong>\u4e2a\u6027\u5316\u5173\u6ce8<\/strong>\u6280\u672f\u53ef\u5b9e\u73b0\u4e2a\u6027\u5316\u7684\u56de\u6536\u4f53\u9a8c\uff0c\u786e\u4fdd\u9ad8\u6548\u5730\u5c06\u7269\u54c1\u5f52\u8fd8\u5931\u4e3b\uff0c\u5e76\u63d0\u4f9b\u5353\u8d8a\u7684\u5ba2\u6237\u670d\u52a1\u3002<\/li>\n<\/ol>\n<p>\u00a0<\/p>\n<h3>\u7ed3\u8bba<\/h3>\n<p>\u4eba\u5de5\u667a\u80fd\u4e0e GoEnvio \u7b49\u670d\u52a1\u7684\u7ed3\u5408\uff0c\u4e0d\u4ec5\u6539\u53d8\u4e86\u6211\u4eec\u7ba1\u7406\u673a\u573a\u5931\u7269\u7684\u65b9\u5f0f\uff0c\u4e5f\u5f00\u521b\u4e86\u5ba2\u6237\u670d\u52a1\u548c\u7269\u6d41\u7ba1\u7406\u7684\u65b0\u65f6\u4ee3\u3002\u6709\u4e86 GoEnvio\uff0c\u5728\u673a\u573a\u4e22\u5931\u7269\u54c1\u4e0d\u518d\u662f\u4e16\u754c\u672b\u65e5\u3002\u6280\u672f\uff0c\u5c24\u5176\u662f\u4eba\u5de5\u667a\u80fd\uff0c\u5c06\u5e2e\u52a9\u60a8\u5feb\u901f\u3001\u5b89\u5168\u5730\u627e\u56de\u5c5e\u4e8e\u60a8\u7684\u4e1c\u897f--\u6709 GoEnvio \u548c\u4eba\u5de5\u667a\u80fd\u5728\u60a8\u8eab\u8fb9\uff0c\u60a8\u5c31\u53ef\u4ee5\u653e\u5fc3\u65c5\u884c\u4e86\uff01<\/p>\t\t\t\t\t\t\t\t<\/div>\n\t\t\t\t<\/div>\n\t\t\t\t\t<\/div>\n\t\t<\/div>\n\t\t\t\t\t<\/div>\n\t\t<\/section>\n\t\t\t\t\t<\/div>\n\t\t<\/div>\n\t\t\t\t\t<\/div>\n\t\t<\/section>\n\t\t\t\t<section class=\"elementor-section elementor-top-section elementor-element elementor-element-64e0935 elementor-section-full_width elementor-section-stretched elementor-section-height-default elementor-section-height-default\" data-id=\"64e0935\" data-element_type=\"section\" data-e-type=\"section\" data-settings=\"{&quot;stretch_section&quot;:&quot;section-stretched&quot;}\">\n\t\t\t\t\t\t<div class=\"elementor-container elementor-column-gap-wider\">\n\t\t\t\t\t<div class=\"elementor-column elementor-col-100 elementor-top-column elementor-element elementor-element-3718854\" data-id=\"3718854\" data-element_type=\"column\" data-e-type=\"column\">\n\t\t\t<div class=\"elementor-widget-wrap elementor-element-populated\">\n\t\t\t\t\t\t<section class=\"elementor-section elementor-inner-section elementor-element elementor-element-6462d46 elementor-section-boxed elementor-section-height-default elementor-section-height-default\" data-id=\"6462d46\" data-element_type=\"section\" data-e-type=\"section\" data-settings=\"{&quot;background_background&quot;:&quot;classic&quot;}\">\n\t\t\t\t\t\t<div class=\"elementor-container elementor-column-gap-default\">\n\t\t\t\t\t<div class=\"elementor-column elementor-col-100 elementor-inner-column elementor-element elementor-element-cac5a93\" data-id=\"cac5a93\" data-element_type=\"column\" data-e-type=\"column\" data-settings=\"{&quot;background_background&quot;:&quot;classic&quot;}\">\n\t\t\t<div class=\"elementor-widget-wrap elementor-element-populated\">\n\t\t\t\t\t\t<div class=\"elementor-element elementor-element-96d16a7 elementor-widget__width-initial elementor-widget elementor-widget-heading\" data-id=\"96d16a7\" data-element_type=\"widget\" data-e-type=\"widget\" data-widget_type=\"heading.default\">\n\t\t\t\t<div class=\"elementor-widget-container\">\n\t\t\t\t\t<h3 class=\"elementor-heading-title elementor-size-default\"><p><span style=\"color: #2b6cf5\">\u7533\u8bf7\u60a8\u7684<\/span> \u975e\u7ea6\u675f\u6027\u62a5\u4ef7 &lt;\/p<\/h3>\t\t\t\t<\/div>\n\t\t\t\t<\/div>\n\t\t\t\t<div class=\"elementor-element elementor-element-3f554ac elementor-mobile-align-center elementor-widget-tablet__width-inherit elementor-align-center elementor-widget elementor-widget-button\" data-id=\"3f554ac\" data-element_type=\"widget\" data-e-type=\"widget\" data-widget_type=\"button.default\">\n\t\t\t\t<div class=\"elementor-widget-container\">\n\t\t\t\t\t\t\t\t\t<div class=\"elementor-button-wrapper\">\n\t\t\t\t\t<a class=\"elementor-button elementor-button-link elementor-size-sm\" href=\"\/zh\/%e9%81%97%e5%a4%b1%e7%89%a9%e8%bf%90%e8%b4%b9%e4%bc%b0%e7%ae%97\/\">\n\t\t\t\t\t\t<span class=\"elementor-button-content-wrapper\">\n\t\t\t\t\t\t\t\t\t<span class=\"elementor-button-text\">\u70b9\u51fb\u6b64\u5904<\/span>\n\t\t\t\t\t<\/span>\n\t\t\t\t\t<\/a>\n\t\t\t\t<\/div>\n\t\t\t\t\t\t\t\t<\/div>\n\t\t\t\t<\/div>\n\t\t\t\t\t<\/div>\n\t\t<\/div>\n\t\t\t\t\t<\/div>\n\t\t<\/section>\n\t\t\t\t\t<\/div>\n\t\t<\/div>\n\t\t\t\t\t<\/div>\n\t\t<\/section>\n\t\t\t\t<\/div>","protected":false},"excerpt":{"rendered":"<p>Tecnolog\u00eda al Rescate: C\u00f3mo la Inteligencia Artificial Est\u00e1 Mejorando la Recuperaci\u00f3n de Objetos Perdidos en Aeropuertos con GoEnvio Perder objetos en los aeropuertos puede ser una<span class=\"excerpt-hellip\"> [\u2026]<\/span><\/p>\n","protected":false},"author":1,"featured_media":0,"parent":0,"menu_order":0,"comment_status":"open","ping_status":"closed","template":"","meta":{"footnotes":""},"class_list":["post-821","page","type-page","status-publish","hentry"],"yoast_head":"<!-- This site is optimized with the Yoast SEO Premium plugin v21.7 (Yoast SEO v27.3) - https:\/\/yoast.com\/product\/yoast-seo-premium-wordpress\/ -->\n<title>Tecnolog\u00eda al Rescate: C\u00f3mo la Inteligencia Artificial Est\u00e1 Mejorando la Recuperaci\u00f3n de Objetos Perdidos en Aeropuertos con GoEnvio - Goenv\u00edo<\/title>\n<meta name=\"robots\" content=\"index, follow, max-snippet:-1, max-image-preview:large, max-video-preview:-1\" \/>\n<link rel=\"canonical\" href=\"https:\/\/goenvio.es\/zh\/\u4eba\u5de5\u667a\u80fd\u5982\u4f55\u901a\u8fc7-goenvio-\u6539\u8fdb\u673a\u573a\u5931\u7269\u62db\u9886\u5de5\u4f5c\uff1f\/\" \/>\n<meta property=\"og:locale\" content=\"zh_CN\" \/>\n<meta property=\"og:type\" content=\"article\" \/>\n<meta property=\"og:title\" content=\"Tecnolog\u00eda al Rescate: C\u00f3mo la Inteligencia Artificial Est\u00e1 Mejorando la Recuperaci\u00f3n de Objetos Perdidos en Aeropuertos con GoEnvio\" \/>\n<meta property=\"og:description\" content=\"Tecnolog\u00eda al Rescate: C\u00f3mo la Inteligencia Artificial Est\u00e1 Mejorando la Recuperaci\u00f3n de Objetos Perdidos en Aeropuertos con GoEnvio Perder objetos en los aeropuertos puede ser una [\u2026]\" \/>\n<meta property=\"og:url\" content=\"https:\/\/goenvio.es\/zh\/\u4eba\u5de5\u667a\u80fd\u5982\u4f55\u901a\u8fc7-goenvio-\u6539\u8fdb\u673a\u573a\u5931\u7269\u62db\u9886\u5de5\u4f5c\uff1f\/\" \/>\n<meta property=\"og:site_name\" content=\"Goenv\u00edo\" \/>\n<meta property=\"article:modified_time\" content=\"2024-05-13T04:00:26+00:00\" \/>\n<meta name=\"twitter:card\" content=\"summary_large_image\" \/>\n<meta name=\"twitter:label1\" content=\"\u9884\u8ba1\u9605\u8bfb\u65f6\u95f4\" \/>\n\t<meta name=\"twitter:data1\" content=\"2 \u5206\" \/>\n<script type=\"application\/ld+json\" class=\"yoast-schema-graph\">{\"@context\":\"https:\\\/\\\/schema.org\",\"@graph\":[{\"@type\":\"WebPage\",\"@id\":\"https:\\\/\\\/goenvio.es\\\/tecnologia-al-rescate-como-la-inteligencia-artificial-esta-mejorando-la-recuperacion-de-objetos-perdidos-en-aeropuertos-con-goenvio\\\/\",\"url\":\"https:\\\/\\\/goenvio.es\\\/tecnologia-al-rescate-como-la-inteligencia-artificial-esta-mejorando-la-recuperacion-de-objetos-perdidos-en-aeropuertos-con-goenvio\\\/\",\"name\":\"Tecnolog\u00eda al Rescate: C\u00f3mo la Inteligencia Artificial Est\u00e1 Mejorando la Recuperaci\u00f3n de Objetos Perdidos en Aeropuertos con GoEnvio - Goenv\u00edo\",\"isPartOf\":{\"@id\":\"https:\\\/\\\/goenvio.es\\\/#website\"},\"datePublished\":\"2024-05-13T03:51:53+00:00\",\"dateModified\":\"2024-05-13T04:00:26+00:00\",\"breadcrumb\":{\"@id\":\"https:\\\/\\\/goenvio.es\\\/tecnologia-al-rescate-como-la-inteligencia-artificial-esta-mejorando-la-recuperacion-de-objetos-perdidos-en-aeropuertos-con-goenvio\\\/#breadcrumb\"},\"inLanguage\":\"zh-Hans\",\"potentialAction\":[{\"@type\":\"ReadAction\",\"target\":[\"https:\\\/\\\/goenvio.es\\\/tecnologia-al-rescate-como-la-inteligencia-artificial-esta-mejorando-la-recuperacion-de-objetos-perdidos-en-aeropuertos-con-goenvio\\\/\"]}]},{\"@type\":\"BreadcrumbList\",\"@id\":\"https:\\\/\\\/goenvio.es\\\/tecnologia-al-rescate-como-la-inteligencia-artificial-esta-mejorando-la-recuperacion-de-objetos-perdidos-en-aeropuertos-con-goenvio\\\/#breadcrumb\",\"itemListElement\":[{\"@type\":\"ListItem\",\"position\":1,\"name\":\"Home\",\"item\":\"https:\\\/\\\/goenvio.es\\\/\"},{\"@type\":\"ListItem\",\"position\":2,\"name\":\"Tecnolog\u00eda al Rescate: C\u00f3mo la Inteligencia Artificial Est\u00e1 Mejorando la Recuperaci\u00f3n de Objetos Perdidos en Aeropuertos con GoEnvio\"}]},{\"@type\":\"WebSite\",\"@id\":\"https:\\\/\\\/goenvio.es\\\/#website\",\"url\":\"https:\\\/\\\/goenvio.es\\\/\",\"name\":\"goenv\u00edo\",\"description\":\"Recogida y env\u00edo de objetos perdidos en aeropuertos, trenes y ciudades\",\"publisher\":{\"@id\":\"https:\\\/\\\/goenvio.es\\\/#organization\"},\"potentialAction\":[{\"@type\":\"SearchAction\",\"target\":{\"@type\":\"EntryPoint\",\"urlTemplate\":\"https:\\\/\\\/goenvio.es\\\/?s={search_term_string}\"},\"query-input\":{\"@type\":\"PropertyValueSpecification\",\"valueRequired\":true,\"valueName\":\"search_term_string\"}}],\"inLanguage\":\"zh-Hans\"},{\"@type\":\"Organization\",\"@id\":\"https:\\\/\\\/goenvio.es\\\/#organization\",\"name\":\"goenv\u00edo\",\"url\":\"https:\\\/\\\/goenvio.es\\\/\",\"logo\":{\"@type\":\"ImageObject\",\"inLanguage\":\"zh-Hans\",\"@id\":\"https:\\\/\\\/goenvio.es\\\/#\\\/schema\\\/logo\\\/image\\\/\",\"url\":\"\",\"contentUrl\":\"\",\"caption\":\"goenv\u00edo\"},\"image\":{\"@id\":\"https:\\\/\\\/goenvio.es\\\/#\\\/schema\\\/logo\\\/image\\\/\"}}]}<\/script>\n<!-- \/ Yoast SEO Premium plugin. -->","yoast_head_json":{"title":"\u6280\u672f\u62ef\u6551\uff1a\u4eba\u5de5\u667a\u80fd\u5982\u4f55\u4e0e GoEnvoy \u4e00\u8d77\u6539\u5584\u673a\u573a\u5931\u7269\u62db\u9886\u5de5\u4f5c - GoEnvoy","robots":{"index":"index","follow":"follow","max-snippet":"max-snippet:-1","max-image-preview":"max-image-preview:large","max-video-preview":"max-video-preview:-1"},"canonical":"https:\/\/goenvio.es\/zh\/\u4eba\u5de5\u667a\u80fd\u5982\u4f55\u901a\u8fc7-goenvio-\u6539\u8fdb\u673a\u573a\u5931\u7269\u62db\u9886\u5de5\u4f5c\uff1f\/","og_locale":"zh_CN","og_type":"article","og_title":"Tecnolog\u00eda al Rescate: C\u00f3mo la Inteligencia Artificial Est\u00e1 Mejorando la Recuperaci\u00f3n de Objetos Perdidos en Aeropuertos con GoEnvio","og_description":"Tecnolog\u00eda al Rescate: C\u00f3mo la Inteligencia Artificial Est\u00e1 Mejorando la Recuperaci\u00f3n de Objetos Perdidos en Aeropuertos con GoEnvio Perder objetos en los aeropuertos puede ser una [\u2026]","og_url":"https:\/\/goenvio.es\/zh\/\u4eba\u5de5\u667a\u80fd\u5982\u4f55\u901a\u8fc7-goenvio-\u6539\u8fdb\u673a\u573a\u5931\u7269\u62db\u9886\u5de5\u4f5c\uff1f\/","og_site_name":"Goenv\u00edo","article_modified_time":"2024-05-13T04:00:26+00:00","twitter_card":"summary_large_image","twitter_misc":{"\u9884\u8ba1\u9605\u8bfb\u65f6\u95f4":"2 \u5206"},"schema":{"@context":"https:\/\/schema.org","@graph":[{"@type":"WebPage","@id":"https:\/\/goenvio.es\/tecnologia-al-rescate-como-la-inteligencia-artificial-esta-mejorando-la-recuperacion-de-objetos-perdidos-en-aeropuertos-con-goenvio\/","url":"https:\/\/goenvio.es\/tecnologia-al-rescate-como-la-inteligencia-artificial-esta-mejorando-la-recuperacion-de-objetos-perdidos-en-aeropuertos-con-goenvio\/","name":"\u6280\u672f\u62ef\u6551\uff1a\u4eba\u5de5\u667a\u80fd\u5982\u4f55\u4e0e GoEnvoy \u4e00\u8d77\u6539\u5584\u673a\u573a\u5931\u7269\u62db\u9886\u5de5\u4f5c - GoEnvoy","isPartOf":{"@id":"https:\/\/goenvio.es\/#website"},"datePublished":"2024-05-13T03:51:53+00:00","dateModified":"2024-05-13T04:00:26+00:00","breadcrumb":{"@id":"https:\/\/goenvio.es\/tecnologia-al-rescate-como-la-inteligencia-artificial-esta-mejorando-la-recuperacion-de-objetos-perdidos-en-aeropuertos-con-goenvio\/#breadcrumb"},"inLanguage":"zh-Hans","potentialAction":[{"@type":"ReadAction","target":["https:\/\/goenvio.es\/tecnologia-al-rescate-como-la-inteligencia-artificial-esta-mejorando-la-recuperacion-de-objetos-perdidos-en-aeropuertos-con-goenvio\/"]}]},{"@type":"BreadcrumbList","@id":"https:\/\/goenvio.es\/tecnologia-al-rescate-como-la-inteligencia-artificial-esta-mejorando-la-recuperacion-de-objetos-perdidos-en-aeropuertos-con-goenvio\/#breadcrumb","itemListElement":[{"@type":"ListItem","position":1,"name":"Home","item":"https:\/\/goenvio.es\/"},{"@type":"ListItem","position":2,"name":"Tecnolog\u00eda al Rescate: C\u00f3mo la Inteligencia Artificial Est\u00e1 Mejorando la Recuperaci\u00f3n de Objetos Perdidos en Aeropuertos con GoEnvio"}]},{"@type":"WebSite","@id":"https:\/\/goenvio.es\/#website","url":"https:\/\/goenvio.es\/","name":"\u9e45\u5375\u77f3","description":"\u5728\u673a\u573a\u3001\u706b\u8f66\u548c\u57ce\u5e02\u9886\u53d6\u548c\u8f6c\u4ea4\u5931\u7269","publisher":{"@id":"https:\/\/goenvio.es\/#organization"},"potentialAction":[{"@type":"SearchAction","target":{"@type":"EntryPoint","urlTemplate":"https:\/\/goenvio.es\/?s={search_term_string}"},"query-input":{"@type":"PropertyValueSpecification","valueRequired":true,"valueName":"search_term_string"}}],"inLanguage":"zh-Hans"},{"@type":"Organization","@id":"https:\/\/goenvio.es\/#organization","name":"\u9e45\u5375\u77f3","url":"https:\/\/goenvio.es\/","logo":{"@type":"ImageObject","inLanguage":"zh-Hans","@id":"https:\/\/goenvio.es\/#\/schema\/logo\/image\/","url":"","contentUrl":"","caption":"goenv\u00edo"},"image":{"@id":"https:\/\/goenvio.es\/#\/schema\/logo\/image\/"}}]}},"_links":{"self":[{"href":"https:\/\/goenvio.es\/zh\/wp-json\/wp\/v2\/pages\/821","targetHints":{"allow":["GET"]}}],"collection":[{"href":"https:\/\/goenvio.es\/zh\/wp-json\/wp\/v2\/pages"}],"about":[{"href":"https:\/\/goenvio.es\/zh\/wp-json\/wp\/v2\/types\/page"}],"author":[{"embeddable":true,"href":"https:\/\/goenvio.es\/zh\/wp-json\/wp\/v2\/users\/1"}],"replies":[{"embeddable":true,"href":"https:\/\/goenvio.es\/zh\/wp-json\/wp\/v2\/comments?post=821"}],"version-history":[{"count":0,"href":"https:\/\/goenvio.es\/zh\/wp-json\/wp\/v2\/pages\/821\/revisions"}],"wp:attachment":[{"href":"https:\/\/goenvio.es\/zh\/wp-json\/wp\/v2\/media?parent=821"}],"curies":[{"name":"wp","href":"https:\/\/api.w.org\/{rel}","templated":true}]}}