{"id":821,"date":"2024-05-13T03:51:53","date_gmt":"2024-05-13T03:51:53","guid":{"rendered":"https:\/\/goenvio.es\/?page_id=821"},"modified":"2024-05-13T04:00:26","modified_gmt":"2024-05-13T04:00:26","slug":"teknik-till-undsattning-hur-artificiell-intelligens-forbattrar-atervinningen-av-borttappade-foremal-pa-flygplatser-med-goenvio","status":"publish","type":"page","link":"https:\/\/goenvio.es\/sv\/teknik-till-undsattning-hur-artificiell-intelligens-forbattrar-atervinningen-av-borttappade-foremal-pa-flygplatser-med-goenvio\/","title":{"rendered":"Teknik till unds\u00e4ttning: Hur artificiell intelligens f\u00f6rb\u00e4ttrar upphittandet av hittegods p\u00e5 flygplatser med GoEnvoy"},"content":{"rendered":"<div data-elementor-type=\"wp-page\" data-elementor-id=\"821\" class=\"elementor elementor-821\">\n\t\t\t\t\t\t<section class=\"elementor-section elementor-top-section elementor-element elementor-element-d676a70 elementor-section-full_width elementor-section-stretched elementor-section-height-default elementor-section-height-default\" data-id=\"d676a70\" data-element_type=\"section\" data-e-type=\"section\" data-settings=\"{&quot;stretch_section&quot;:&quot;section-stretched&quot;}\">\n\t\t\t\t\t\t<div class=\"elementor-container elementor-column-gap-wider\">\n\t\t\t\t\t<div class=\"elementor-column elementor-col-100 elementor-top-column elementor-element elementor-element-d57ed04\" data-id=\"d57ed04\" data-element_type=\"column\" data-e-type=\"column\" data-settings=\"{&quot;background_background&quot;:&quot;classic&quot;}\">\n\t\t\t<div class=\"elementor-widget-wrap elementor-element-populated\">\n\t\t\t\t\t\t<section class=\"elementor-section elementor-inner-section elementor-element elementor-element-d3a90e6 elementor-section-boxed elementor-section-height-default elementor-section-height-default\" data-id=\"d3a90e6\" data-element_type=\"section\" data-e-type=\"section\">\n\t\t\t\t\t\t<div class=\"elementor-container elementor-column-gap-default\">\n\t\t\t\t\t<div class=\"elementor-column elementor-col-100 elementor-inner-column elementor-element elementor-element-bd5e915\" data-id=\"bd5e915\" data-element_type=\"column\" data-e-type=\"column\">\n\t\t\t<div class=\"elementor-widget-wrap elementor-element-populated\">\n\t\t\t\t\t\t<section class=\"elementor-section elementor-inner-section elementor-element elementor-element-c100ef7 elementor-section-boxed elementor-section-height-default elementor-section-height-default\" data-id=\"c100ef7\" data-element_type=\"section\" data-e-type=\"section\">\n\t\t\t\t\t\t<div class=\"elementor-container elementor-column-gap-default\">\n\t\t\t\t\t<div class=\"elementor-column elementor-col-25 elementor-inner-column elementor-element elementor-element-8cbaae0\" data-id=\"8cbaae0\" data-element_type=\"column\" data-e-type=\"column\">\n\t\t\t<div class=\"elementor-widget-wrap\">\n\t\t\t\t\t\t\t<\/div>\n\t\t<\/div>\n\t\t\t\t<div class=\"elementor-column elementor-col-50 elementor-inner-column elementor-element elementor-element-f71378a\" data-id=\"f71378a\" data-element_type=\"column\" data-e-type=\"column\">\n\t\t\t<div class=\"elementor-widget-wrap elementor-element-populated\">\n\t\t\t\t\t\t<div class=\"elementor-element elementor-element-598cb93 elementor-widget elementor-widget-heading\" data-id=\"598cb93\" data-element_type=\"widget\" data-e-type=\"widget\" data-widget_type=\"heading.default\">\n\t\t\t\t<div class=\"elementor-widget-container\">\n\t\t\t\t\t<h3 class=\"elementor-heading-title elementor-size-default\">Teknik till unds\u00e4ttning: Hur artificiell intelligens f\u00f6rb\u00e4ttrar upphittandet av hittegods p\u00e5 flygplatser med GoEnvoy\n\n<\/h3>\t\t\t\t<\/div>\n\t\t\t\t<\/div>\n\t\t\t\t<div class=\"elementor-element elementor-element-563c703 elementor-widget-tablet__width-initial elementor-widget elementor-widget-heading\" data-id=\"563c703\" data-element_type=\"widget\" data-e-type=\"widget\" data-widget_type=\"heading.default\">\n\t\t\t\t<div class=\"elementor-widget-container\">\n\t\t\t\t\t<h5 class=\"elementor-heading-title elementor-size-default\">Att tappa bort f\u00f6rem\u00e5l p\u00e5 flygplatser kan vara en frustrerande och stressande upplevelse. Allt fr\u00e5n elektroniska enheter till viktiga dokument - borttappade f\u00f6rem\u00e5l kan orsaka stora ol\u00e4genheter f\u00f6r resen\u00e4rerna. Tekniken, s\u00e4rskilt artificiell intelligens (AI), h\u00e5ller dock p\u00e5 att f\u00f6r\u00e4ndra hur vi \u00e5terfinner dessa f\u00f6rlorade f\u00f6rem\u00e5l, vilket g\u00f6r processen mycket effektivare och mindre stressande. I detta sammanhang b\u00f6rjar vissa flygplatser att integrera AI-l\u00f6sningar i sina tj\u00e4nster.\n\n\n\n\n\n\n<\/h5>\t\t\t\t<\/div>\n\t\t\t\t<\/div>\n\t\t\t\t\t<\/div>\n\t\t<\/div>\n\t\t\t\t<div class=\"elementor-column elementor-col-25 elementor-inner-column elementor-element elementor-element-50c51bc\" data-id=\"50c51bc\" data-element_type=\"column\" data-e-type=\"column\">\n\t\t\t<div class=\"elementor-widget-wrap\">\n\t\t\t\t\t\t\t<\/div>\n\t\t<\/div>\n\t\t\t\t\t<\/div>\n\t\t<\/section>\n\t\t\t\t\t<\/div>\n\t\t<\/div>\n\t\t\t\t\t<\/div>\n\t\t<\/section>\n\t\t\t\t\t<\/div>\n\t\t<\/div>\n\t\t\t\t\t<\/div>\n\t\t<\/section>\n\t\t\t\t<section class=\"elementor-section elementor-top-section elementor-element elementor-element-0d58ce0 elementor-section-full_width elementor-section-stretched elementor-section-height-default elementor-section-height-default\" data-id=\"0d58ce0\" data-element_type=\"section\" data-e-type=\"section\" data-settings=\"{&quot;stretch_section&quot;:&quot;section-stretched&quot;,&quot;background_background&quot;:&quot;classic&quot;}\">\n\t\t\t\t\t\t<div class=\"elementor-container elementor-column-gap-default\">\n\t\t\t\t\t<div class=\"elementor-column elementor-col-100 elementor-top-column elementor-element elementor-element-16d11c8\" data-id=\"16d11c8\" data-element_type=\"column\" data-e-type=\"column\" data-settings=\"{&quot;background_background&quot;:&quot;classic&quot;}\">\n\t\t\t<div class=\"elementor-widget-wrap elementor-element-populated\">\n\t\t\t\t\t\t<section class=\"elementor-section elementor-inner-section elementor-element elementor-element-4a1e55a elementor-reverse-tablet elementor-reverse-mobile elementor-section-boxed elementor-section-height-default elementor-section-height-default\" data-id=\"4a1e55a\" data-element_type=\"section\" data-e-type=\"section\" id=\"dental\">\n\t\t\t\t\t\t<div class=\"elementor-container elementor-column-gap-default\">\n\t\t\t\t\t<div class=\"elementor-column elementor-col-50 elementor-inner-column elementor-element elementor-element-6a6be8d\" data-id=\"6a6be8d\" data-element_type=\"column\" data-e-type=\"column\" data-settings=\"{&quot;background_background&quot;:&quot;classic&quot;}\">\n\t\t\t<div class=\"elementor-widget-wrap elementor-element-populated\">\n\t\t\t\t\t\t<div class=\"elementor-element elementor-element-3774c39 elementor-widget elementor-widget-text-editor\" data-id=\"3774c39\" data-element_type=\"widget\" data-e-type=\"widget\" data-widget_type=\"text-editor.default\">\n\t\t\t\t<div class=\"elementor-widget-container\">\n\t\t\t\t\t\t\t\t\t<h3>Till\u00e4mpning av AI i upphittade f\u00f6rem\u00e5l<\/h3>\n<p>Vissa flygplatser b\u00f6rjar anv\u00e4nda artificiell intelligens f\u00f6r att optimera identifieringen och \u00e5tervinningen av borttappade f\u00f6rem\u00e5l. AI hj\u00e4lper till att snabbt klassificera och katalogisera borttappade f\u00f6rem\u00e5l baserat p\u00e5 deras egenskaper och rapporterade platser, vilket m\u00f6jligg\u00f6r en snabbare och mer exakt hantering. Detta intelligenta system f\u00f6rb\u00e4ttrar inte bara precisionen i identifieringen av f\u00f6rem\u00e5len, utan effektiviserar ocks\u00e5 processen med att matcha dem med deras \u00e4gare.<\/p>\t\t\t\t\t\t\t\t<\/div>\n\t\t\t\t<\/div>\n\t\t\t\t\t<\/div>\n\t\t<\/div>\n\t\t\t\t<div class=\"elementor-column elementor-col-50 elementor-inner-column elementor-element elementor-element-5eb845c\" data-id=\"5eb845c\" data-element_type=\"column\" data-e-type=\"column\" data-settings=\"{&quot;background_background&quot;:&quot;classic&quot;}\">\n\t\t\t<div class=\"elementor-widget-wrap elementor-element-populated\">\n\t\t\t\t\t\t<div class=\"elementor-element elementor-element-fe8aa1c elementor-widget elementor-widget-spacer\" data-id=\"fe8aa1c\" data-element_type=\"widget\" data-e-type=\"widget\" data-widget_type=\"spacer.default\">\n\t\t\t\t<div class=\"elementor-widget-container\">\n\t\t\t\t\t\t\t<div class=\"elementor-spacer\">\n\t\t\t<div class=\"elementor-spacer-inner\"><\/div>\n\t\t<\/div>\n\t\t\t\t\t\t<\/div>\n\t\t\t\t<\/div>\n\t\t\t\t\t<\/div>\n\t\t<\/div>\n\t\t\t\t\t<\/div>\n\t\t<\/section>\n\t\t\t\t<section class=\"elementor-section elementor-inner-section elementor-element elementor-element-9f13e75 elementor-section-boxed elementor-section-height-default elementor-section-height-default\" data-id=\"9f13e75\" data-element_type=\"section\" data-e-type=\"section\" id=\"xray\">\n\t\t\t\t\t\t<div class=\"elementor-container elementor-column-gap-default\">\n\t\t\t\t\t<div class=\"elementor-column elementor-col-100 elementor-inner-column elementor-element elementor-element-a864368\" data-id=\"a864368\" data-element_type=\"column\" data-e-type=\"column\" data-settings=\"{&quot;background_background&quot;:&quot;classic&quot;}\">\n\t\t\t<div class=\"elementor-widget-wrap elementor-element-populated\">\n\t\t\t\t\t\t<div class=\"elementor-element elementor-element-ac07bb3 elementor-widget elementor-widget-heading\" data-id=\"ac07bb3\" data-element_type=\"widget\" data-e-type=\"widget\" data-widget_type=\"heading.default\">\n\t\t\t\t<div class=\"elementor-widget-container\">\n\t\t\t\t\t<h3 class=\"elementor-heading-title elementor-size-default\">Hur tekniken fungerar\n<\/h3>\t\t\t\t<\/div>\n\t\t\t\t<\/div>\n\t\t\t\t<div class=\"elementor-element elementor-element-9902a9f elementor-widget elementor-widget-text-editor\" data-id=\"9902a9f\" data-element_type=\"widget\" data-e-type=\"widget\" data-widget_type=\"text-editor.default\">\n\t\t\t\t<div class=\"elementor-widget-container\">\n\t\t\t\t\t\t\t\t\t<p>N\u00e4r ett f\u00f6rsvunnet f\u00f6rem\u00e5l rapporteras in f\u00f6rs den beskrivning som anv\u00e4ndaren har l\u00e4mnat in i en AI-driven databas. Tekniken j\u00e4mf\u00f6r denna information med befintliga register \u00f6ver f\u00f6rem\u00e5l som hittats p\u00e5 flygplatser och anv\u00e4nder avancerade algoritmer f\u00f6r att identifiera potentiella matchningar. Detta minskar avsev\u00e4rt den tid som kr\u00e4vs f\u00f6r att lokalisera ett f\u00f6rem\u00e5l och underl\u00e4ttar samordningen av \u00e5terl\u00e4mnandet.<\/p>\n<p>\u00a0<\/p>\n<h3>F\u00f6rdelar med AI vid upphittning av hittegods<\/h3>\n<p>\u00a0<\/p>\n<ol>\n<li><strong>F\u00f6rb\u00e4ttrad effektivitet<\/strong>AI bearbetar stora m\u00e4ngder data p\u00e5 kort tid, vilket g\u00f6r det m\u00f6jligt att snabbt hitta matchningar och minska v\u00e4ntetiderna f\u00f6r resen\u00e4rerna.<\/li>\n<li><strong>Minska m\u00e4nskliga fel<\/strong>Genom att automatisera en del av katalogiserings- och s\u00f6kprocessen minimeras m\u00e4nskliga fel, vilket leder till st\u00f6rre noggrannhet vid \u00e5ters\u00f6kning av objekt.<\/li>\n<li><strong>Personlig uppm\u00e4rksamhet<\/strong>Tekniken g\u00f6r det m\u00f6jligt att skr\u00e4ddarsy \u00e5tervinningsupplevelsen och s\u00e4kerst\u00e4lla att f\u00f6rem\u00e5len \u00e5terl\u00e4mnas till sina \u00e4gare p\u00e5 ett effektivt s\u00e4tt och med enast\u00e5ende kundservice.<\/li>\n<\/ol>\n<p>\u00a0<\/p>\n<h3>Slutsats<\/h3>\n<p>Inf\u00f6rlivandet av artificiell intelligens i tj\u00e4nster som GoEnvio f\u00f6r\u00e4ndrar inte bara hur vi hanterar hittegods p\u00e5 flygplatser, det inleder ocks\u00e5 en ny era inom kundservice och logistikhantering. Med GoEnvio beh\u00f6ver det inte l\u00e4ngre vara v\u00e4rldens underg\u00e5ng att tappa bort n\u00e5got p\u00e5 en flygplats. Teknik, och i synnerhet AI, \u00e4r h\u00e4r f\u00f6r att hj\u00e4lpa dig att f\u00e5 tillbaka det som \u00e4r ditt snabbt och s\u00e4kert - res med sinnesfrid och vet att GoEnvio och AI \u00e4r p\u00e5 din sida!<\/p>\t\t\t\t\t\t\t\t<\/div>\n\t\t\t\t<\/div>\n\t\t\t\t\t<\/div>\n\t\t<\/div>\n\t\t\t\t\t<\/div>\n\t\t<\/section>\n\t\t\t\t\t<\/div>\n\t\t<\/div>\n\t\t\t\t\t<\/div>\n\t\t<\/section>\n\t\t\t\t<section class=\"elementor-section elementor-top-section elementor-element elementor-element-64e0935 elementor-section-full_width elementor-section-stretched elementor-section-height-default elementor-section-height-default\" data-id=\"64e0935\" data-element_type=\"section\" data-e-type=\"section\" data-settings=\"{&quot;stretch_section&quot;:&quot;section-stretched&quot;}\">\n\t\t\t\t\t\t<div class=\"elementor-container elementor-column-gap-wider\">\n\t\t\t\t\t<div class=\"elementor-column elementor-col-100 elementor-top-column elementor-element elementor-element-3718854\" data-id=\"3718854\" data-element_type=\"column\" data-e-type=\"column\">\n\t\t\t<div class=\"elementor-widget-wrap elementor-element-populated\">\n\t\t\t\t\t\t<section class=\"elementor-section elementor-inner-section elementor-element elementor-element-6462d46 elementor-section-boxed elementor-section-height-default elementor-section-height-default\" data-id=\"6462d46\" data-element_type=\"section\" data-e-type=\"section\" data-settings=\"{&quot;background_background&quot;:&quot;classic&quot;}\">\n\t\t\t\t\t\t<div class=\"elementor-container elementor-column-gap-default\">\n\t\t\t\t\t<div class=\"elementor-column elementor-col-100 elementor-inner-column elementor-element elementor-element-cac5a93\" data-id=\"cac5a93\" data-element_type=\"column\" data-e-type=\"column\" data-settings=\"{&quot;background_background&quot;:&quot;classic&quot;}\">\n\t\t\t<div class=\"elementor-widget-wrap elementor-element-populated\">\n\t\t\t\t\t\t<div class=\"elementor-element elementor-element-96d16a7 elementor-widget__width-initial elementor-widget elementor-widget-heading\" data-id=\"96d16a7\" data-element_type=\"widget\" data-e-type=\"widget\" data-widget_type=\"heading.default\">\n\t\t\t\t<div class=\"elementor-widget-container\">\n\t\t\t\t\t<h3 class=\"elementor-heading-title elementor-size-default\"><p><span style=\"color: #2b6cf5\">Beg\u00e4r din<\/span> icke-bindande offert &lt;\/p<\/h3>\t\t\t\t<\/div>\n\t\t\t\t<\/div>\n\t\t\t\t<div class=\"elementor-element elementor-element-3f554ac elementor-mobile-align-center elementor-widget-tablet__width-inherit elementor-align-center elementor-widget elementor-widget-button\" data-id=\"3f554ac\" data-element_type=\"widget\" data-e-type=\"widget\" data-widget_type=\"button.default\">\n\t\t\t\t<div class=\"elementor-widget-container\">\n\t\t\t\t\t\t\t\t\t<div class=\"elementor-button-wrapper\">\n\t\t\t\t\t<a class=\"elementor-button elementor-button-link elementor-size-sm\" href=\"\/sv\/uppskattning-for-frakt-av-forlorad-egendom\/\">\n\t\t\t\t\t\t<span class=\"elementor-button-content-wrapper\">\n\t\t\t\t\t\t\t\t\t<span class=\"elementor-button-text\">Klicka h\u00e4r<\/span>\n\t\t\t\t\t<\/span>\n\t\t\t\t\t<\/a>\n\t\t\t\t<\/div>\n\t\t\t\t\t\t\t\t<\/div>\n\t\t\t\t<\/div>\n\t\t\t\t\t<\/div>\n\t\t<\/div>\n\t\t\t\t\t<\/div>\n\t\t<\/section>\n\t\t\t\t\t<\/div>\n\t\t<\/div>\n\t\t\t\t\t<\/div>\n\t\t<\/section>\n\t\t\t\t<\/div>","protected":false},"excerpt":{"rendered":"<p>Tecnolog\u00eda al Rescate: C\u00f3mo la Inteligencia Artificial Est\u00e1 Mejorando la Recuperaci\u00f3n de Objetos Perdidos en Aeropuertos con GoEnvio Perder objetos en los aeropuertos puede ser una<span class=\"excerpt-hellip\"> [\u2026]<\/span><\/p>\n","protected":false},"author":1,"featured_media":0,"parent":0,"menu_order":0,"comment_status":"open","ping_status":"closed","template":"","meta":{"footnotes":""},"class_list":["post-821","page","type-page","status-publish","hentry"],"yoast_head":"<!-- This site is optimized with the Yoast SEO Premium plugin v21.7 (Yoast SEO v27.3) - https:\/\/yoast.com\/product\/yoast-seo-premium-wordpress\/ -->\n<title>Tecnolog\u00eda al Rescate: C\u00f3mo la Inteligencia Artificial Est\u00e1 Mejorando la Recuperaci\u00f3n de Objetos Perdidos en Aeropuertos con GoEnvio - Goenv\u00edo<\/title>\n<meta name=\"robots\" content=\"index, follow, max-snippet:-1, max-image-preview:large, max-video-preview:-1\" \/>\n<link rel=\"canonical\" href=\"https:\/\/goenvio.es\/sv\/teknik-till-undsattning-hur-artificiell-intelligens-forbattrar-atervinningen-av-borttappade-foremal-pa-flygplatser-med-goenvio\/\" \/>\n<meta property=\"og:locale\" content=\"sv_SE\" \/>\n<meta property=\"og:type\" content=\"article\" \/>\n<meta property=\"og:title\" content=\"Tecnolog\u00eda al Rescate: C\u00f3mo la Inteligencia Artificial Est\u00e1 Mejorando la Recuperaci\u00f3n de Objetos Perdidos en Aeropuertos con GoEnvio\" \/>\n<meta property=\"og:description\" content=\"Tecnolog\u00eda al Rescate: C\u00f3mo la Inteligencia Artificial Est\u00e1 Mejorando la Recuperaci\u00f3n de Objetos Perdidos en Aeropuertos con GoEnvio Perder objetos en los aeropuertos puede ser una [\u2026]\" \/>\n<meta property=\"og:url\" content=\"https:\/\/goenvio.es\/sv\/teknik-till-undsattning-hur-artificiell-intelligens-forbattrar-atervinningen-av-borttappade-foremal-pa-flygplatser-med-goenvio\/\" \/>\n<meta property=\"og:site_name\" content=\"Goenv\u00edo\" \/>\n<meta property=\"article:modified_time\" content=\"2024-05-13T04:00:26+00:00\" \/>\n<meta name=\"twitter:card\" content=\"summary_large_image\" \/>\n<meta name=\"twitter:label1\" content=\"Ber\u00e4knad l\u00e4stid\" \/>\n\t<meta name=\"twitter:data1\" content=\"2 minuter\" \/>\n<script type=\"application\/ld+json\" class=\"yoast-schema-graph\">{\"@context\":\"https:\\\/\\\/schema.org\",\"@graph\":[{\"@type\":\"WebPage\",\"@id\":\"https:\\\/\\\/goenvio.es\\\/tecnologia-al-rescate-como-la-inteligencia-artificial-esta-mejorando-la-recuperacion-de-objetos-perdidos-en-aeropuertos-con-goenvio\\\/\",\"url\":\"https:\\\/\\\/goenvio.es\\\/tecnologia-al-rescate-como-la-inteligencia-artificial-esta-mejorando-la-recuperacion-de-objetos-perdidos-en-aeropuertos-con-goenvio\\\/\",\"name\":\"Tecnolog\u00eda al Rescate: C\u00f3mo la Inteligencia Artificial Est\u00e1 Mejorando la Recuperaci\u00f3n de Objetos Perdidos en Aeropuertos con GoEnvio - Goenv\u00edo\",\"isPartOf\":{\"@id\":\"https:\\\/\\\/goenvio.es\\\/#website\"},\"datePublished\":\"2024-05-13T03:51:53+00:00\",\"dateModified\":\"2024-05-13T04:00:26+00:00\",\"breadcrumb\":{\"@id\":\"https:\\\/\\\/goenvio.es\\\/tecnologia-al-rescate-como-la-inteligencia-artificial-esta-mejorando-la-recuperacion-de-objetos-perdidos-en-aeropuertos-con-goenvio\\\/#breadcrumb\"},\"inLanguage\":\"sv-SE\",\"potentialAction\":[{\"@type\":\"ReadAction\",\"target\":[\"https:\\\/\\\/goenvio.es\\\/tecnologia-al-rescate-como-la-inteligencia-artificial-esta-mejorando-la-recuperacion-de-objetos-perdidos-en-aeropuertos-con-goenvio\\\/\"]}]},{\"@type\":\"BreadcrumbList\",\"@id\":\"https:\\\/\\\/goenvio.es\\\/tecnologia-al-rescate-como-la-inteligencia-artificial-esta-mejorando-la-recuperacion-de-objetos-perdidos-en-aeropuertos-con-goenvio\\\/#breadcrumb\",\"itemListElement\":[{\"@type\":\"ListItem\",\"position\":1,\"name\":\"Home\",\"item\":\"https:\\\/\\\/goenvio.es\\\/\"},{\"@type\":\"ListItem\",\"position\":2,\"name\":\"Tecnolog\u00eda al Rescate: C\u00f3mo la Inteligencia Artificial Est\u00e1 Mejorando la Recuperaci\u00f3n de Objetos Perdidos en Aeropuertos con GoEnvio\"}]},{\"@type\":\"WebSite\",\"@id\":\"https:\\\/\\\/goenvio.es\\\/#website\",\"url\":\"https:\\\/\\\/goenvio.es\\\/\",\"name\":\"goenv\u00edo\",\"description\":\"Recogida y env\u00edo de objetos perdidos en aeropuertos, trenes y ciudades\",\"publisher\":{\"@id\":\"https:\\\/\\\/goenvio.es\\\/#organization\"},\"potentialAction\":[{\"@type\":\"SearchAction\",\"target\":{\"@type\":\"EntryPoint\",\"urlTemplate\":\"https:\\\/\\\/goenvio.es\\\/?s={search_term_string}\"},\"query-input\":{\"@type\":\"PropertyValueSpecification\",\"valueRequired\":true,\"valueName\":\"search_term_string\"}}],\"inLanguage\":\"sv-SE\"},{\"@type\":\"Organization\",\"@id\":\"https:\\\/\\\/goenvio.es\\\/#organization\",\"name\":\"goenv\u00edo\",\"url\":\"https:\\\/\\\/goenvio.es\\\/\",\"logo\":{\"@type\":\"ImageObject\",\"inLanguage\":\"sv-SE\",\"@id\":\"https:\\\/\\\/goenvio.es\\\/#\\\/schema\\\/logo\\\/image\\\/\",\"url\":\"\",\"contentUrl\":\"\",\"caption\":\"goenv\u00edo\"},\"image\":{\"@id\":\"https:\\\/\\\/goenvio.es\\\/#\\\/schema\\\/logo\\\/image\\\/\"}}]}<\/script>\n<!-- \/ Yoast SEO Premium plugin. -->","yoast_head_json":{"title":"Teknik till unds\u00e4ttning: Hur artificiell intelligens f\u00f6rb\u00e4ttrar upphittandet av hittegods p\u00e5 flygplatser med GoEnvoy - GoEnvoy","robots":{"index":"index","follow":"follow","max-snippet":"max-snippet:-1","max-image-preview":"max-image-preview:large","max-video-preview":"max-video-preview:-1"},"canonical":"https:\/\/goenvio.es\/sv\/teknik-till-undsattning-hur-artificiell-intelligens-forbattrar-atervinningen-av-borttappade-foremal-pa-flygplatser-med-goenvio\/","og_locale":"sv_SE","og_type":"article","og_title":"Tecnolog\u00eda al Rescate: C\u00f3mo la Inteligencia Artificial Est\u00e1 Mejorando la Recuperaci\u00f3n de Objetos Perdidos en Aeropuertos con GoEnvio","og_description":"Tecnolog\u00eda al Rescate: C\u00f3mo la Inteligencia Artificial Est\u00e1 Mejorando la Recuperaci\u00f3n de Objetos Perdidos en Aeropuertos con GoEnvio Perder objetos en los aeropuertos puede ser una [\u2026]","og_url":"https:\/\/goenvio.es\/sv\/teknik-till-undsattning-hur-artificiell-intelligens-forbattrar-atervinningen-av-borttappade-foremal-pa-flygplatser-med-goenvio\/","og_site_name":"Goenv\u00edo","article_modified_time":"2024-05-13T04:00:26+00:00","twitter_card":"summary_large_image","twitter_misc":{"Ber\u00e4knad l\u00e4stid":"2 minuter"},"schema":{"@context":"https:\/\/schema.org","@graph":[{"@type":"WebPage","@id":"https:\/\/goenvio.es\/tecnologia-al-rescate-como-la-inteligencia-artificial-esta-mejorando-la-recuperacion-de-objetos-perdidos-en-aeropuertos-con-goenvio\/","url":"https:\/\/goenvio.es\/tecnologia-al-rescate-como-la-inteligencia-artificial-esta-mejorando-la-recuperacion-de-objetos-perdidos-en-aeropuertos-con-goenvio\/","name":"Teknik till unds\u00e4ttning: Hur artificiell intelligens f\u00f6rb\u00e4ttrar upphittandet av hittegods p\u00e5 flygplatser med GoEnvoy - GoEnvoy","isPartOf":{"@id":"https:\/\/goenvio.es\/#website"},"datePublished":"2024-05-13T03:51:53+00:00","dateModified":"2024-05-13T04:00:26+00:00","breadcrumb":{"@id":"https:\/\/goenvio.es\/tecnologia-al-rescate-como-la-inteligencia-artificial-esta-mejorando-la-recuperacion-de-objetos-perdidos-en-aeropuertos-con-goenvio\/#breadcrumb"},"inLanguage":"sv-SE","potentialAction":[{"@type":"ReadAction","target":["https:\/\/goenvio.es\/tecnologia-al-rescate-como-la-inteligencia-artificial-esta-mejorando-la-recuperacion-de-objetos-perdidos-en-aeropuertos-con-goenvio\/"]}]},{"@type":"BreadcrumbList","@id":"https:\/\/goenvio.es\/tecnologia-al-rescate-como-la-inteligencia-artificial-esta-mejorando-la-recuperacion-de-objetos-perdidos-en-aeropuertos-con-goenvio\/#breadcrumb","itemListElement":[{"@type":"ListItem","position":1,"name":"Home","item":"https:\/\/goenvio.es\/"},{"@type":"ListItem","position":2,"name":"Tecnolog\u00eda al Rescate: C\u00f3mo la Inteligencia Artificial Est\u00e1 Mejorando la Recuperaci\u00f3n de Objetos Perdidos en Aeropuertos con GoEnvio"}]},{"@type":"WebSite","@id":"https:\/\/goenvio.es\/#website","url":"https:\/\/goenvio.es\/","name":"goenv\u00edo","description":"Insamling och vidarebefordran av hittegods p\u00e5 flygplatser, t\u00e5g och i st\u00e4der","publisher":{"@id":"https:\/\/goenvio.es\/#organization"},"potentialAction":[{"@type":"SearchAction","target":{"@type":"EntryPoint","urlTemplate":"https:\/\/goenvio.es\/?s={search_term_string}"},"query-input":{"@type":"PropertyValueSpecification","valueRequired":true,"valueName":"search_term_string"}}],"inLanguage":"sv-SE"},{"@type":"Organization","@id":"https:\/\/goenvio.es\/#organization","name":"goenv\u00edo","url":"https:\/\/goenvio.es\/","logo":{"@type":"ImageObject","inLanguage":"sv-SE","@id":"https:\/\/goenvio.es\/#\/schema\/logo\/image\/","url":"","contentUrl":"","caption":"goenv\u00edo"},"image":{"@id":"https:\/\/goenvio.es\/#\/schema\/logo\/image\/"}}]}},"_links":{"self":[{"href":"https:\/\/goenvio.es\/sv\/wp-json\/wp\/v2\/pages\/821","targetHints":{"allow":["GET"]}}],"collection":[{"href":"https:\/\/goenvio.es\/sv\/wp-json\/wp\/v2\/pages"}],"about":[{"href":"https:\/\/goenvio.es\/sv\/wp-json\/wp\/v2\/types\/page"}],"author":[{"embeddable":true,"href":"https:\/\/goenvio.es\/sv\/wp-json\/wp\/v2\/users\/1"}],"replies":[{"embeddable":true,"href":"https:\/\/goenvio.es\/sv\/wp-json\/wp\/v2\/comments?post=821"}],"version-history":[{"count":0,"href":"https:\/\/goenvio.es\/sv\/wp-json\/wp\/v2\/pages\/821\/revisions"}],"wp:attachment":[{"href":"https:\/\/goenvio.es\/sv\/wp-json\/wp\/v2\/media?parent=821"}],"curies":[{"name":"wp","href":"https:\/\/api.w.org\/{rel}","templated":true}]}}