{"id":600,"date":"2024-05-11T07:35:45","date_gmt":"2024-05-11T07:35:45","guid":{"rendered":"https:\/\/goenvio.es\/?page_id=600"},"modified":"2024-05-11T07:36:34","modified_gmt":"2024-05-11T07:36:34","slug":"denna-webbplats-anvander-cookies","status":"publish","type":"page","link":"https:\/\/goenvio.es\/sv\/denna-webbplats-anvander-cookies\/","title":{"rendered":"Denna webbplats anv\u00e4nder cookies"},"content":{"rendered":"<div data-elementor-type=\"wp-page\" data-elementor-id=\"600\" class=\"elementor elementor-600\">\n\t\t\t\t\t\t<section class=\"elementor-section elementor-top-section elementor-element elementor-element-20c92f7 elementor-section-full_width elementor-section-stretched elementor-section-height-default elementor-section-height-default\" data-id=\"20c92f7\" data-element_type=\"section\" data-e-type=\"section\" data-settings=\"{&quot;stretch_section&quot;:&quot;section-stretched&quot;}\">\n\t\t\t\t\t\t<div class=\"elementor-container elementor-column-gap-wider\">\n\t\t\t\t\t<div class=\"elementor-column elementor-col-100 elementor-top-column elementor-element elementor-element-0c45c5b\" data-id=\"0c45c5b\" data-element_type=\"column\" data-e-type=\"column\">\n\t\t\t<div class=\"elementor-widget-wrap elementor-element-populated\">\n\t\t\t\t\t\t<section class=\"elementor-section elementor-inner-section elementor-element elementor-element-3868c9a elementor-section-boxed elementor-section-height-default elementor-section-height-default\" data-id=\"3868c9a\" data-element_type=\"section\" data-e-type=\"section\" data-settings=\"{&quot;background_background&quot;:&quot;classic&quot;}\">\n\t\t\t\t\t\t<div class=\"elementor-container elementor-column-gap-default\">\n\t\t\t\t\t<div class=\"elementor-column elementor-col-100 elementor-inner-column elementor-element elementor-element-d33c264\" data-id=\"d33c264\" data-element_type=\"column\" data-e-type=\"column\" data-settings=\"{&quot;background_background&quot;:&quot;classic&quot;}\">\n\t\t\t<div class=\"elementor-widget-wrap elementor-element-populated\">\n\t\t\t\t\t\t<div class=\"elementor-element elementor-element-dc8a8cd elementor-widget elementor-widget-spacer\" data-id=\"dc8a8cd\" data-element_type=\"widget\" data-e-type=\"widget\" data-widget_type=\"spacer.default\">\n\t\t\t\t<div class=\"elementor-widget-container\">\n\t\t\t\t\t\t\t<div class=\"elementor-spacer\">\n\t\t\t<div class=\"elementor-spacer-inner\"><\/div>\n\t\t<\/div>\n\t\t\t\t\t\t<\/div>\n\t\t\t\t<\/div>\n\t\t\t\t<div class=\"elementor-element elementor-element-a20e3cf elementor-widget elementor-widget-heading\" data-id=\"a20e3cf\" data-element_type=\"widget\" data-e-type=\"widget\" data-widget_type=\"heading.default\">\n\t\t\t\t<div class=\"elementor-widget-container\">\n\t\t\t\t\t<h1 class=\"elementor-heading-title elementor-size-default\">Denna webbplats anv\u00e4nder cookies<\/h1>\t\t\t\t<\/div>\n\t\t\t\t<\/div>\n\t\t\t\t<div class=\"elementor-element elementor-element-70d466d elementor-widget elementor-widget-text-editor\" data-id=\"70d466d\" data-element_type=\"widget\" data-e-type=\"widget\" data-widget_type=\"text-editor.default\">\n\t\t\t\t<div class=\"elementor-widget-container\">\n\t\t\t\t\t\t\t\t\t<p>I enlighet med lag 34\/2002 av den 11 juli 2002 om informationssamh\u00e4llets tj\u00e4nster och elektronisk handel (LSSICE) informerar vi dig om att denna Goenvio-webbplats anv\u00e4nder cookies.<\/p><p>LSSICE g\u00e4ller alla typer av filer eller enheter som laddas ner till en anv\u00e4ndares terminalutrustning i syfte att lagra data som kan uppdateras och h\u00e4mtas av den enhet som ansvarar f\u00f6r installationen. En cookie \u00e4r en av dessa allm\u00e4nt anv\u00e4nda filer, som vi kommer att referera till generellt som cookies.<\/p><p>Cookies \u00e4r sm\u00e5 textfiler som skickas till en webbl\u00e4sare fr\u00e5n en webbserver f\u00f6r att registrera anv\u00e4ndarens aktivitet p\u00e5 en webbplats s\u00e5 att denna information kan h\u00e4mtas senare n\u00e4r man surfar p\u00e5 de olika sidor som \u00e4r anslutna till den server som installerade dem.<\/p><p>Cookies lagrar vanligtvis information av teknisk natur, personliga preferenser, anpassning av inneh\u00e5ll, anv\u00e4ndningsstatistik, l\u00e4nkar till sociala n\u00e4tverk, tillg\u00e5ng till anv\u00e4ndarkonton etc.<\/p><p>Typer av cookies<\/p><p>Nedan klassificeras cookies enligt ett antal kategorier. Det \u00e4r dock n\u00f6dv\u00e4ndigt att komma ih\u00e5g att samma cookie kan ing\u00e5 i mer \u00e4n en kategori.<\/p><p>Enligt den enhet som f\u00f6rvaltar dem<\/p><p>Egna cookies: Dessa \u00e4r de som skickas till anv\u00e4ndarens terminalutrustning fr\u00e5n en dator eller dom\u00e4n som hanteras av redakt\u00f6ren sj\u00e4lv och fr\u00e5n vilken den tj\u00e4nst som anv\u00e4ndaren beg\u00e4r tillhandah\u00e5lls.<\/p><p>Tredjepartscookies: Detta \u00e4r cookies som skickas till anv\u00e4ndarens terminalutrustning fr\u00e5n en dator eller dom\u00e4n som inte hanteras av redakt\u00f6ren, utan av en annan enhet som behandlar de uppgifter som erh\u00e5lls via cookies.<\/p><p>I det fall cookies installeras fr\u00e5n en dator eller dom\u00e4n som hanteras av redakt\u00f6ren sj\u00e4lv men den information som samlas in genom dessa hanteras av en tredje part, anses de inte vara egna cookies.<\/p><p>Beroende p\u00e5 hur l\u00e4nge de f\u00f6rblir aktiverade<\/p><p>Beroende p\u00e5 hur l\u00e4nge de f\u00f6rblir aktiverade i terminalutrustningen kan vi skilja dem \u00e5t:<\/p><p>Sessionscookies: Dessa \u00e4r en typ av cookie som \u00e4r utformad f\u00f6r att samla in och lagra data medan anv\u00e4ndaren bes\u00f6ker en webbplats. De anv\u00e4nds vanligtvis f\u00f6r att lagra information som bara beh\u00f6ver sparas f\u00f6r att tillhandah\u00e5lla den tj\u00e4nst som anv\u00e4ndaren beg\u00e4r vid ett enda tillf\u00e4lle (t.ex. en lista \u00f6ver k\u00f6pta produkter).<\/p><p>Best\u00e4ndiga cookies: Dessa \u00e4r en typ av cookie d\u00e4r uppgifterna f\u00f6rblir lagrade i terminalen och kan n\u00e5s och behandlas under en period som definieras av den part som ansvarar f\u00f6r cookien, vilket kan variera fr\u00e5n n\u00e5gra minuter till flera \u00e5r.<\/p><p>I enlighet med deras syfte<\/p><p>Beroende p\u00e5 i vilket syfte de uppgifter som erh\u00e5llits via cookies behandlas, kan vi skilja mellan:<\/p><p>Tekniska cookies: Dessa \u00e4r de som g\u00f6r det m\u00f6jligt f\u00f6r anv\u00e4ndaren att bl\u00e4ddra igenom en webbplats, plattform eller applikation och anv\u00e4nda de olika alternativ eller tj\u00e4nster som finns p\u00e5 den, t.ex. att kontrollera trafik och datakommunikation, identifiera sessionen, f\u00e5 tillg\u00e5ng till delar med begr\u00e4nsad \u00e5tkomst, komma ih\u00e5g de element som utg\u00f6r en best\u00e4llning, genomf\u00f6ra ink\u00f6psprocessen f\u00f6r en best\u00e4llning, g\u00f6ra ans\u00f6kan om registrering eller deltagande i ett evenemang, anv\u00e4nda s\u00e4kerhetselement under surfning, lagra inneh\u00e5ll f\u00f6r s\u00e4ndning av videor eller ljud eller dela inneh\u00e5ll via sociala n\u00e4tverk.<\/p><p>Personaliseringscookies: Dessa cookies g\u00f6r det m\u00f6jligt f\u00f6r anv\u00e4ndaren att f\u00e5 tillg\u00e5ng till tj\u00e4nsten med vissa f\u00f6rdefinierade allm\u00e4nna egenskaper beroende p\u00e5 en rad kriterier i anv\u00e4ndarens terminal, s\u00e5som spr\u00e5k, typ av webbl\u00e4sare som anv\u00e4nds f\u00f6r att f\u00e5 tillg\u00e5ng till tj\u00e4nsten, den regionala konfigurationen fr\u00e5n vilken tj\u00e4nsten n\u00e5s etc.<\/p><p>Analyscookies: Dessa cookies g\u00f6r det m\u00f6jligt f\u00f6r den part som ansvarar f\u00f6r dem att \u00f6vervaka och analysera beteendet hos anv\u00e4ndarna av de webbplatser som de \u00e4r l\u00e4nkade till. Den information som samlas in genom denna typ av cookies anv\u00e4nds f\u00f6r att m\u00e4ta aktiviteten p\u00e5 webbplatserna, applikationerna eller plattformarna och f\u00f6r att utarbeta surfprofiler f\u00f6r anv\u00e4ndarna av dessa webbplatser, applikationer och plattformar, i syfte att inf\u00f6ra f\u00f6rb\u00e4ttringar baserade p\u00e5 analys av anv\u00e4ndningsdata f\u00f6r anv\u00e4ndarna av tj\u00e4nsten.<\/p><p>Reklamcookies: Dessa \u00e4r s\u00e5dana som g\u00f6r det m\u00f6jligt att p\u00e5 ett s\u00e5 effektivt s\u00e4tt som m\u00f6jligt hantera de reklamutrymmen som redakt\u00f6ren i f\u00f6rekommande fall har inkluderat p\u00e5 en webbplats, applikation eller plattform fr\u00e5n vilken den beg\u00e4rda tj\u00e4nsten tillhandah\u00e5lls baserat p\u00e5 kriterier som det redigerade inneh\u00e5llet eller den frekvens med vilken annonserna visas.<\/p><p>Cookies f\u00f6r beteendestyrd reklam: Dessa cookies g\u00f6r det m\u00f6jligt att p\u00e5 effektivast m\u00f6jliga s\u00e4tt hantera de reklamutrymmen som utgivaren i f\u00f6rekommande fall har inkluderat p\u00e5 en webbplats, applikation eller plattform fr\u00e5n vilken den beg\u00e4rda tj\u00e4nsten tillhandah\u00e5lls. Dessa cookies lagrar information om anv\u00e4ndarnas beteende som erh\u00e5lls genom kontinuerlig observation av deras surfvanor, vilket g\u00f6r det m\u00f6jligt att utveckla en specifik profil f\u00f6r att visa reklam baserad p\u00e5 samma.<\/p><p>S\u00e5 h\u00e4r inaktiverar du cookies i de vanligaste webbl\u00e4sarna<\/p><p>F\u00f6r att konfigurera anv\u00e4ndningen av cookies, f\u00f6lj instruktionerna f\u00f6r din webbl\u00e4sare eller konsultera webbl\u00e4sarens hj\u00e4lp:<\/p><p>Safari<\/p><p>Firefox<\/p><p>Krom<\/p><p>Opera<\/p><p>Internet Explorer<\/p><p>Kant<\/p><p>Vad h\u00e4nder om du inte accepterar cookies<\/p><p>Om du nekar cookies kan det f\u00f6rhindra \u00e5tkomst till personligt inneh\u00e5ll och tj\u00e4nster.<\/p><p>Uppdateringar och \u00e4ndringar av cookiepolicyn<\/p><p>Goenvio kan \u00e4ndra denna cookiepolicy enligt lagkrav, f\u00f6rordningar, f\u00f6r att anpassa policyn till de instruktioner som utf\u00e4rdats av den spanska dataskyddsmyndigheten, f\u00f6r tekniska fr\u00e5gor eller omorganisation av webben, s\u00e5 vi rekommenderar att du bes\u00f6ker den regelbundet.<\/p><p>Kontakt<\/p><p>Om du har n\u00e5gra fr\u00e5gor om hur vi anv\u00e4nder cookies, v\u00e4nligen maila oss p\u00e5: info@Goenvio.es.<\/p>\t\t\t\t\t\t\t\t<\/div>\n\t\t\t\t<\/div>\n\t\t\t\t\t<\/div>\n\t\t<\/div>\n\t\t\t\t\t<\/div>\n\t\t<\/section>\n\t\t\t\t\t<\/div>\n\t\t<\/div>\n\t\t\t\t\t<\/div>\n\t\t<\/section>\n\t\t\t\t<\/div>","protected":false},"excerpt":{"rendered":"<p>Este sitio utiliza cookies En cumplimiento de la Ley 34\/2002 de 11 de julio de Servicios de la Sociedad de la Informaci\u00f3n y de Comercio Electr\u00f3nico<span class=\"excerpt-hellip\"> [\u2026]<\/span><\/p>\n","protected":false},"author":1,"featured_media":0,"parent":0,"menu_order":0,"comment_status":"open","ping_status":"closed","template":"","meta":{"footnotes":""},"class_list":["post-600","page","type-page","status-publish","hentry"],"yoast_head":"<!-- This site is optimized with the Yoast SEO Premium plugin v21.7 (Yoast SEO v27.3) - https:\/\/yoast.com\/product\/yoast-seo-premium-wordpress\/ -->\n<title>Este sitio utiliza cookies - Goenv\u00edo<\/title>\n<meta name=\"robots\" content=\"index, follow, max-snippet:-1, max-image-preview:large, max-video-preview:-1\" \/>\n<link rel=\"canonical\" href=\"https:\/\/goenvio.es\/sv\/denna-webbplats-anvander-cookies\/\" \/>\n<meta property=\"og:locale\" content=\"sv_SE\" \/>\n<meta property=\"og:type\" content=\"article\" \/>\n<meta property=\"og:title\" content=\"Este sitio utiliza cookies\" \/>\n<meta property=\"og:description\" content=\"Este sitio utiliza cookies En cumplimiento de la Ley 34\/2002 de 11 de julio de Servicios de la Sociedad de la Informaci\u00f3n y de Comercio Electr\u00f3nico [\u2026]\" \/>\n<meta property=\"og:url\" content=\"https:\/\/goenvio.es\/sv\/denna-webbplats-anvander-cookies\/\" \/>\n<meta property=\"og:site_name\" content=\"Goenv\u00edo\" \/>\n<meta property=\"article:modified_time\" content=\"2024-05-11T07:36:34+00:00\" \/>\n<meta name=\"twitter:card\" content=\"summary_large_image\" \/>\n<meta name=\"twitter:label1\" content=\"Ber\u00e4knad l\u00e4stid\" \/>\n\t<meta name=\"twitter:data1\" content=\"5 minuter\" \/>\n<script type=\"application\/ld+json\" class=\"yoast-schema-graph\">{\"@context\":\"https:\\\/\\\/schema.org\",\"@graph\":[{\"@type\":\"WebPage\",\"@id\":\"https:\\\/\\\/goenvio.es\\\/este-sitio-utiliza-cookies\\\/\",\"url\":\"https:\\\/\\\/goenvio.es\\\/este-sitio-utiliza-cookies\\\/\",\"name\":\"Este sitio utiliza cookies - Goenv\u00edo\",\"isPartOf\":{\"@id\":\"https:\\\/\\\/goenvio.es\\\/#website\"},\"datePublished\":\"2024-05-11T07:35:45+00:00\",\"dateModified\":\"2024-05-11T07:36:34+00:00\",\"breadcrumb\":{\"@id\":\"https:\\\/\\\/goenvio.es\\\/este-sitio-utiliza-cookies\\\/#breadcrumb\"},\"inLanguage\":\"sv-SE\",\"potentialAction\":[{\"@type\":\"ReadAction\",\"target\":[\"https:\\\/\\\/goenvio.es\\\/este-sitio-utiliza-cookies\\\/\"]}]},{\"@type\":\"BreadcrumbList\",\"@id\":\"https:\\\/\\\/goenvio.es\\\/este-sitio-utiliza-cookies\\\/#breadcrumb\",\"itemListElement\":[{\"@type\":\"ListItem\",\"position\":1,\"name\":\"Home\",\"item\":\"https:\\\/\\\/goenvio.es\\\/\"},{\"@type\":\"ListItem\",\"position\":2,\"name\":\"Este sitio utiliza cookies\"}]},{\"@type\":\"WebSite\",\"@id\":\"https:\\\/\\\/goenvio.es\\\/#website\",\"url\":\"https:\\\/\\\/goenvio.es\\\/\",\"name\":\"goenv\u00edo\",\"description\":\"Recogida y env\u00edo de objetos perdidos en aeropuertos, trenes y ciudades\",\"publisher\":{\"@id\":\"https:\\\/\\\/goenvio.es\\\/#organization\"},\"potentialAction\":[{\"@type\":\"SearchAction\",\"target\":{\"@type\":\"EntryPoint\",\"urlTemplate\":\"https:\\\/\\\/goenvio.es\\\/?s={search_term_string}\"},\"query-input\":{\"@type\":\"PropertyValueSpecification\",\"valueRequired\":true,\"valueName\":\"search_term_string\"}}],\"inLanguage\":\"sv-SE\"},{\"@type\":\"Organization\",\"@id\":\"https:\\\/\\\/goenvio.es\\\/#organization\",\"name\":\"goenv\u00edo\",\"url\":\"https:\\\/\\\/goenvio.es\\\/\",\"logo\":{\"@type\":\"ImageObject\",\"inLanguage\":\"sv-SE\",\"@id\":\"https:\\\/\\\/goenvio.es\\\/#\\\/schema\\\/logo\\\/image\\\/\",\"url\":\"\",\"contentUrl\":\"\",\"caption\":\"goenv\u00edo\"},\"image\":{\"@id\":\"https:\\\/\\\/goenvio.es\\\/#\\\/schema\\\/logo\\\/image\\\/\"}}]}<\/script>\n<!-- \/ Yoast SEO Premium plugin. -->","yoast_head_json":{"title":"Denna webbplats anv\u00e4nder cookies - Goenv\u00edo","robots":{"index":"index","follow":"follow","max-snippet":"max-snippet:-1","max-image-preview":"max-image-preview:large","max-video-preview":"max-video-preview:-1"},"canonical":"https:\/\/goenvio.es\/sv\/denna-webbplats-anvander-cookies\/","og_locale":"sv_SE","og_type":"article","og_title":"Este sitio utiliza cookies","og_description":"Este sitio utiliza cookies En cumplimiento de la Ley 34\/2002 de 11 de julio de Servicios de la Sociedad de la Informaci\u00f3n y de Comercio Electr\u00f3nico [\u2026]","og_url":"https:\/\/goenvio.es\/sv\/denna-webbplats-anvander-cookies\/","og_site_name":"Goenv\u00edo","article_modified_time":"2024-05-11T07:36:34+00:00","twitter_card":"summary_large_image","twitter_misc":{"Ber\u00e4knad l\u00e4stid":"5 minuter"},"schema":{"@context":"https:\/\/schema.org","@graph":[{"@type":"WebPage","@id":"https:\/\/goenvio.es\/este-sitio-utiliza-cookies\/","url":"https:\/\/goenvio.es\/este-sitio-utiliza-cookies\/","name":"Denna webbplats anv\u00e4nder cookies - Goenv\u00edo","isPartOf":{"@id":"https:\/\/goenvio.es\/#website"},"datePublished":"2024-05-11T07:35:45+00:00","dateModified":"2024-05-11T07:36:34+00:00","breadcrumb":{"@id":"https:\/\/goenvio.es\/este-sitio-utiliza-cookies\/#breadcrumb"},"inLanguage":"sv-SE","potentialAction":[{"@type":"ReadAction","target":["https:\/\/goenvio.es\/este-sitio-utiliza-cookies\/"]}]},{"@type":"BreadcrumbList","@id":"https:\/\/goenvio.es\/este-sitio-utiliza-cookies\/#breadcrumb","itemListElement":[{"@type":"ListItem","position":1,"name":"Home","item":"https:\/\/goenvio.es\/"},{"@type":"ListItem","position":2,"name":"Este sitio utiliza cookies"}]},{"@type":"WebSite","@id":"https:\/\/goenvio.es\/#website","url":"https:\/\/goenvio.es\/","name":"goenv\u00edo","description":"Insamling och vidarebefordran av hittegods p\u00e5 flygplatser, t\u00e5g och i st\u00e4der","publisher":{"@id":"https:\/\/goenvio.es\/#organization"},"potentialAction":[{"@type":"SearchAction","target":{"@type":"EntryPoint","urlTemplate":"https:\/\/goenvio.es\/?s={search_term_string}"},"query-input":{"@type":"PropertyValueSpecification","valueRequired":true,"valueName":"search_term_string"}}],"inLanguage":"sv-SE"},{"@type":"Organization","@id":"https:\/\/goenvio.es\/#organization","name":"goenv\u00edo","url":"https:\/\/goenvio.es\/","logo":{"@type":"ImageObject","inLanguage":"sv-SE","@id":"https:\/\/goenvio.es\/#\/schema\/logo\/image\/","url":"","contentUrl":"","caption":"goenv\u00edo"},"image":{"@id":"https:\/\/goenvio.es\/#\/schema\/logo\/image\/"}}]}},"_links":{"self":[{"href":"https:\/\/goenvio.es\/sv\/wp-json\/wp\/v2\/pages\/600","targetHints":{"allow":["GET"]}}],"collection":[{"href":"https:\/\/goenvio.es\/sv\/wp-json\/wp\/v2\/pages"}],"about":[{"href":"https:\/\/goenvio.es\/sv\/wp-json\/wp\/v2\/types\/page"}],"author":[{"embeddable":true,"href":"https:\/\/goenvio.es\/sv\/wp-json\/wp\/v2\/users\/1"}],"replies":[{"embeddable":true,"href":"https:\/\/goenvio.es\/sv\/wp-json\/wp\/v2\/comments?post=600"}],"version-history":[{"count":0,"href":"https:\/\/goenvio.es\/sv\/wp-json\/wp\/v2\/pages\/600\/revisions"}],"wp:attachment":[{"href":"https:\/\/goenvio.es\/sv\/wp-json\/wp\/v2\/media?parent=600"}],"curies":[{"name":"wp","href":"https:\/\/api.w.org\/{rel}","templated":true}]}}