{"id":13,"date":"2022-10-18T10:54:12","date_gmt":"2022-10-18T10:54:12","guid":{"rendered":"https:\/\/goenvio.es\/?page_id=13"},"modified":"2024-05-13T03:45:57","modified_gmt":"2024-05-13T03:45:57","slug":"hitta-din-forsvunna-egendom-pa-flygplatser-med-goenvio","status":"publish","type":"page","link":"https:\/\/goenvio.es\/sv\/hitta-din-forsvunna-egendom-pa-flygplatser-med-goenvio\/","title":{"rendered":"\u00c5terst\u00e4ll dina upphittade saker p\u00e5 flygplatser med GoEnvio"},"content":{"rendered":"<div data-elementor-type=\"wp-page\" data-elementor-id=\"13\" class=\"elementor elementor-13\">\n\t\t\t\t\t\t<section class=\"elementor-section elementor-top-section elementor-element elementor-element-d676a70 elementor-section-full_width elementor-section-stretched elementor-section-height-default elementor-section-height-default\" data-id=\"d676a70\" data-element_type=\"section\" data-e-type=\"section\" data-settings=\"{&quot;stretch_section&quot;:&quot;section-stretched&quot;}\">\n\t\t\t\t\t\t<div class=\"elementor-container elementor-column-gap-wider\">\n\t\t\t\t\t<div class=\"elementor-column elementor-col-100 elementor-top-column elementor-element elementor-element-d57ed04\" data-id=\"d57ed04\" data-element_type=\"column\" data-e-type=\"column\" data-settings=\"{&quot;background_background&quot;:&quot;classic&quot;}\">\n\t\t\t<div class=\"elementor-widget-wrap elementor-element-populated\">\n\t\t\t\t\t\t<section class=\"elementor-section elementor-inner-section elementor-element elementor-element-d3a90e6 elementor-section-boxed elementor-section-height-default elementor-section-height-default\" data-id=\"d3a90e6\" data-element_type=\"section\" data-e-type=\"section\">\n\t\t\t\t\t\t<div class=\"elementor-container elementor-column-gap-default\">\n\t\t\t\t\t<div class=\"elementor-column elementor-col-100 elementor-inner-column elementor-element elementor-element-bd5e915\" data-id=\"bd5e915\" data-element_type=\"column\" data-e-type=\"column\">\n\t\t\t<div class=\"elementor-widget-wrap elementor-element-populated\">\n\t\t\t\t\t\t<section class=\"elementor-section elementor-inner-section elementor-element elementor-element-c100ef7 elementor-section-boxed elementor-section-height-default elementor-section-height-default\" data-id=\"c100ef7\" data-element_type=\"section\" data-e-type=\"section\">\n\t\t\t\t\t\t<div class=\"elementor-container elementor-column-gap-default\">\n\t\t\t\t\t<div class=\"elementor-column elementor-col-25 elementor-inner-column elementor-element elementor-element-8cbaae0\" data-id=\"8cbaae0\" data-element_type=\"column\" data-e-type=\"column\">\n\t\t\t<div class=\"elementor-widget-wrap\">\n\t\t\t\t\t\t\t<\/div>\n\t\t<\/div>\n\t\t\t\t<div class=\"elementor-column elementor-col-50 elementor-inner-column elementor-element elementor-element-f71378a\" data-id=\"f71378a\" data-element_type=\"column\" data-e-type=\"column\">\n\t\t\t<div class=\"elementor-widget-wrap elementor-element-populated\">\n\t\t\t\t\t\t<div class=\"elementor-element elementor-element-598cb93 elementor-widget elementor-widget-heading\" data-id=\"598cb93\" data-element_type=\"widget\" data-e-type=\"widget\" data-widget_type=\"heading.default\">\n\t\t\t\t<div class=\"elementor-widget-container\">\n\t\t\t\t\t<h3 class=\"elementor-heading-title elementor-size-default\">Revolutionen i \u00e5terl\u00e4mnandet av hittegods p\u00e5 flygplatser<\/h3>\t\t\t\t<\/div>\n\t\t\t\t<\/div>\n\t\t\t\t<div class=\"elementor-element elementor-element-563c703 elementor-widget-tablet__width-initial elementor-widget elementor-widget-heading\" data-id=\"563c703\" data-element_type=\"widget\" data-e-type=\"widget\" data-widget_type=\"heading.default\">\n\t\t\t\t<div class=\"elementor-widget-container\">\n\t\t\t\t\t<h5 class=\"elementor-heading-title elementor-size-default\">Har du n\u00e5gonsin kommit fram till din destination och insett att du gl\u00f6mt n\u00e5got viktigt p\u00e5 flygplatsen? Du \u00e4r inte ensam om det. Varje \u00e5r f\u00f6rlorar tusentals resen\u00e4rer personliga f\u00f6rem\u00e5l p\u00e5 flygplatser, allt fr\u00e5n mobiltelefoner och pl\u00e5nb\u00f6cker till resv\u00e4skor och presenter. K\u00e4nslan av att f\u00f6rlora n\u00e5got, s\u00e4rskilt n\u00e4r du \u00e4r hemifr\u00e5n, kan vara mycket stressande. Det \u00e4r h\u00e4r v\u00e5r Goenv\u00edo-tj\u00e4nst kommer in i bilden och erbjuder en praktisk l\u00f6sning f\u00f6r att \u00e5terf\u00e5 dina f\u00f6rlorade tillh\u00f6righeter.\n\n\n\n\n\n\n\n<\/h5>\t\t\t\t<\/div>\n\t\t\t\t<\/div>\n\t\t\t\t\t<\/div>\n\t\t<\/div>\n\t\t\t\t<div class=\"elementor-column elementor-col-25 elementor-inner-column elementor-element elementor-element-50c51bc\" data-id=\"50c51bc\" data-element_type=\"column\" data-e-type=\"column\">\n\t\t\t<div class=\"elementor-widget-wrap\">\n\t\t\t\t\t\t\t<\/div>\n\t\t<\/div>\n\t\t\t\t\t<\/div>\n\t\t<\/section>\n\t\t\t\t\t<\/div>\n\t\t<\/div>\n\t\t\t\t\t<\/div>\n\t\t<\/section>\n\t\t\t\t\t<\/div>\n\t\t<\/div>\n\t\t\t\t\t<\/div>\n\t\t<\/section>\n\t\t\t\t<section class=\"elementor-section elementor-top-section elementor-element elementor-element-0d58ce0 elementor-section-full_width elementor-section-stretched elementor-section-height-default elementor-section-height-default\" data-id=\"0d58ce0\" data-element_type=\"section\" data-e-type=\"section\" data-settings=\"{&quot;stretch_section&quot;:&quot;section-stretched&quot;,&quot;background_background&quot;:&quot;classic&quot;}\">\n\t\t\t\t\t\t<div class=\"elementor-container elementor-column-gap-default\">\n\t\t\t\t\t<div class=\"elementor-column elementor-col-100 elementor-top-column elementor-element elementor-element-16d11c8\" data-id=\"16d11c8\" data-element_type=\"column\" data-e-type=\"column\" data-settings=\"{&quot;background_background&quot;:&quot;classic&quot;}\">\n\t\t\t<div class=\"elementor-widget-wrap elementor-element-populated\">\n\t\t\t\t\t\t<section class=\"elementor-section elementor-inner-section elementor-element elementor-element-4a1e55a elementor-reverse-tablet elementor-reverse-mobile elementor-section-boxed elementor-section-height-default elementor-section-height-default\" data-id=\"4a1e55a\" data-element_type=\"section\" data-e-type=\"section\" id=\"dental\">\n\t\t\t\t\t\t<div class=\"elementor-container elementor-column-gap-default\">\n\t\t\t\t\t<div class=\"elementor-column elementor-col-50 elementor-inner-column elementor-element elementor-element-6a6be8d\" data-id=\"6a6be8d\" data-element_type=\"column\" data-e-type=\"column\" data-settings=\"{&quot;background_background&quot;:&quot;classic&quot;}\">\n\t\t\t<div class=\"elementor-widget-wrap elementor-element-populated\">\n\t\t\t\t\t\t<div class=\"elementor-element elementor-element-3774c39 elementor-widget elementor-widget-text-editor\" data-id=\"3774c39\" data-element_type=\"widget\" data-e-type=\"widget\" data-widget_type=\"text-editor.default\">\n\t\t\t\t<div class=\"elementor-widget-container\">\n\t\t\t\t\t\t\t\t\t<h3>Hur fungerar GoEnv\u00edo?<\/h3><p>GoEnv\u00edo \u00e4r verksamt p\u00e5 alla flygplatser som sk\u00f6ts av Aena och t\u00e4cker ett stort n\u00e4tverk som omfattar de viktigaste flygtrafikpunkterna i Spanien. V\u00e5r h\u00e4mtnings- och leveransservice tar hand om hela processen, fr\u00e5n att lokalisera din f\u00f6rlorade egendom till att leverera den till den adress du anger, oavsett om det \u00e4r i Spanien eller n\u00e5gon annanstans i v\u00e4rlden.<\/p><h3>Best\u00e4ll service enkelt<\/h3><p>F\u00f6r att anv\u00e4nda v\u00e5r tj\u00e4nst beh\u00f6ver du bara bes\u00f6ka f\u00f6ljande l\u00e4nk: <a href=\"https:\/\/goenvio.es\/sv\/uppskattning-for-frakt-av-forlorad-egendom\/\" target=\"_new\" rel=\"noreferrer\">Beg\u00e4r hittegodsservice<\/a>. V\u00e5r plattform \u00e4r enkel att anv\u00e4nda och guidar dig genom hela processen. N\u00e4r beg\u00e4ran har tagits emot kommer v\u00e5rt team att se till att ditt f\u00f6rlorade f\u00f6rem\u00e5l \u00e5terf\u00e5s och skickas tillbaka till dig s\u00e5 snart som m\u00f6jligt.<\/p>\t\t\t\t\t\t\t\t<\/div>\n\t\t\t\t<\/div>\n\t\t\t\t\t<\/div>\n\t\t<\/div>\n\t\t\t\t<div class=\"elementor-column elementor-col-50 elementor-inner-column elementor-element elementor-element-5eb845c\" data-id=\"5eb845c\" data-element_type=\"column\" data-e-type=\"column\" data-settings=\"{&quot;background_background&quot;:&quot;classic&quot;}\">\n\t\t\t<div class=\"elementor-widget-wrap elementor-element-populated\">\n\t\t\t\t\t\t<div class=\"elementor-element elementor-element-fe8aa1c elementor-widget elementor-widget-spacer\" data-id=\"fe8aa1c\" data-element_type=\"widget\" data-e-type=\"widget\" data-widget_type=\"spacer.default\">\n\t\t\t\t<div class=\"elementor-widget-container\">\n\t\t\t\t\t\t\t<div class=\"elementor-spacer\">\n\t\t\t<div class=\"elementor-spacer-inner\"><\/div>\n\t\t<\/div>\n\t\t\t\t\t\t<\/div>\n\t\t\t\t<\/div>\n\t\t\t\t\t<\/div>\n\t\t<\/div>\n\t\t\t\t\t<\/div>\n\t\t<\/section>\n\t\t\t\t<section class=\"elementor-section elementor-inner-section elementor-element elementor-element-9f13e75 elementor-section-boxed elementor-section-height-default elementor-section-height-default\" data-id=\"9f13e75\" data-element_type=\"section\" data-e-type=\"section\" id=\"xray\">\n\t\t\t\t\t\t<div class=\"elementor-container elementor-column-gap-default\">\n\t\t\t\t\t<div class=\"elementor-column elementor-col-100 elementor-inner-column elementor-element elementor-element-a864368\" data-id=\"a864368\" data-element_type=\"column\" data-e-type=\"column\" data-settings=\"{&quot;background_background&quot;:&quot;classic&quot;}\">\n\t\t\t<div class=\"elementor-widget-wrap elementor-element-populated\">\n\t\t\t\t\t\t<div class=\"elementor-element elementor-element-ac07bb3 elementor-widget elementor-widget-heading\" data-id=\"ac07bb3\" data-element_type=\"widget\" data-e-type=\"widget\" data-widget_type=\"heading.default\">\n\t\t\t\t<div class=\"elementor-widget-container\">\n\t\t\t\t\t<h3 class=\"elementor-heading-title elementor-size-default\">Varf\u00f6r \u00e4r det s\u00e5 vanligt att man tappar bort f\u00f6rem\u00e5l p\u00e5 flygplatser?<\/h3>\t\t\t\t<\/div>\n\t\t\t\t<\/div>\n\t\t\t\t<div class=\"elementor-element elementor-element-9902a9f elementor-widget elementor-widget-text-editor\" data-id=\"9902a9f\" data-element_type=\"widget\" data-e-type=\"widget\" data-widget_type=\"text-editor.default\">\n\t\t\t\t<div class=\"elementor-widget-container\">\n\t\t\t\t\t\t\t\t\t<p>Flygplatser \u00e4r stora, tr\u00e5nga utrymmen d\u00e4r det \u00e4r l\u00e4tt att saker kommer p\u00e5 villov\u00e4gar. Saker l\u00e4mnas ofta kvar p\u00e5 s\u00e4kerhetsbrickor, vid incheckningsdiskar, i v\u00e4ntrum eller till och med i kaf\u00e9er och butiker. Dessutom kan det vara l\u00e4tt att gl\u00f6mma saker p\u00e5 grund av den allm\u00e4nna stressen och r\u00f6ran under resan. V\u00e5r tj\u00e4nst hj\u00e4lper inte bara till att mildra dessa situationer, utan ger ocks\u00e5 resen\u00e4rerna sinnesfrid.<\/p><h3>GoEnvio-l\u00f6sningen<\/h3><p>Med GoEnvio beh\u00f6ver du inte oroa dig f\u00f6r att \u00e5terv\u00e4nda till flygplatsen eller f\u00f6rlora dina tillh\u00f6righeter f\u00f6r gott. Vi tar hand om hela processen och ser till att dina f\u00f6rlorade f\u00f6rem\u00e5l returneras till dig p\u00e5 ett s\u00e4kert och effektivt s\u00e4tt. V\u00e5r leveransservice garanterar att du kommer att f\u00e5 dina tillh\u00f6righeter p\u00e5 vilken plats du \u00e4n v\u00e4ljer.<\/p><p>Att f\u00f6rlora f\u00f6rem\u00e5l p\u00e5 resan kan vara uppr\u00f6rande, men med GoEnvio \u00e4r det l\u00e4ttare \u00e4n n\u00e5gonsin att hitta dem. Res bekymmersfritt med vetskapen om att GoEnvio \u00e4r h\u00e4r f\u00f6r att hj\u00e4lpa!<\/p>\t\t\t\t\t\t\t\t<\/div>\n\t\t\t\t<\/div>\n\t\t\t\t\t<\/div>\n\t\t<\/div>\n\t\t\t\t\t<\/div>\n\t\t<\/section>\n\t\t\t\t\t<\/div>\n\t\t<\/div>\n\t\t\t\t\t<\/div>\n\t\t<\/section>\n\t\t\t\t<section class=\"elementor-section elementor-top-section elementor-element elementor-element-64e0935 elementor-section-full_width elementor-section-stretched elementor-section-height-default elementor-section-height-default\" data-id=\"64e0935\" data-element_type=\"section\" data-e-type=\"section\" data-settings=\"{&quot;stretch_section&quot;:&quot;section-stretched&quot;}\">\n\t\t\t\t\t\t<div class=\"elementor-container elementor-column-gap-wider\">\n\t\t\t\t\t<div class=\"elementor-column elementor-col-100 elementor-top-column elementor-element elementor-element-3718854\" data-id=\"3718854\" data-element_type=\"column\" data-e-type=\"column\">\n\t\t\t<div class=\"elementor-widget-wrap elementor-element-populated\">\n\t\t\t\t\t\t<section class=\"elementor-section elementor-inner-section elementor-element elementor-element-6462d46 elementor-section-boxed elementor-section-height-default elementor-section-height-default\" data-id=\"6462d46\" data-element_type=\"section\" data-e-type=\"section\" data-settings=\"{&quot;background_background&quot;:&quot;classic&quot;}\">\n\t\t\t\t\t\t<div class=\"elementor-container elementor-column-gap-default\">\n\t\t\t\t\t<div class=\"elementor-column elementor-col-100 elementor-inner-column elementor-element elementor-element-cac5a93\" data-id=\"cac5a93\" data-element_type=\"column\" data-e-type=\"column\" data-settings=\"{&quot;background_background&quot;:&quot;classic&quot;}\">\n\t\t\t<div class=\"elementor-widget-wrap elementor-element-populated\">\n\t\t\t\t\t\t<div class=\"elementor-element elementor-element-96d16a7 elementor-widget__width-initial elementor-widget elementor-widget-heading\" data-id=\"96d16a7\" data-element_type=\"widget\" data-e-type=\"widget\" data-widget_type=\"heading.default\">\n\t\t\t\t<div class=\"elementor-widget-container\">\n\t\t\t\t\t<h3 class=\"elementor-heading-title elementor-size-default\"><p><span style=\"color: #2b6cf5\">Beg\u00e4r din<\/span> icke-bindande offert &lt;\/p<\/h3>\t\t\t\t<\/div>\n\t\t\t\t<\/div>\n\t\t\t\t<div class=\"elementor-element elementor-element-3f554ac elementor-mobile-align-center elementor-widget-tablet__width-inherit elementor-align-center elementor-widget elementor-widget-button\" data-id=\"3f554ac\" data-element_type=\"widget\" data-e-type=\"widget\" data-widget_type=\"button.default\">\n\t\t\t\t<div class=\"elementor-widget-container\">\n\t\t\t\t\t\t\t\t\t<div class=\"elementor-button-wrapper\">\n\t\t\t\t\t<a class=\"elementor-button elementor-button-link elementor-size-sm\" href=\"\/sv\/uppskattning-for-frakt-av-forlorad-egendom\/\">\n\t\t\t\t\t\t<span class=\"elementor-button-content-wrapper\">\n\t\t\t\t\t\t\t\t\t<span class=\"elementor-button-text\">Klicka h\u00e4r<\/span>\n\t\t\t\t\t<\/span>\n\t\t\t\t\t<\/a>\n\t\t\t\t<\/div>\n\t\t\t\t\t\t\t\t<\/div>\n\t\t\t\t<\/div>\n\t\t\t\t\t<\/div>\n\t\t<\/div>\n\t\t\t\t\t<\/div>\n\t\t<\/section>\n\t\t\t\t\t<\/div>\n\t\t<\/div>\n\t\t\t\t\t<\/div>\n\t\t<\/section>\n\t\t\t\t<\/div>","protected":false},"excerpt":{"rendered":"<p>La revoluci\u00f3n en la devoluci\u00f3n de Objetos Perdidos en Aeropuertos \u00bfAlguna vez has llegado a tu destino solo para darte cuenta de que has dejado algo<span class=\"excerpt-hellip\"> [\u2026]<\/span><\/p>\n","protected":false},"author":1,"featured_media":0,"parent":0,"menu_order":0,"comment_status":"open","ping_status":"closed","template":"","meta":{"footnotes":""},"class_list":["post-13","page","type-page","status-publish","hentry"],"yoast_head":"<!-- This site is optimized with the Yoast SEO Premium plugin v21.7 (Yoast SEO v27.3) - https:\/\/yoast.com\/product\/yoast-seo-premium-wordpress\/ -->\n<title>Recupera tus Objetos Perdidos en Aeropuertos con GoEnvio - Goenv\u00edo<\/title>\n<meta name=\"robots\" content=\"index, follow, max-snippet:-1, max-image-preview:large, max-video-preview:-1\" \/>\n<link rel=\"canonical\" href=\"https:\/\/goenvio.es\/sv\/hitta-din-forsvunna-egendom-pa-flygplatser-med-goenvio\/\" \/>\n<meta property=\"og:locale\" content=\"sv_SE\" \/>\n<meta property=\"og:type\" content=\"article\" \/>\n<meta property=\"og:title\" content=\"Recupera tus Objetos Perdidos en Aeropuertos con GoEnvio\" \/>\n<meta property=\"og:description\" content=\"La revoluci\u00f3n en la devoluci\u00f3n de Objetos Perdidos en Aeropuertos \u00bfAlguna vez has llegado a tu destino solo para darte cuenta de que has dejado algo [\u2026]\" \/>\n<meta property=\"og:url\" content=\"https:\/\/goenvio.es\/sv\/hitta-din-forsvunna-egendom-pa-flygplatser-med-goenvio\/\" \/>\n<meta property=\"og:site_name\" content=\"Goenv\u00edo\" \/>\n<meta property=\"article:modified_time\" content=\"2024-05-13T03:45:57+00:00\" \/>\n<meta name=\"twitter:card\" content=\"summary_large_image\" \/>\n<meta name=\"twitter:label1\" content=\"Ber\u00e4knad l\u00e4stid\" \/>\n\t<meta name=\"twitter:data1\" content=\"2 minuter\" \/>\n<script type=\"application\/ld+json\" class=\"yoast-schema-graph\">{\"@context\":\"https:\\\/\\\/schema.org\",\"@graph\":[{\"@type\":\"WebPage\",\"@id\":\"https:\\\/\\\/goenvio.es\\\/recupera-tus-objetos-perdidos-en-aeropuertos-con-goenvio\\\/\",\"url\":\"https:\\\/\\\/goenvio.es\\\/recupera-tus-objetos-perdidos-en-aeropuertos-con-goenvio\\\/\",\"name\":\"Recupera tus Objetos Perdidos en Aeropuertos con GoEnvio - Goenv\u00edo\",\"isPartOf\":{\"@id\":\"https:\\\/\\\/goenvio.es\\\/#website\"},\"datePublished\":\"2022-10-18T10:54:12+00:00\",\"dateModified\":\"2024-05-13T03:45:57+00:00\",\"breadcrumb\":{\"@id\":\"https:\\\/\\\/goenvio.es\\\/recupera-tus-objetos-perdidos-en-aeropuertos-con-goenvio\\\/#breadcrumb\"},\"inLanguage\":\"sv-SE\",\"potentialAction\":[{\"@type\":\"ReadAction\",\"target\":[\"https:\\\/\\\/goenvio.es\\\/recupera-tus-objetos-perdidos-en-aeropuertos-con-goenvio\\\/\"]}]},{\"@type\":\"BreadcrumbList\",\"@id\":\"https:\\\/\\\/goenvio.es\\\/recupera-tus-objetos-perdidos-en-aeropuertos-con-goenvio\\\/#breadcrumb\",\"itemListElement\":[{\"@type\":\"ListItem\",\"position\":1,\"name\":\"Home\",\"item\":\"https:\\\/\\\/goenvio.es\\\/\"},{\"@type\":\"ListItem\",\"position\":2,\"name\":\"Recupera tus Objetos Perdidos en Aeropuertos con GoEnvio\"}]},{\"@type\":\"WebSite\",\"@id\":\"https:\\\/\\\/goenvio.es\\\/#website\",\"url\":\"https:\\\/\\\/goenvio.es\\\/\",\"name\":\"goenv\u00edo\",\"description\":\"Recogida y env\u00edo de objetos perdidos en aeropuertos, trenes y ciudades\",\"publisher\":{\"@id\":\"https:\\\/\\\/goenvio.es\\\/#organization\"},\"potentialAction\":[{\"@type\":\"SearchAction\",\"target\":{\"@type\":\"EntryPoint\",\"urlTemplate\":\"https:\\\/\\\/goenvio.es\\\/?s={search_term_string}\"},\"query-input\":{\"@type\":\"PropertyValueSpecification\",\"valueRequired\":true,\"valueName\":\"search_term_string\"}}],\"inLanguage\":\"sv-SE\"},{\"@type\":\"Organization\",\"@id\":\"https:\\\/\\\/goenvio.es\\\/#organization\",\"name\":\"goenv\u00edo\",\"url\":\"https:\\\/\\\/goenvio.es\\\/\",\"logo\":{\"@type\":\"ImageObject\",\"inLanguage\":\"sv-SE\",\"@id\":\"https:\\\/\\\/goenvio.es\\\/#\\\/schema\\\/logo\\\/image\\\/\",\"url\":\"\",\"contentUrl\":\"\",\"caption\":\"goenv\u00edo\"},\"image\":{\"@id\":\"https:\\\/\\\/goenvio.es\\\/#\\\/schema\\\/logo\\\/image\\\/\"}}]}<\/script>\n<!-- \/ Yoast SEO Premium plugin. -->","yoast_head_json":{"title":"Hitta upphittade saker p\u00e5 flygplatser med GoEnvio - Goenv\u00edo","robots":{"index":"index","follow":"follow","max-snippet":"max-snippet:-1","max-image-preview":"max-image-preview:large","max-video-preview":"max-video-preview:-1"},"canonical":"https:\/\/goenvio.es\/sv\/hitta-din-forsvunna-egendom-pa-flygplatser-med-goenvio\/","og_locale":"sv_SE","og_type":"article","og_title":"Recupera tus Objetos Perdidos en Aeropuertos con GoEnvio","og_description":"La revoluci\u00f3n en la devoluci\u00f3n de Objetos Perdidos en Aeropuertos \u00bfAlguna vez has llegado a tu destino solo para darte cuenta de que has dejado algo [\u2026]","og_url":"https:\/\/goenvio.es\/sv\/hitta-din-forsvunna-egendom-pa-flygplatser-med-goenvio\/","og_site_name":"Goenv\u00edo","article_modified_time":"2024-05-13T03:45:57+00:00","twitter_card":"summary_large_image","twitter_misc":{"Ber\u00e4knad l\u00e4stid":"2 minuter"},"schema":{"@context":"https:\/\/schema.org","@graph":[{"@type":"WebPage","@id":"https:\/\/goenvio.es\/recupera-tus-objetos-perdidos-en-aeropuertos-con-goenvio\/","url":"https:\/\/goenvio.es\/recupera-tus-objetos-perdidos-en-aeropuertos-con-goenvio\/","name":"Hitta upphittade saker p\u00e5 flygplatser med GoEnvio - Goenv\u00edo","isPartOf":{"@id":"https:\/\/goenvio.es\/#website"},"datePublished":"2022-10-18T10:54:12+00:00","dateModified":"2024-05-13T03:45:57+00:00","breadcrumb":{"@id":"https:\/\/goenvio.es\/recupera-tus-objetos-perdidos-en-aeropuertos-con-goenvio\/#breadcrumb"},"inLanguage":"sv-SE","potentialAction":[{"@type":"ReadAction","target":["https:\/\/goenvio.es\/recupera-tus-objetos-perdidos-en-aeropuertos-con-goenvio\/"]}]},{"@type":"BreadcrumbList","@id":"https:\/\/goenvio.es\/recupera-tus-objetos-perdidos-en-aeropuertos-con-goenvio\/#breadcrumb","itemListElement":[{"@type":"ListItem","position":1,"name":"Home","item":"https:\/\/goenvio.es\/"},{"@type":"ListItem","position":2,"name":"Recupera tus Objetos Perdidos en Aeropuertos con GoEnvio"}]},{"@type":"WebSite","@id":"https:\/\/goenvio.es\/#website","url":"https:\/\/goenvio.es\/","name":"goenv\u00edo","description":"Insamling och vidarebefordran av hittegods p\u00e5 flygplatser, t\u00e5g och i st\u00e4der","publisher":{"@id":"https:\/\/goenvio.es\/#organization"},"potentialAction":[{"@type":"SearchAction","target":{"@type":"EntryPoint","urlTemplate":"https:\/\/goenvio.es\/?s={search_term_string}"},"query-input":{"@type":"PropertyValueSpecification","valueRequired":true,"valueName":"search_term_string"}}],"inLanguage":"sv-SE"},{"@type":"Organization","@id":"https:\/\/goenvio.es\/#organization","name":"goenv\u00edo","url":"https:\/\/goenvio.es\/","logo":{"@type":"ImageObject","inLanguage":"sv-SE","@id":"https:\/\/goenvio.es\/#\/schema\/logo\/image\/","url":"","contentUrl":"","caption":"goenv\u00edo"},"image":{"@id":"https:\/\/goenvio.es\/#\/schema\/logo\/image\/"}}]}},"_links":{"self":[{"href":"https:\/\/goenvio.es\/sv\/wp-json\/wp\/v2\/pages\/13","targetHints":{"allow":["GET"]}}],"collection":[{"href":"https:\/\/goenvio.es\/sv\/wp-json\/wp\/v2\/pages"}],"about":[{"href":"https:\/\/goenvio.es\/sv\/wp-json\/wp\/v2\/types\/page"}],"author":[{"embeddable":true,"href":"https:\/\/goenvio.es\/sv\/wp-json\/wp\/v2\/users\/1"}],"replies":[{"embeddable":true,"href":"https:\/\/goenvio.es\/sv\/wp-json\/wp\/v2\/comments?post=13"}],"version-history":[{"count":0,"href":"https:\/\/goenvio.es\/sv\/wp-json\/wp\/v2\/pages\/13\/revisions"}],"wp:attachment":[{"href":"https:\/\/goenvio.es\/sv\/wp-json\/wp\/v2\/media?parent=13"}],"curies":[{"name":"wp","href":"https:\/\/api.w.org\/{rel}","templated":true}]}}