{"id":839,"date":"2024-05-13T04:12:00","date_gmt":"2024-05-13T04:12:00","guid":{"rendered":"https:\/\/goenvio.es\/?page_id=839"},"modified":"2024-05-13T04:20:11","modified_gmt":"2024-05-13T04:20:11","slug":"bens-perdidos-nos-aeroportos-passos-para-os-recuperar-e-como-o-goenvio-facilita-o-processo","status":"publish","type":"page","link":"https:\/\/goenvio.es\/pt\/bens-perdidos-nos-aeroportos-passos-para-os-recuperar-e-como-o-goenvio-facilita-o-processo\/","title":{"rendered":"Perdidos e achados em aeroportos: etapas para a recupera\u00e7\u00e3o e como o GoEnvio facilita o processo"},"content":{"rendered":"<div data-elementor-type=\"wp-page\" data-elementor-id=\"839\" class=\"elementor elementor-839\">\n\t\t\t\t\t\t<section class=\"elementor-section elementor-top-section elementor-element elementor-element-d676a70 elementor-section-full_width elementor-section-stretched elementor-section-height-default elementor-section-height-default\" data-id=\"d676a70\" data-element_type=\"section\" data-e-type=\"section\" data-settings=\"{&quot;stretch_section&quot;:&quot;section-stretched&quot;}\">\n\t\t\t\t\t\t<div class=\"elementor-container elementor-column-gap-wider\">\n\t\t\t\t\t<div class=\"elementor-column elementor-col-100 elementor-top-column elementor-element elementor-element-d57ed04\" data-id=\"d57ed04\" data-element_type=\"column\" data-e-type=\"column\" data-settings=\"{&quot;background_background&quot;:&quot;classic&quot;}\">\n\t\t\t<div class=\"elementor-widget-wrap elementor-element-populated\">\n\t\t\t\t\t\t<section class=\"elementor-section elementor-inner-section elementor-element elementor-element-d3a90e6 elementor-section-boxed elementor-section-height-default elementor-section-height-default\" data-id=\"d3a90e6\" data-element_type=\"section\" data-e-type=\"section\">\n\t\t\t\t\t\t<div class=\"elementor-container elementor-column-gap-default\">\n\t\t\t\t\t<div class=\"elementor-column elementor-col-100 elementor-inner-column elementor-element elementor-element-bd5e915\" data-id=\"bd5e915\" data-element_type=\"column\" data-e-type=\"column\">\n\t\t\t<div class=\"elementor-widget-wrap elementor-element-populated\">\n\t\t\t\t\t\t<section class=\"elementor-section elementor-inner-section elementor-element elementor-element-c100ef7 elementor-section-boxed elementor-section-height-default elementor-section-height-default\" data-id=\"c100ef7\" data-element_type=\"section\" data-e-type=\"section\">\n\t\t\t\t\t\t<div class=\"elementor-container elementor-column-gap-default\">\n\t\t\t\t\t<div class=\"elementor-column elementor-col-25 elementor-inner-column elementor-element elementor-element-8cbaae0\" data-id=\"8cbaae0\" data-element_type=\"column\" data-e-type=\"column\">\n\t\t\t<div class=\"elementor-widget-wrap\">\n\t\t\t\t\t\t\t<\/div>\n\t\t<\/div>\n\t\t\t\t<div class=\"elementor-column elementor-col-50 elementor-inner-column elementor-element elementor-element-f71378a\" data-id=\"f71378a\" data-element_type=\"column\" data-e-type=\"column\">\n\t\t\t<div class=\"elementor-widget-wrap elementor-element-populated\">\n\t\t\t\t\t\t<div class=\"elementor-element elementor-element-598cb93 elementor-widget elementor-widget-heading\" data-id=\"598cb93\" data-element_type=\"widget\" data-e-type=\"widget\" data-widget_type=\"heading.default\">\n\t\t\t\t<div class=\"elementor-widget-container\">\n\t\t\t\t\t<h3 class=\"elementor-heading-title elementor-size-default\">Perdidos e achados em aeroportos: etapas para a recupera\u00e7\u00e3o e como o GoEnvio facilita o processo\n\n<\/h3>\t\t\t\t<\/div>\n\t\t\t\t<\/div>\n\t\t\t\t<div class=\"elementor-element elementor-element-563c703 elementor-widget-tablet__width-initial elementor-widget elementor-widget-heading\" data-id=\"563c703\" data-element_type=\"widget\" data-e-type=\"widget\" data-widget_type=\"heading.default\">\n\t\t\t\t<div class=\"elementor-widget-container\">\n\t\t\t\t\t<h5 class=\"elementor-heading-title elementor-size-default\">A perda de objectos durante uma viagem pode ser uma grande preocupa\u00e7\u00e3o. Se alguma vez perdeu algo num aeroporto, sabe como pode ser frustrante. No entanto, existem passos claros que pode seguir para tentar recuperar os seus pertences e, com a ajuda de servi\u00e7os como o GoEnvio, este processo pode ser muito mais f\u00e1cil e eficiente. Veja aqui como proceder e como o nosso servi\u00e7o o pode ajudar em cada passo do processo.\n\n\n\n\n\n<\/h5>\t\t\t\t<\/div>\n\t\t\t\t<\/div>\n\t\t\t\t\t<\/div>\n\t\t<\/div>\n\t\t\t\t<div class=\"elementor-column elementor-col-25 elementor-inner-column elementor-element elementor-element-50c51bc\" data-id=\"50c51bc\" data-element_type=\"column\" data-e-type=\"column\">\n\t\t\t<div class=\"elementor-widget-wrap\">\n\t\t\t\t\t\t\t<\/div>\n\t\t<\/div>\n\t\t\t\t\t<\/div>\n\t\t<\/section>\n\t\t\t\t\t<\/div>\n\t\t<\/div>\n\t\t\t\t\t<\/div>\n\t\t<\/section>\n\t\t\t\t\t<\/div>\n\t\t<\/div>\n\t\t\t\t\t<\/div>\n\t\t<\/section>\n\t\t\t\t<section class=\"elementor-section elementor-top-section elementor-element elementor-element-0d58ce0 elementor-section-full_width elementor-section-stretched elementor-section-height-default elementor-section-height-default\" data-id=\"0d58ce0\" data-element_type=\"section\" data-e-type=\"section\" data-settings=\"{&quot;stretch_section&quot;:&quot;section-stretched&quot;,&quot;background_background&quot;:&quot;classic&quot;}\">\n\t\t\t\t\t\t<div class=\"elementor-container elementor-column-gap-default\">\n\t\t\t\t\t<div class=\"elementor-column elementor-col-100 elementor-top-column elementor-element elementor-element-16d11c8\" data-id=\"16d11c8\" data-element_type=\"column\" data-e-type=\"column\" data-settings=\"{&quot;background_background&quot;:&quot;classic&quot;}\">\n\t\t\t<div class=\"elementor-widget-wrap elementor-element-populated\">\n\t\t\t\t\t\t<section class=\"elementor-section elementor-inner-section elementor-element elementor-element-4a1e55a elementor-reverse-tablet elementor-reverse-mobile elementor-section-boxed elementor-section-height-default elementor-section-height-default\" data-id=\"4a1e55a\" data-element_type=\"section\" data-e-type=\"section\" id=\"dental\">\n\t\t\t\t\t\t<div class=\"elementor-container elementor-column-gap-default\">\n\t\t\t\t\t<div class=\"elementor-column elementor-col-50 elementor-inner-column elementor-element elementor-element-6a6be8d\" data-id=\"6a6be8d\" data-element_type=\"column\" data-e-type=\"column\" data-settings=\"{&quot;background_background&quot;:&quot;classic&quot;}\">\n\t\t\t<div class=\"elementor-widget-wrap elementor-element-populated\">\n\t\t\t\t\t\t<div class=\"elementor-element elementor-element-3774c39 elementor-widget elementor-widget-text-editor\" data-id=\"3774c39\" data-element_type=\"widget\" data-e-type=\"widget\" data-widget_type=\"text-editor.default\">\n\t\t\t\t<div class=\"elementor-widget-container\">\n\t\t\t\t\t\t\t\t\t<h3>Passo 1: Comunicar os Perdidos e Achados<\/h3><p>Assim que se aperceber que perdeu um objeto, \u00e9 fundamental comunic\u00e1-lo. A maioria dos aeroportos disp\u00f5e de um balc\u00e3o de objectos perdidos ou de um servi\u00e7o em linha onde pode comunicar a perda. Forne\u00e7a uma descri\u00e7\u00e3o detalhada do objeto, incluindo a marca, a cor e quaisquer caracter\u00edsticas distintivas que possam ajudar a identific\u00e1-lo.<\/p><h3>Etapa 2: Visitar o ponto de informa\u00e7\u00e3o<\/h3><p>Se ainda se encontrar no aeroporto, dirija-se ao ponto de informa\u00e7\u00e3o ou ao balc\u00e3o de perdidos e achados. Os funcion\u00e1rios podem ajud\u00e1-lo a verificar se o seu objeto foi entregue e orient\u00e1-lo sobre como proceder.<\/p>\t\t\t\t\t\t\t\t<\/div>\n\t\t\t\t<\/div>\n\t\t\t\t\t<\/div>\n\t\t<\/div>\n\t\t\t\t<div class=\"elementor-column elementor-col-50 elementor-inner-column elementor-element elementor-element-5eb845c\" data-id=\"5eb845c\" data-element_type=\"column\" data-e-type=\"column\" data-settings=\"{&quot;background_background&quot;:&quot;classic&quot;}\">\n\t\t\t<div class=\"elementor-widget-wrap elementor-element-populated\">\n\t\t\t\t\t\t<div class=\"elementor-element elementor-element-fe8aa1c elementor-widget elementor-widget-spacer\" data-id=\"fe8aa1c\" data-element_type=\"widget\" data-e-type=\"widget\" data-widget_type=\"spacer.default\">\n\t\t\t\t<div class=\"elementor-widget-container\">\n\t\t\t\t\t\t\t<div class=\"elementor-spacer\">\n\t\t\t<div class=\"elementor-spacer-inner\"><\/div>\n\t\t<\/div>\n\t\t\t\t\t\t<\/div>\n\t\t\t\t<\/div>\n\t\t\t\t\t<\/div>\n\t\t<\/div>\n\t\t\t\t\t<\/div>\n\t\t<\/section>\n\t\t\t\t<section class=\"elementor-section elementor-inner-section elementor-element elementor-element-9f13e75 elementor-section-boxed elementor-section-height-default elementor-section-height-default\" data-id=\"9f13e75\" data-element_type=\"section\" data-e-type=\"section\" id=\"xray\">\n\t\t\t\t\t\t<div class=\"elementor-container elementor-column-gap-default\">\n\t\t\t\t\t<div class=\"elementor-column elementor-col-100 elementor-inner-column elementor-element elementor-element-a864368\" data-id=\"a864368\" data-element_type=\"column\" data-e-type=\"column\" data-settings=\"{&quot;background_background&quot;:&quot;classic&quot;}\">\n\t\t\t<div class=\"elementor-widget-wrap elementor-element-populated\">\n\t\t\t\t\t\t<div class=\"elementor-element elementor-element-a429858 elementor-widget elementor-widget-text-editor\" data-id=\"a429858\" data-element_type=\"widget\" data-e-type=\"widget\" data-widget_type=\"text-editor.default\">\n\t\t\t\t<div class=\"elementor-widget-container\">\n\t\t\t\t\t\t\t\t\t<h3>Passo 3: Manter o contacto<\/h3><p>Se o seu artigo n\u00e3o for encontrado imediatamente, \u00e9 importante manter o contacto com o departamento de perdidos e achados do aeroporto. Muitos aeroportos disp\u00f5em de sistemas em linha para o registo de bens perdidos, o que lhe permite verificar o estado do seu caso \u00e0 dist\u00e2ncia.<\/p><h3>Passo 4: Utilize o GoEnvio se precisar de ajuda<\/h3><p>Se o processo padr\u00e3o lhe parecer complicado ou se simplesmente preferir uma solu\u00e7\u00e3o mais direta e eficiente, a GoEnvio est\u00e1 aqui para o ajudar. O nosso servi\u00e7o especificamente concebido para recuperar bens perdidos nos aeroportos geridos pela Aena simplifica este processo.<\/p>\t\t\t\t\t\t\t\t<\/div>\n\t\t\t\t<\/div>\n\t\t\t\t<div class=\"elementor-element elementor-element-ac07bb3 elementor-widget elementor-widget-heading\" data-id=\"ac07bb3\" data-element_type=\"widget\" data-e-type=\"widget\" data-widget_type=\"heading.default\">\n\t\t\t\t<div class=\"elementor-widget-container\">\n\t\t\t\t\t<h3 class=\"elementor-heading-title elementor-size-default\">\nComo \u00e9 que o GoEnvio o pode ajudar?\n<\/h3>\t\t\t\t<\/div>\n\t\t\t\t<\/div>\n\t\t\t\t<div class=\"elementor-element elementor-element-9902a9f elementor-widget elementor-widget-text-editor\" data-id=\"9902a9f\" data-element_type=\"widget\" data-e-type=\"widget\" data-widget_type=\"text-editor.default\">\n\t\t\t\t<div class=\"elementor-widget-container\">\n\t\t\t\t\t\t\t\t\t<p><strong>Recolha e entrega:<\/strong> Se o seu artigo for localizado, tratamos de todo o processo de recolha. Al\u00e9m disso, enviamo-lo diretamente para o endere\u00e7o que indicar, a n\u00edvel nacional ou internacional.<\/p><p><strong>Processo simplificado:<\/strong> Pode iniciar o processo visitando o nosso s\u00edtio Web e preenchendo um formul\u00e1rio simples em <a href=\"https:\/\/goenvio.es\/pt\/estimativa-para-o-envio-de-bens-perdidos\/\" target=\"_new\" rel=\"noreferrer\">Solicitar servi\u00e7o de perdidos e achados<\/a>. N\u00f3s tratamos do resto, assegurando que o seu artigo perdido \u00e9 devolvido de forma segura e eficiente.<\/p><h3>Conclus\u00e3o<\/h3><p>A perda de artigos num aeroporto n\u00e3o tem de ser um fim infeliz para os seus pertences. Ao seguir estes passos, e com a ajuda da GoEnvio, pode aumentar significativamente as hip\u00f3teses de recuperar os seus objectos perdidos. O nosso servi\u00e7o foi concebido para proporcionar tranquilidade aos viajantes, garantindo que, mesmo quando algo se perde, existe uma forma fi\u00e1vel e eficiente de o recuperar. Viaje com menos preocupa\u00e7\u00f5es sabendo que a GoEnvio est\u00e1 do seu lado para o ajudar a recuperar o que \u00e9 seu!<\/p>\t\t\t\t\t\t\t\t<\/div>\n\t\t\t\t<\/div>\n\t\t\t\t\t<\/div>\n\t\t<\/div>\n\t\t\t\t\t<\/div>\n\t\t<\/section>\n\t\t\t\t\t<\/div>\n\t\t<\/div>\n\t\t\t\t\t<\/div>\n\t\t<\/section>\n\t\t\t\t<section class=\"elementor-section elementor-top-section elementor-element elementor-element-64e0935 elementor-section-full_width elementor-section-stretched elementor-section-height-default elementor-section-height-default\" data-id=\"64e0935\" data-element_type=\"section\" data-e-type=\"section\" data-settings=\"{&quot;stretch_section&quot;:&quot;section-stretched&quot;}\">\n\t\t\t\t\t\t<div class=\"elementor-container elementor-column-gap-wider\">\n\t\t\t\t\t<div class=\"elementor-column elementor-col-100 elementor-top-column elementor-element elementor-element-3718854\" data-id=\"3718854\" data-element_type=\"column\" data-e-type=\"column\">\n\t\t\t<div class=\"elementor-widget-wrap elementor-element-populated\">\n\t\t\t\t\t\t<section class=\"elementor-section elementor-inner-section elementor-element elementor-element-6462d46 elementor-section-boxed elementor-section-height-default elementor-section-height-default\" data-id=\"6462d46\" data-element_type=\"section\" data-e-type=\"section\" data-settings=\"{&quot;background_background&quot;:&quot;classic&quot;}\">\n\t\t\t\t\t\t<div class=\"elementor-container elementor-column-gap-default\">\n\t\t\t\t\t<div class=\"elementor-column elementor-col-100 elementor-inner-column elementor-element elementor-element-cac5a93\" data-id=\"cac5a93\" data-element_type=\"column\" data-e-type=\"column\" data-settings=\"{&quot;background_background&quot;:&quot;classic&quot;}\">\n\t\t\t<div class=\"elementor-widget-wrap elementor-element-populated\">\n\t\t\t\t\t\t<div class=\"elementor-element elementor-element-96d16a7 elementor-widget__width-initial elementor-widget elementor-widget-heading\" data-id=\"96d16a7\" data-element_type=\"widget\" data-e-type=\"widget\" data-widget_type=\"heading.default\">\n\t\t\t\t<div class=\"elementor-widget-container\">\n\t\t\t\t\t<h3 class=\"elementor-heading-title elementor-size-default\"><p><span style=\"color: #2b6cf5\">Solicite o seu<\/span> cota\u00e7\u00e3o n\u00e3o vinculativa &lt;\/p<\/h3>\t\t\t\t<\/div>\n\t\t\t\t<\/div>\n\t\t\t\t<div class=\"elementor-element elementor-element-3f554ac elementor-mobile-align-center elementor-widget-tablet__width-inherit elementor-align-center elementor-widget elementor-widget-button\" data-id=\"3f554ac\" data-element_type=\"widget\" data-e-type=\"widget\" data-widget_type=\"button.default\">\n\t\t\t\t<div class=\"elementor-widget-container\">\n\t\t\t\t\t\t\t\t\t<div class=\"elementor-button-wrapper\">\n\t\t\t\t\t<a class=\"elementor-button elementor-button-link elementor-size-sm\" href=\"\/pt\/estimativa-para-o-envio-de-bens-perdidos\/\">\n\t\t\t\t\t\t<span class=\"elementor-button-content-wrapper\">\n\t\t\t\t\t\t\t\t\t<span class=\"elementor-button-text\">Clique aqui<\/span>\n\t\t\t\t\t<\/span>\n\t\t\t\t\t<\/a>\n\t\t\t\t<\/div>\n\t\t\t\t\t\t\t\t<\/div>\n\t\t\t\t<\/div>\n\t\t\t\t\t<\/div>\n\t\t<\/div>\n\t\t\t\t\t<\/div>\n\t\t<\/section>\n\t\t\t\t\t<\/div>\n\t\t<\/div>\n\t\t\t\t\t<\/div>\n\t\t<\/section>\n\t\t\t\t<\/div>","protected":false},"excerpt":{"rendered":"<p>Objetos Perdidos en Aeropuertos: Pasos para Recuperarlos y C\u00f3mo GoEnvio Facilita el Proceso Perder objetos durante un viaje puede convertirse en una gran preocupaci\u00f3n. Si alguna<span class=\"excerpt-hellip\"> [\u2026]<\/span><\/p>\n","protected":false},"author":1,"featured_media":0,"parent":0,"menu_order":0,"comment_status":"open","ping_status":"closed","template":"","meta":{"footnotes":""},"class_list":["post-839","page","type-page","status-publish","hentry"],"yoast_head":"<!-- This site is optimized with the Yoast SEO Premium plugin v21.7 (Yoast SEO v27.3) - https:\/\/yoast.com\/product\/yoast-seo-premium-wordpress\/ -->\n<title>Objetos Perdidos en Aeropuertos: Pasos para Recuperarlos y C\u00f3mo GoEnvio Facilita el Proceso - Goenv\u00edo<\/title>\n<meta name=\"robots\" content=\"index, follow, max-snippet:-1, max-image-preview:large, max-video-preview:-1\" \/>\n<link rel=\"canonical\" href=\"https:\/\/goenvio.es\/pt\/bens-perdidos-nos-aeroportos-passos-para-os-recuperar-e-como-o-goenvio-facilita-o-processo\/\" \/>\n<meta property=\"og:locale\" content=\"pt_PT\" \/>\n<meta property=\"og:type\" content=\"article\" \/>\n<meta property=\"og:title\" content=\"Objetos Perdidos en Aeropuertos: Pasos para Recuperarlos y C\u00f3mo GoEnvio Facilita el Proceso\" \/>\n<meta property=\"og:description\" content=\"Objetos Perdidos en Aeropuertos: Pasos para Recuperarlos y C\u00f3mo GoEnvio Facilita el Proceso Perder objetos durante un viaje puede convertirse en una gran preocupaci\u00f3n. Si alguna [\u2026]\" \/>\n<meta property=\"og:url\" content=\"https:\/\/goenvio.es\/pt\/bens-perdidos-nos-aeroportos-passos-para-os-recuperar-e-como-o-goenvio-facilita-o-processo\/\" \/>\n<meta property=\"og:site_name\" content=\"Goenv\u00edo\" \/>\n<meta property=\"article:modified_time\" content=\"2024-05-13T04:20:11+00:00\" \/>\n<meta name=\"twitter:card\" content=\"summary_large_image\" \/>\n<meta name=\"twitter:label1\" content=\"Tempo estimado de leitura\" \/>\n\t<meta name=\"twitter:data1\" content=\"3 minutos\" \/>\n<script type=\"application\/ld+json\" class=\"yoast-schema-graph\">{\"@context\":\"https:\\\/\\\/schema.org\",\"@graph\":[{\"@type\":\"WebPage\",\"@id\":\"https:\\\/\\\/goenvio.es\\\/objetos-perdidos-en-aeropuertos-pasos-para-recuperarlos-y-como-goenvio-facilita-el-proceso\\\/\",\"url\":\"https:\\\/\\\/goenvio.es\\\/objetos-perdidos-en-aeropuertos-pasos-para-recuperarlos-y-como-goenvio-facilita-el-proceso\\\/\",\"name\":\"Objetos Perdidos en Aeropuertos: Pasos para Recuperarlos y C\u00f3mo GoEnvio Facilita el Proceso - Goenv\u00edo\",\"isPartOf\":{\"@id\":\"https:\\\/\\\/goenvio.es\\\/#website\"},\"datePublished\":\"2024-05-13T04:12:00+00:00\",\"dateModified\":\"2024-05-13T04:20:11+00:00\",\"breadcrumb\":{\"@id\":\"https:\\\/\\\/goenvio.es\\\/objetos-perdidos-en-aeropuertos-pasos-para-recuperarlos-y-como-goenvio-facilita-el-proceso\\\/#breadcrumb\"},\"inLanguage\":\"pt-PT\",\"potentialAction\":[{\"@type\":\"ReadAction\",\"target\":[\"https:\\\/\\\/goenvio.es\\\/objetos-perdidos-en-aeropuertos-pasos-para-recuperarlos-y-como-goenvio-facilita-el-proceso\\\/\"]}]},{\"@type\":\"BreadcrumbList\",\"@id\":\"https:\\\/\\\/goenvio.es\\\/objetos-perdidos-en-aeropuertos-pasos-para-recuperarlos-y-como-goenvio-facilita-el-proceso\\\/#breadcrumb\",\"itemListElement\":[{\"@type\":\"ListItem\",\"position\":1,\"name\":\"Home\",\"item\":\"https:\\\/\\\/goenvio.es\\\/\"},{\"@type\":\"ListItem\",\"position\":2,\"name\":\"Objetos Perdidos en Aeropuertos: Pasos para Recuperarlos y C\u00f3mo GoEnvio Facilita el Proceso\"}]},{\"@type\":\"WebSite\",\"@id\":\"https:\\\/\\\/goenvio.es\\\/#website\",\"url\":\"https:\\\/\\\/goenvio.es\\\/\",\"name\":\"goenv\u00edo\",\"description\":\"Recogida y env\u00edo de objetos perdidos en aeropuertos, trenes y ciudades\",\"publisher\":{\"@id\":\"https:\\\/\\\/goenvio.es\\\/#organization\"},\"potentialAction\":[{\"@type\":\"SearchAction\",\"target\":{\"@type\":\"EntryPoint\",\"urlTemplate\":\"https:\\\/\\\/goenvio.es\\\/?s={search_term_string}\"},\"query-input\":{\"@type\":\"PropertyValueSpecification\",\"valueRequired\":true,\"valueName\":\"search_term_string\"}}],\"inLanguage\":\"pt-PT\"},{\"@type\":\"Organization\",\"@id\":\"https:\\\/\\\/goenvio.es\\\/#organization\",\"name\":\"goenv\u00edo\",\"url\":\"https:\\\/\\\/goenvio.es\\\/\",\"logo\":{\"@type\":\"ImageObject\",\"inLanguage\":\"pt-PT\",\"@id\":\"https:\\\/\\\/goenvio.es\\\/#\\\/schema\\\/logo\\\/image\\\/\",\"url\":\"\",\"contentUrl\":\"\",\"caption\":\"goenv\u00edo\"},\"image\":{\"@id\":\"https:\\\/\\\/goenvio.es\\\/#\\\/schema\\\/logo\\\/image\\\/\"}}]}<\/script>\n<!-- \/ Yoast SEO Premium plugin. -->","yoast_head_json":{"title":"Perdidos e achados nos aeroportos: passos para a recupera\u00e7\u00e3o e como a GoEnvoy torna o processo mais f\u00e1cil - GoEnvoy","robots":{"index":"index","follow":"follow","max-snippet":"max-snippet:-1","max-image-preview":"max-image-preview:large","max-video-preview":"max-video-preview:-1"},"canonical":"https:\/\/goenvio.es\/pt\/bens-perdidos-nos-aeroportos-passos-para-os-recuperar-e-como-o-goenvio-facilita-o-processo\/","og_locale":"pt_PT","og_type":"article","og_title":"Objetos Perdidos en Aeropuertos: Pasos para Recuperarlos y C\u00f3mo GoEnvio Facilita el Proceso","og_description":"Objetos Perdidos en Aeropuertos: Pasos para Recuperarlos y C\u00f3mo GoEnvio Facilita el Proceso Perder objetos durante un viaje puede convertirse en una gran preocupaci\u00f3n. Si alguna [\u2026]","og_url":"https:\/\/goenvio.es\/pt\/bens-perdidos-nos-aeroportos-passos-para-os-recuperar-e-como-o-goenvio-facilita-o-processo\/","og_site_name":"Goenv\u00edo","article_modified_time":"2024-05-13T04:20:11+00:00","twitter_card":"summary_large_image","twitter_misc":{"Tempo estimado de leitura":"3 minutos"},"schema":{"@context":"https:\/\/schema.org","@graph":[{"@type":"WebPage","@id":"https:\/\/goenvio.es\/objetos-perdidos-en-aeropuertos-pasos-para-recuperarlos-y-como-goenvio-facilita-el-proceso\/","url":"https:\/\/goenvio.es\/objetos-perdidos-en-aeropuertos-pasos-para-recuperarlos-y-como-goenvio-facilita-el-proceso\/","name":"Perdidos e achados nos aeroportos: passos para a recupera\u00e7\u00e3o e como a GoEnvoy torna o processo mais f\u00e1cil - GoEnvoy","isPartOf":{"@id":"https:\/\/goenvio.es\/#website"},"datePublished":"2024-05-13T04:12:00+00:00","dateModified":"2024-05-13T04:20:11+00:00","breadcrumb":{"@id":"https:\/\/goenvio.es\/objetos-perdidos-en-aeropuertos-pasos-para-recuperarlos-y-como-goenvio-facilita-el-proceso\/#breadcrumb"},"inLanguage":"pt-PT","potentialAction":[{"@type":"ReadAction","target":["https:\/\/goenvio.es\/objetos-perdidos-en-aeropuertos-pasos-para-recuperarlos-y-como-goenvio-facilita-el-proceso\/"]}]},{"@type":"BreadcrumbList","@id":"https:\/\/goenvio.es\/objetos-perdidos-en-aeropuertos-pasos-para-recuperarlos-y-como-goenvio-facilita-el-proceso\/#breadcrumb","itemListElement":[{"@type":"ListItem","position":1,"name":"Home","item":"https:\/\/goenvio.es\/"},{"@type":"ListItem","position":2,"name":"Objetos Perdidos en Aeropuertos: Pasos para Recuperarlos y C\u00f3mo GoEnvio Facilita el Proceso"}]},{"@type":"WebSite","@id":"https:\/\/goenvio.es\/#website","url":"https:\/\/goenvio.es\/","name":"goenv\u00edo","description":"Recolha e encaminhamento de bens perdidos em aeroportos, comboios e cidades","publisher":{"@id":"https:\/\/goenvio.es\/#organization"},"potentialAction":[{"@type":"SearchAction","target":{"@type":"EntryPoint","urlTemplate":"https:\/\/goenvio.es\/?s={search_term_string}"},"query-input":{"@type":"PropertyValueSpecification","valueRequired":true,"valueName":"search_term_string"}}],"inLanguage":"pt-PT"},{"@type":"Organization","@id":"https:\/\/goenvio.es\/#organization","name":"goenv\u00edo","url":"https:\/\/goenvio.es\/","logo":{"@type":"ImageObject","inLanguage":"pt-PT","@id":"https:\/\/goenvio.es\/#\/schema\/logo\/image\/","url":"","contentUrl":"","caption":"goenv\u00edo"},"image":{"@id":"https:\/\/goenvio.es\/#\/schema\/logo\/image\/"}}]}},"_links":{"self":[{"href":"https:\/\/goenvio.es\/pt\/wp-json\/wp\/v2\/pages\/839","targetHints":{"allow":["GET"]}}],"collection":[{"href":"https:\/\/goenvio.es\/pt\/wp-json\/wp\/v2\/pages"}],"about":[{"href":"https:\/\/goenvio.es\/pt\/wp-json\/wp\/v2\/types\/page"}],"author":[{"embeddable":true,"href":"https:\/\/goenvio.es\/pt\/wp-json\/wp\/v2\/users\/1"}],"replies":[{"embeddable":true,"href":"https:\/\/goenvio.es\/pt\/wp-json\/wp\/v2\/comments?post=839"}],"version-history":[{"count":0,"href":"https:\/\/goenvio.es\/pt\/wp-json\/wp\/v2\/pages\/839\/revisions"}],"wp:attachment":[{"href":"https:\/\/goenvio.es\/pt\/wp-json\/wp\/v2\/media?parent=839"}],"curies":[{"name":"wp","href":"https:\/\/api.w.org\/{rel}","templated":true}]}}