{"id":600,"date":"2024-05-11T07:35:45","date_gmt":"2024-05-11T07:35:45","guid":{"rendered":"https:\/\/goenvio.es\/?page_id=600"},"modified":"2024-05-11T07:36:34","modified_gmt":"2024-05-11T07:36:34","slug":"este-sitio-utiliza-cookies","status":"publish","type":"page","link":"https:\/\/goenvio.es\/pt\/este-sitio-utiliza-cookies\/","title":{"rendered":"Este s\u00edtio utiliza cookies"},"content":{"rendered":"<div data-elementor-type=\"wp-page\" data-elementor-id=\"600\" class=\"elementor elementor-600\">\n\t\t\t\t\t\t<section class=\"elementor-section elementor-top-section elementor-element elementor-element-20c92f7 elementor-section-full_width elementor-section-stretched elementor-section-height-default elementor-section-height-default\" data-id=\"20c92f7\" data-element_type=\"section\" data-e-type=\"section\" data-settings=\"{&quot;stretch_section&quot;:&quot;section-stretched&quot;}\">\n\t\t\t\t\t\t<div class=\"elementor-container elementor-column-gap-wider\">\n\t\t\t\t\t<div class=\"elementor-column elementor-col-100 elementor-top-column elementor-element elementor-element-0c45c5b\" data-id=\"0c45c5b\" data-element_type=\"column\" data-e-type=\"column\">\n\t\t\t<div class=\"elementor-widget-wrap elementor-element-populated\">\n\t\t\t\t\t\t<section class=\"elementor-section elementor-inner-section elementor-element elementor-element-3868c9a elementor-section-boxed elementor-section-height-default elementor-section-height-default\" data-id=\"3868c9a\" data-element_type=\"section\" data-e-type=\"section\" data-settings=\"{&quot;background_background&quot;:&quot;classic&quot;}\">\n\t\t\t\t\t\t<div class=\"elementor-container elementor-column-gap-default\">\n\t\t\t\t\t<div class=\"elementor-column elementor-col-100 elementor-inner-column elementor-element elementor-element-d33c264\" data-id=\"d33c264\" data-element_type=\"column\" data-e-type=\"column\" data-settings=\"{&quot;background_background&quot;:&quot;classic&quot;}\">\n\t\t\t<div class=\"elementor-widget-wrap elementor-element-populated\">\n\t\t\t\t\t\t<div class=\"elementor-element elementor-element-dc8a8cd elementor-widget elementor-widget-spacer\" data-id=\"dc8a8cd\" data-element_type=\"widget\" data-e-type=\"widget\" data-widget_type=\"spacer.default\">\n\t\t\t\t<div class=\"elementor-widget-container\">\n\t\t\t\t\t\t\t<div class=\"elementor-spacer\">\n\t\t\t<div class=\"elementor-spacer-inner\"><\/div>\n\t\t<\/div>\n\t\t\t\t\t\t<\/div>\n\t\t\t\t<\/div>\n\t\t\t\t<div class=\"elementor-element elementor-element-a20e3cf elementor-widget elementor-widget-heading\" data-id=\"a20e3cf\" data-element_type=\"widget\" data-e-type=\"widget\" data-widget_type=\"heading.default\">\n\t\t\t\t<div class=\"elementor-widget-container\">\n\t\t\t\t\t<h1 class=\"elementor-heading-title elementor-size-default\">Este s\u00edtio utiliza cookies<\/h1>\t\t\t\t<\/div>\n\t\t\t\t<\/div>\n\t\t\t\t<div class=\"elementor-element elementor-element-70d466d elementor-widget elementor-widget-text-editor\" data-id=\"70d466d\" data-element_type=\"widget\" data-e-type=\"widget\" data-widget_type=\"text-editor.default\">\n\t\t\t\t<div class=\"elementor-widget-container\">\n\t\t\t\t\t\t\t\t\t<p>Em cumprimento da Lei 34\/2002, de 11 de julho, de Servi\u00e7os da Sociedade da Informa\u00e7\u00e3o e do Com\u00e9rcio Eletr\u00f3nico (LSSICE), informamos que este site da Goenvio utiliza cookies.<\/p><p>A LSSICE aplica-se a qualquer tipo de ficheiro ou dispositivo que seja descarregado no equipamento terminal de um utilizador com o objetivo de armazenar dados que possam ser actualizados e recuperados pela entidade respons\u00e1vel pela sua instala\u00e7\u00e3o. Um cookie \u00e9 um destes ficheiros amplamente utilizados, que designaremos genericamente por cookies.<\/p><p>Os cookies s\u00e3o pequenos ficheiros de texto enviados a um navegador a partir de um servidor Web para registar a atividade do utilizador num s\u00edtio Web, de modo a que esta informa\u00e7\u00e3o possa ser recuperada mais tarde ao navegar nas diferentes p\u00e1ginas ligadas ao servidor que os instalou.<\/p><p>Os cookies armazenam geralmente informa\u00e7\u00f5es de natureza t\u00e9cnica, prefer\u00eancias pessoais, personaliza\u00e7\u00e3o de conte\u00fados, estat\u00edsticas de utiliza\u00e7\u00e3o, liga\u00e7\u00f5es a redes sociais, acesso a contas de utilizador, etc.<\/p><p>Tipos de cookies<\/p><p>De seguida, os cookies s\u00e3o classificados de acordo com uma s\u00e9rie de categorias. No entanto, \u00e9 necess\u00e1rio ter em conta que o mesmo cookie pode ser inclu\u00eddo em mais do que uma categoria.<\/p><p>De acordo com a entidade que os gere<\/p><p>Cookies pr\u00f3prios: S\u00e3o aqueles que s\u00e3o enviados para o equipamento terminal do utilizador a partir de um computador ou dom\u00ednio gerido pelo pr\u00f3prio editor e a partir do qual \u00e9 prestado o servi\u00e7o solicitado pelo utilizador.<\/p><p>Cookies de terceiros: S\u00e3o aqueles que s\u00e3o enviados para o equipamento terminal do utilizador a partir de um computador ou dom\u00ednio que n\u00e3o \u00e9 gerido pelo editor, mas por outra entidade que trata os dados obtidos atrav\u00e9s dos cookies.<\/p><p>No caso de os cookies serem instalados a partir de um computador ou dom\u00ednio gerido pelo pr\u00f3prio editor, mas as informa\u00e7\u00f5es recolhidas atrav\u00e9s destes serem geridas por terceiros, n\u00e3o s\u00e3o considerados cookies pr\u00f3prios.<\/p><p>De acordo com o tempo que permanecem activados<\/p><p>Em fun\u00e7\u00e3o do tempo que permanecem activados no equipamento terminal, podemos distinguir:<\/p><p>Cookies de sess\u00e3o: s\u00e3o um tipo de cookie concebido para recolher e armazenar dados enquanto o utilizador acede a um s\u00edtio Web. S\u00e3o normalmente utilizados para armazenar informa\u00e7\u00f5es que s\u00f3 precisam de ser conservadas para a presta\u00e7\u00e3o do servi\u00e7o solicitado pelo utilizador numa \u00fanica ocasi\u00e3o (por exemplo, uma lista de produtos comprados).<\/p><p>Cookies persistentes: Trata-se de um tipo de cookie em que os dados permanecem armazenados no terminal e podem ser acedidos e tratados durante um per\u00edodo definido pelo respons\u00e1vel pelo cookie, que pode ir de alguns minutos a v\u00e1rios anos.<\/p><p>De acordo com o seu objetivo<\/p><p>Dependendo da finalidade para a qual os dados obtidos atrav\u00e9s dos cookies s\u00e3o processados, podemos distinguir entre:<\/p><p>Cookies t\u00e9cnicos: S\u00e3o aqueles que permitem ao utilizador navegar atrav\u00e9s de um site, plataforma ou aplica\u00e7\u00e3o e utilizar as diferentes op\u00e7\u00f5es ou servi\u00e7os existentes no mesmo como, por exemplo, controlar o tr\u00e1fego e a comunica\u00e7\u00e3o de dados, identificar a sess\u00e3o, aceder a partes de acesso restrito, recordar os elementos que comp\u00f5em uma encomenda, realizar o processo de compra de uma encomenda, realizar o pedido de inscri\u00e7\u00e3o ou participa\u00e7\u00e3o num evento, utilizar elementos de seguran\u00e7a durante a navega\u00e7\u00e3o, armazenar conte\u00fados para a difus\u00e3o de v\u00eddeos ou som ou partilhar conte\u00fados atrav\u00e9s das redes sociais.<\/p><p>Cookies de personaliza\u00e7\u00e3o: S\u00e3o cookies que permitem ao utilizador aceder ao servi\u00e7o com algumas caracter\u00edsticas gerais predefinidas em fun\u00e7\u00e3o de uma s\u00e9rie de crit\u00e9rios no terminal do utilizador, tais como o idioma, o tipo de navegador utilizado para aceder ao servi\u00e7o, a configura\u00e7\u00e3o regional a partir da qual se acede ao servi\u00e7o, etc.<\/p><p>Cookies de an\u00e1lise: Estes cookies permitem \u00e0 parte respons\u00e1vel por eles monitorizar e analisar o comportamento dos utilizadores dos s\u00edtios Web a que est\u00e3o ligados. As informa\u00e7\u00f5es recolhidas atrav\u00e9s deste tipo de cookies s\u00e3o utilizadas para medir a atividade dos s\u00edtios Web, aplica\u00e7\u00e3o ou plataforma e para a elabora\u00e7\u00e3o de perfis de navega\u00e7\u00e3o dos utilizadores desses s\u00edtios, aplica\u00e7\u00f5es e plataformas, a fim de introduzir melhorias com base na an\u00e1lise dos dados de utiliza\u00e7\u00e3o dos utilizadores do servi\u00e7o.<\/p><p>Cookies publicit\u00e1rios: S\u00e3o aqueles que permitem gerir, da forma mais eficaz poss\u00edvel, os espa\u00e7os publicit\u00e1rios que, se for caso disso, o editor tenha inclu\u00eddo num s\u00edtio Web, aplica\u00e7\u00e3o ou plataforma a partir da qual se presta o servi\u00e7o solicitado, com base em crit\u00e9rios como o conte\u00fado editado ou a frequ\u00eancia com que os an\u00fancios s\u00e3o exibidos.<\/p><p>Cookies de publicidade comportamental: S\u00e3o aqueles que permitem gerir, da forma mais eficaz poss\u00edvel, os espa\u00e7os publicit\u00e1rios que, se for caso disso, o editor tenha inclu\u00eddo num s\u00edtio Web, aplica\u00e7\u00e3o ou plataforma a partir da qual se presta o servi\u00e7o solicitado. Estes cookies armazenam informa\u00e7\u00f5es sobre o comportamento do utilizador obtidas atrav\u00e9s da observa\u00e7\u00e3o cont\u00ednua dos seus h\u00e1bitos de navega\u00e7\u00e3o, o que permite desenvolver um perfil espec\u00edfico para apresentar publicidade com base no mesmo.<\/p><p>Como desativar os cookies nos principais navegadores Web<\/p><p>Para configurar a utiliza\u00e7\u00e3o de cookies, siga as instru\u00e7\u00f5es do seu navegador ou consulte a ajuda do seu navegador:<\/p><p>Safari<\/p><p>Firefox<\/p><p>Cromado<\/p><p>\u00d3pera<\/p><p>Internet Explorer<\/p><p>Borda<\/p><p>O que acontece se n\u00e3o aceitar cookies<\/p><p>A recusa de cookies pode impedir o acesso a conte\u00fados e servi\u00e7os personalizados.<\/p><p>Actualiza\u00e7\u00f5es e altera\u00e7\u00f5es \u00e0 pol\u00edtica de cookies<\/p><p>A Goenvio pode alterar esta pol\u00edtica de cookies em fun\u00e7\u00e3o de exig\u00eancias legislativas, regulamentares, para adaptar a pol\u00edtica \u00e0s instru\u00e7\u00f5es emitidas pela Ag\u00eancia Espanhola de Prote\u00e7\u00e3o de Dados, por quest\u00f5es t\u00e9cnicas ou de reorganiza\u00e7\u00e3o da web, pelo que aconselhamos a sua visita peri\u00f3dica.<\/p><p>Contacto<\/p><p>Se tiver alguma d\u00favida sobre a forma como utilizamos os cookies, envie-nos um e-mail para: info@Goenvio.es.<\/p>\t\t\t\t\t\t\t\t<\/div>\n\t\t\t\t<\/div>\n\t\t\t\t\t<\/div>\n\t\t<\/div>\n\t\t\t\t\t<\/div>\n\t\t<\/section>\n\t\t\t\t\t<\/div>\n\t\t<\/div>\n\t\t\t\t\t<\/div>\n\t\t<\/section>\n\t\t\t\t<\/div>","protected":false},"excerpt":{"rendered":"<p>Este sitio utiliza cookies En cumplimiento de la Ley 34\/2002 de 11 de julio de Servicios de la Sociedad de la Informaci\u00f3n y de Comercio Electr\u00f3nico<span class=\"excerpt-hellip\"> [\u2026]<\/span><\/p>\n","protected":false},"author":1,"featured_media":0,"parent":0,"menu_order":0,"comment_status":"open","ping_status":"closed","template":"","meta":{"footnotes":""},"class_list":["post-600","page","type-page","status-publish","hentry"],"yoast_head":"<!-- This site is optimized with the Yoast SEO Premium plugin v21.7 (Yoast SEO v27.3) - https:\/\/yoast.com\/product\/yoast-seo-premium-wordpress\/ -->\n<title>Este sitio utiliza cookies - Goenv\u00edo<\/title>\n<meta name=\"robots\" content=\"index, follow, max-snippet:-1, max-image-preview:large, max-video-preview:-1\" \/>\n<link rel=\"canonical\" href=\"https:\/\/goenvio.es\/pt\/este-sitio-utiliza-cookies\/\" \/>\n<meta property=\"og:locale\" content=\"pt_PT\" \/>\n<meta property=\"og:type\" content=\"article\" \/>\n<meta property=\"og:title\" content=\"Este sitio utiliza cookies\" \/>\n<meta property=\"og:description\" content=\"Este sitio utiliza cookies En cumplimiento de la Ley 34\/2002 de 11 de julio de Servicios de la Sociedad de la Informaci\u00f3n y de Comercio Electr\u00f3nico [\u2026]\" \/>\n<meta property=\"og:url\" content=\"https:\/\/goenvio.es\/pt\/este-sitio-utiliza-cookies\/\" \/>\n<meta property=\"og:site_name\" content=\"Goenv\u00edo\" \/>\n<meta property=\"article:modified_time\" content=\"2024-05-11T07:36:34+00:00\" \/>\n<meta name=\"twitter:card\" content=\"summary_large_image\" \/>\n<meta name=\"twitter:label1\" content=\"Tempo estimado de leitura\" \/>\n\t<meta name=\"twitter:data1\" content=\"5 minutos\" \/>\n<script type=\"application\/ld+json\" class=\"yoast-schema-graph\">{\"@context\":\"https:\\\/\\\/schema.org\",\"@graph\":[{\"@type\":\"WebPage\",\"@id\":\"https:\\\/\\\/goenvio.es\\\/este-sitio-utiliza-cookies\\\/\",\"url\":\"https:\\\/\\\/goenvio.es\\\/este-sitio-utiliza-cookies\\\/\",\"name\":\"Este sitio utiliza cookies - Goenv\u00edo\",\"isPartOf\":{\"@id\":\"https:\\\/\\\/goenvio.es\\\/#website\"},\"datePublished\":\"2024-05-11T07:35:45+00:00\",\"dateModified\":\"2024-05-11T07:36:34+00:00\",\"breadcrumb\":{\"@id\":\"https:\\\/\\\/goenvio.es\\\/este-sitio-utiliza-cookies\\\/#breadcrumb\"},\"inLanguage\":\"pt-PT\",\"potentialAction\":[{\"@type\":\"ReadAction\",\"target\":[\"https:\\\/\\\/goenvio.es\\\/este-sitio-utiliza-cookies\\\/\"]}]},{\"@type\":\"BreadcrumbList\",\"@id\":\"https:\\\/\\\/goenvio.es\\\/este-sitio-utiliza-cookies\\\/#breadcrumb\",\"itemListElement\":[{\"@type\":\"ListItem\",\"position\":1,\"name\":\"Home\",\"item\":\"https:\\\/\\\/goenvio.es\\\/\"},{\"@type\":\"ListItem\",\"position\":2,\"name\":\"Este sitio utiliza cookies\"}]},{\"@type\":\"WebSite\",\"@id\":\"https:\\\/\\\/goenvio.es\\\/#website\",\"url\":\"https:\\\/\\\/goenvio.es\\\/\",\"name\":\"goenv\u00edo\",\"description\":\"Recogida y env\u00edo de objetos perdidos en aeropuertos, trenes y ciudades\",\"publisher\":{\"@id\":\"https:\\\/\\\/goenvio.es\\\/#organization\"},\"potentialAction\":[{\"@type\":\"SearchAction\",\"target\":{\"@type\":\"EntryPoint\",\"urlTemplate\":\"https:\\\/\\\/goenvio.es\\\/?s={search_term_string}\"},\"query-input\":{\"@type\":\"PropertyValueSpecification\",\"valueRequired\":true,\"valueName\":\"search_term_string\"}}],\"inLanguage\":\"pt-PT\"},{\"@type\":\"Organization\",\"@id\":\"https:\\\/\\\/goenvio.es\\\/#organization\",\"name\":\"goenv\u00edo\",\"url\":\"https:\\\/\\\/goenvio.es\\\/\",\"logo\":{\"@type\":\"ImageObject\",\"inLanguage\":\"pt-PT\",\"@id\":\"https:\\\/\\\/goenvio.es\\\/#\\\/schema\\\/logo\\\/image\\\/\",\"url\":\"\",\"contentUrl\":\"\",\"caption\":\"goenv\u00edo\"},\"image\":{\"@id\":\"https:\\\/\\\/goenvio.es\\\/#\\\/schema\\\/logo\\\/image\\\/\"}}]}<\/script>\n<!-- \/ Yoast SEO Premium plugin. -->","yoast_head_json":{"title":"Este s\u00edtio utiliza cookies - Goenv\u00edo","robots":{"index":"index","follow":"follow","max-snippet":"max-snippet:-1","max-image-preview":"max-image-preview:large","max-video-preview":"max-video-preview:-1"},"canonical":"https:\/\/goenvio.es\/pt\/este-sitio-utiliza-cookies\/","og_locale":"pt_PT","og_type":"article","og_title":"Este sitio utiliza cookies","og_description":"Este sitio utiliza cookies En cumplimiento de la Ley 34\/2002 de 11 de julio de Servicios de la Sociedad de la Informaci\u00f3n y de Comercio Electr\u00f3nico [\u2026]","og_url":"https:\/\/goenvio.es\/pt\/este-sitio-utiliza-cookies\/","og_site_name":"Goenv\u00edo","article_modified_time":"2024-05-11T07:36:34+00:00","twitter_card":"summary_large_image","twitter_misc":{"Tempo estimado de leitura":"5 minutos"},"schema":{"@context":"https:\/\/schema.org","@graph":[{"@type":"WebPage","@id":"https:\/\/goenvio.es\/este-sitio-utiliza-cookies\/","url":"https:\/\/goenvio.es\/este-sitio-utiliza-cookies\/","name":"Este s\u00edtio utiliza cookies - Goenv\u00edo","isPartOf":{"@id":"https:\/\/goenvio.es\/#website"},"datePublished":"2024-05-11T07:35:45+00:00","dateModified":"2024-05-11T07:36:34+00:00","breadcrumb":{"@id":"https:\/\/goenvio.es\/este-sitio-utiliza-cookies\/#breadcrumb"},"inLanguage":"pt-PT","potentialAction":[{"@type":"ReadAction","target":["https:\/\/goenvio.es\/este-sitio-utiliza-cookies\/"]}]},{"@type":"BreadcrumbList","@id":"https:\/\/goenvio.es\/este-sitio-utiliza-cookies\/#breadcrumb","itemListElement":[{"@type":"ListItem","position":1,"name":"Home","item":"https:\/\/goenvio.es\/"},{"@type":"ListItem","position":2,"name":"Este sitio utiliza cookies"}]},{"@type":"WebSite","@id":"https:\/\/goenvio.es\/#website","url":"https:\/\/goenvio.es\/","name":"goenv\u00edo","description":"Recolha e encaminhamento de bens perdidos em aeroportos, comboios e cidades","publisher":{"@id":"https:\/\/goenvio.es\/#organization"},"potentialAction":[{"@type":"SearchAction","target":{"@type":"EntryPoint","urlTemplate":"https:\/\/goenvio.es\/?s={search_term_string}"},"query-input":{"@type":"PropertyValueSpecification","valueRequired":true,"valueName":"search_term_string"}}],"inLanguage":"pt-PT"},{"@type":"Organization","@id":"https:\/\/goenvio.es\/#organization","name":"goenv\u00edo","url":"https:\/\/goenvio.es\/","logo":{"@type":"ImageObject","inLanguage":"pt-PT","@id":"https:\/\/goenvio.es\/#\/schema\/logo\/image\/","url":"","contentUrl":"","caption":"goenv\u00edo"},"image":{"@id":"https:\/\/goenvio.es\/#\/schema\/logo\/image\/"}}]}},"_links":{"self":[{"href":"https:\/\/goenvio.es\/pt\/wp-json\/wp\/v2\/pages\/600","targetHints":{"allow":["GET"]}}],"collection":[{"href":"https:\/\/goenvio.es\/pt\/wp-json\/wp\/v2\/pages"}],"about":[{"href":"https:\/\/goenvio.es\/pt\/wp-json\/wp\/v2\/types\/page"}],"author":[{"embeddable":true,"href":"https:\/\/goenvio.es\/pt\/wp-json\/wp\/v2\/users\/1"}],"replies":[{"embeddable":true,"href":"https:\/\/goenvio.es\/pt\/wp-json\/wp\/v2\/comments?post=600"}],"version-history":[{"count":0,"href":"https:\/\/goenvio.es\/pt\/wp-json\/wp\/v2\/pages\/600\/revisions"}],"wp:attachment":[{"href":"https:\/\/goenvio.es\/pt\/wp-json\/wp\/v2\/media?parent=600"}],"curies":[{"name":"wp","href":"https:\/\/api.w.org\/{rel}","templated":true}]}}