{"id":4444,"date":"2026-03-24T18:39:35","date_gmt":"2026-03-24T18:39:35","guid":{"rendered":"https:\/\/goenvio.es\/"},"modified":"2026-03-30T08:08:54","modified_gmt":"2026-03-30T08:08:54","slug":"imprensa-e-media","status":"publish","type":"page","link":"https:\/\/goenvio.es\/pt\/imprensa-e-media\/","title":{"rendered":"Imprensa e meios de comunica\u00e7\u00e3o social"},"content":{"rendered":"<div data-elementor-type=\"wp-page\" data-elementor-id=\"4444\" class=\"elementor elementor-4444\">\n\t\t\t\t\t\t<section class=\"elementor-section elementor-top-section elementor-element elementor-element-d676a70 elementor-section-full_width elementor-section-stretched elementor-section-height-default elementor-section-height-default\" data-id=\"d676a70\" data-element_type=\"section\" data-e-type=\"section\" data-settings=\"{&quot;stretch_section&quot;:&quot;section-stretched&quot;}\">\n\t\t\t\t\t\t<div class=\"elementor-container elementor-column-gap-wider\">\n\t\t\t\t\t<div class=\"elementor-column elementor-col-100 elementor-top-column elementor-element elementor-element-d57ed04\" data-id=\"d57ed04\" data-element_type=\"column\" data-e-type=\"column\" data-settings=\"{&quot;background_background&quot;:&quot;classic&quot;}\">\n\t\t\t<div class=\"elementor-widget-wrap elementor-element-populated\">\n\t\t\t\t\t\t<section class=\"elementor-section elementor-inner-section elementor-element elementor-element-d3a90e6 elementor-section-boxed elementor-section-height-default elementor-section-height-default\" data-id=\"d3a90e6\" data-element_type=\"section\" data-e-type=\"section\">\n\t\t\t\t\t\t<div class=\"elementor-container elementor-column-gap-default\">\n\t\t\t\t\t<div class=\"elementor-column elementor-col-100 elementor-inner-column elementor-element elementor-element-21837a2\" data-id=\"21837a2\" data-element_type=\"column\" data-e-type=\"column\">\n\t\t\t<div class=\"elementor-widget-wrap elementor-element-populated\">\n\t\t\t\t\t\t<div class=\"elementor-element elementor-element-ded9929 elementor-widget elementor-widget-html\" data-id=\"ded9929\" data-element_type=\"widget\" data-e-type=\"widget\" data-widget_type=\"html.default\">\n\t\t\t\t<div class=\"elementor-widget-container\">\n\t\t\t\t\t<div style=\"text-align: center; padding: 40px 20px; font-family: 'Montserrat', sans-serif; background: transparent;\">\r\n  <style>\r\n    .titulo-prensa {\r\n      color: #0a1628;\r\n      font-size: 28px;\r\n      font-weight: 800;\r\n      margin-bottom: 20px;\r\n      line-height: 1.3;\r\n      font-family: 'Montserrat', sans-serif;\r\n      letter-spacing: -0.02em;\r\n    }\r\n\r\n    .titulo-prensa span {\r\n      color: #1a6bff;\r\n    }\r\n\r\n    .subtitulo-prensa {\r\n      color: #5a6478;\r\n      font-size: 18px;\r\n      font-weight: 500;\r\n      margin-top: 0;\r\n      margin-bottom: 22px;\r\n      line-height: 1.5;\r\n      font-family: 'Montserrat', sans-serif;\r\n      max-width: 800px;\r\n      margin-left: auto;\r\n      margin-right: auto;\r\n    }\r\n\r\n    .texto-intro-prensa {\r\n      color: #5a6478;\r\n      font-size: 16px;\r\n      font-weight: 400;\r\n      line-height: 1.7;\r\n      font-family: 'Montserrat', sans-serif;\r\n      max-width: 820px;\r\n      margin: 0 auto;\r\n    }\r\n\r\n    @media (min-width: 768px) {\r\n      .titulo-prensa { font-size: 42px; }\r\n      .subtitulo-prensa { font-size: 22px; }\r\n      .texto-intro-prensa { font-size: 17px; }\r\n    }\r\n\r\n    @media (min-width: 1024px) {\r\n      .titulo-prensa { font-size: 56px; }\r\n      .subtitulo-prensa { font-size: 26px; }\r\n      .texto-intro-prensa { font-size: 18px; }\r\n    }\r\n  <\/style>\r\n\r\n  <h1 class=\"titulo-prensa\">Sala de imprensa e <span>Comunica\u00e7\u00e3o<\/span><\/h1>\r\n\r\n  <h2 class=\"subtitulo-prensa\">\r\n    Todas as informa\u00e7\u00f5es empresariais, recursos gr\u00e1ficos e not\u00edcias sobre a empresa que est\u00e1 a transformar a gest\u00e3o de propriedades perdidas.\r\n  <\/h2>\r\n\r\n  <p class=\"texto-intro-prensa\">\r\n    Bem-vindo ao espa\u00e7o de comunica\u00e7\u00e3o oficial da GoEnv\u00edo. Aqui colocamos \u00e0 disposi\u00e7\u00e3o dos jornalistas, meios de comunica\u00e7\u00e3o e criadores de conte\u00fados todos os recursos necess\u00e1rios para as suas reportagens e not\u00edcias sobre o nosso servi\u00e7o e o sector dos Perdidos e Achados.\r\n  <\/p>\r\n<\/div>\t\t\t\t<\/div>\n\t\t\t\t<\/div>\n\t\t\t\t\t<\/div>\n\t\t<\/div>\n\t\t\t\t\t<\/div>\n\t\t<\/section>\n\t\t\t\t\t<\/div>\n\t\t<\/div>\n\t\t\t\t\t<\/div>\n\t\t<\/section>\n\t\t\t\t<section class=\"elementor-section elementor-top-section elementor-element elementor-element-425ed2b elementor-section-full_width elementor-section-stretched elementor-section-height-default elementor-section-height-default\" data-id=\"425ed2b\" data-element_type=\"section\" data-e-type=\"section\" data-settings=\"{&quot;stretch_section&quot;:&quot;section-stretched&quot;}\">\n\t\t\t\t\t\t<div class=\"elementor-container elementor-column-gap-default\">\n\t\t\t\t\t<div class=\"elementor-column elementor-col-100 elementor-top-column elementor-element elementor-element-91a8a9a\" data-id=\"91a8a9a\" data-element_type=\"column\" data-e-type=\"column\">\n\t\t\t<div class=\"elementor-widget-wrap\">\n\t\t\t\t\t\t\t<\/div>\n\t\t<\/div>\n\t\t\t\t\t<\/div>\n\t\t<\/section>\n\t\t\t\t<section class=\"elementor-section elementor-top-section elementor-element elementor-element-976eeff elementor-section-full_width elementor-section-stretched elementor-section-height-default elementor-section-height-default\" data-id=\"976eeff\" data-element_type=\"section\" data-e-type=\"section\" data-settings=\"{&quot;stretch_section&quot;:&quot;section-stretched&quot;}\">\n\t\t\t\t\t\t<div class=\"elementor-container elementor-column-gap-default\">\n\t\t\t\t\t<div class=\"elementor-column elementor-col-100 elementor-top-column elementor-element elementor-element-f0017e7\" data-id=\"f0017e7\" data-element_type=\"column\" data-e-type=\"column\">\n\t\t\t<div class=\"elementor-widget-wrap elementor-element-populated\">\n\t\t\t\t\t\t<div class=\"elementor-element elementor-element-8c8ddeb elementor-widget-mobile__width-inherit elementor-widget elementor-widget-html\" data-id=\"8c8ddeb\" data-element_type=\"widget\" data-e-type=\"widget\" data-widget_type=\"html.default\">\n\t\t\t\t<div class=\"elementor-widget-container\">\n\t\t\t\t\t<style>\r\n  \/* Fix caja HTML de Elementor *\/\r\n  .elementor-widget-html .ge-press-content-wrapper,\r\n  .elementor-widget-html .elementor-widget-container {\r\n    overflow: hidden !important;\r\n    max-width: 100% !important;\r\n  }\r\n\r\n  .ge-press-content-wrapper *,\r\n  .ge-press-content-wrapper *::before,\r\n  .ge-press-content-wrapper *::after {\r\n    box-sizing: border-box;\r\n    margin: 0;\r\n    padding: 0;\r\n  }\r\n\r\n  .ge-press-content-wrapper {\r\n    --blue: #1a6bff;\r\n    --blue-hover: #1558d6;\r\n    --blue-soft: rgba(26, 107, 255, 0.06);\r\n    --dark: #0a1628;\r\n    --text: #5a6478;\r\n    --bg-light: #f8fafc;\r\n    --border: #e2e8f0;\r\n\r\n    max-width: 1140px;\r\n    margin: 0 auto;\r\n    padding: clamp(1rem, 5vw, 2rem) clamp(1.25rem, 5vw, 4rem) clamp(2rem, 5vw, 4rem);\r\n    font-family: 'Montserrat', sans-serif;\r\n    background: transparent;\r\n  }\r\n\r\n  \/* \u2500\u2500\u2500 GRID PRINCIPAL \u2500\u2500\u2500 *\/\r\n  .ge-press__grid {\r\n    display: grid;\r\n    grid-template-columns: 1.2fr 0.8fr;\r\n    gap: clamp(2rem, 4vw, 4rem);\r\n    align-items: start;\r\n  }\r\n\r\n  \/* \u2500\u2500\u2500 CONTENIDO IZQUIERDO \u2500\u2500\u2500 *\/\r\n  .ge-press__content {\r\n    display: flex;\r\n    flex-direction: column;\r\n    gap: 1.25rem;\r\n  }\r\n\r\n  .ge-press__h2 {\r\n    font-size: 1.5rem !important;\r\n    font-weight: 700 !important;\r\n    color: var(--dark) !important;\r\n    margin: 0 0 0.5rem 0 !important;\r\n    line-height: 1.3 !important;\r\n    font-family: 'Montserrat', sans-serif !important;\r\n  }\r\n\r\n  .ge-press__h2--mt {\r\n    margin-top: 1.5rem !important;\r\n  }\r\n\r\n  .ge-press__text {\r\n    font-size: 0.95rem !important;\r\n    color: var(--text) !important;\r\n    line-height: 1.7 !important;\r\n    margin: 0 !important;\r\n    font-family: 'Montserrat', sans-serif !important;\r\n  }\r\n\r\n  .ge-press__contact-box {\r\n    margin-top: 0.5rem;\r\n    padding: 1.25rem;\r\n    background: var(--blue-soft);\r\n    border-radius: 12px;\r\n    display: flex;\r\n    align-items: flex-start;\r\n    gap: 1rem;\r\n  }\r\n\r\n  .ge-press__contact-icon,\r\n  .ge-press__item-icon {\r\n    flex: 0 0 auto;\r\n    width: 22px;\r\n    height: 22px;\r\n    color: var(--blue);\r\n  }\r\n\r\n  .ge-press__contact-icon svg,\r\n  .ge-press__item-icon svg {\r\n    width: 100%;\r\n    height: 100%;\r\n    display: block;\r\n    stroke: currentColor;\r\n    fill: none;\r\n    stroke-width: 1.9;\r\n    stroke-linecap: round;\r\n    stroke-linejoin: round;\r\n  }\r\n\r\n  .ge-press__contact-box span {\r\n    font-size: 0.95rem;\r\n    color: var(--dark);\r\n    line-height: 1.5;\r\n    font-weight: 500;\r\n    font-family: 'Montserrat', sans-serif;\r\n  }\r\n\r\n  .ge-press__contact-box a {\r\n    color: var(--blue);\r\n    font-weight: 700;\r\n    text-decoration: none;\r\n    transition: color 0.2s ease;\r\n  }\r\n\r\n  .ge-press__contact-box a:hover {\r\n    color: var(--blue-hover);\r\n    text-decoration: underline;\r\n  }\r\n\r\n  \/* \u2500\u2500\u2500 TARJETA MEDIA KIT (DERECHA) \u2500\u2500\u2500 *\/\r\n  .ge-press__card {\r\n    background: #ffffff;\r\n    border: 1px solid var(--border);\r\n    border-radius: 20px;\r\n    padding: 2rem;\r\n    box-shadow: 0 10px 30px rgba(10, 22, 40, 0.05);\r\n    display: flex;\r\n    flex-direction: column;\r\n    gap: 1.25rem;\r\n  }\r\n\r\n  .ge-press__list {\r\n    list-style: none;\r\n    margin: 0.5rem 0 0 0;\r\n    padding: 0;\r\n    display: flex;\r\n    flex-direction: column;\r\n    gap: 1rem;\r\n  }\r\n\r\n  .ge-press__list li {\r\n    font-size: 0.9rem;\r\n    color: var(--text);\r\n    line-height: 1.5;\r\n    background: var(--bg-light);\r\n    padding: 1rem;\r\n    border-radius: 10px;\r\n    display: flex;\r\n    align-items: flex-start;\r\n    gap: 0.85rem;\r\n  }\r\n\r\n  .ge-press__item-content {\r\n    flex: 1;\r\n  }\r\n\r\n  .ge-press__list strong {\r\n    color: var(--dark);\r\n    display: block;\r\n    margin-bottom: 0.25rem;\r\n    font-size: 0.95rem;\r\n    font-family: 'Montserrat', sans-serif;\r\n  }\r\n\r\n  .ge-press__btn {\r\n    display: inline-flex;\r\n    align-items: center;\r\n    justify-content: center;\r\n    gap: 0.5rem;\r\n    background: var(--blue);\r\n    color: #ffffff !important;\r\n    font-weight: 600;\r\n    font-size: 1rem;\r\n    text-decoration: none;\r\n    padding: 1rem 1.5rem;\r\n    border-radius: 10px;\r\n    margin-top: 1rem;\r\n    transition: background 0.3s ease, transform 0.2s ease;\r\n    text-align: center;\r\n    font-family: 'Montserrat', sans-serif;\r\n  }\r\n\r\n  .ge-press__btn:hover {\r\n    background: var(--blue-hover);\r\n    transform: translateY(-2px);\r\n  }\r\n\r\n  .ge-press__btn svg {\r\n    width: 22px;\r\n    height: 22px;\r\n    fill: none;\r\n    stroke: currentColor;\r\n    stroke-width: 1.8;\r\n    stroke-linecap: round;\r\n    stroke-linejoin: round;\r\n  }\r\n\r\n  \/* \u2500\u2500\u2500 RESPONSIVE \u2500\u2500\u2500 *\/\r\n  @media (max-width: 992px) {\r\n    .ge-press__grid {\r\n      grid-template-columns: 1fr;\r\n      gap: 3rem;\r\n    }\r\n\r\n    .ge-press__card {\r\n      padding: 1.5rem;\r\n    }\r\n  }\r\n\r\n  @media (max-width: 480px) {\r\n    .ge-press-content-wrapper {\r\n      padding: 1rem 1rem 2rem 1rem;\r\n    }\r\n\r\n    .ge-press__contact-box {\r\n      flex-direction: column;\r\n      gap: 0.75rem;\r\n    }\r\n\r\n    .ge-press__btn {\r\n      width: 100%;\r\n    }\r\n\r\n    .ge-press__list li {\r\n      padding: 0.9rem;\r\n    }\r\n  }\r\n<\/style>\r\n\r\n<div class=\"ge-press-content-wrapper\">\r\n  <div class=\"ge-press__grid\">\r\n    \r\n    <div class=\"ge-press__content\">\r\n      <h2 class=\"ge-press__h2\">Sobre a GoEnv\u00edo<\/h2>\r\n      <p class=\"ge-press__text\">\r\n        GoEnv\u00edo \u00e9 o servi\u00e7o l\u00edder especializado na recupera\u00e7\u00e3o, embalagem segura e envio nacional e internacional de objectos perdidos. Atrav\u00e9s da tecnologia e de uma log\u00edstica impec\u00e1vel, ligamos os gabinetes de perdidos e achados (aeroportos, esta\u00e7\u00f5es de comboio, c\u00e2maras municipais, companhias a\u00e9reas e empresas de aluguer de autom\u00f3veis) ao domic\u00edlio do utilizador, eliminando burocracias, tempos de espera e desloca\u00e7\u00f5es desnecess\u00e1rias.\r\n      <\/p>\r\n\r\n      <h2 class=\"ge-press__h2 ge-press__h2--mt\">Contacto para jornalistas<\/h2>\r\n      <p class=\"ge-press__text\">\r\n        Gostaria de marcar uma entrevista com a nossa equipa de gest\u00e3o, solicitar dados espec\u00edficos para um artigo ou elaborar um relat\u00f3rio sobre o ciclo de vida dos bens perdidos nos aeroportos e nas cidades? Estamos \u00e0 sua disposi\u00e7\u00e3o.\r\n      <\/p>\r\n\r\n      <div class=\"ge-press__contact-box\">\r\n        <div class=\"ge-press__contact-icon\" aria-hidden=\"true\">\r\n          <svg viewbox=\"0 0 24 24\">\r\n            <path d=\"M4 6h16\"><\/path>\r\n            <path d=\"M4 6l8 7 8-7\"><\/path>\r\n            <rect x=\"3\" y=\"5\" width=\"18\" height=\"14\" rx=\"2\"><\/rect>\r\n          <\/svg>\r\n        <\/div>\r\n        <span>\r\n          Escreva-nos para <a href=\"mailto:prensa@goenvio.es\">prensa@goenvio.es<\/a><br>\r\n          (Respondemos no prazo de 24 horas \u00fateis).\r\n        <\/span>\r\n      <\/div>\r\n    <\/div>\r\n\r\n    <div class=\"ge-press__sidebar\">\r\n      <div class=\"ge-press__card\">\r\n        <h2 class=\"ge-press__h2\">Recursos dos media<\/h2>\r\n        <p class=\"ge-press__text\">Solicite o nosso material empresarial atualizado para ilustrar as suas publica\u00e7\u00f5es:<\/p>\r\n        \r\n        <ul class=\"ge-press__list\">\r\n          <li>\r\n            <div class=\"ge-press__item-icon\" aria-hidden=\"true\">\r\n              <svg viewbox=\"0 0 24 24\">\r\n                <path d=\"M3 7.5A1.5 1.5 0 0 1 4.5 6h4l1.5 2h9A1.5 1.5 0 0 1 20.5 9.5v8A1.5 1.5 0 0 1 19 19H5a2 2 0 0 1-2-2V7.5z\"><\/path>\r\n              <\/svg>\r\n            <\/div>\r\n            <div class=\"ge-press__item-content\">\r\n              <strong>Dossi\u00ea da empresa<\/strong>\r\n              Dados sobre as tend\u00eancias do sector, o volume de recupera\u00e7\u00f5es e os artigos mais frequentemente esquecidos em viagem.\r\n            <\/div>\r\n          <\/li>\r\n\r\n          <li>\r\n            <div class=\"ge-press__item-icon\" aria-hidden=\"true\">\r\n              <svg viewbox=\"0 0 24 24\">\r\n                <rect x=\"3\" y=\"5\" width=\"18\" height=\"14\" rx=\"2\"><\/rect>\r\n                <circle cx=\"8.5\" cy=\"10\" r=\"1.5\"><\/circle>\r\n                <path d=\"M21 16l-5.5-5.5L8 18\"><\/path>\r\n              <\/svg>\r\n            <\/div>\r\n            <div class=\"ge-press__item-content\">\r\n              <strong>Banco de Imagens<\/strong>\r\n              Fotografias de alta resolu\u00e7\u00e3o das nossas opera\u00e7\u00f5es di\u00e1rias, embalagens seguras e equipamento.\r\n            <\/div>\r\n          <\/li>\r\n\r\n          <li>\r\n            <div class=\"ge-press__item-icon\" aria-hidden=\"true\">\r\n              <svg viewbox=\"0 0 24 24\">\r\n                <path d=\"M12 20h9\"><\/path>\r\n                <path d=\"M16.5 3.5a2.12 2.12 0 1 1 3 3L7 19l-4 1 1-4 12.5-12.5z\"><\/path>\r\n              <\/svg>\r\n            <\/div>\r\n            <div class=\"ge-press__item-content\">\r\n              <strong>Log\u00f3tipos<\/strong>\r\n              A nossa identidade visual corporativa em diferentes formatos e aplica\u00e7\u00f5es (PNG\/SVG).\r\n            <\/div>\r\n          <\/li>\r\n        <\/ul>\r\n\r\n        <a href=\"mailto:prensa@goenvio.es?subject=Solicitud%20de%20Media%20Kit%20-%20GoEnvio\" class=\"ge-press__btn\">\r\n          <svg viewbox=\"0 0 24 24\">\r\n            <path d=\"M21.75 6.75v10.5a2.25 2.25 0 0 1-2.25 2.25h-15a2.25 2.25 0 0 1-2.25-2.25V6.75m19.5 0A2.25 2.25 0 0 0 19.5 4.5h-15a2.25 2.25 0 0 0-2.25 2.25m19.5 0v.243a2.25 2.25 0 0 1-1.07 1.916l-7.5 4.615a2.25 2.25 0 0 1-2.36 0L3.32 8.91a2.25 2.25 0 0 1-1.07-1.916V6.75\"><\/path>\r\n          <\/svg>\r\n          Encomendar kit multim\u00e9dia\r\n        <\/a>\r\n      <\/div>\r\n    <\/div>\r\n\r\n  <\/div>\r\n<\/div>\t\t\t\t<\/div>\n\t\t\t\t<\/div>\n\t\t\t\t\t<\/div>\n\t\t<\/div>\n\t\t\t\t\t<\/div>\n\t\t<\/section>\n\t\t\t\t<\/div>","protected":false},"excerpt":{"rendered":"<p>Sala de Prensa y Comunicaci\u00f3n Toda la informaci\u00f3n corporativa, recursos gr\u00e1ficos y noticias sobre la empresa que est\u00e1 transformando la gesti\u00f3n de objetos perdidos. Bienvenido al<span class=\"excerpt-hellip\"> [\u2026]<\/span><\/p>\n","protected":false},"author":1,"featured_media":0,"parent":0,"menu_order":0,"comment_status":"closed","ping_status":"closed","template":"elementor_header_footer","meta":{"footnotes":""},"class_list":["post-4444","page","type-page","status-publish","hentry"],"yoast_head":"<!-- This site is optimized with the Yoast SEO Premium plugin v21.7 (Yoast SEO v27.3) - https:\/\/yoast.com\/product\/yoast-seo-premium-wordpress\/ -->\n<title>Prensa y Medios - Goenv\u00edo<\/title>\n<meta name=\"description\" content=\"Descubre Goenv\u00edo, expertos en objetos perdidos, gesti\u00f3n de env\u00edos internacionales.\" \/>\n<meta name=\"robots\" content=\"index, follow, max-snippet:-1, max-image-preview:large, max-video-preview:-1\" \/>\n<link rel=\"canonical\" href=\"https:\/\/goenvio.es\/pt\/imprensa-e-media\/\" \/>\n<meta property=\"og:locale\" content=\"pt_PT\" \/>\n<meta property=\"og:type\" content=\"article\" \/>\n<meta property=\"og:title\" content=\"Prensa y Medios\" \/>\n<meta property=\"og:description\" content=\"Descubre Goenv\u00edo, expertos en objetos perdidos, gesti\u00f3n de env\u00edos internacionales.\" \/>\n<meta property=\"og:url\" content=\"https:\/\/goenvio.es\/pt\/imprensa-e-media\/\" \/>\n<meta property=\"og:site_name\" content=\"Goenv\u00edo\" \/>\n<meta property=\"article:modified_time\" content=\"2026-03-30T08:08:54+00:00\" \/>\n<meta name=\"twitter:card\" content=\"summary_large_image\" \/>\n<meta name=\"twitter:label1\" content=\"Tempo estimado de leitura\" \/>\n\t<meta name=\"twitter:data1\" content=\"2 minutos\" \/>\n<script type=\"application\/ld+json\" class=\"yoast-schema-graph\">{\"@context\":\"https:\\\/\\\/schema.org\",\"@graph\":[{\"@type\":\"WebPage\",\"@id\":\"https:\\\/\\\/goenvio.es\\\/prensa-y-medios\\\/\",\"url\":\"https:\\\/\\\/goenvio.es\\\/prensa-y-medios\\\/\",\"name\":\"Prensa y Medios - Goenv\u00edo\",\"isPartOf\":{\"@id\":\"https:\\\/\\\/goenvio.es\\\/#website\"},\"datePublished\":\"2026-03-24T18:39:35+00:00\",\"dateModified\":\"2026-03-30T08:08:54+00:00\",\"description\":\"Descubre Goenv\u00edo, expertos en objetos perdidos, gesti\u00f3n de env\u00edos internacionales.\",\"breadcrumb\":{\"@id\":\"https:\\\/\\\/goenvio.es\\\/prensa-y-medios\\\/#breadcrumb\"},\"inLanguage\":\"pt-PT\",\"potentialAction\":[{\"@type\":\"ReadAction\",\"target\":[\"https:\\\/\\\/goenvio.es\\\/prensa-y-medios\\\/\"]}]},{\"@type\":\"BreadcrumbList\",\"@id\":\"https:\\\/\\\/goenvio.es\\\/prensa-y-medios\\\/#breadcrumb\",\"itemListElement\":[{\"@type\":\"ListItem\",\"position\":1,\"name\":\"Home\",\"item\":\"https:\\\/\\\/goenvio.es\\\/\"},{\"@type\":\"ListItem\",\"position\":2,\"name\":\"Prensa y Medios\"}]},{\"@type\":\"WebSite\",\"@id\":\"https:\\\/\\\/goenvio.es\\\/#website\",\"url\":\"https:\\\/\\\/goenvio.es\\\/\",\"name\":\"goenv\u00edo\",\"description\":\"Recogida y env\u00edo de objetos perdidos en aeropuertos, trenes y ciudades\",\"publisher\":{\"@id\":\"https:\\\/\\\/goenvio.es\\\/#organization\"},\"potentialAction\":[{\"@type\":\"SearchAction\",\"target\":{\"@type\":\"EntryPoint\",\"urlTemplate\":\"https:\\\/\\\/goenvio.es\\\/?s={search_term_string}\"},\"query-input\":{\"@type\":\"PropertyValueSpecification\",\"valueRequired\":true,\"valueName\":\"search_term_string\"}}],\"inLanguage\":\"pt-PT\"},{\"@type\":\"Organization\",\"@id\":\"https:\\\/\\\/goenvio.es\\\/#organization\",\"name\":\"goenv\u00edo\",\"url\":\"https:\\\/\\\/goenvio.es\\\/\",\"logo\":{\"@type\":\"ImageObject\",\"inLanguage\":\"pt-PT\",\"@id\":\"https:\\\/\\\/goenvio.es\\\/#\\\/schema\\\/logo\\\/image\\\/\",\"url\":\"\",\"contentUrl\":\"\",\"caption\":\"goenv\u00edo\"},\"image\":{\"@id\":\"https:\\\/\\\/goenvio.es\\\/#\\\/schema\\\/logo\\\/image\\\/\"}}]}<\/script>\n<!-- \/ Yoast SEO Premium plugin. -->","yoast_head_json":{"title":"Imprensa e meios de comunica\u00e7\u00e3o social - Goenv\u00edo","description":"Descubra a Goenv\u00edo, especialista na gest\u00e3o de bens perdidos e de envios internacionais.","robots":{"index":"index","follow":"follow","max-snippet":"max-snippet:-1","max-image-preview":"max-image-preview:large","max-video-preview":"max-video-preview:-1"},"canonical":"https:\/\/goenvio.es\/pt\/imprensa-e-media\/","og_locale":"pt_PT","og_type":"article","og_title":"Prensa y Medios","og_description":"Descubre Goenv\u00edo, expertos en objetos perdidos, gesti\u00f3n de env\u00edos internacionales.","og_url":"https:\/\/goenvio.es\/pt\/imprensa-e-media\/","og_site_name":"Goenv\u00edo","article_modified_time":"2026-03-30T08:08:54+00:00","twitter_card":"summary_large_image","twitter_misc":{"Tempo estimado de leitura":"2 minutos"},"schema":{"@context":"https:\/\/schema.org","@graph":[{"@type":"WebPage","@id":"https:\/\/goenvio.es\/prensa-y-medios\/","url":"https:\/\/goenvio.es\/prensa-y-medios\/","name":"Imprensa e meios de comunica\u00e7\u00e3o social - Goenv\u00edo","isPartOf":{"@id":"https:\/\/goenvio.es\/#website"},"datePublished":"2026-03-24T18:39:35+00:00","dateModified":"2026-03-30T08:08:54+00:00","description":"Descubra a Goenv\u00edo, especialista na gest\u00e3o de bens perdidos e de envios internacionais.","breadcrumb":{"@id":"https:\/\/goenvio.es\/prensa-y-medios\/#breadcrumb"},"inLanguage":"pt-PT","potentialAction":[{"@type":"ReadAction","target":["https:\/\/goenvio.es\/prensa-y-medios\/"]}]},{"@type":"BreadcrumbList","@id":"https:\/\/goenvio.es\/prensa-y-medios\/#breadcrumb","itemListElement":[{"@type":"ListItem","position":1,"name":"Home","item":"https:\/\/goenvio.es\/"},{"@type":"ListItem","position":2,"name":"Prensa y Medios"}]},{"@type":"WebSite","@id":"https:\/\/goenvio.es\/#website","url":"https:\/\/goenvio.es\/","name":"goenv\u00edo","description":"Recolha e encaminhamento de bens perdidos em aeroportos, comboios e cidades","publisher":{"@id":"https:\/\/goenvio.es\/#organization"},"potentialAction":[{"@type":"SearchAction","target":{"@type":"EntryPoint","urlTemplate":"https:\/\/goenvio.es\/?s={search_term_string}"},"query-input":{"@type":"PropertyValueSpecification","valueRequired":true,"valueName":"search_term_string"}}],"inLanguage":"pt-PT"},{"@type":"Organization","@id":"https:\/\/goenvio.es\/#organization","name":"goenv\u00edo","url":"https:\/\/goenvio.es\/","logo":{"@type":"ImageObject","inLanguage":"pt-PT","@id":"https:\/\/goenvio.es\/#\/schema\/logo\/image\/","url":"","contentUrl":"","caption":"goenv\u00edo"},"image":{"@id":"https:\/\/goenvio.es\/#\/schema\/logo\/image\/"}}]}},"_links":{"self":[{"href":"https:\/\/goenvio.es\/pt\/wp-json\/wp\/v2\/pages\/4444","targetHints":{"allow":["GET"]}}],"collection":[{"href":"https:\/\/goenvio.es\/pt\/wp-json\/wp\/v2\/pages"}],"about":[{"href":"https:\/\/goenvio.es\/pt\/wp-json\/wp\/v2\/types\/page"}],"author":[{"embeddable":true,"href":"https:\/\/goenvio.es\/pt\/wp-json\/wp\/v2\/users\/1"}],"replies":[{"embeddable":true,"href":"https:\/\/goenvio.es\/pt\/wp-json\/wp\/v2\/comments?post=4444"}],"version-history":[{"count":10,"href":"https:\/\/goenvio.es\/pt\/wp-json\/wp\/v2\/pages\/4444\/revisions"}],"predecessor-version":[{"id":4601,"href":"https:\/\/goenvio.es\/pt\/wp-json\/wp\/v2\/pages\/4444\/revisions\/4601"}],"wp:attachment":[{"href":"https:\/\/goenvio.es\/pt\/wp-json\/wp\/v2\/media?parent=4444"}],"curies":[{"name":"wp","href":"https:\/\/api.w.org\/{rel}","templated":true}]}}