{"id":839,"date":"2024-05-13T04:12:00","date_gmt":"2024-05-13T04:12:00","guid":{"rendered":"https:\/\/goenvio.es\/?page_id=839"},"modified":"2024-05-13T04:20:11","modified_gmt":"2024-05-13T04:20:11","slug":"zgubione-mienie-na-lotniskach-kroki-do-jego-odzyskania-i-jak-goenvio-ulatwia-ten-proces","status":"publish","type":"page","link":"https:\/\/goenvio.es\/pl\/zgubione-mienie-na-lotniskach-kroki-do-jego-odzyskania-i-jak-goenvio-ulatwia-ten-proces\/","title":{"rendered":"Zguby i znaleziska na lotniskach: kroki do odzyskania i jak GoEnvio u\u0142atwia ten proces"},"content":{"rendered":"<div data-elementor-type=\"wp-page\" data-elementor-id=\"839\" class=\"elementor elementor-839\">\n\t\t\t\t\t\t<section class=\"elementor-section elementor-top-section elementor-element elementor-element-d676a70 elementor-section-full_width elementor-section-stretched elementor-section-height-default elementor-section-height-default\" data-id=\"d676a70\" data-element_type=\"section\" data-e-type=\"section\" data-settings=\"{&quot;stretch_section&quot;:&quot;section-stretched&quot;}\">\n\t\t\t\t\t\t<div class=\"elementor-container elementor-column-gap-wider\">\n\t\t\t\t\t<div class=\"elementor-column elementor-col-100 elementor-top-column elementor-element elementor-element-d57ed04\" data-id=\"d57ed04\" data-element_type=\"column\" data-e-type=\"column\" data-settings=\"{&quot;background_background&quot;:&quot;classic&quot;}\">\n\t\t\t<div class=\"elementor-widget-wrap elementor-element-populated\">\n\t\t\t\t\t\t<section class=\"elementor-section elementor-inner-section elementor-element elementor-element-d3a90e6 elementor-section-boxed elementor-section-height-default elementor-section-height-default\" data-id=\"d3a90e6\" data-element_type=\"section\" data-e-type=\"section\">\n\t\t\t\t\t\t<div class=\"elementor-container elementor-column-gap-default\">\n\t\t\t\t\t<div class=\"elementor-column elementor-col-100 elementor-inner-column elementor-element elementor-element-bd5e915\" data-id=\"bd5e915\" data-element_type=\"column\" data-e-type=\"column\">\n\t\t\t<div class=\"elementor-widget-wrap elementor-element-populated\">\n\t\t\t\t\t\t<section class=\"elementor-section elementor-inner-section elementor-element elementor-element-c100ef7 elementor-section-boxed elementor-section-height-default elementor-section-height-default\" data-id=\"c100ef7\" data-element_type=\"section\" data-e-type=\"section\">\n\t\t\t\t\t\t<div class=\"elementor-container elementor-column-gap-default\">\n\t\t\t\t\t<div class=\"elementor-column elementor-col-25 elementor-inner-column elementor-element elementor-element-8cbaae0\" data-id=\"8cbaae0\" data-element_type=\"column\" data-e-type=\"column\">\n\t\t\t<div class=\"elementor-widget-wrap\">\n\t\t\t\t\t\t\t<\/div>\n\t\t<\/div>\n\t\t\t\t<div class=\"elementor-column elementor-col-50 elementor-inner-column elementor-element elementor-element-f71378a\" data-id=\"f71378a\" data-element_type=\"column\" data-e-type=\"column\">\n\t\t\t<div class=\"elementor-widget-wrap elementor-element-populated\">\n\t\t\t\t\t\t<div class=\"elementor-element elementor-element-598cb93 elementor-widget elementor-widget-heading\" data-id=\"598cb93\" data-element_type=\"widget\" data-e-type=\"widget\" data-widget_type=\"heading.default\">\n\t\t\t\t<div class=\"elementor-widget-container\">\n\t\t\t\t\t<h3 class=\"elementor-heading-title elementor-size-default\">Zguby i znaleziska na lotniskach: kroki do odzyskania i jak GoEnvio u\u0142atwia ten proces\n\n<\/h3>\t\t\t\t<\/div>\n\t\t\t\t<\/div>\n\t\t\t\t<div class=\"elementor-element elementor-element-563c703 elementor-widget-tablet__width-initial elementor-widget elementor-widget-heading\" data-id=\"563c703\" data-element_type=\"widget\" data-e-type=\"widget\" data-widget_type=\"heading.default\">\n\t\t\t\t<div class=\"elementor-widget-container\">\n\t\t\t\t\t<h5 class=\"elementor-heading-title elementor-size-default\">Utrata przedmiot\u00f3w podczas podr\u00f3\u017cy mo\u017ce by\u0107 powa\u017cnym zmartwieniem. Je\u015bli kiedykolwiek zgubi\u0142e\u015b co\u015b na lotnisku, wiesz, jak frustruj\u0105ce mo\u017ce to by\u0107. Istniej\u0105 jednak jasne kroki, kt\u00f3re mo\u017cna podj\u0105\u0107, aby spr\u00f3bowa\u0107 odzyska\u0107 swoje rzeczy, a dzi\u0119ki us\u0142ugom takim jak GoEnvio proces ten mo\u017ce by\u0107 znacznie \u0142atwiejszy i bardziej wydajny. Oto jak post\u0119powa\u0107 i jak nasza us\u0142uga mo\u017ce pom\u00f3c na ka\u017cdym kroku.\n\n\n\n\n\n<\/h5>\t\t\t\t<\/div>\n\t\t\t\t<\/div>\n\t\t\t\t\t<\/div>\n\t\t<\/div>\n\t\t\t\t<div class=\"elementor-column elementor-col-25 elementor-inner-column elementor-element elementor-element-50c51bc\" data-id=\"50c51bc\" data-element_type=\"column\" data-e-type=\"column\">\n\t\t\t<div class=\"elementor-widget-wrap\">\n\t\t\t\t\t\t\t<\/div>\n\t\t<\/div>\n\t\t\t\t\t<\/div>\n\t\t<\/section>\n\t\t\t\t\t<\/div>\n\t\t<\/div>\n\t\t\t\t\t<\/div>\n\t\t<\/section>\n\t\t\t\t\t<\/div>\n\t\t<\/div>\n\t\t\t\t\t<\/div>\n\t\t<\/section>\n\t\t\t\t<section class=\"elementor-section elementor-top-section elementor-element elementor-element-0d58ce0 elementor-section-full_width elementor-section-stretched elementor-section-height-default elementor-section-height-default\" data-id=\"0d58ce0\" data-element_type=\"section\" data-e-type=\"section\" data-settings=\"{&quot;stretch_section&quot;:&quot;section-stretched&quot;,&quot;background_background&quot;:&quot;classic&quot;}\">\n\t\t\t\t\t\t<div class=\"elementor-container elementor-column-gap-default\">\n\t\t\t\t\t<div class=\"elementor-column elementor-col-100 elementor-top-column elementor-element elementor-element-16d11c8\" data-id=\"16d11c8\" data-element_type=\"column\" data-e-type=\"column\" data-settings=\"{&quot;background_background&quot;:&quot;classic&quot;}\">\n\t\t\t<div class=\"elementor-widget-wrap elementor-element-populated\">\n\t\t\t\t\t\t<section class=\"elementor-section elementor-inner-section elementor-element elementor-element-4a1e55a elementor-reverse-tablet elementor-reverse-mobile elementor-section-boxed elementor-section-height-default elementor-section-height-default\" data-id=\"4a1e55a\" data-element_type=\"section\" data-e-type=\"section\" id=\"dental\">\n\t\t\t\t\t\t<div class=\"elementor-container elementor-column-gap-default\">\n\t\t\t\t\t<div class=\"elementor-column elementor-col-50 elementor-inner-column elementor-element elementor-element-6a6be8d\" data-id=\"6a6be8d\" data-element_type=\"column\" data-e-type=\"column\" data-settings=\"{&quot;background_background&quot;:&quot;classic&quot;}\">\n\t\t\t<div class=\"elementor-widget-wrap elementor-element-populated\">\n\t\t\t\t\t\t<div class=\"elementor-element elementor-element-3774c39 elementor-widget elementor-widget-text-editor\" data-id=\"3774c39\" data-element_type=\"widget\" data-e-type=\"widget\" data-widget_type=\"text-editor.default\">\n\t\t\t\t<div class=\"elementor-widget-container\">\n\t\t\t\t\t\t\t\t\t<h3>Krok 1: Zg\u0142oszenie zguby i znaleziska<\/h3><p>Gdy tylko zdasz sobie spraw\u0119, \u017ce co\u015b zgubi\u0142e\u015b, wa\u017cne jest, aby to zg\u0142osi\u0107. Na wi\u0119kszo\u015bci lotnisk znajduje si\u0119 punkt rzeczy znalezionych lub us\u0142uga online, w kt\u00f3rej mo\u017cna zg\u0142osi\u0107 zgub\u0119. Podaj szczeg\u00f3\u0142owy opis przedmiotu, w tym mark\u0119, kolor i wszelkie cechy wyr\u00f3\u017cniaj\u0105ce, kt\u00f3re mog\u0105 pom\u00f3c w jego identyfikacji.<\/p><h3>Krok 2: Odwied\u017a punkt informacyjny<\/h3><p>Je\u015bli nadal jeste\u015b na lotnisku, udaj si\u0119 do punktu informacyjnego lub biura rzeczy znalezionych. Personel pomo\u017ce Ci sprawdzi\u0107, czy Tw\u00f3j przedmiot zosta\u0142 oddany i poinstruuje Ci\u0119, jak post\u0119powa\u0107.<\/p>\t\t\t\t\t\t\t\t<\/div>\n\t\t\t\t<\/div>\n\t\t\t\t\t<\/div>\n\t\t<\/div>\n\t\t\t\t<div class=\"elementor-column elementor-col-50 elementor-inner-column elementor-element elementor-element-5eb845c\" data-id=\"5eb845c\" data-element_type=\"column\" data-e-type=\"column\" data-settings=\"{&quot;background_background&quot;:&quot;classic&quot;}\">\n\t\t\t<div class=\"elementor-widget-wrap elementor-element-populated\">\n\t\t\t\t\t\t<div class=\"elementor-element elementor-element-fe8aa1c elementor-widget elementor-widget-spacer\" data-id=\"fe8aa1c\" data-element_type=\"widget\" data-e-type=\"widget\" data-widget_type=\"spacer.default\">\n\t\t\t\t<div class=\"elementor-widget-container\">\n\t\t\t\t\t\t\t<div class=\"elementor-spacer\">\n\t\t\t<div class=\"elementor-spacer-inner\"><\/div>\n\t\t<\/div>\n\t\t\t\t\t\t<\/div>\n\t\t\t\t<\/div>\n\t\t\t\t\t<\/div>\n\t\t<\/div>\n\t\t\t\t\t<\/div>\n\t\t<\/section>\n\t\t\t\t<section class=\"elementor-section elementor-inner-section elementor-element elementor-element-9f13e75 elementor-section-boxed elementor-section-height-default elementor-section-height-default\" data-id=\"9f13e75\" data-element_type=\"section\" data-e-type=\"section\" id=\"xray\">\n\t\t\t\t\t\t<div class=\"elementor-container elementor-column-gap-default\">\n\t\t\t\t\t<div class=\"elementor-column elementor-col-100 elementor-inner-column elementor-element elementor-element-a864368\" data-id=\"a864368\" data-element_type=\"column\" data-e-type=\"column\" data-settings=\"{&quot;background_background&quot;:&quot;classic&quot;}\">\n\t\t\t<div class=\"elementor-widget-wrap elementor-element-populated\">\n\t\t\t\t\t\t<div class=\"elementor-element elementor-element-a429858 elementor-widget elementor-widget-text-editor\" data-id=\"a429858\" data-element_type=\"widget\" data-e-type=\"widget\" data-widget_type=\"text-editor.default\">\n\t\t\t\t<div class=\"elementor-widget-container\">\n\t\t\t\t\t\t\t\t\t<h3>Krok 3: Utrzymywanie kontaktu<\/h3><p>Je\u015bli przedmiot nie zosta\u0142 natychmiast odnaleziony, wa\u017cne jest, aby utrzymywa\u0107 kontakt z lotniskowym dzia\u0142em rzeczy znalezionych. Wiele lotnisk posiada internetowe systemy rejestracji zagubionego mienia, co pozwala na zdalne sprawdzenie statusu sprawy.<\/p><h3>Krok 4: Skorzystaj z GoEnvio, je\u015bli potrzebujesz pomocy<\/h3><p>Je\u015bli standardowy proces wydaje si\u0119 przyt\u0142aczaj\u0105cy lub po prostu wolisz prostsze i wydajniejsze rozwi\u0105zanie, GoEnvio jest tutaj, aby pom\u00f3c. Nasza us\u0142uga zaprojektowana specjalnie w celu odzyskiwania utraconego mienia na lotniskach zarz\u0105dzanych przez Aena upraszcza ten proces.<\/p>\t\t\t\t\t\t\t\t<\/div>\n\t\t\t\t<\/div>\n\t\t\t\t<div class=\"elementor-element elementor-element-ac07bb3 elementor-widget elementor-widget-heading\" data-id=\"ac07bb3\" data-element_type=\"widget\" data-e-type=\"widget\" data-widget_type=\"heading.default\">\n\t\t\t\t<div class=\"elementor-widget-container\">\n\t\t\t\t\t<h3 class=\"elementor-heading-title elementor-size-default\">\nJak GoEnvio mo\u017ce Ci pom\u00f3c?\n<\/h3>\t\t\t\t<\/div>\n\t\t\t\t<\/div>\n\t\t\t\t<div class=\"elementor-element elementor-element-9902a9f elementor-widget elementor-widget-text-editor\" data-id=\"9902a9f\" data-element_type=\"widget\" data-e-type=\"widget\" data-widget_type=\"text-editor.default\">\n\t\t\t\t<div class=\"elementor-widget-container\">\n\t\t\t\t\t\t\t\t\t<p><strong>Odbi\u00f3r i dostawa:<\/strong> Je\u015bli przedmiot jest zlokalizowany, zajmujemy si\u0119 ca\u0142ym procesem odbioru. Ponadto wysy\u0142amy go bezpo\u015brednio pod wskazany adres w kraju lub za granic\u0105.<\/p><p><strong>Uproszczony proces:<\/strong> Proces ten mo\u017cna rozpocz\u0105\u0107, odwiedzaj\u0105c nasz\u0105 stron\u0119 internetow\u0105 i wype\u0142niaj\u0105c prosty formularz pod adresem <a href=\"https:\/\/goenvio.es\/pl\/oszacowanie-kosztow-wysylki-utraconego-mienia\/\" target=\"_new\" rel=\"noreferrer\">Zam\u00f3w us\u0142ug\u0119 Lost and Found<\/a>. My zajmiemy si\u0119 reszt\u0105, zapewniaj\u0105c bezpieczny i sprawny zwrot zagubionego przedmiotu.<\/p><h3>Wnioski<\/h3><p>Utrata przedmiot\u00f3w na lotnisku nie musi oznacza\u0107 nieszcz\u0119\u015bliwego ko\u0144ca dla Twoich rzeczy. Post\u0119puj\u0105c zgodnie z tymi krokami i korzystaj\u0105c z pomocy GoEnvio, mo\u017cesz znacznie zwi\u0119kszy\u0107 szanse na odzyskanie utraconych przedmiot\u00f3w. Nasza us\u0142uga ma na celu zapewnienie spokoju podr\u00f3\u017cnym, zapewniaj\u0105c, \u017ce nawet je\u015bli co\u015b zostanie zgubione, istnieje niezawodny i skuteczny spos\u00f3b na odzyskanie tego. Podr\u00f3\u017cuj z mniejszym zmartwieniem, wiedz\u0105c, \u017ce GoEnvio jest po Twojej stronie, aby pom\u00f3c Ci odzyska\u0107 to, co Twoje!<\/p>\t\t\t\t\t\t\t\t<\/div>\n\t\t\t\t<\/div>\n\t\t\t\t\t<\/div>\n\t\t<\/div>\n\t\t\t\t\t<\/div>\n\t\t<\/section>\n\t\t\t\t\t<\/div>\n\t\t<\/div>\n\t\t\t\t\t<\/div>\n\t\t<\/section>\n\t\t\t\t<section class=\"elementor-section elementor-top-section elementor-element elementor-element-64e0935 elementor-section-full_width elementor-section-stretched elementor-section-height-default elementor-section-height-default\" data-id=\"64e0935\" data-element_type=\"section\" data-e-type=\"section\" data-settings=\"{&quot;stretch_section&quot;:&quot;section-stretched&quot;}\">\n\t\t\t\t\t\t<div class=\"elementor-container elementor-column-gap-wider\">\n\t\t\t\t\t<div class=\"elementor-column elementor-col-100 elementor-top-column elementor-element elementor-element-3718854\" data-id=\"3718854\" data-element_type=\"column\" data-e-type=\"column\">\n\t\t\t<div class=\"elementor-widget-wrap elementor-element-populated\">\n\t\t\t\t\t\t<section class=\"elementor-section elementor-inner-section elementor-element elementor-element-6462d46 elementor-section-boxed elementor-section-height-default elementor-section-height-default\" data-id=\"6462d46\" data-element_type=\"section\" data-e-type=\"section\" data-settings=\"{&quot;background_background&quot;:&quot;classic&quot;}\">\n\t\t\t\t\t\t<div class=\"elementor-container elementor-column-gap-default\">\n\t\t\t\t\t<div class=\"elementor-column elementor-col-100 elementor-inner-column elementor-element elementor-element-cac5a93\" data-id=\"cac5a93\" data-element_type=\"column\" data-e-type=\"column\" data-settings=\"{&quot;background_background&quot;:&quot;classic&quot;}\">\n\t\t\t<div class=\"elementor-widget-wrap elementor-element-populated\">\n\t\t\t\t\t\t<div class=\"elementor-element elementor-element-96d16a7 elementor-widget__width-initial elementor-widget elementor-widget-heading\" data-id=\"96d16a7\" data-element_type=\"widget\" data-e-type=\"widget\" data-widget_type=\"heading.default\">\n\t\t\t\t<div class=\"elementor-widget-container\">\n\t\t\t\t\t<h3 class=\"elementor-heading-title elementor-size-default\"><p><span style=\"color: #2b6cf5\">Popro\u015b o<\/span> niewi\u0105\u017c\u0105ca oferta &lt;\/p<\/h3>\t\t\t\t<\/div>\n\t\t\t\t<\/div>\n\t\t\t\t<div class=\"elementor-element elementor-element-3f554ac elementor-mobile-align-center elementor-widget-tablet__width-inherit elementor-align-center elementor-widget elementor-widget-button\" data-id=\"3f554ac\" data-element_type=\"widget\" data-e-type=\"widget\" data-widget_type=\"button.default\">\n\t\t\t\t<div class=\"elementor-widget-container\">\n\t\t\t\t\t\t\t\t\t<div class=\"elementor-button-wrapper\">\n\t\t\t\t\t<a class=\"elementor-button elementor-button-link elementor-size-sm\" href=\"\/pl\/oszacowanie-kosztow-wysylki-utraconego-mienia\/\">\n\t\t\t\t\t\t<span class=\"elementor-button-content-wrapper\">\n\t\t\t\t\t\t\t\t\t<span class=\"elementor-button-text\">Kliknij tutaj<\/span>\n\t\t\t\t\t<\/span>\n\t\t\t\t\t<\/a>\n\t\t\t\t<\/div>\n\t\t\t\t\t\t\t\t<\/div>\n\t\t\t\t<\/div>\n\t\t\t\t\t<\/div>\n\t\t<\/div>\n\t\t\t\t\t<\/div>\n\t\t<\/section>\n\t\t\t\t\t<\/div>\n\t\t<\/div>\n\t\t\t\t\t<\/div>\n\t\t<\/section>\n\t\t\t\t<\/div>","protected":false},"excerpt":{"rendered":"<p>Objetos Perdidos en Aeropuertos: Pasos para Recuperarlos y C\u00f3mo GoEnvio Facilita el Proceso Perder objetos durante un viaje puede convertirse en una gran preocupaci\u00f3n. Si alguna<span class=\"excerpt-hellip\"> [\u2026]<\/span><\/p>\n","protected":false},"author":1,"featured_media":0,"parent":0,"menu_order":0,"comment_status":"open","ping_status":"closed","template":"","meta":{"footnotes":""},"class_list":["post-839","page","type-page","status-publish","hentry"],"yoast_head":"<!-- This site is optimized with the Yoast SEO Premium plugin v21.7 (Yoast SEO v27.3) - https:\/\/yoast.com\/product\/yoast-seo-premium-wordpress\/ -->\n<title>Objetos Perdidos en Aeropuertos: Pasos para Recuperarlos y C\u00f3mo GoEnvio Facilita el Proceso - Goenv\u00edo<\/title>\n<meta name=\"robots\" content=\"index, follow, max-snippet:-1, max-image-preview:large, max-video-preview:-1\" \/>\n<link rel=\"canonical\" href=\"https:\/\/goenvio.es\/pl\/zgubione-mienie-na-lotniskach-kroki-do-jego-odzyskania-i-jak-goenvio-ulatwia-ten-proces\/\" \/>\n<meta property=\"og:locale\" content=\"pl_PL\" \/>\n<meta property=\"og:type\" content=\"article\" \/>\n<meta property=\"og:title\" content=\"Objetos Perdidos en Aeropuertos: Pasos para Recuperarlos y C\u00f3mo GoEnvio Facilita el Proceso\" \/>\n<meta property=\"og:description\" content=\"Objetos Perdidos en Aeropuertos: Pasos para Recuperarlos y C\u00f3mo GoEnvio Facilita el Proceso Perder objetos durante un viaje puede convertirse en una gran preocupaci\u00f3n. Si alguna [\u2026]\" \/>\n<meta property=\"og:url\" content=\"https:\/\/goenvio.es\/pl\/zgubione-mienie-na-lotniskach-kroki-do-jego-odzyskania-i-jak-goenvio-ulatwia-ten-proces\/\" \/>\n<meta property=\"og:site_name\" content=\"Goenv\u00edo\" \/>\n<meta property=\"article:modified_time\" content=\"2024-05-13T04:20:11+00:00\" \/>\n<meta name=\"twitter:card\" content=\"summary_large_image\" \/>\n<meta name=\"twitter:label1\" content=\"Szacowany czas czytania\" \/>\n\t<meta name=\"twitter:data1\" content=\"3 minuty\" \/>\n<script type=\"application\/ld+json\" class=\"yoast-schema-graph\">{\"@context\":\"https:\\\/\\\/schema.org\",\"@graph\":[{\"@type\":\"WebPage\",\"@id\":\"https:\\\/\\\/goenvio.es\\\/objetos-perdidos-en-aeropuertos-pasos-para-recuperarlos-y-como-goenvio-facilita-el-proceso\\\/\",\"url\":\"https:\\\/\\\/goenvio.es\\\/objetos-perdidos-en-aeropuertos-pasos-para-recuperarlos-y-como-goenvio-facilita-el-proceso\\\/\",\"name\":\"Objetos Perdidos en Aeropuertos: Pasos para Recuperarlos y C\u00f3mo GoEnvio Facilita el Proceso - Goenv\u00edo\",\"isPartOf\":{\"@id\":\"https:\\\/\\\/goenvio.es\\\/#website\"},\"datePublished\":\"2024-05-13T04:12:00+00:00\",\"dateModified\":\"2024-05-13T04:20:11+00:00\",\"breadcrumb\":{\"@id\":\"https:\\\/\\\/goenvio.es\\\/objetos-perdidos-en-aeropuertos-pasos-para-recuperarlos-y-como-goenvio-facilita-el-proceso\\\/#breadcrumb\"},\"inLanguage\":\"pl-PL\",\"potentialAction\":[{\"@type\":\"ReadAction\",\"target\":[\"https:\\\/\\\/goenvio.es\\\/objetos-perdidos-en-aeropuertos-pasos-para-recuperarlos-y-como-goenvio-facilita-el-proceso\\\/\"]}]},{\"@type\":\"BreadcrumbList\",\"@id\":\"https:\\\/\\\/goenvio.es\\\/objetos-perdidos-en-aeropuertos-pasos-para-recuperarlos-y-como-goenvio-facilita-el-proceso\\\/#breadcrumb\",\"itemListElement\":[{\"@type\":\"ListItem\",\"position\":1,\"name\":\"Home\",\"item\":\"https:\\\/\\\/goenvio.es\\\/\"},{\"@type\":\"ListItem\",\"position\":2,\"name\":\"Objetos Perdidos en Aeropuertos: Pasos para Recuperarlos y C\u00f3mo GoEnvio Facilita el Proceso\"}]},{\"@type\":\"WebSite\",\"@id\":\"https:\\\/\\\/goenvio.es\\\/#website\",\"url\":\"https:\\\/\\\/goenvio.es\\\/\",\"name\":\"goenv\u00edo\",\"description\":\"Recogida y env\u00edo de objetos perdidos en aeropuertos, trenes y ciudades\",\"publisher\":{\"@id\":\"https:\\\/\\\/goenvio.es\\\/#organization\"},\"potentialAction\":[{\"@type\":\"SearchAction\",\"target\":{\"@type\":\"EntryPoint\",\"urlTemplate\":\"https:\\\/\\\/goenvio.es\\\/?s={search_term_string}\"},\"query-input\":{\"@type\":\"PropertyValueSpecification\",\"valueRequired\":true,\"valueName\":\"search_term_string\"}}],\"inLanguage\":\"pl-PL\"},{\"@type\":\"Organization\",\"@id\":\"https:\\\/\\\/goenvio.es\\\/#organization\",\"name\":\"goenv\u00edo\",\"url\":\"https:\\\/\\\/goenvio.es\\\/\",\"logo\":{\"@type\":\"ImageObject\",\"inLanguage\":\"pl-PL\",\"@id\":\"https:\\\/\\\/goenvio.es\\\/#\\\/schema\\\/logo\\\/image\\\/\",\"url\":\"\",\"contentUrl\":\"\",\"caption\":\"goenv\u00edo\"},\"image\":{\"@id\":\"https:\\\/\\\/goenvio.es\\\/#\\\/schema\\\/logo\\\/image\\\/\"}}]}<\/script>\n<!-- \/ Yoast SEO Premium plugin. -->","yoast_head_json":{"title":"Zguby i znaleziska na lotniskach: kroki do odzyskania i jak GoEnvoy u\u0142atwia ten proces - GoEnvoy","robots":{"index":"index","follow":"follow","max-snippet":"max-snippet:-1","max-image-preview":"max-image-preview:large","max-video-preview":"max-video-preview:-1"},"canonical":"https:\/\/goenvio.es\/pl\/zgubione-mienie-na-lotniskach-kroki-do-jego-odzyskania-i-jak-goenvio-ulatwia-ten-proces\/","og_locale":"pl_PL","og_type":"article","og_title":"Objetos Perdidos en Aeropuertos: Pasos para Recuperarlos y C\u00f3mo GoEnvio Facilita el Proceso","og_description":"Objetos Perdidos en Aeropuertos: Pasos para Recuperarlos y C\u00f3mo GoEnvio Facilita el Proceso Perder objetos durante un viaje puede convertirse en una gran preocupaci\u00f3n. Si alguna [\u2026]","og_url":"https:\/\/goenvio.es\/pl\/zgubione-mienie-na-lotniskach-kroki-do-jego-odzyskania-i-jak-goenvio-ulatwia-ten-proces\/","og_site_name":"Goenv\u00edo","article_modified_time":"2024-05-13T04:20:11+00:00","twitter_card":"summary_large_image","twitter_misc":{"Szacowany czas czytania":"3 minuty"},"schema":{"@context":"https:\/\/schema.org","@graph":[{"@type":"WebPage","@id":"https:\/\/goenvio.es\/objetos-perdidos-en-aeropuertos-pasos-para-recuperarlos-y-como-goenvio-facilita-el-proceso\/","url":"https:\/\/goenvio.es\/objetos-perdidos-en-aeropuertos-pasos-para-recuperarlos-y-como-goenvio-facilita-el-proceso\/","name":"Zguby i znaleziska na lotniskach: kroki do odzyskania i jak GoEnvoy u\u0142atwia ten proces - GoEnvoy","isPartOf":{"@id":"https:\/\/goenvio.es\/#website"},"datePublished":"2024-05-13T04:12:00+00:00","dateModified":"2024-05-13T04:20:11+00:00","breadcrumb":{"@id":"https:\/\/goenvio.es\/objetos-perdidos-en-aeropuertos-pasos-para-recuperarlos-y-como-goenvio-facilita-el-proceso\/#breadcrumb"},"inLanguage":"pl-PL","potentialAction":[{"@type":"ReadAction","target":["https:\/\/goenvio.es\/objetos-perdidos-en-aeropuertos-pasos-para-recuperarlos-y-como-goenvio-facilita-el-proceso\/"]}]},{"@type":"BreadcrumbList","@id":"https:\/\/goenvio.es\/objetos-perdidos-en-aeropuertos-pasos-para-recuperarlos-y-como-goenvio-facilita-el-proceso\/#breadcrumb","itemListElement":[{"@type":"ListItem","position":1,"name":"Home","item":"https:\/\/goenvio.es\/"},{"@type":"ListItem","position":2,"name":"Objetos Perdidos en Aeropuertos: Pasos para Recuperarlos y C\u00f3mo GoEnvio Facilita el Proceso"}]},{"@type":"WebSite","@id":"https:\/\/goenvio.es\/#website","url":"https:\/\/goenvio.es\/","name":"goenv\u00edo","description":"Odbi\u00f3r i przekazywanie zagubionego mienia na lotniskach, w poci\u0105gach i miastach","publisher":{"@id":"https:\/\/goenvio.es\/#organization"},"potentialAction":[{"@type":"SearchAction","target":{"@type":"EntryPoint","urlTemplate":"https:\/\/goenvio.es\/?s={search_term_string}"},"query-input":{"@type":"PropertyValueSpecification","valueRequired":true,"valueName":"search_term_string"}}],"inLanguage":"pl-PL"},{"@type":"Organization","@id":"https:\/\/goenvio.es\/#organization","name":"goenv\u00edo","url":"https:\/\/goenvio.es\/","logo":{"@type":"ImageObject","inLanguage":"pl-PL","@id":"https:\/\/goenvio.es\/#\/schema\/logo\/image\/","url":"","contentUrl":"","caption":"goenv\u00edo"},"image":{"@id":"https:\/\/goenvio.es\/#\/schema\/logo\/image\/"}}]}},"_links":{"self":[{"href":"https:\/\/goenvio.es\/pl\/wp-json\/wp\/v2\/pages\/839","targetHints":{"allow":["GET"]}}],"collection":[{"href":"https:\/\/goenvio.es\/pl\/wp-json\/wp\/v2\/pages"}],"about":[{"href":"https:\/\/goenvio.es\/pl\/wp-json\/wp\/v2\/types\/page"}],"author":[{"embeddable":true,"href":"https:\/\/goenvio.es\/pl\/wp-json\/wp\/v2\/users\/1"}],"replies":[{"embeddable":true,"href":"https:\/\/goenvio.es\/pl\/wp-json\/wp\/v2\/comments?post=839"}],"version-history":[{"count":0,"href":"https:\/\/goenvio.es\/pl\/wp-json\/wp\/v2\/pages\/839\/revisions"}],"wp:attachment":[{"href":"https:\/\/goenvio.es\/pl\/wp-json\/wp\/v2\/media?parent=839"}],"curies":[{"name":"wp","href":"https:\/\/api.w.org\/{rel}","templated":true}]}}