{"id":709,"date":"2024-05-12T11:29:28","date_gmt":"2024-05-12T11:29:28","guid":{"rendered":"https:\/\/goenvio.es\/?page_id=709"},"modified":"2024-11-25T08:32:16","modified_gmt":"2024-11-25T08:32:16","slug":"potwierdzenie","status":"publish","type":"page","link":"https:\/\/goenvio.es\/pl\/potwierdzenie\/","title":{"rendered":"Potwierdzenie"},"content":{"rendered":"<div data-elementor-type=\"wp-page\" data-elementor-id=\"709\" class=\"elementor elementor-709\">\n\t\t\t\t\t\t<section class=\"elementor-section elementor-top-section elementor-element elementor-element-20c92f7 elementor-section-full_width elementor-section-stretched elementor-section-height-default elementor-section-height-default\" data-id=\"20c92f7\" data-element_type=\"section\" data-e-type=\"section\" data-settings=\"{&quot;stretch_section&quot;:&quot;section-stretched&quot;}\">\n\t\t\t\t\t\t<div class=\"elementor-container elementor-column-gap-wider\">\n\t\t\t\t\t<div class=\"elementor-column elementor-col-100 elementor-top-column elementor-element elementor-element-0c45c5b\" data-id=\"0c45c5b\" data-element_type=\"column\" data-e-type=\"column\">\n\t\t\t<div class=\"elementor-widget-wrap elementor-element-populated\">\n\t\t\t\t\t\t<section class=\"elementor-section elementor-inner-section elementor-element elementor-element-3868c9a elementor-section-boxed elementor-section-height-default elementor-section-height-default\" data-id=\"3868c9a\" data-element_type=\"section\" data-e-type=\"section\" data-settings=\"{&quot;background_background&quot;:&quot;classic&quot;}\">\n\t\t\t\t\t\t<div class=\"elementor-container elementor-column-gap-default\">\n\t\t\t\t\t<div class=\"elementor-column elementor-col-100 elementor-inner-column elementor-element elementor-element-bc9f5e8\" data-id=\"bc9f5e8\" data-element_type=\"column\" data-e-type=\"column\">\n\t\t\t<div class=\"elementor-widget-wrap elementor-element-populated\">\n\t\t\t\t\t\t<div class=\"elementor-element elementor-element-3302423 elementor-widget elementor-widget-spacer\" data-id=\"3302423\" data-element_type=\"widget\" data-e-type=\"widget\" data-widget_type=\"spacer.default\">\n\t\t\t\t<div class=\"elementor-widget-container\">\n\t\t\t\t\t\t\t<div class=\"elementor-spacer\">\n\t\t\t<div class=\"elementor-spacer-inner\"><\/div>\n\t\t<\/div>\n\t\t\t\t\t\t<\/div>\n\t\t\t\t<\/div>\n\t\t\t\t\t<\/div>\n\t\t<\/div>\n\t\t\t\t\t<\/div>\n\t\t<\/section>\n\t\t\t\t\t<\/div>\n\t\t<\/div>\n\t\t\t\t\t<\/div>\n\t\t<\/section>\n\t\t\t\t<section class=\"elementor-section elementor-top-section elementor-element elementor-element-430b5b9 elementor-section-boxed elementor-section-height-default elementor-section-height-default\" data-id=\"430b5b9\" data-element_type=\"section\" data-e-type=\"section\" data-settings=\"{&quot;background_background&quot;:&quot;classic&quot;}\">\n\t\t\t\t\t\t<div class=\"elementor-container elementor-column-gap-default\">\n\t\t\t\t\t<div class=\"elementor-column elementor-col-100 elementor-top-column elementor-element elementor-element-3718c10\" data-id=\"3718c10\" data-element_type=\"column\" data-e-type=\"column\">\n\t\t\t<div class=\"elementor-widget-wrap elementor-element-populated\">\n\t\t\t\t\t\t<div class=\"elementor-element elementor-element-ba2c2b7 elementor-widget elementor-widget-spacer\" data-id=\"ba2c2b7\" data-element_type=\"widget\" data-e-type=\"widget\" data-widget_type=\"spacer.default\">\n\t\t\t\t<div class=\"elementor-widget-container\">\n\t\t\t\t\t\t\t<div class=\"elementor-spacer\">\n\t\t\t<div class=\"elementor-spacer-inner\"><\/div>\n\t\t<\/div>\n\t\t\t\t\t\t<\/div>\n\t\t\t\t<\/div>\n\t\t\t\t<div class=\"elementor-element elementor-element-e991a95 elementor-widget elementor-widget-html\" data-id=\"e991a95\" data-element_type=\"widget\" data-e-type=\"widget\" data-widget_type=\"html.default\">\n\t\t\t\t<div class=\"elementor-widget-container\">\n\t\t\t\t\t<!DOCTYPE html>\r\n<style>\r\n  \/* Reset de estilos y aislamiento del tema *\/\r\n  .goenvio-confirmation-container,\r\n  .goenvio-confirmation-container * {\r\n    font-family: -apple-system, BlinkMacSystemFont, \"Segoe UI\", Roboto, \"Helvetica Neue\", Arial, sans-serif !important;\r\n    box-sizing: border-box !important;\r\n    line-height: 1.5 !important;\r\n    letter-spacing: normal !important;\r\n    text-transform: none !important;\r\n  }\r\n\r\n  .goenvio-confirmation-container {\r\n    min-height: 50vh;\r\n    background-color: #f9fafb !important;\r\n    padding: 1rem !important;\r\n    display: flex !important;\r\n    align-items: center !important;\r\n    justify-content: center !important;\r\n    width: 100% !important;\r\n    margin: 0 auto !important;\r\n  }\r\n\r\n  .goenvio-card {\r\n    width: 100% !important;\r\n    max-width: 32rem !important;\r\n    background-color: white !important;\r\n    border-radius: 0.5rem !important;\r\n    box-shadow: 0 4px 6px -1px rgba(0, 0, 0, 0.1), 0 2px 4px -1px rgba(0, 0, 0, 0.06) !important;\r\n    overflow: hidden !important;\r\n    margin: 0 auto !important;\r\n    padding: 0 !important;\r\n  }\r\n\r\n  .goenvio-header {\r\n    text-align: center !important;\r\n    padding: 1.5rem 1.5rem 0.5rem 1.5rem !important;\r\n    background: none !important;\r\n    border: none !important;\r\n  }\r\n\r\n  .goenvio-check-circle {\r\n    margin: 0 auto 1rem auto !important;\r\n    width: 4rem !important;\r\n    height: 4rem !important;\r\n    background-color: #d1fae5 !important;\r\n    border-radius: 9999px !important;\r\n    display: flex !important;\r\n    align-items: center !important;\r\n    justify-content: center !important;\r\n  }\r\n\r\n  .goenvio-check-icon {\r\n    color: #059669 !important;\r\n    width: 2rem !important;\r\n    height: 2rem !important;\r\n  }\r\n\r\n  .goenvio-title {\r\n    font-size: 1.5rem !important;\r\n    font-weight: 700 !important;\r\n    color: #111827 !important;\r\n    margin: 0 0 1rem 0 !important;\r\n    padding: 0 !important;\r\n    text-align: center !important;\r\n    border: none !important;\r\n    background: none !important;\r\n    text-transform: none !important;\r\n  }\r\n\r\n  .goenvio-content {\r\n    padding: 1.5rem !important;\r\n    display: flex !important;\r\n    flex-direction: column !important;\r\n    gap: 1.5rem !important;\r\n    background: none !important;\r\n  }\r\n\r\n  .goenvio-message-center {\r\n    text-align: center !important;\r\n    color: #4b5563 !important;\r\n  }\r\n\r\n  .goenvio-message-primary {\r\n    font-size: 1.125rem !important;\r\n    margin: 0 0 1rem 0 !important;\r\n    padding: 0 !important;\r\n    color: #4b5563 !important;\r\n    font-weight: normal !important;\r\n  }\r\n\r\n  .goenvio-email-info {\r\n    display: flex !important;\r\n    align-items: center !important;\r\n    justify-content: center !important;\r\n    color: #2563eb !important;\r\n    gap: 0.5rem !important;\r\n    font-size: 1rem !important;\r\n  }\r\n\r\n  .goenvio-warning-alert {\r\n    background-color: #fff7ed !important;\r\n    border: 1px solid #fed7aa !important;\r\n    border-radius: 0.375rem !important;\r\n    padding: 1rem !important;\r\n    display: flex !important;\r\n    align-items: flex-start !important;\r\n    gap: 0.5rem !important;\r\n    margin: 0 !important;\r\n  }\r\n\r\n  .goenvio-warning-icon {\r\n    color: #ea580c !important;\r\n    width: 1rem !important;\r\n    height: 1rem !important;\r\n    flex-shrink: 0 !important;\r\n  }\r\n\r\n  .goenvio-warning-text {\r\n    color: #9a3412 !important;\r\n    font-size: 0.875rem !important;\r\n    margin: 0 !important;\r\n    padding: 0 !important;\r\n    line-height: 1.25rem !important;\r\n  }\r\n\r\n  .goenvio-footer-text {\r\n    text-align: center !important;\r\n    color: #6b7280 !important;\r\n    font-size: 0.875rem !important;\r\n    padding-top: 1rem !important;\r\n    margin: 0 !important;\r\n  }\r\n<\/style>\r\n\r\n<div class=\"goenvio-confirmation-container\">\r\n  <div class=\"goenvio-card\">\r\n    <div class=\"goenvio-header\">\r\n      <div class=\"goenvio-check-circle\">\r\n        <svg class=\"goenvio-check-icon\" fill=\"none\" stroke=\"currentColor\" viewbox=\"0 0 24 24\" xmlns=\"http:\/\/www.w3.org\/2000\/svg\">\r\n          <path stroke-linecap=\"round\" stroke-linejoin=\"round\" stroke-width=\"2\" d=\"M5 13l4 4L19 7\"><\/path>\r\n        <\/svg>\r\n      <\/div>\r\n      <h1 class=\"goenvio-title\">Potwierdzenie otrzymane!<\/h1>\r\n    <\/div>\r\n    \r\n    <div class=\"goenvio-content\">\r\n      <div class=\"goenvio-message-center\">\r\n        <p class=\"goenvio-message-primary\">\r\n          Wkr\u00f3tce prze\u015blemy wycen\u0119\r\n        <\/p>\r\n        <div class=\"goenvio-email-info\">\r\n          <svg width=\"20\" height=\"20\" fill=\"none\" stroke=\"currentColor\" viewbox=\"0 0 24 24\" xmlns=\"http:\/\/www.w3.org\/2000\/svg\">\r\n            <path stroke-linecap=\"round\" stroke-linejoin=\"round\" stroke-width=\"2\" d=\"M3 8l7.89 5.26a2 2 0 002.22 0L21 8M5 19h14a2 2 0 002-2V7a2 2 0 00-2-2H5a2 2 0 00-2 2v10a2 2 0 002 2z\"><\/path>\r\n          <\/svg>\r\n          <span>Sprawd\u017a poczt\u0119 e-mail<\/span>\r\n        <\/div>\r\n      <\/div>\r\n\r\n      <div class=\"goenvio-warning-alert\">\r\n        <svg class=\"goenvio-warning-icon\" fill=\"none\" stroke=\"currentColor\" viewbox=\"0 0 24 24\" xmlns=\"http:\/\/www.w3.org\/2000\/svg\">\r\n          <path stroke-linecap=\"round\" stroke-linejoin=\"round\" stroke-width=\"2\" d=\"M12 9v2m0 4h.01m-6.938 4h13.856c1.54 0 2.502-1.667 1.732-3L13.732 4c-.77-1.333-2.694-1.333-3.464 0L3.34 16c-.77 1.333.192 3 1.732 3z\"><\/path>\r\n        <\/svg>\r\n        <span class=\"goenvio-warning-text\">\r\n          Je\u015bli nie znajdziesz cytatu w swojej skrzynce odbiorczej, sprawd\u017a folder spamu.\r\n        <\/span>\r\n      <\/div>\r\n\r\n      <div class=\"goenvio-footer-text\">\r\n        Dzi\u0119kujemy za zaufanie GoEnvio\r\n      <\/div>\r\n    <\/div>\r\n  <\/div>\r\n<\/div>\t\t\t\t<\/div>\n\t\t\t\t<\/div>\n\t\t\t\t<div class=\"elementor-element elementor-element-d66ab0f elementor-widget elementor-widget-spacer\" data-id=\"d66ab0f\" data-element_type=\"widget\" data-e-type=\"widget\" data-widget_type=\"spacer.default\">\n\t\t\t\t<div class=\"elementor-widget-container\">\n\t\t\t\t\t\t\t<div class=\"elementor-spacer\">\n\t\t\t<div class=\"elementor-spacer-inner\"><\/div>\n\t\t<\/div>\n\t\t\t\t\t\t<\/div>\n\t\t\t\t<\/div>\n\t\t\t\t\t<\/div>\n\t\t<\/div>\n\t\t\t\t\t<\/div>\n\t\t<\/section>\n\t\t\t\t<\/div>","protected":false},"excerpt":{"rendered":"<p>\u00a1Confirmaci\u00f3n Recibida! Le enviaremos su presupuesto en breve Revise su correo electr\u00f3nico Si no encuentra el presupuesto en su bandeja de entrada, por favor revise su<span class=\"excerpt-hellip\"> [\u2026]<\/span><\/p>\n","protected":false},"author":1,"featured_media":0,"parent":0,"menu_order":0,"comment_status":"open","ping_status":"closed","template":"","meta":{"footnotes":""},"class_list":["post-709","page","type-page","status-publish","hentry"],"yoast_head":"<!-- This site is optimized with the Yoast SEO Premium plugin v21.7 (Yoast SEO v27.3) - https:\/\/yoast.com\/product\/yoast-seo-premium-wordpress\/ -->\n<title>Confirmaci\u00f3n - Goenv\u00edo<\/title>\n<meta name=\"robots\" content=\"index, follow, max-snippet:-1, max-image-preview:large, max-video-preview:-1\" \/>\n<link rel=\"canonical\" href=\"https:\/\/goenvio.es\/pl\/potwierdzenie\/\" \/>\n<meta property=\"og:locale\" content=\"pl_PL\" \/>\n<meta property=\"og:type\" content=\"article\" \/>\n<meta property=\"og:title\" content=\"Confirmaci\u00f3n\" \/>\n<meta property=\"og:description\" content=\"\u00a1Confirmaci\u00f3n Recibida! Le enviaremos su presupuesto en breve Revise su correo electr\u00f3nico Si no encuentra el presupuesto en su bandeja de entrada, por favor revise su [\u2026]\" \/>\n<meta property=\"og:url\" content=\"https:\/\/goenvio.es\/pl\/potwierdzenie\/\" \/>\n<meta property=\"og:site_name\" content=\"Goenv\u00edo\" \/>\n<meta property=\"article:modified_time\" content=\"2024-11-25T08:32:16+00:00\" \/>\n<meta name=\"twitter:card\" content=\"summary_large_image\" \/>\n<meta name=\"twitter:label1\" content=\"Szacowany czas czytania\" \/>\n\t<meta name=\"twitter:data1\" content=\"1 minuta\" \/>\n<script type=\"application\/ld+json\" class=\"yoast-schema-graph\">{\"@context\":\"https:\\\/\\\/schema.org\",\"@graph\":[{\"@type\":\"WebPage\",\"@id\":\"https:\\\/\\\/goenvio.es\\\/confirmacion\\\/\",\"url\":\"https:\\\/\\\/goenvio.es\\\/confirmacion\\\/\",\"name\":\"Confirmaci\u00f3n - Goenv\u00edo\",\"isPartOf\":{\"@id\":\"https:\\\/\\\/goenvio.es\\\/#website\"},\"datePublished\":\"2024-05-12T11:29:28+00:00\",\"dateModified\":\"2024-11-25T08:32:16+00:00\",\"breadcrumb\":{\"@id\":\"https:\\\/\\\/goenvio.es\\\/confirmacion\\\/#breadcrumb\"},\"inLanguage\":\"pl-PL\",\"potentialAction\":[{\"@type\":\"ReadAction\",\"target\":[\"https:\\\/\\\/goenvio.es\\\/confirmacion\\\/\"]}]},{\"@type\":\"BreadcrumbList\",\"@id\":\"https:\\\/\\\/goenvio.es\\\/confirmacion\\\/#breadcrumb\",\"itemListElement\":[{\"@type\":\"ListItem\",\"position\":1,\"name\":\"Home\",\"item\":\"https:\\\/\\\/goenvio.es\\\/\"},{\"@type\":\"ListItem\",\"position\":2,\"name\":\"Confirmaci\u00f3n\"}]},{\"@type\":\"WebSite\",\"@id\":\"https:\\\/\\\/goenvio.es\\\/#website\",\"url\":\"https:\\\/\\\/goenvio.es\\\/\",\"name\":\"goenv\u00edo\",\"description\":\"Recogida y env\u00edo de objetos perdidos en aeropuertos, trenes y ciudades\",\"publisher\":{\"@id\":\"https:\\\/\\\/goenvio.es\\\/#organization\"},\"potentialAction\":[{\"@type\":\"SearchAction\",\"target\":{\"@type\":\"EntryPoint\",\"urlTemplate\":\"https:\\\/\\\/goenvio.es\\\/?s={search_term_string}\"},\"query-input\":{\"@type\":\"PropertyValueSpecification\",\"valueRequired\":true,\"valueName\":\"search_term_string\"}}],\"inLanguage\":\"pl-PL\"},{\"@type\":\"Organization\",\"@id\":\"https:\\\/\\\/goenvio.es\\\/#organization\",\"name\":\"goenv\u00edo\",\"url\":\"https:\\\/\\\/goenvio.es\\\/\",\"logo\":{\"@type\":\"ImageObject\",\"inLanguage\":\"pl-PL\",\"@id\":\"https:\\\/\\\/goenvio.es\\\/#\\\/schema\\\/logo\\\/image\\\/\",\"url\":\"\",\"contentUrl\":\"\",\"caption\":\"goenv\u00edo\"},\"image\":{\"@id\":\"https:\\\/\\\/goenvio.es\\\/#\\\/schema\\\/logo\\\/image\\\/\"}}]}<\/script>\n<!-- \/ Yoast SEO Premium plugin. -->","yoast_head_json":{"title":"Potwierdzenie - Goenvoy","robots":{"index":"index","follow":"follow","max-snippet":"max-snippet:-1","max-image-preview":"max-image-preview:large","max-video-preview":"max-video-preview:-1"},"canonical":"https:\/\/goenvio.es\/pl\/potwierdzenie\/","og_locale":"pl_PL","og_type":"article","og_title":"Confirmaci\u00f3n","og_description":"\u00a1Confirmaci\u00f3n Recibida! Le enviaremos su presupuesto en breve Revise su correo electr\u00f3nico Si no encuentra el presupuesto en su bandeja de entrada, por favor revise su [\u2026]","og_url":"https:\/\/goenvio.es\/pl\/potwierdzenie\/","og_site_name":"Goenv\u00edo","article_modified_time":"2024-11-25T08:32:16+00:00","twitter_card":"summary_large_image","twitter_misc":{"Szacowany czas czytania":"1 minuta"},"schema":{"@context":"https:\/\/schema.org","@graph":[{"@type":"WebPage","@id":"https:\/\/goenvio.es\/confirmacion\/","url":"https:\/\/goenvio.es\/confirmacion\/","name":"Potwierdzenie - Goenvoy","isPartOf":{"@id":"https:\/\/goenvio.es\/#website"},"datePublished":"2024-05-12T11:29:28+00:00","dateModified":"2024-11-25T08:32:16+00:00","breadcrumb":{"@id":"https:\/\/goenvio.es\/confirmacion\/#breadcrumb"},"inLanguage":"pl-PL","potentialAction":[{"@type":"ReadAction","target":["https:\/\/goenvio.es\/confirmacion\/"]}]},{"@type":"BreadcrumbList","@id":"https:\/\/goenvio.es\/confirmacion\/#breadcrumb","itemListElement":[{"@type":"ListItem","position":1,"name":"Home","item":"https:\/\/goenvio.es\/"},{"@type":"ListItem","position":2,"name":"Confirmaci\u00f3n"}]},{"@type":"WebSite","@id":"https:\/\/goenvio.es\/#website","url":"https:\/\/goenvio.es\/","name":"goenv\u00edo","description":"Odbi\u00f3r i przekazywanie zagubionego mienia na lotniskach, w poci\u0105gach i miastach","publisher":{"@id":"https:\/\/goenvio.es\/#organization"},"potentialAction":[{"@type":"SearchAction","target":{"@type":"EntryPoint","urlTemplate":"https:\/\/goenvio.es\/?s={search_term_string}"},"query-input":{"@type":"PropertyValueSpecification","valueRequired":true,"valueName":"search_term_string"}}],"inLanguage":"pl-PL"},{"@type":"Organization","@id":"https:\/\/goenvio.es\/#organization","name":"goenv\u00edo","url":"https:\/\/goenvio.es\/","logo":{"@type":"ImageObject","inLanguage":"pl-PL","@id":"https:\/\/goenvio.es\/#\/schema\/logo\/image\/","url":"","contentUrl":"","caption":"goenv\u00edo"},"image":{"@id":"https:\/\/goenvio.es\/#\/schema\/logo\/image\/"}}]}},"_links":{"self":[{"href":"https:\/\/goenvio.es\/pl\/wp-json\/wp\/v2\/pages\/709","targetHints":{"allow":["GET"]}}],"collection":[{"href":"https:\/\/goenvio.es\/pl\/wp-json\/wp\/v2\/pages"}],"about":[{"href":"https:\/\/goenvio.es\/pl\/wp-json\/wp\/v2\/types\/page"}],"author":[{"embeddable":true,"href":"https:\/\/goenvio.es\/pl\/wp-json\/wp\/v2\/users\/1"}],"replies":[{"embeddable":true,"href":"https:\/\/goenvio.es\/pl\/wp-json\/wp\/v2\/comments?post=709"}],"version-history":[{"count":6,"href":"https:\/\/goenvio.es\/pl\/wp-json\/wp\/v2\/pages\/709\/revisions"}],"predecessor-version":[{"id":1767,"href":"https:\/\/goenvio.es\/pl\/wp-json\/wp\/v2\/pages\/709\/revisions\/1767"}],"wp:attachment":[{"href":"https:\/\/goenvio.es\/pl\/wp-json\/wp\/v2\/media?parent=709"}],"curies":[{"name":"wp","href":"https:\/\/api.w.org\/{rel}","templated":true}]}}