{"id":600,"date":"2024-05-11T07:35:45","date_gmt":"2024-05-11T07:35:45","guid":{"rendered":"https:\/\/goenvio.es\/?page_id=600"},"modified":"2024-05-11T07:36:34","modified_gmt":"2024-05-11T07:36:34","slug":"ta-strona-uzywa-plikow-cookie","status":"publish","type":"page","link":"https:\/\/goenvio.es\/pl\/ta-strona-uzywa-plikow-cookie\/","title":{"rendered":"Ta strona u\u017cywa plik\u00f3w cookie"},"content":{"rendered":"<div data-elementor-type=\"wp-page\" data-elementor-id=\"600\" class=\"elementor elementor-600\">\n\t\t\t\t\t\t<section class=\"elementor-section elementor-top-section elementor-element elementor-element-20c92f7 elementor-section-full_width elementor-section-stretched elementor-section-height-default elementor-section-height-default\" data-id=\"20c92f7\" data-element_type=\"section\" data-e-type=\"section\" data-settings=\"{&quot;stretch_section&quot;:&quot;section-stretched&quot;}\">\n\t\t\t\t\t\t<div class=\"elementor-container elementor-column-gap-wider\">\n\t\t\t\t\t<div class=\"elementor-column elementor-col-100 elementor-top-column elementor-element elementor-element-0c45c5b\" data-id=\"0c45c5b\" data-element_type=\"column\" data-e-type=\"column\">\n\t\t\t<div class=\"elementor-widget-wrap elementor-element-populated\">\n\t\t\t\t\t\t<section class=\"elementor-section elementor-inner-section elementor-element elementor-element-3868c9a elementor-section-boxed elementor-section-height-default elementor-section-height-default\" data-id=\"3868c9a\" data-element_type=\"section\" data-e-type=\"section\" data-settings=\"{&quot;background_background&quot;:&quot;classic&quot;}\">\n\t\t\t\t\t\t<div class=\"elementor-container elementor-column-gap-default\">\n\t\t\t\t\t<div class=\"elementor-column elementor-col-100 elementor-inner-column elementor-element elementor-element-d33c264\" data-id=\"d33c264\" data-element_type=\"column\" data-e-type=\"column\" data-settings=\"{&quot;background_background&quot;:&quot;classic&quot;}\">\n\t\t\t<div class=\"elementor-widget-wrap elementor-element-populated\">\n\t\t\t\t\t\t<div class=\"elementor-element elementor-element-dc8a8cd elementor-widget elementor-widget-spacer\" data-id=\"dc8a8cd\" data-element_type=\"widget\" data-e-type=\"widget\" data-widget_type=\"spacer.default\">\n\t\t\t\t<div class=\"elementor-widget-container\">\n\t\t\t\t\t\t\t<div class=\"elementor-spacer\">\n\t\t\t<div class=\"elementor-spacer-inner\"><\/div>\n\t\t<\/div>\n\t\t\t\t\t\t<\/div>\n\t\t\t\t<\/div>\n\t\t\t\t<div class=\"elementor-element elementor-element-a20e3cf elementor-widget elementor-widget-heading\" data-id=\"a20e3cf\" data-element_type=\"widget\" data-e-type=\"widget\" data-widget_type=\"heading.default\">\n\t\t\t\t<div class=\"elementor-widget-container\">\n\t\t\t\t\t<h1 class=\"elementor-heading-title elementor-size-default\">Ta strona u\u017cywa plik\u00f3w cookie<\/h1>\t\t\t\t<\/div>\n\t\t\t\t<\/div>\n\t\t\t\t<div class=\"elementor-element elementor-element-70d466d elementor-widget elementor-widget-text-editor\" data-id=\"70d466d\" data-element_type=\"widget\" data-e-type=\"widget\" data-widget_type=\"text-editor.default\">\n\t\t\t\t<div class=\"elementor-widget-container\">\n\t\t\t\t\t\t\t\t\t<p>Zgodnie z ustaw\u0105 34\/2002 z dnia 11 lipca 2002 r. o us\u0142ugach spo\u0142ecze\u0144stwa informacyjnego i handlu elektronicznym (LSSICE) informujemy, \u017ce niniejsza strona internetowa Goenvio wykorzystuje pliki cookie.<\/p><p>LSSICE ma zastosowanie do wszelkiego rodzaju plik\u00f3w lub urz\u0105dze\u0144, kt\u00f3re s\u0105 pobierane na urz\u0105dzenie ko\u0144cowe u\u017cytkownika w celu przechowywania danych, kt\u00f3re mog\u0105 by\u0107 aktualizowane i pobierane przez podmiot odpowiedzialny za ich instalacj\u0119. Plik cookie jest jednym z tych powszechnie u\u017cywanych plik\u00f3w, kt\u00f3re b\u0119dziemy nazywa\u0107 og\u00f3lnie plikami cookie.<\/p><p>Pliki cookie to ma\u0142e pliki tekstowe wysy\u0142ane do przegl\u0105darki z serwera internetowego w celu rejestrowania aktywno\u015bci u\u017cytkownika na stronie internetowej, dzi\u0119ki czemu informacje te mo\u017cna p\u00f3\u017aniej odzyska\u0107 podczas przegl\u0105dania r\u00f3\u017cnych stron po\u0142\u0105czonych z serwerem, kt\u00f3ry je zainstalowa\u0142.<\/p><p>Pliki cookie zazwyczaj przechowuj\u0105 informacje o charakterze technicznym, osobiste preferencje, personalizacj\u0119 tre\u015bci, statystyki u\u017cytkowania, linki do sieci spo\u0142eczno\u015bciowych, dost\u0119p do kont u\u017cytkownik\u00f3w itp.<\/p><p>Rodzaje plik\u00f3w cookie<\/p><p>Poni\u017cej pliki cookie zosta\u0142y sklasyfikowane wed\u0142ug szeregu kategorii. Nale\u017cy jednak pami\u0119ta\u0107, \u017ce ten sam plik cookie mo\u017ce nale\u017ce\u0107 do wi\u0119cej ni\u017c jednej kategorii.<\/p><p>Wed\u0142ug podmiotu, kt\u00f3ry nimi zarz\u0105dza<\/p><p>W\u0142asne pliki cookie: S\u0105 to pliki wysy\u0142ane do urz\u0105dzenia ko\u0144cowego u\u017cytkownika z komputera lub domeny zarz\u0105dzanej przez samego redaktora, z kt\u00f3rego \u015bwiadczona jest us\u0142uga \u017c\u0105dana przez u\u017cytkownika.<\/p><p>Pliki cookie stron trzecich: S\u0105 to pliki cookie wysy\u0142ane do urz\u0105dzenia ko\u0144cowego u\u017cytkownika z komputera lub domeny, kt\u00f3ra nie jest zarz\u0105dzana przez redaktora, ale przez inny podmiot, kt\u00f3ry przetwarza dane uzyskane za po\u015brednictwem plik\u00f3w cookie.<\/p><p>W przypadku, gdy pliki cookie s\u0105 instalowane z komputera lub domeny zarz\u0105dzanej przez samego redaktora, ale informacje gromadzone za ich po\u015brednictwem s\u0105 zarz\u0105dzane przez stron\u0119 trzeci\u0105, nie s\u0105 one uwa\u017cane za w\u0142asne pliki cookie.<\/p><p>W zale\u017cno\u015bci od czasu, przez jaki pozostaj\u0105 one aktywne<\/p><p>W zale\u017cno\u015bci od czasu, przez jaki pozostaj\u0105 one aktywne w urz\u0105dzeniu ko\u0144cowym, mo\u017cemy wyr\u00f3\u017cni\u0107:<\/p><p>Sesyjne pliki cookie: S\u0105 to pliki cookie przeznaczone do gromadzenia i przechowywania danych podczas uzyskiwania przez u\u017cytkownika dost\u0119pu do strony internetowej. S\u0105 one zwykle u\u017cywane do przechowywania informacji, kt\u00f3re musz\u0105 by\u0107 przechowywane tylko w celu \u015bwiadczenia us\u0142ugi \u017c\u0105danej przez u\u017cytkownika przy jednej okazji (np. lista zakupionych produkt\u00f3w).<\/p><p>Trwa\u0142e pliki cookie: Jest to rodzaj pliku cookie, w kt\u00f3rym dane pozostaj\u0105 zapisane w terminalu i mog\u0105 by\u0107 dost\u0119pne i przetwarzane przez okres okre\u015blony przez stron\u0119 odpowiedzialn\u0105 za plik cookie, kt\u00f3ry mo\u017ce wynosi\u0107 od kilku minut do kilku lat.<\/p><p>Zgodnie z ich przeznaczeniem<\/p><p>W zale\u017cno\u015bci od celu, w jakim przetwarzane s\u0105 dane uzyskane za pomoc\u0105 plik\u00f3w cookie, mo\u017cemy wyr\u00f3\u017cni\u0107:<\/p><p>Techniczne pliki cookie: S\u0105 to pliki, kt\u00f3re umo\u017cliwiaj\u0105 u\u017cytkownikowi przegl\u0105danie strony internetowej, platformy lub aplikacji i korzystanie z r\u00f3\u017cnych opcji lub us\u0142ug, kt\u00f3re na niej istniej\u0105, takich jak na przyk\u0142ad kontrola ruchu i przesy\u0142ania danych, identyfikacja sesji, dost\u0119p do cz\u0119\u015bci o ograniczonym dost\u0119pie, zapami\u0119tywanie element\u00f3w sk\u0142adaj\u0105cych si\u0119 na zam\u00f3wienie, przeprowadzanie procesu zakupu zam\u00f3wienia, sk\u0142adanie wniosku o rejestracj\u0119 lub udzia\u0142 w wydarzeniu, korzystanie z element\u00f3w bezpiecze\u0144stwa podczas przegl\u0105dania, przechowywanie tre\u015bci do nadawania film\u00f3w lub d\u017awi\u0119ku lub udost\u0119pnianie tre\u015bci za po\u015brednictwem sieci spo\u0142eczno\u015bciowych.<\/p><p>Personalizacyjne pliki cookie: S\u0105 to pliki cookie, kt\u00f3re umo\u017cliwiaj\u0105 u\u017cytkownikowi dost\u0119p do us\u0142ugi z pewnymi predefiniowanymi og\u00f3lnymi cechami w zale\u017cno\u015bci od szeregu kryteri\u00f3w w terminalu u\u017cytkownika, takich jak j\u0119zyk, typ przegl\u0105darki u\u017cywanej do uzyskania dost\u0119pu do us\u0142ugi, konfiguracja regionalna, z kt\u00f3rej uzyskuje si\u0119 dost\u0119p do us\u0142ugi itp.<\/p><p>Analityczne pliki cookie: Te pliki cookie umo\u017cliwiaj\u0105 podmiotowi za nie odpowiedzialnemu monitorowanie i analizowanie zachowa\u0144 u\u017cytkownik\u00f3w stron internetowych, z kt\u00f3rymi s\u0105 powi\u0105zane. Informacje gromadzone za pomoc\u0105 tego rodzaju plik\u00f3w cookie s\u0105 wykorzystywane do pomiaru aktywno\u015bci stron internetowych, aplikacji lub platform oraz do opracowywania profili przegl\u0105dania u\u017cytkownik\u00f3w tych stron, aplikacji i platform w celu wprowadzenia ulepsze\u0144 opartych na analizie danych dotycz\u0105cych korzystania z us\u0142ugi przez u\u017cytkownik\u00f3w.<\/p><p>Reklamowe pliki cookie: S\u0105 to pliki, kt\u00f3re umo\u017cliwiaj\u0105 zarz\u0105dzanie, w mo\u017cliwie najbardziej efektywny spos\u00f3b, przestrzeniami reklamowymi, kt\u00f3re, w stosownych przypadkach, redaktor umie\u015bci\u0142 na stronie internetowej, aplikacji lub platformie, z kt\u00f3rej \u015bwiadczona jest \u017c\u0105dana us\u0142uga, w oparciu o kryteria takie jak edytowana tre\u015b\u0107 lub cz\u0119stotliwo\u015b\u0107 wy\u015bwietlania reklam.<\/p><p>Pliki cookie dotycz\u0105ce reklamy behawioralnej: S\u0105 to pliki cookie, kt\u00f3re umo\u017cliwiaj\u0105 zarz\u0105dzanie, w mo\u017cliwie najbardziej efektywny spos\u00f3b, przestrzeniami reklamowymi, kt\u00f3re, w stosownych przypadkach, wydawca umie\u015bci\u0142 na stronie internetowej, aplikacji lub platformie, z kt\u00f3rej \u015bwiadczona jest \u017c\u0105dana us\u0142uga. Te pliki cookie przechowuj\u0105 informacje na temat zachowania u\u017cytkownik\u00f3w uzyskane poprzez ci\u0105g\u0142\u0105 obserwacj\u0119 ich nawyk\u00f3w przegl\u0105dania, co pozwala na opracowanie konkretnego profilu w celu wy\u015bwietlania reklam opartych na tym samym.<\/p><p>Jak wy\u0142\u0105czy\u0107 pliki cookie w g\u0142\u00f3wnych przegl\u0105darkach internetowych?<\/p><p>Aby skonfigurowa\u0107 korzystanie z plik\u00f3w cookie, prosz\u0119 post\u0119powa\u0107 zgodnie z instrukcjami przegl\u0105darki lub skonsultowa\u0107 si\u0119 z pomoc\u0105 przegl\u0105darki:<\/p><p>Safari<\/p><p>Firefox<\/p><p>Chrom<\/p><p>Opera<\/p><p>Internet Explorer<\/p><p>Kraw\u0119d\u017a<\/p><p>Co si\u0119 stanie, je\u015bli nie zaakceptuj\u0105 Pa\u0144stwo plik\u00f3w cookie?<\/p><p>Odrzucenie plik\u00f3w cookie mo\u017ce uniemo\u017cliwi\u0107 dost\u0119p do spersonalizowanych tre\u015bci i us\u0142ug.<\/p><p>Aktualizacje i zmiany polityki dotycz\u0105cej plik\u00f3w cookie<\/p><p>Goenvio mo\u017ce zmieni\u0107 niniejsz\u0105 polityk\u0119 plik\u00f3w cookie zgodnie z wymogami prawnymi, przepisami, w celu dostosowania polityki do instrukcji wydanych przez Hiszpa\u0144sk\u0105 Agencj\u0119 Ochrony Danych, w kwestiach technicznych lub reorganizacji sieci, dlatego zalecamy okresowe odwiedzanie jej.<\/p><p>Kontakt<\/p><p>Je\u015bli maj\u0105 Pa\u0144stwo jakiekolwiek pytania dotycz\u0105ce sposobu korzystania przez nas z plik\u00f3w cookie, prosimy o przes\u0142anie wiadomo\u015bci e-mail na adres: info@Goenvio.es.<\/p>\t\t\t\t\t\t\t\t<\/div>\n\t\t\t\t<\/div>\n\t\t\t\t\t<\/div>\n\t\t<\/div>\n\t\t\t\t\t<\/div>\n\t\t<\/section>\n\t\t\t\t\t<\/div>\n\t\t<\/div>\n\t\t\t\t\t<\/div>\n\t\t<\/section>\n\t\t\t\t<\/div>","protected":false},"excerpt":{"rendered":"<p>Este sitio utiliza cookies En cumplimiento de la Ley 34\/2002 de 11 de julio de Servicios de la Sociedad de la Informaci\u00f3n y de Comercio Electr\u00f3nico<span class=\"excerpt-hellip\"> [\u2026]<\/span><\/p>\n","protected":false},"author":1,"featured_media":0,"parent":0,"menu_order":0,"comment_status":"open","ping_status":"closed","template":"","meta":{"footnotes":""},"class_list":["post-600","page","type-page","status-publish","hentry"],"yoast_head":"<!-- This site is optimized with the Yoast SEO Premium plugin v21.7 (Yoast SEO v27.3) - https:\/\/yoast.com\/product\/yoast-seo-premium-wordpress\/ -->\n<title>Este sitio utiliza cookies - Goenv\u00edo<\/title>\n<meta name=\"robots\" content=\"index, follow, max-snippet:-1, max-image-preview:large, max-video-preview:-1\" \/>\n<link rel=\"canonical\" href=\"https:\/\/goenvio.es\/pl\/ta-strona-uzywa-plikow-cookie\/\" \/>\n<meta property=\"og:locale\" content=\"pl_PL\" \/>\n<meta property=\"og:type\" content=\"article\" \/>\n<meta property=\"og:title\" content=\"Este sitio utiliza cookies\" \/>\n<meta property=\"og:description\" content=\"Este sitio utiliza cookies En cumplimiento de la Ley 34\/2002 de 11 de julio de Servicios de la Sociedad de la Informaci\u00f3n y de Comercio Electr\u00f3nico [\u2026]\" \/>\n<meta property=\"og:url\" content=\"https:\/\/goenvio.es\/pl\/ta-strona-uzywa-plikow-cookie\/\" \/>\n<meta property=\"og:site_name\" content=\"Goenv\u00edo\" \/>\n<meta property=\"article:modified_time\" content=\"2024-05-11T07:36:34+00:00\" \/>\n<meta name=\"twitter:card\" content=\"summary_large_image\" \/>\n<meta name=\"twitter:label1\" content=\"Szacowany czas czytania\" \/>\n\t<meta name=\"twitter:data1\" content=\"5 minut\" \/>\n<script type=\"application\/ld+json\" class=\"yoast-schema-graph\">{\"@context\":\"https:\\\/\\\/schema.org\",\"@graph\":[{\"@type\":\"WebPage\",\"@id\":\"https:\\\/\\\/goenvio.es\\\/este-sitio-utiliza-cookies\\\/\",\"url\":\"https:\\\/\\\/goenvio.es\\\/este-sitio-utiliza-cookies\\\/\",\"name\":\"Este sitio utiliza cookies - Goenv\u00edo\",\"isPartOf\":{\"@id\":\"https:\\\/\\\/goenvio.es\\\/#website\"},\"datePublished\":\"2024-05-11T07:35:45+00:00\",\"dateModified\":\"2024-05-11T07:36:34+00:00\",\"breadcrumb\":{\"@id\":\"https:\\\/\\\/goenvio.es\\\/este-sitio-utiliza-cookies\\\/#breadcrumb\"},\"inLanguage\":\"pl-PL\",\"potentialAction\":[{\"@type\":\"ReadAction\",\"target\":[\"https:\\\/\\\/goenvio.es\\\/este-sitio-utiliza-cookies\\\/\"]}]},{\"@type\":\"BreadcrumbList\",\"@id\":\"https:\\\/\\\/goenvio.es\\\/este-sitio-utiliza-cookies\\\/#breadcrumb\",\"itemListElement\":[{\"@type\":\"ListItem\",\"position\":1,\"name\":\"Home\",\"item\":\"https:\\\/\\\/goenvio.es\\\/\"},{\"@type\":\"ListItem\",\"position\":2,\"name\":\"Este sitio utiliza cookies\"}]},{\"@type\":\"WebSite\",\"@id\":\"https:\\\/\\\/goenvio.es\\\/#website\",\"url\":\"https:\\\/\\\/goenvio.es\\\/\",\"name\":\"goenv\u00edo\",\"description\":\"Recogida y env\u00edo de objetos perdidos en aeropuertos, trenes y ciudades\",\"publisher\":{\"@id\":\"https:\\\/\\\/goenvio.es\\\/#organization\"},\"potentialAction\":[{\"@type\":\"SearchAction\",\"target\":{\"@type\":\"EntryPoint\",\"urlTemplate\":\"https:\\\/\\\/goenvio.es\\\/?s={search_term_string}\"},\"query-input\":{\"@type\":\"PropertyValueSpecification\",\"valueRequired\":true,\"valueName\":\"search_term_string\"}}],\"inLanguage\":\"pl-PL\"},{\"@type\":\"Organization\",\"@id\":\"https:\\\/\\\/goenvio.es\\\/#organization\",\"name\":\"goenv\u00edo\",\"url\":\"https:\\\/\\\/goenvio.es\\\/\",\"logo\":{\"@type\":\"ImageObject\",\"inLanguage\":\"pl-PL\",\"@id\":\"https:\\\/\\\/goenvio.es\\\/#\\\/schema\\\/logo\\\/image\\\/\",\"url\":\"\",\"contentUrl\":\"\",\"caption\":\"goenv\u00edo\"},\"image\":{\"@id\":\"https:\\\/\\\/goenvio.es\\\/#\\\/schema\\\/logo\\\/image\\\/\"}}]}<\/script>\n<!-- \/ Yoast SEO Premium plugin. -->","yoast_head_json":{"title":"Ta strona korzysta z plik\u00f3w cookie - Goenv\u00edo","robots":{"index":"index","follow":"follow","max-snippet":"max-snippet:-1","max-image-preview":"max-image-preview:large","max-video-preview":"max-video-preview:-1"},"canonical":"https:\/\/goenvio.es\/pl\/ta-strona-uzywa-plikow-cookie\/","og_locale":"pl_PL","og_type":"article","og_title":"Este sitio utiliza cookies","og_description":"Este sitio utiliza cookies En cumplimiento de la Ley 34\/2002 de 11 de julio de Servicios de la Sociedad de la Informaci\u00f3n y de Comercio Electr\u00f3nico [\u2026]","og_url":"https:\/\/goenvio.es\/pl\/ta-strona-uzywa-plikow-cookie\/","og_site_name":"Goenv\u00edo","article_modified_time":"2024-05-11T07:36:34+00:00","twitter_card":"summary_large_image","twitter_misc":{"Szacowany czas czytania":"5 minut"},"schema":{"@context":"https:\/\/schema.org","@graph":[{"@type":"WebPage","@id":"https:\/\/goenvio.es\/este-sitio-utiliza-cookies\/","url":"https:\/\/goenvio.es\/este-sitio-utiliza-cookies\/","name":"Ta strona korzysta z plik\u00f3w cookie - Goenv\u00edo","isPartOf":{"@id":"https:\/\/goenvio.es\/#website"},"datePublished":"2024-05-11T07:35:45+00:00","dateModified":"2024-05-11T07:36:34+00:00","breadcrumb":{"@id":"https:\/\/goenvio.es\/este-sitio-utiliza-cookies\/#breadcrumb"},"inLanguage":"pl-PL","potentialAction":[{"@type":"ReadAction","target":["https:\/\/goenvio.es\/este-sitio-utiliza-cookies\/"]}]},{"@type":"BreadcrumbList","@id":"https:\/\/goenvio.es\/este-sitio-utiliza-cookies\/#breadcrumb","itemListElement":[{"@type":"ListItem","position":1,"name":"Home","item":"https:\/\/goenvio.es\/"},{"@type":"ListItem","position":2,"name":"Este sitio utiliza cookies"}]},{"@type":"WebSite","@id":"https:\/\/goenvio.es\/#website","url":"https:\/\/goenvio.es\/","name":"goenv\u00edo","description":"Odbi\u00f3r i przekazywanie zagubionego mienia na lotniskach, w poci\u0105gach i miastach","publisher":{"@id":"https:\/\/goenvio.es\/#organization"},"potentialAction":[{"@type":"SearchAction","target":{"@type":"EntryPoint","urlTemplate":"https:\/\/goenvio.es\/?s={search_term_string}"},"query-input":{"@type":"PropertyValueSpecification","valueRequired":true,"valueName":"search_term_string"}}],"inLanguage":"pl-PL"},{"@type":"Organization","@id":"https:\/\/goenvio.es\/#organization","name":"goenv\u00edo","url":"https:\/\/goenvio.es\/","logo":{"@type":"ImageObject","inLanguage":"pl-PL","@id":"https:\/\/goenvio.es\/#\/schema\/logo\/image\/","url":"","contentUrl":"","caption":"goenv\u00edo"},"image":{"@id":"https:\/\/goenvio.es\/#\/schema\/logo\/image\/"}}]}},"_links":{"self":[{"href":"https:\/\/goenvio.es\/pl\/wp-json\/wp\/v2\/pages\/600","targetHints":{"allow":["GET"]}}],"collection":[{"href":"https:\/\/goenvio.es\/pl\/wp-json\/wp\/v2\/pages"}],"about":[{"href":"https:\/\/goenvio.es\/pl\/wp-json\/wp\/v2\/types\/page"}],"author":[{"embeddable":true,"href":"https:\/\/goenvio.es\/pl\/wp-json\/wp\/v2\/users\/1"}],"replies":[{"embeddable":true,"href":"https:\/\/goenvio.es\/pl\/wp-json\/wp\/v2\/comments?post=600"}],"version-history":[{"count":0,"href":"https:\/\/goenvio.es\/pl\/wp-json\/wp\/v2\/pages\/600\/revisions"}],"wp:attachment":[{"href":"https:\/\/goenvio.es\/pl\/wp-json\/wp\/v2\/media?parent=600"}],"curies":[{"name":"wp","href":"https:\/\/api.w.org\/{rel}","templated":true}]}}