{"id":587,"date":"2024-05-11T07:28:58","date_gmt":"2024-05-11T07:28:58","guid":{"rendered":"https:\/\/goenvio.es\/?page_id=587"},"modified":"2024-11-01T09:25:39","modified_gmt":"2024-11-01T09:25:39","slug":"ochrona-danych","status":"publish","type":"page","link":"https:\/\/goenvio.es\/pl\/ochrona-danych\/","title":{"rendered":"PRZETWARZANIE DANYCH KLIENT\u00d3W"},"content":{"rendered":"<div data-elementor-type=\"wp-page\" data-elementor-id=\"587\" class=\"elementor elementor-587\">\n\t\t\t\t\t\t<section class=\"elementor-section elementor-top-section elementor-element elementor-element-20c92f7 elementor-section-full_width elementor-section-stretched elementor-section-height-default elementor-section-height-default\" data-id=\"20c92f7\" data-element_type=\"section\" data-e-type=\"section\" data-settings=\"{&quot;stretch_section&quot;:&quot;section-stretched&quot;}\">\n\t\t\t\t\t\t<div class=\"elementor-container elementor-column-gap-wider\">\n\t\t\t\t\t<div class=\"elementor-column elementor-col-100 elementor-top-column elementor-element elementor-element-0c45c5b\" data-id=\"0c45c5b\" data-element_type=\"column\" data-e-type=\"column\">\n\t\t\t<div class=\"elementor-widget-wrap elementor-element-populated\">\n\t\t\t\t\t\t<section class=\"elementor-section elementor-inner-section elementor-element elementor-element-3868c9a elementor-section-boxed elementor-section-height-default elementor-section-height-default\" data-id=\"3868c9a\" data-element_type=\"section\" data-e-type=\"section\" data-settings=\"{&quot;background_background&quot;:&quot;classic&quot;}\">\n\t\t\t\t\t\t<div class=\"elementor-container elementor-column-gap-default\">\n\t\t\t\t\t<div class=\"elementor-column elementor-col-100 elementor-inner-column elementor-element elementor-element-d33c264\" data-id=\"d33c264\" data-element_type=\"column\" data-e-type=\"column\" data-settings=\"{&quot;background_background&quot;:&quot;classic&quot;}\">\n\t\t\t<div class=\"elementor-widget-wrap elementor-element-populated\">\n\t\t\t\t\t\t<div class=\"elementor-element elementor-element-dc8a8cd elementor-widget elementor-widget-spacer\" data-id=\"dc8a8cd\" data-element_type=\"widget\" data-e-type=\"widget\" data-widget_type=\"spacer.default\">\n\t\t\t\t<div class=\"elementor-widget-container\">\n\t\t\t\t\t\t\t<div class=\"elementor-spacer\">\n\t\t\t<div class=\"elementor-spacer-inner\"><\/div>\n\t\t<\/div>\n\t\t\t\t\t\t<\/div>\n\t\t\t\t<\/div>\n\t\t\t\t<div class=\"elementor-element elementor-element-a20e3cf elementor-widget elementor-widget-heading\" data-id=\"a20e3cf\" data-element_type=\"widget\" data-e-type=\"widget\" data-widget_type=\"heading.default\">\n\t\t\t\t<div class=\"elementor-widget-container\">\n\t\t\t\t\t<h1 class=\"elementor-heading-title elementor-size-default\">PRZETWARZANIE DANYCH KLIENT\u00d3W<\/h1>\t\t\t\t<\/div>\n\t\t\t\t<\/div>\n\t\t\t\t<div class=\"elementor-element elementor-element-70d466d elementor-widget elementor-widget-text-editor\" data-id=\"70d466d\" data-element_type=\"widget\" data-e-type=\"widget\" data-widget_type=\"text-editor.default\">\n\t\t\t\t<div class=\"elementor-widget-container\">\n\t\t\t\t\t\t\t\t\t<p>Dane administratora danych:<\/p><p>To\u017csamo\u015b\u0107: AEROSAFE SL - NIF: B05417399<\/p><p>Telefon: 654712208 - E-mail: info@goenvio.es<\/p><p>\"W AEROSAFE SL przetwarzamy informacje podane przez u\u017cytkownika w celu \u015bwiadczenia \u017c\u0105danej us\u0142ugi i wykonywania rozlicze\u0144. Podane dane b\u0119d\u0105 przechowywane tak d\u0142ugo, jak d\u0142ugo b\u0119d\u0105 utrzymywane relacje biznesowe lub przez czas niezb\u0119dny do wype\u0142nienia zobowi\u0105za\u0144 prawnych i wywi\u0105zania si\u0119 z ewentualnych zobowi\u0105za\u0144, kt\u00f3re mog\u0105 wynikn\u0105\u0107 z przestrzegania celu, dla kt\u00f3rego dane zosta\u0142y zebrane. Dane nie b\u0119d\u0105 przekazywane stronom trzecim, z wyj\u0105tkiem przypadk\u00f3w, w kt\u00f3rych istnieje obowi\u0105zek prawny. Masz prawo do uzyskania informacji o tym, czy AEROSAFE SL przetwarza Twoje dane osobowe, aby\u015b m\u00f3g\u0142 skorzysta\u0107 z prawa dost\u0119pu, sprostowania, usuni\u0119cia i przeniesienia danych oraz sprzeciwu i ograniczenia ich przetwarzania przed AEROSAFE SL SL, CALLE PRECIADOS, 3 URBANIZACION URLISA II. 03599, ALTEA, ALICANTE. lub na adres e-mail info@goenvio.es, za\u0142\u0105czaj\u0105c kopi\u0119 dowodu osobistego lub r\u00f3wnowa\u017cnego dokumentu.  Podobnie, a zw\u0142aszcza je\u015bli u\u017cytkownik uzna, \u017ce nie uzyska\u0142 pe\u0142nej satysfakcji z wykonywania swoich praw, mo\u017ce z\u0142o\u017cy\u0107 skarg\u0119 do krajowego organu nadzorczego, kontaktuj\u0105c si\u0119 z Hiszpa\u0144sk\u0105 Agencj\u0105 Ochrony Danych, C\/ Jorge Juan, 6 - 28001 Madryt.<\/p><p>Prosimy r\u00f3wnie\u017c o Pa\u0144stwa zgod\u0119 na oferowanie Pa\u0144stwu produkt\u00f3w i us\u0142ug zwi\u0105zanych z tymi umowami oraz na budowanie lojalno\u015bci klient\u00f3w\".<\/p>\t\t\t\t\t\t\t\t<\/div>\n\t\t\t\t<\/div>\n\t\t\t\t\t<\/div>\n\t\t<\/div>\n\t\t\t\t\t<\/div>\n\t\t<\/section>\n\t\t\t\t\t<\/div>\n\t\t<\/div>\n\t\t\t\t\t<\/div>\n\t\t<\/section>\n\t\t\t\t<\/div>","protected":false},"excerpt":{"rendered":"<p>TRATAMIENTO DE DATOS DE CLIENTES Datos del responsable del tratamiento: Identidad: AEROSAFE SL \u2013 NIF: B05417399 Tel\u00e9fono: 654712208 \u2013 Correo electr\u00f3nico: info@goenvio.es \u201cEn AEROSAFE SL tratamos<span class=\"excerpt-hellip\"> [\u2026]<\/span><\/p>\n","protected":false},"author":1,"featured_media":0,"parent":0,"menu_order":0,"comment_status":"open","ping_status":"closed","template":"","meta":{"footnotes":""},"class_list":["post-587","page","type-page","status-publish","hentry"],"yoast_head":"<!-- This site is optimized with the Yoast SEO Premium plugin v21.7 (Yoast SEO v27.3) - https:\/\/yoast.com\/product\/yoast-seo-premium-wordpress\/ -->\n<title>TRATAMIENTO DE DATOS DE CLIENTES - Goenv\u00edo<\/title>\n<meta name=\"robots\" content=\"index, follow, max-snippet:-1, max-image-preview:large, max-video-preview:-1\" \/>\n<link rel=\"canonical\" href=\"https:\/\/goenvio.es\/pl\/ochrona-danych\/\" \/>\n<meta property=\"og:locale\" content=\"pl_PL\" \/>\n<meta property=\"og:type\" content=\"article\" \/>\n<meta property=\"og:title\" content=\"TRATAMIENTO DE DATOS DE CLIENTES\" \/>\n<meta property=\"og:description\" content=\"TRATAMIENTO DE DATOS DE CLIENTES Datos del responsable del tratamiento: Identidad: AEROSAFE SL \u2013 NIF: B05417399 Tel\u00e9fono: 654712208 \u2013 Correo electr\u00f3nico: info@goenvio.es \u201cEn AEROSAFE SL tratamos [\u2026]\" \/>\n<meta property=\"og:url\" content=\"https:\/\/goenvio.es\/pl\/ochrona-danych\/\" \/>\n<meta property=\"og:site_name\" content=\"Goenv\u00edo\" \/>\n<meta property=\"article:modified_time\" content=\"2024-11-01T09:25:39+00:00\" \/>\n<meta name=\"twitter:card\" content=\"summary_large_image\" \/>\n<meta name=\"twitter:label1\" content=\"Szacowany czas czytania\" \/>\n\t<meta name=\"twitter:data1\" content=\"2 minuty\" \/>\n<script type=\"application\/ld+json\" class=\"yoast-schema-graph\">{\"@context\":\"https:\\\/\\\/schema.org\",\"@graph\":[{\"@type\":\"WebPage\",\"@id\":\"https:\\\/\\\/goenvio.es\\\/proteccion-datos\\\/\",\"url\":\"https:\\\/\\\/goenvio.es\\\/proteccion-datos\\\/\",\"name\":\"TRATAMIENTO DE DATOS DE CLIENTES - Goenv\u00edo\",\"isPartOf\":{\"@id\":\"https:\\\/\\\/goenvio.es\\\/#website\"},\"datePublished\":\"2024-05-11T07:28:58+00:00\",\"dateModified\":\"2024-11-01T09:25:39+00:00\",\"breadcrumb\":{\"@id\":\"https:\\\/\\\/goenvio.es\\\/proteccion-datos\\\/#breadcrumb\"},\"inLanguage\":\"pl-PL\",\"potentialAction\":[{\"@type\":\"ReadAction\",\"target\":[\"https:\\\/\\\/goenvio.es\\\/proteccion-datos\\\/\"]}]},{\"@type\":\"BreadcrumbList\",\"@id\":\"https:\\\/\\\/goenvio.es\\\/proteccion-datos\\\/#breadcrumb\",\"itemListElement\":[{\"@type\":\"ListItem\",\"position\":1,\"name\":\"Home\",\"item\":\"https:\\\/\\\/goenvio.es\\\/\"},{\"@type\":\"ListItem\",\"position\":2,\"name\":\"TRATAMIENTO DE DATOS DE CLIENTES\"}]},{\"@type\":\"WebSite\",\"@id\":\"https:\\\/\\\/goenvio.es\\\/#website\",\"url\":\"https:\\\/\\\/goenvio.es\\\/\",\"name\":\"goenv\u00edo\",\"description\":\"Recogida y env\u00edo de objetos perdidos en aeropuertos, trenes y ciudades\",\"publisher\":{\"@id\":\"https:\\\/\\\/goenvio.es\\\/#organization\"},\"potentialAction\":[{\"@type\":\"SearchAction\",\"target\":{\"@type\":\"EntryPoint\",\"urlTemplate\":\"https:\\\/\\\/goenvio.es\\\/?s={search_term_string}\"},\"query-input\":{\"@type\":\"PropertyValueSpecification\",\"valueRequired\":true,\"valueName\":\"search_term_string\"}}],\"inLanguage\":\"pl-PL\"},{\"@type\":\"Organization\",\"@id\":\"https:\\\/\\\/goenvio.es\\\/#organization\",\"name\":\"goenv\u00edo\",\"url\":\"https:\\\/\\\/goenvio.es\\\/\",\"logo\":{\"@type\":\"ImageObject\",\"inLanguage\":\"pl-PL\",\"@id\":\"https:\\\/\\\/goenvio.es\\\/#\\\/schema\\\/logo\\\/image\\\/\",\"url\":\"\",\"contentUrl\":\"\",\"caption\":\"goenv\u00edo\"},\"image\":{\"@id\":\"https:\\\/\\\/goenvio.es\\\/#\\\/schema\\\/logo\\\/image\\\/\"}}]}<\/script>\n<!-- \/ Yoast SEO Premium plugin. -->","yoast_head_json":{"title":"PRZETWARZANIE DANYCH KLIENTA - Goenv\u00edo","robots":{"index":"index","follow":"follow","max-snippet":"max-snippet:-1","max-image-preview":"max-image-preview:large","max-video-preview":"max-video-preview:-1"},"canonical":"https:\/\/goenvio.es\/pl\/ochrona-danych\/","og_locale":"pl_PL","og_type":"article","og_title":"TRATAMIENTO DE DATOS DE CLIENTES","og_description":"TRATAMIENTO DE DATOS DE CLIENTES Datos del responsable del tratamiento: Identidad: AEROSAFE SL \u2013 NIF: B05417399 Tel\u00e9fono: 654712208 \u2013 Correo electr\u00f3nico: info@goenvio.es \u201cEn AEROSAFE SL tratamos [\u2026]","og_url":"https:\/\/goenvio.es\/pl\/ochrona-danych\/","og_site_name":"Goenv\u00edo","article_modified_time":"2024-11-01T09:25:39+00:00","twitter_card":"summary_large_image","twitter_misc":{"Szacowany czas czytania":"2 minuty"},"schema":{"@context":"https:\/\/schema.org","@graph":[{"@type":"WebPage","@id":"https:\/\/goenvio.es\/proteccion-datos\/","url":"https:\/\/goenvio.es\/proteccion-datos\/","name":"PRZETWARZANIE DANYCH KLIENTA - Goenv\u00edo","isPartOf":{"@id":"https:\/\/goenvio.es\/#website"},"datePublished":"2024-05-11T07:28:58+00:00","dateModified":"2024-11-01T09:25:39+00:00","breadcrumb":{"@id":"https:\/\/goenvio.es\/proteccion-datos\/#breadcrumb"},"inLanguage":"pl-PL","potentialAction":[{"@type":"ReadAction","target":["https:\/\/goenvio.es\/proteccion-datos\/"]}]},{"@type":"BreadcrumbList","@id":"https:\/\/goenvio.es\/proteccion-datos\/#breadcrumb","itemListElement":[{"@type":"ListItem","position":1,"name":"Home","item":"https:\/\/goenvio.es\/"},{"@type":"ListItem","position":2,"name":"TRATAMIENTO DE DATOS DE CLIENTES"}]},{"@type":"WebSite","@id":"https:\/\/goenvio.es\/#website","url":"https:\/\/goenvio.es\/","name":"goenv\u00edo","description":"Odbi\u00f3r i przekazywanie zagubionego mienia na lotniskach, w poci\u0105gach i miastach","publisher":{"@id":"https:\/\/goenvio.es\/#organization"},"potentialAction":[{"@type":"SearchAction","target":{"@type":"EntryPoint","urlTemplate":"https:\/\/goenvio.es\/?s={search_term_string}"},"query-input":{"@type":"PropertyValueSpecification","valueRequired":true,"valueName":"search_term_string"}}],"inLanguage":"pl-PL"},{"@type":"Organization","@id":"https:\/\/goenvio.es\/#organization","name":"goenv\u00edo","url":"https:\/\/goenvio.es\/","logo":{"@type":"ImageObject","inLanguage":"pl-PL","@id":"https:\/\/goenvio.es\/#\/schema\/logo\/image\/","url":"","contentUrl":"","caption":"goenv\u00edo"},"image":{"@id":"https:\/\/goenvio.es\/#\/schema\/logo\/image\/"}}]}},"_links":{"self":[{"href":"https:\/\/goenvio.es\/pl\/wp-json\/wp\/v2\/pages\/587","targetHints":{"allow":["GET"]}}],"collection":[{"href":"https:\/\/goenvio.es\/pl\/wp-json\/wp\/v2\/pages"}],"about":[{"href":"https:\/\/goenvio.es\/pl\/wp-json\/wp\/v2\/types\/page"}],"author":[{"embeddable":true,"href":"https:\/\/goenvio.es\/pl\/wp-json\/wp\/v2\/users\/1"}],"replies":[{"embeddable":true,"href":"https:\/\/goenvio.es\/pl\/wp-json\/wp\/v2\/comments?post=587"}],"version-history":[{"count":0,"href":"https:\/\/goenvio.es\/pl\/wp-json\/wp\/v2\/pages\/587\/revisions"}],"wp:attachment":[{"href":"https:\/\/goenvio.es\/pl\/wp-json\/wp\/v2\/media?parent=587"}],"curies":[{"name":"wp","href":"https:\/\/api.w.org\/{rel}","templated":true}]}}