{"id":4494,"date":"2026-03-26T15:21:25","date_gmt":"2026-03-26T15:21:25","guid":{"rendered":"https:\/\/goenvio.es\/"},"modified":"2026-03-27T14:51:15","modified_gmt":"2026-03-27T14:51:15","slug":"gdzie-pracujemy","status":"publish","type":"page","link":"https:\/\/goenvio.es\/pl\/gdzie-pracujemy\/","title":{"rendered":"Gdzie pracujemy"},"content":{"rendered":"<div data-elementor-type=\"wp-page\" data-elementor-id=\"4494\" class=\"elementor elementor-4494\">\n\t\t\t\t\t\t<section class=\"elementor-section elementor-top-section elementor-element elementor-element-d676a70 elementor-section-full_width elementor-section-stretched elementor-section-height-default elementor-section-height-default\" data-id=\"d676a70\" data-element_type=\"section\" data-e-type=\"section\" data-settings=\"{&quot;stretch_section&quot;:&quot;section-stretched&quot;}\">\n\t\t\t\t\t\t<div class=\"elementor-container elementor-column-gap-wider\">\n\t\t\t\t\t<div class=\"elementor-column elementor-col-100 elementor-top-column elementor-element elementor-element-d57ed04\" data-id=\"d57ed04\" data-element_type=\"column\" data-e-type=\"column\" data-settings=\"{&quot;background_background&quot;:&quot;classic&quot;}\">\n\t\t\t<div class=\"elementor-widget-wrap elementor-element-populated\">\n\t\t\t\t\t\t<section class=\"elementor-section elementor-inner-section elementor-element elementor-element-d3a90e6 elementor-section-boxed elementor-section-height-default elementor-section-height-default\" data-id=\"d3a90e6\" data-element_type=\"section\" data-e-type=\"section\">\n\t\t\t\t\t\t<div class=\"elementor-container elementor-column-gap-default\">\n\t\t\t\t\t<div class=\"elementor-column elementor-col-100 elementor-inner-column elementor-element elementor-element-21837a2\" data-id=\"21837a2\" data-element_type=\"column\" data-e-type=\"column\">\n\t\t\t<div class=\"elementor-widget-wrap elementor-element-populated\">\n\t\t\t\t\t\t<div class=\"elementor-element elementor-element-ded9929 elementor-widget elementor-widget-html\" data-id=\"ded9929\" data-element_type=\"widget\" data-e-type=\"widget\" data-widget_type=\"html.default\">\n\t\t\t\t<div class=\"elementor-widget-container\">\n\t\t\t\t\t<div id=\"goenvio-loc-header-standalone\">\r\n    <style>\r\n        @import url('https:\/\/fonts.googleapis.com\/css2?family=Montserrat:wght@400;500;600;700;800&display=swap');\r\n\r\n        #goenvio-loc-header-standalone {\r\n            all: initial;\r\n            display: block;\r\n            font-family: 'Montserrat', sans-serif;\r\n            box-sizing: border-box;\r\n            width: 100%;\r\n            background: transparent;\r\n            padding: 40px 20px 20px;\r\n            text-align: center;\r\n        }\r\n        #goenvio-loc-header-standalone * { box-sizing: border-box; }\r\n\r\n        .ge-loc-header-inner {\r\n            max-width: 750px;\r\n            margin: 0 auto;\r\n        }\r\n\r\n        .ge-loc-label {\r\n            display: inline-block;\r\n            font-size: 12px;\r\n            font-weight: 800;\r\n            color: #1a6bff;\r\n            text-transform: uppercase;\r\n            letter-spacing: 2px;\r\n            margin-bottom: 15px;\r\n            background: rgba(26, 107, 255, 0.08);\r\n            padding: 6px 16px;\r\n            border-radius: 100px;\r\n        }\r\n\r\n        .ge-loc-title {\r\n            font-size: clamp(32px, 5vw, 46px);\r\n            font-weight: 800;\r\n            color: #0a1628;\r\n            line-height: 1.15;\r\n            margin-bottom: 20px;\r\n        }\r\n\r\n        .ge-loc-title span { color: #1a6bff; }\r\n\r\n        .ge-loc-subtitle {\r\n            font-size: 18px;\r\n            color: #5a6478;\r\n            line-height: 1.6;\r\n            margin: 0;\r\n        }\r\n    <\/style>\r\n\r\n    <div class=\"ge-loc-header-inner\">\r\n        <span class=\"ge-loc-label\">Gdzie pracujemy<\/span>\r\n        <h2 class=\"ge-loc-title\">Odzyskujemy przedmioty <span>gdziekolwiek jeste\u015b<\/span><\/h2>\r\n        <p class=\"ge-loc-subtitle\">Zarz\u0105dzamy odbiorem i wysy\u0142k\u0105 z g\u0142\u00f3wnych biur rzeczy znalezionych dowolnymi \u015brodkami transportu.<\/p>\r\n    <\/div>\r\n<\/div>\t\t\t\t<\/div>\n\t\t\t\t<\/div>\n\t\t\t\t\t<\/div>\n\t\t<\/div>\n\t\t\t\t\t<\/div>\n\t\t<\/section>\n\t\t\t\t\t<\/div>\n\t\t<\/div>\n\t\t\t\t\t<\/div>\n\t\t<\/section>\n\t\t\t\t<section class=\"elementor-section elementor-top-section elementor-element elementor-element-976eeff elementor-section-full_width elementor-section-stretched elementor-section-height-default elementor-section-height-default\" data-id=\"976eeff\" data-element_type=\"section\" data-e-type=\"section\" data-settings=\"{&quot;stretch_section&quot;:&quot;section-stretched&quot;}\">\n\t\t\t\t\t\t<div class=\"elementor-container elementor-column-gap-default\">\n\t\t\t\t\t<div class=\"elementor-column elementor-col-100 elementor-top-column elementor-element elementor-element-f0017e7\" data-id=\"f0017e7\" data-element_type=\"column\" data-e-type=\"column\">\n\t\t\t<div class=\"elementor-widget-wrap elementor-element-populated\">\n\t\t\t\t\t\t<div class=\"elementor-element elementor-element-8c8ddeb elementor-widget-mobile__width-inherit elementor-widget elementor-widget-html\" data-id=\"8c8ddeb\" data-element_type=\"widget\" data-e-type=\"widget\" data-widget_type=\"html.default\">\n\t\t\t\t<div class=\"elementor-widget-container\">\n\t\t\t\t\t<div id=\"goenvio-loc-grid-standalone\">\r\n    <style>\r\n        @import url('https:\/\/fonts.googleapis.com\/css2?family=Montserrat:wght@400;500;600;700;800&display=swap');\r\n\r\n        #goenvio-loc-grid-standalone {\r\n            all: initial;\r\n            display: block;\r\n            font-family: 'Montserrat', sans-serif;\r\n            box-sizing: border-box;\r\n            width: 100%;\r\n            background: transparent;\r\n            padding: 20px 20px 80px;\r\n        }\r\n        #goenvio-loc-grid-standalone * { box-sizing: border-box; }\r\n\r\n        .ge-loc-container {\r\n            max-width: 1140px;\r\n            margin: 0 auto;\r\n        }\r\n\r\n        \/* --- GRID DE TARJETAS --- *\/\r\n        .ge-loc-grid {\r\n            display: grid;\r\n            grid-template-columns: 1fr;\r\n            gap: 25px;\r\n            margin-bottom: 60px;\r\n        }\r\n\r\n        @media (min-width: 768px) {\r\n            .ge-loc-grid { grid-template-columns: repeat(2, 1fr); }\r\n        }\r\n\r\n        @media (min-width: 1024px) {\r\n            .ge-loc-grid { grid-template-columns: repeat(3, 1fr); gap: 30px; }\r\n        }\r\n\r\n        \/* --- TARJETA INDIVIDUAL --- *\/\r\n        .ge-loc-card {\r\n            background: #ffffff;\r\n            border-radius: 28px;\r\n            padding: 35px 30px;\r\n            border: 1px solid rgba(26, 107, 255, 0.08);\r\n            box-shadow: 0 10px 30px rgba(10, 22, 40, 0.04);\r\n            transition: all 0.4s cubic-bezier(0.165, 0.84, 0.44, 1);\r\n            text-decoration: none;\r\n            display: flex;\r\n            flex-direction: column;\r\n            height: 100%;\r\n        }\r\n\r\n        .ge-loc-card:hover {\r\n            transform: translateY(-8px);\r\n            box-shadow: 0 20px 40px rgba(26, 107, 255, 0.1);\r\n            border-color: rgba(26, 107, 255, 0.25);\r\n        }\r\n\r\n        .ge-loc-icon-wrap {\r\n            width: 64px;\r\n            height: 64px;\r\n            background: #eff6ff;\r\n            border-radius: 20px;\r\n            display: flex;\r\n            align-items: center;\r\n            justify-content: center;\r\n            margin-bottom: 25px;\r\n            transition: all 0.3s ease;\r\n        }\r\n\r\n        .ge-loc-card:hover .ge-loc-icon-wrap {\r\n            background: #1a6bff;\r\n            transform: scale(1.05) rotate(-3deg);\r\n        }\r\n\r\n        .ge-loc-icon-wrap svg {\r\n            width: 32px;\r\n            height: 32px;\r\n            color: #1a6bff;\r\n            transition: color 0.3s ease;\r\n        }\r\n\r\n        .ge-loc-card:hover .ge-loc-icon-wrap svg { color: #ffffff; }\r\n\r\n        .ge-loc-card-title {\r\n            font-size: 20px;\r\n            font-weight: 700;\r\n            color: #0a1628;\r\n            margin-bottom: 12px;\r\n            line-height: 1.3;\r\n        }\r\n\r\n        .ge-loc-card-text {\r\n            font-size: 15px;\r\n            color: #5a6478;\r\n            line-height: 1.6;\r\n            margin-bottom: 25px;\r\n            flex-grow: 1;\r\n        }\r\n\r\n        .ge-loc-link {\r\n            font-size: 15px;\r\n            font-weight: 700;\r\n            color: #1a6bff;\r\n            display: flex;\r\n            align-items: center;\r\n            gap: 6px;\r\n            transition: gap 0.3s ease;\r\n            margin-top: auto;\r\n        }\r\n\r\n        .ge-loc-card:hover .ge-loc-link { gap: 12px; }\r\n        .ge-loc-link svg { width: 18px; height: 18px; stroke-width: 2.5; }\r\n\r\n        \/* --- CTA FINAL (SOLICITAR ENV\u00cdO) --- *\/\r\n        .ge-loc-cta {\r\n            background: #0a1628;\r\n            border-radius: 32px;\r\n            padding: 50px 30px;\r\n            text-align: center;\r\n            position: relative;\r\n            overflow: hidden;\r\n            display: flex;\r\n            flex-direction: column;\r\n            align-items: center;\r\n            justify-content: center;\r\n            box-shadow: 0 20px 40px rgba(10, 22, 40, 0.15);\r\n        }\r\n\r\n        @media (min-width: 768px) {\r\n            .ge-loc-cta {\r\n                padding: 60px 50px;\r\n            }\r\n        }\r\n\r\n        .ge-loc-cta::before {\r\n            content: '';\r\n            position: absolute;\r\n            top: -50%;\r\n            left: -50%;\r\n            width: 200%;\r\n            height: 200%;\r\n            background: radial-gradient(circle, rgba(26, 107, 255, 0.15) 0%, transparent 60%);\r\n            pointer-events: none;\r\n        }\r\n\r\n        .ge-loc-cta-title {\r\n            font-size: clamp(24px, 4vw, 36px);\r\n            font-weight: 800;\r\n            color: #ffffff;\r\n            margin-bottom: 15px;\r\n            position: relative;\r\n            z-index: 2;\r\n        }\r\n\r\n        .ge-loc-cta-text {\r\n            font-size: 16px;\r\n            color: rgba(255, 255, 255, 0.7);\r\n            margin-bottom: 35px;\r\n            max-width: 600px;\r\n            line-height: 1.6;\r\n            position: relative;\r\n            z-index: 2;\r\n        }\r\n\r\n        .ge-loc-btn {\r\n            display: inline-flex;\r\n            align-items: center;\r\n            gap: 10px;\r\n            background: #1a6bff;\r\n            color: #ffffff;\r\n            padding: 18px 40px;\r\n            border-radius: 100px;\r\n            font-size: 16px;\r\n            font-weight: 700;\r\n            text-decoration: none;\r\n            transition: all 0.3s ease;\r\n            position: relative;\r\n            z-index: 2;\r\n            box-shadow: 0 10px 20px rgba(26, 107, 255, 0.3);\r\n        }\r\n\r\n        .ge-loc-btn:hover {\r\n            background: #ffffff;\r\n            color: #1a6bff;\r\n            transform: translateY(-4px);\r\n            box-shadow: 0 15px 30px rgba(255, 255, 255, 0.2);\r\n        }\r\n\r\n        .ge-loc-btn svg {\r\n            width: 20px;\r\n            height: 20px;\r\n            stroke-width: 2.5;\r\n            transition: transform 0.3s ease;\r\n        }\r\n\r\n        .ge-loc-btn:hover svg {\r\n            transform: translateX(4px);\r\n        }\r\n    <\/style>\r\n\r\n    <div class=\"ge-loc-container\">\r\n        \r\n        <div class=\"ge-loc-grid\">\r\n            \r\n            <a href=\"https:\/\/goenvio.es\/pl\/zagubione-mienie-na-lotniskach\/\" class=\"ge-loc-card\">\r\n                <div class=\"ge-loc-icon-wrap\">\r\n                    <svg viewbox=\"0 0 24 24\" fill=\"none\" stroke=\"currentColor\" stroke-width=\"1.5\" stroke-linecap=\"round\" stroke-linejoin=\"round\"><path d=\"M12 2C11.4 2 11 2.4 11 3V10L3 14V16L11 13.5V19L9 20.5V22L12 21L15 22V20.5L13 19V13.5L21 16V14L13 10V3C13 2.4 12.6 2 12 2Z\"\/><\/svg>\r\n                <\/div>\r\n                <h3 class=\"ge-loc-card-title\">Lotniska<\/h3>\r\n                <p class=\"ge-loc-card-text\">Biura Lost &amp; Found na lotniskach AENA i lotniskach mi\u0119dzynarodowych. Odzyskujemy baga\u017c lub rzeczy zapomniane w terminalu.<\/p>\r\n                <div class=\"ge-loc-link\">Zobacz lotniska <svg viewbox=\"0 0 24 24\" fill=\"none\" stroke=\"currentColor\"><path d=\"M5 12h14m-7-7 7 7-7 7\"\/><\/svg><\/div>\r\n            <\/a>\r\n\r\n            <a href=\"https:\/\/goenvio.es\/pl\/linie-lotnicze-utraconego-mienia\/\" class=\"ge-loc-card\">\r\n                <div class=\"ge-loc-icon-wrap\">\r\n                    <svg viewbox=\"0 0 24 24\" fill=\"none\" stroke=\"currentColor\" stroke-linecap=\"round\" stroke-linejoin=\"round\"><path d=\"M2 9a3 3 0 0 1 0 6v2a2 2 0 0 0 2 2h16a2 2 0 0 0 2-2v-2a3 3 0 0 1 0-6V7a2 2 0 0 0-2-2H4a2 2 0 0 0-2 2Z\"\/><path d=\"M13 5v2\"\/><path d=\"M13 17v2\"\/><path d=\"M13 11v2\"\/><\/svg>\r\n                <\/div>\r\n                <h3 class=\"ge-loc-card-title\">Linie lotnicze<\/h3>\r\n                <p class=\"ge-loc-card-text\">Zapomnia\u0142e\u015b czego\u015b w samolocie? Wsp\u00f3\u0142pracujemy bezpo\u015brednio z dzia\u0142ami mienia znalezionego linii lotniczych.<\/p>\r\n                <div class=\"ge-loc-link\">Zobacz linie lotnicze <svg viewbox=\"0 0 24 24\" fill=\"none\" stroke=\"currentColor\"><path d=\"M5 12h14m-7-7 7 7-7 7\"\/><\/svg><\/div>\r\n            <\/a>\r\n\r\n            <a href=\"https:\/\/goenvio.es\/pl\/utracone-mienie-wynajem-samochodu\/\" class=\"ge-loc-card\">\r\n                <div class=\"ge-loc-icon-wrap\">\r\n                    <svg viewbox=\"0 0 24 24\" fill=\"none\" stroke=\"currentColor\" stroke-linecap=\"round\" stroke-linejoin=\"round\"><path d=\"M19 17h2c.6 0 1-.4 1-1v-3c0-.9-.7-1.7-1.5-1.9C18.7 10.6 16 10 16 10s-1.3-1.4-2.2-2.3c-.5-.4-1.1-.7-1.8-.7H5c-.6 0-1.1.4-1.4.9l-1.4 2.9A3.7 3.7 0 0 0 2 12v4c0 .6.4 1 1 1h2\"\/><circle cx=\"7\" cy=\"17\" r=\"2\"\/><path d=\"M9 17h6\"\/><circle cx=\"17\" cy=\"17\" r=\"2\"\/><\/svg>\r\n                <\/div>\r\n                <h3 class=\"ge-loc-card-title\">Wynajem samochod\u00f3w<\/h3>\r\n                <p class=\"ge-loc-card-text\">Odbieramy zapomniane przedmioty z pojazd\u00f3w Rent a Car (Avis, Hertz, Europcar, Enterprise itp.) i wysy\u0142amy je do Ciebie.<\/p>\r\n                <div class=\"ge-loc-link\">Zobacz wynajem samochodu <svg viewbox=\"0 0 24 24\" fill=\"none\" stroke=\"currentColor\"><path d=\"M5 12h14m-7-7 7 7-7 7\"\/><\/svg><\/div>\r\n            <\/a>\r\n\r\n            <a href=\"https:\/\/goenvio.es\/pl\/utracone-mienie-pociag-i-stacje\/\" class=\"ge-loc-card\">\r\n                <div class=\"ge-loc-icon-wrap\">\r\n                    <svg viewbox=\"0 0 24 24\" fill=\"none\" stroke=\"currentColor\" stroke-linecap=\"round\" stroke-linejoin=\"round\"><rect x=\"4\" y=\"3\" width=\"16\" height=\"16\" rx=\"2\"\/><path d=\"M4 11h16\"\/><path d=\"M12 3v8\"\/><path d=\"m8 19-2 3\"\/><path d=\"m18 22-2-3\"\/><path d=\"M8 15h0\"\/><path d=\"M16 15h0\"\/><\/svg>\r\n                <\/div>\r\n                <h3 class=\"ge-loc-card-title\">Poci\u0105gi i stacje<\/h3>\r\n                <p class=\"ge-loc-card-text\">Zarz\u0105dzanie na stacjach ADIF, Renfe, AVE, Ouigo i Iryo. Odzyskujemy rzeczy pozostawione w wagonie lub na stacji.<\/p>\r\n                <div class=\"ge-loc-link\">Zobacz stacje <svg viewbox=\"0 0 24 24\" fill=\"none\" stroke=\"currentColor\"><path d=\"M5 12h14m-7-7 7 7-7 7\"\/><\/svg><\/div>\r\n            <\/a>\r\n\r\n            <a href=\"https:\/\/goenvio.es\/pl\/zgubione-mienie-w-autobusach\/\" class=\"ge-loc-card\">\r\n                <div class=\"ge-loc-icon-wrap\">\r\n                    <svg viewbox=\"0 0 24 24\" fill=\"none\" stroke=\"currentColor\" stroke-linecap=\"round\" stroke-linejoin=\"round\"><path d=\"M8 6v6\"\/><path d=\"M15 6v6\"\/><path d=\"M2 12h19.6\"\/><path d=\"M18 18h3s.5-1.7.8-2.8c.1-.4.2-.8.2-1.2 0-.4-.1-.8-.2-1.2l-1.4-5C20.1 6.8 19.1 6 18 6H4a2 2 0 0 0-2 2v10h3\"\/><circle cx=\"7\" cy=\"18\" r=\"2\"\/><path d=\"M9 18h5\"\/><circle cx=\"16\" cy=\"18\" r=\"2\"\/><\/svg>\r\n                <\/div>\r\n                <h3 class=\"ge-loc-card-title\">Autobusy<\/h3>\r\n                <p class=\"ge-loc-card-text\">Dworce autobusowe i floty transportu mi\u0119dzymiastowego (Alsa, Avanza itp.). Zajmujemy si\u0119 odbiorem.<\/p>\r\n                <div class=\"ge-loc-link\">Zobacz autobusy <svg viewbox=\"0 0 24 24\" fill=\"none\" stroke=\"currentColor\"><path d=\"M5 12h14m-7-7 7 7-7 7\"\/><\/svg><\/div>\r\n            <\/a>\r\n\r\n            <a href=\"https:\/\/goenvio.es\/pl\/zagubione-mienie-miasto-hiszpania-latwa-dostawa-do-domu\/\" class=\"ge-loc-card\">\r\n                <div class=\"ge-loc-icon-wrap\">\r\n                    <svg viewbox=\"0 0 24 24\" fill=\"none\" stroke=\"currentColor\" stroke-linecap=\"round\" stroke-linejoin=\"round\"><rect x=\"4\" y=\"2\" width=\"16\" height=\"20\" rx=\"2\" ry=\"2\"\/><path d=\"M9 22v-4h6v4\"\/><path d=\"M8 6h.01\"\/><path d=\"M16 6h.01\"\/><path d=\"M12 6h.01\"\/><path d=\"M12 10h.01\"\/><path d=\"M12 14h.01\"\/><path d=\"M16 10h.01\"\/><path d=\"M16 14h.01\"\/><path d=\"M8 10h.01\"\/><path d=\"M8 14h.01\"\/><\/svg>\r\n                <\/div>\r\n                <h3 class=\"ge-loc-card-title\">W mie\u015bcie<\/h3>\r\n                <p class=\"ge-loc-card-text\">W\u0142adze miasta, lokalna policja, hotele lub miejsca wydarze\u0144. Je\u015bli znajduje si\u0119 on w oficjalnym urz\u0119dzie miasta, wy\u015blemy go do Ciebie.<\/p>\r\n                <div class=\"ge-loc-link\">Zobacz miasta <svg viewbox=\"0 0 24 24\" fill=\"none\" stroke=\"currentColor\"><path d=\"M5 12h14m-7-7 7 7-7 7\"\/><\/svg><\/div>\r\n            <\/a>\r\n\r\n        <\/div>\r\n\r\n        <div class=\"ge-loc-cta\">\r\n            <h3 class=\"ge-loc-cta-title\">Czy wiesz ju\u017c, gdzie znajduje si\u0119 tw\u00f3j obiekt?<\/h3>\r\n            <p class=\"ge-loc-cta-text\">Nie tra\u0107 wi\u0119cej czasu. Popro\u015b o niezobowi\u0105zuj\u0105c\u0105 wycen\u0119, a my odbierzemy j\u0105 i dostarczymy osobi\u015bcie.<\/p>\r\n            <a href=\"https:\/\/goenvio.es\/pl\/oszacowanie-kosztow-wysylki-utraconego-mienia\/\" class=\"ge-loc-btn\">\r\n                Zam\u00f3w przesy\u0142k\u0119 teraz\r\n                <svg viewbox=\"0 0 24 24\" fill=\"none\" stroke=\"currentColor\" stroke-linecap=\"round\" stroke-linejoin=\"round\"><path d=\"M5 12h14m-7-7 7 7-7 7\"\/><\/svg>\r\n            <\/a>\r\n        <\/div>\r\n\r\n    <\/div>\r\n<\/div>\t\t\t\t<\/div>\n\t\t\t\t<\/div>\n\t\t\t\t\t<\/div>\n\t\t<\/div>\n\t\t\t\t\t<\/div>\n\t\t<\/section>\n\t\t\t\t<\/div>","protected":false},"excerpt":{"rendered":"<p>D\u00f3nde Trabajamos Recuperamos tus objetos est\u00e9s donde est\u00e9s Gestionamos la recogida y el env\u00edo desde las principales oficinas de objetos perdidos de cualquier medio de transporte.<span class=\"excerpt-hellip\"> [\u2026]<\/span><\/p>\n","protected":false},"author":1,"featured_media":0,"parent":0,"menu_order":0,"comment_status":"closed","ping_status":"closed","template":"elementor_header_footer","meta":{"footnotes":""},"class_list":["post-4494","page","type-page","status-publish","hentry"],"yoast_head":"<!-- This site is optimized with the Yoast SEO Premium plugin v21.7 (Yoast SEO v27.3) - https:\/\/yoast.com\/product\/yoast-seo-premium-wordpress\/ -->\n<title>Oficinas de Objetos Perdidos: Todos los Puntos de Recogida<\/title>\n<meta name=\"description\" content=\"Consulta todas las oficinas de objetos perdidos donde recogemos: aeropuertos, estaciones de tren, autobuses, hoteles y rent a car. Env\u00edo a cualquier destino.\" \/>\n<meta name=\"robots\" content=\"index, follow, max-snippet:-1, max-image-preview:large, max-video-preview:-1\" \/>\n<link rel=\"canonical\" href=\"https:\/\/goenvio.es\/pl\/gdzie-pracujemy\/\" \/>\n<meta property=\"og:locale\" content=\"pl_PL\" \/>\n<meta property=\"og:type\" content=\"article\" \/>\n<meta property=\"og:title\" content=\"D\u00f3nde trabajamos\" \/>\n<meta property=\"og:description\" content=\"Consulta todas las oficinas de objetos perdidos donde recogemos: aeropuertos, estaciones de tren, autobuses, hoteles y rent a car. Env\u00edo a cualquier destino.\" \/>\n<meta property=\"og:url\" content=\"https:\/\/goenvio.es\/pl\/gdzie-pracujemy\/\" \/>\n<meta property=\"og:site_name\" content=\"Goenv\u00edo\" \/>\n<meta property=\"article:modified_time\" content=\"2026-03-27T14:51:15+00:00\" \/>\n<meta name=\"twitter:card\" content=\"summary_large_image\" \/>\n<meta name=\"twitter:label1\" content=\"Szacowany czas czytania\" \/>\n\t<meta name=\"twitter:data1\" content=\"1 minuta\" \/>\n<script type=\"application\/ld+json\" class=\"yoast-schema-graph\">{\"@context\":\"https:\\\/\\\/schema.org\",\"@graph\":[{\"@type\":\"WebPage\",\"@id\":\"https:\\\/\\\/goenvio.es\\\/donde-trabajamos\\\/\",\"url\":\"https:\\\/\\\/goenvio.es\\\/donde-trabajamos\\\/\",\"name\":\"Oficinas de Objetos Perdidos: Todos los Puntos de Recogida\",\"isPartOf\":{\"@id\":\"https:\\\/\\\/goenvio.es\\\/#website\"},\"datePublished\":\"2026-03-26T15:21:25+00:00\",\"dateModified\":\"2026-03-27T14:51:15+00:00\",\"description\":\"Consulta todas las oficinas de objetos perdidos donde recogemos: aeropuertos, estaciones de tren, autobuses, hoteles y rent a car. Env\u00edo a cualquier destino.\",\"breadcrumb\":{\"@id\":\"https:\\\/\\\/goenvio.es\\\/donde-trabajamos\\\/#breadcrumb\"},\"inLanguage\":\"pl-PL\",\"potentialAction\":[{\"@type\":\"ReadAction\",\"target\":[\"https:\\\/\\\/goenvio.es\\\/donde-trabajamos\\\/\"]}]},{\"@type\":\"BreadcrumbList\",\"@id\":\"https:\\\/\\\/goenvio.es\\\/donde-trabajamos\\\/#breadcrumb\",\"itemListElement\":[{\"@type\":\"ListItem\",\"position\":1,\"name\":\"Home\",\"item\":\"https:\\\/\\\/goenvio.es\\\/\"},{\"@type\":\"ListItem\",\"position\":2,\"name\":\"D\u00f3nde trabajamos\"}]},{\"@type\":\"WebSite\",\"@id\":\"https:\\\/\\\/goenvio.es\\\/#website\",\"url\":\"https:\\\/\\\/goenvio.es\\\/\",\"name\":\"goenv\u00edo\",\"description\":\"Recogida y env\u00edo de objetos perdidos en aeropuertos, trenes y ciudades\",\"publisher\":{\"@id\":\"https:\\\/\\\/goenvio.es\\\/#organization\"},\"potentialAction\":[{\"@type\":\"SearchAction\",\"target\":{\"@type\":\"EntryPoint\",\"urlTemplate\":\"https:\\\/\\\/goenvio.es\\\/?s={search_term_string}\"},\"query-input\":{\"@type\":\"PropertyValueSpecification\",\"valueRequired\":true,\"valueName\":\"search_term_string\"}}],\"inLanguage\":\"pl-PL\"},{\"@type\":\"Organization\",\"@id\":\"https:\\\/\\\/goenvio.es\\\/#organization\",\"name\":\"goenv\u00edo\",\"url\":\"https:\\\/\\\/goenvio.es\\\/\",\"logo\":{\"@type\":\"ImageObject\",\"inLanguage\":\"pl-PL\",\"@id\":\"https:\\\/\\\/goenvio.es\\\/#\\\/schema\\\/logo\\\/image\\\/\",\"url\":\"\",\"contentUrl\":\"\",\"caption\":\"goenv\u00edo\"},\"image\":{\"@id\":\"https:\\\/\\\/goenvio.es\\\/#\\\/schema\\\/logo\\\/image\\\/\"}}]}<\/script>\n<!-- \/ Yoast SEO Premium plugin. -->","yoast_head_json":{"title":"Biura rzeczy znalezionych: Wszystkie punkty odbioru","description":"Sprawd\u017a wszystkie biura rzeczy znalezionych, w kt\u00f3rych odbieramy: lotniska, dworce kolejowe, autobusy, hotele i wypo\u017cyczalnie samochod\u00f3w. Dostawa do dowolnego miejsca docelowego.","robots":{"index":"index","follow":"follow","max-snippet":"max-snippet:-1","max-image-preview":"max-image-preview:large","max-video-preview":"max-video-preview:-1"},"canonical":"https:\/\/goenvio.es\/pl\/gdzie-pracujemy\/","og_locale":"pl_PL","og_type":"article","og_title":"D\u00f3nde trabajamos","og_description":"Consulta todas las oficinas de objetos perdidos donde recogemos: aeropuertos, estaciones de tren, autobuses, hoteles y rent a car. Env\u00edo a cualquier destino.","og_url":"https:\/\/goenvio.es\/pl\/gdzie-pracujemy\/","og_site_name":"Goenv\u00edo","article_modified_time":"2026-03-27T14:51:15+00:00","twitter_card":"summary_large_image","twitter_misc":{"Szacowany czas czytania":"1 minuta"},"schema":{"@context":"https:\/\/schema.org","@graph":[{"@type":"WebPage","@id":"https:\/\/goenvio.es\/donde-trabajamos\/","url":"https:\/\/goenvio.es\/donde-trabajamos\/","name":"Biura rzeczy znalezionych: Wszystkie punkty odbioru","isPartOf":{"@id":"https:\/\/goenvio.es\/#website"},"datePublished":"2026-03-26T15:21:25+00:00","dateModified":"2026-03-27T14:51:15+00:00","description":"Sprawd\u017a wszystkie biura rzeczy znalezionych, w kt\u00f3rych odbieramy: lotniska, dworce kolejowe, autobusy, hotele i wypo\u017cyczalnie samochod\u00f3w. Dostawa do dowolnego miejsca docelowego.","breadcrumb":{"@id":"https:\/\/goenvio.es\/donde-trabajamos\/#breadcrumb"},"inLanguage":"pl-PL","potentialAction":[{"@type":"ReadAction","target":["https:\/\/goenvio.es\/donde-trabajamos\/"]}]},{"@type":"BreadcrumbList","@id":"https:\/\/goenvio.es\/donde-trabajamos\/#breadcrumb","itemListElement":[{"@type":"ListItem","position":1,"name":"Home","item":"https:\/\/goenvio.es\/"},{"@type":"ListItem","position":2,"name":"D\u00f3nde trabajamos"}]},{"@type":"WebSite","@id":"https:\/\/goenvio.es\/#website","url":"https:\/\/goenvio.es\/","name":"goenv\u00edo","description":"Odbi\u00f3r i przekazywanie zagubionego mienia na lotniskach, w poci\u0105gach i miastach","publisher":{"@id":"https:\/\/goenvio.es\/#organization"},"potentialAction":[{"@type":"SearchAction","target":{"@type":"EntryPoint","urlTemplate":"https:\/\/goenvio.es\/?s={search_term_string}"},"query-input":{"@type":"PropertyValueSpecification","valueRequired":true,"valueName":"search_term_string"}}],"inLanguage":"pl-PL"},{"@type":"Organization","@id":"https:\/\/goenvio.es\/#organization","name":"goenv\u00edo","url":"https:\/\/goenvio.es\/","logo":{"@type":"ImageObject","inLanguage":"pl-PL","@id":"https:\/\/goenvio.es\/#\/schema\/logo\/image\/","url":"","contentUrl":"","caption":"goenv\u00edo"},"image":{"@id":"https:\/\/goenvio.es\/#\/schema\/logo\/image\/"}}]}},"_links":{"self":[{"href":"https:\/\/goenvio.es\/pl\/wp-json\/wp\/v2\/pages\/4494","targetHints":{"allow":["GET"]}}],"collection":[{"href":"https:\/\/goenvio.es\/pl\/wp-json\/wp\/v2\/pages"}],"about":[{"href":"https:\/\/goenvio.es\/pl\/wp-json\/wp\/v2\/types\/page"}],"author":[{"embeddable":true,"href":"https:\/\/goenvio.es\/pl\/wp-json\/wp\/v2\/users\/1"}],"replies":[{"embeddable":true,"href":"https:\/\/goenvio.es\/pl\/wp-json\/wp\/v2\/comments?post=4494"}],"version-history":[{"count":10,"href":"https:\/\/goenvio.es\/pl\/wp-json\/wp\/v2\/pages\/4494\/revisions"}],"predecessor-version":[{"id":4524,"href":"https:\/\/goenvio.es\/pl\/wp-json\/wp\/v2\/pages\/4494\/revisions\/4524"}],"wp:attachment":[{"href":"https:\/\/goenvio.es\/pl\/wp-json\/wp\/v2\/media?parent=4494"}],"curies":[{"name":"wp","href":"https:\/\/api.w.org\/{rel}","templated":true}]}}