{"id":13,"date":"2022-10-18T10:54:12","date_gmt":"2022-10-18T10:54:12","guid":{"rendered":"https:\/\/goenvio.es\/?page_id=13"},"modified":"2024-05-13T03:45:57","modified_gmt":"2024-05-13T03:45:57","slug":"odzyskaj-utracona-wlasnosc-na-lotniskach-z-goenvio","status":"publish","type":"page","link":"https:\/\/goenvio.es\/pl\/odzyskaj-utracona-wlasnosc-na-lotniskach-z-goenvio\/","title":{"rendered":"Odzyskiwanie zgubionych i znalezionych rzeczy na lotniskach z GoEnvio"},"content":{"rendered":"<div data-elementor-type=\"wp-page\" data-elementor-id=\"13\" class=\"elementor elementor-13\">\n\t\t\t\t\t\t<section class=\"elementor-section elementor-top-section elementor-element elementor-element-d676a70 elementor-section-full_width elementor-section-stretched elementor-section-height-default elementor-section-height-default\" data-id=\"d676a70\" data-element_type=\"section\" data-e-type=\"section\" data-settings=\"{&quot;stretch_section&quot;:&quot;section-stretched&quot;}\">\n\t\t\t\t\t\t<div class=\"elementor-container elementor-column-gap-wider\">\n\t\t\t\t\t<div class=\"elementor-column elementor-col-100 elementor-top-column elementor-element elementor-element-d57ed04\" data-id=\"d57ed04\" data-element_type=\"column\" data-e-type=\"column\" data-settings=\"{&quot;background_background&quot;:&quot;classic&quot;}\">\n\t\t\t<div class=\"elementor-widget-wrap elementor-element-populated\">\n\t\t\t\t\t\t<section class=\"elementor-section elementor-inner-section elementor-element elementor-element-d3a90e6 elementor-section-boxed elementor-section-height-default elementor-section-height-default\" data-id=\"d3a90e6\" data-element_type=\"section\" data-e-type=\"section\">\n\t\t\t\t\t\t<div class=\"elementor-container elementor-column-gap-default\">\n\t\t\t\t\t<div class=\"elementor-column elementor-col-100 elementor-inner-column elementor-element elementor-element-bd5e915\" data-id=\"bd5e915\" data-element_type=\"column\" data-e-type=\"column\">\n\t\t\t<div class=\"elementor-widget-wrap elementor-element-populated\">\n\t\t\t\t\t\t<section class=\"elementor-section elementor-inner-section elementor-element elementor-element-c100ef7 elementor-section-boxed elementor-section-height-default elementor-section-height-default\" data-id=\"c100ef7\" data-element_type=\"section\" data-e-type=\"section\">\n\t\t\t\t\t\t<div class=\"elementor-container elementor-column-gap-default\">\n\t\t\t\t\t<div class=\"elementor-column elementor-col-25 elementor-inner-column elementor-element elementor-element-8cbaae0\" data-id=\"8cbaae0\" data-element_type=\"column\" data-e-type=\"column\">\n\t\t\t<div class=\"elementor-widget-wrap\">\n\t\t\t\t\t\t\t<\/div>\n\t\t<\/div>\n\t\t\t\t<div class=\"elementor-column elementor-col-50 elementor-inner-column elementor-element elementor-element-f71378a\" data-id=\"f71378a\" data-element_type=\"column\" data-e-type=\"column\">\n\t\t\t<div class=\"elementor-widget-wrap elementor-element-populated\">\n\t\t\t\t\t\t<div class=\"elementor-element elementor-element-598cb93 elementor-widget elementor-widget-heading\" data-id=\"598cb93\" data-element_type=\"widget\" data-e-type=\"widget\" data-widget_type=\"heading.default\">\n\t\t\t\t<div class=\"elementor-widget-container\">\n\t\t\t\t\t<h3 class=\"elementor-heading-title elementor-size-default\">Rewolucja w powrocie zgubionych i znalezionych na lotniskach<\/h3>\t\t\t\t<\/div>\n\t\t\t\t<\/div>\n\t\t\t\t<div class=\"elementor-element elementor-element-563c703 elementor-widget-tablet__width-initial elementor-widget elementor-widget-heading\" data-id=\"563c703\" data-element_type=\"widget\" data-e-type=\"widget\" data-widget_type=\"heading.default\">\n\t\t\t\t<div class=\"elementor-widget-container\">\n\t\t\t\t\t<h5 class=\"elementor-heading-title elementor-size-default\">Czy kiedykolwiek dotar\u0142e\u015b do miejsca docelowego tylko po to, aby zda\u0107 sobie spraw\u0119, \u017ce zostawi\u0142e\u015b co\u015b wa\u017cnego na lotnisku? Nie jeste\u015b sam. Ka\u017cdego roku tysi\u0105ce podr\u00f3\u017cnych traci na lotniskach przedmioty osobiste, od telefon\u00f3w kom\u00f3rkowych i portfeli po walizki i prezenty. Uczucie utraty czego\u015b, zw\u0142aszcza gdy jeste\u015b z dala od domu, mo\u017ce by\u0107 bardzo stresuj\u0105ce. W tym miejscu pojawia si\u0119 nasza us\u0142uga Goenv\u00edo, kt\u00f3ra zapewnia praktyczne rozwi\u0105zanie umo\u017cliwiaj\u0105ce odzyskanie utraconych rzeczy.\n\n\n\n\n\n\n\n<\/h5>\t\t\t\t<\/div>\n\t\t\t\t<\/div>\n\t\t\t\t\t<\/div>\n\t\t<\/div>\n\t\t\t\t<div class=\"elementor-column elementor-col-25 elementor-inner-column elementor-element elementor-element-50c51bc\" data-id=\"50c51bc\" data-element_type=\"column\" data-e-type=\"column\">\n\t\t\t<div class=\"elementor-widget-wrap\">\n\t\t\t\t\t\t\t<\/div>\n\t\t<\/div>\n\t\t\t\t\t<\/div>\n\t\t<\/section>\n\t\t\t\t\t<\/div>\n\t\t<\/div>\n\t\t\t\t\t<\/div>\n\t\t<\/section>\n\t\t\t\t\t<\/div>\n\t\t<\/div>\n\t\t\t\t\t<\/div>\n\t\t<\/section>\n\t\t\t\t<section class=\"elementor-section elementor-top-section elementor-element elementor-element-0d58ce0 elementor-section-full_width elementor-section-stretched elementor-section-height-default elementor-section-height-default\" data-id=\"0d58ce0\" data-element_type=\"section\" data-e-type=\"section\" data-settings=\"{&quot;stretch_section&quot;:&quot;section-stretched&quot;,&quot;background_background&quot;:&quot;classic&quot;}\">\n\t\t\t\t\t\t<div class=\"elementor-container elementor-column-gap-default\">\n\t\t\t\t\t<div class=\"elementor-column elementor-col-100 elementor-top-column elementor-element elementor-element-16d11c8\" data-id=\"16d11c8\" data-element_type=\"column\" data-e-type=\"column\" data-settings=\"{&quot;background_background&quot;:&quot;classic&quot;}\">\n\t\t\t<div class=\"elementor-widget-wrap elementor-element-populated\">\n\t\t\t\t\t\t<section class=\"elementor-section elementor-inner-section elementor-element elementor-element-4a1e55a elementor-reverse-tablet elementor-reverse-mobile elementor-section-boxed elementor-section-height-default elementor-section-height-default\" data-id=\"4a1e55a\" data-element_type=\"section\" data-e-type=\"section\" id=\"dental\">\n\t\t\t\t\t\t<div class=\"elementor-container elementor-column-gap-default\">\n\t\t\t\t\t<div class=\"elementor-column elementor-col-50 elementor-inner-column elementor-element elementor-element-6a6be8d\" data-id=\"6a6be8d\" data-element_type=\"column\" data-e-type=\"column\" data-settings=\"{&quot;background_background&quot;:&quot;classic&quot;}\">\n\t\t\t<div class=\"elementor-widget-wrap elementor-element-populated\">\n\t\t\t\t\t\t<div class=\"elementor-element elementor-element-3774c39 elementor-widget elementor-widget-text-editor\" data-id=\"3774c39\" data-element_type=\"widget\" data-e-type=\"widget\" data-widget_type=\"text-editor.default\">\n\t\t\t\t<div class=\"elementor-widget-container\">\n\t\t\t\t\t\t\t\t\t<h3>Jak dzia\u0142a GoEnv\u00edo?<\/h3><p>GoEnv\u00edo dzia\u0142a na wszystkich lotniskach zarz\u0105dzanych przez Aena, obejmuj\u0105c rozleg\u0142\u0105 sie\u0107, kt\u00f3ra obejmuje g\u0142\u00f3wne punkty ruchu lotniczego w Hiszpanii. Nasza us\u0142uga odbioru i dostawy zajmuje si\u0119 ca\u0142ym procesem, od zlokalizowania zagubionej w\u0142asno\u015bci po dostarczenie jej pod wskazany adres, czy to w Hiszpanii, czy w dowolnym miejscu na \u015bwiecie.<\/p><h3>\u0141atwe zamawianie us\u0142ug<\/h3><p>Aby skorzysta\u0107 z naszej us\u0142ugi, wystarczy odwiedzi\u0107 poni\u017cszy link: <a href=\"https:\/\/goenvio.es\/pl\/oszacowanie-kosztow-wysylki-utraconego-mienia\/\" target=\"_new\" rel=\"noreferrer\">Zam\u00f3w us\u0142ug\u0119 Lost and Found<\/a>. Nasza platforma jest \u0142atwa w u\u017cyciu i poprowadzi Ci\u0119 przez proces zg\u0142oszenia. Po otrzymaniu zg\u0142oszenia nasz zesp\u00f3\u0142 dopilnuje, by utracony przedmiot zosta\u0142 odzyskany i odes\u0142any do u\u017cytkownika tak szybko, jak to mo\u017cliwe.<\/p>\t\t\t\t\t\t\t\t<\/div>\n\t\t\t\t<\/div>\n\t\t\t\t\t<\/div>\n\t\t<\/div>\n\t\t\t\t<div class=\"elementor-column elementor-col-50 elementor-inner-column elementor-element elementor-element-5eb845c\" data-id=\"5eb845c\" data-element_type=\"column\" data-e-type=\"column\" data-settings=\"{&quot;background_background&quot;:&quot;classic&quot;}\">\n\t\t\t<div class=\"elementor-widget-wrap elementor-element-populated\">\n\t\t\t\t\t\t<div class=\"elementor-element elementor-element-fe8aa1c elementor-widget elementor-widget-spacer\" data-id=\"fe8aa1c\" data-element_type=\"widget\" data-e-type=\"widget\" data-widget_type=\"spacer.default\">\n\t\t\t\t<div class=\"elementor-widget-container\">\n\t\t\t\t\t\t\t<div class=\"elementor-spacer\">\n\t\t\t<div class=\"elementor-spacer-inner\"><\/div>\n\t\t<\/div>\n\t\t\t\t\t\t<\/div>\n\t\t\t\t<\/div>\n\t\t\t\t\t<\/div>\n\t\t<\/div>\n\t\t\t\t\t<\/div>\n\t\t<\/section>\n\t\t\t\t<section class=\"elementor-section elementor-inner-section elementor-element elementor-element-9f13e75 elementor-section-boxed elementor-section-height-default elementor-section-height-default\" data-id=\"9f13e75\" data-element_type=\"section\" data-e-type=\"section\" id=\"xray\">\n\t\t\t\t\t\t<div class=\"elementor-container elementor-column-gap-default\">\n\t\t\t\t\t<div class=\"elementor-column elementor-col-100 elementor-inner-column elementor-element elementor-element-a864368\" data-id=\"a864368\" data-element_type=\"column\" data-e-type=\"column\" data-settings=\"{&quot;background_background&quot;:&quot;classic&quot;}\">\n\t\t\t<div class=\"elementor-widget-wrap elementor-element-populated\">\n\t\t\t\t\t\t<div class=\"elementor-element elementor-element-ac07bb3 elementor-widget elementor-widget-heading\" data-id=\"ac07bb3\" data-element_type=\"widget\" data-e-type=\"widget\" data-widget_type=\"heading.default\">\n\t\t\t\t<div class=\"elementor-widget-container\">\n\t\t\t\t\t<h3 class=\"elementor-heading-title elementor-size-default\">Dlaczego tak cz\u0119sto dochodzi do utraty przedmiot\u00f3w na lotniskach?<\/h3>\t\t\t\t<\/div>\n\t\t\t\t<\/div>\n\t\t\t\t<div class=\"elementor-element elementor-element-9902a9f elementor-widget elementor-widget-text-editor\" data-id=\"9902a9f\" data-element_type=\"widget\" data-e-type=\"widget\" data-widget_type=\"text-editor.default\">\n\t\t\t\t<div class=\"elementor-widget-container\">\n\t\t\t\t\t\t\t\t\t<p>Lotniska to du\u017ce, zat\u0142oczone przestrzenie, w kt\u00f3rych \u0142atwo o zagubienie rzeczy. Przedmioty s\u0105 cz\u0119sto pozostawiane na tackach bezpiecze\u0144stwa, przy stanowiskach odprawy, w poczekalniach, a nawet w kawiarniach i sklepach. Ponadto, og\u00f3lny zgie\u0142k i stres zwi\u0105zany z podr\u00f3\u017c\u0105 mo\u017ce u\u0142atwi\u0107 zapomnienie rzeczy. Nasza us\u0142uga nie tylko pomaga z\u0142agodzi\u0107 te sytuacje, ale tak\u017ce zapewnia podr\u00f3\u017cnym spok\u00f3j ducha.<\/p><h3>Rozwi\u0105zanie GoEnvio<\/h3><p>Dzi\u0119ki GoEnvio nie musisz martwi\u0107 si\u0119 o powr\u00f3t na lotnisko lub utrat\u0119 swoich rzeczy na dobre. Zajmujemy si\u0119 ca\u0142ym procesem, zapewniaj\u0105c, \u017ce utracone przedmioty zostan\u0105 zwr\u00f3cone bezpiecznie i sprawnie. Nasza us\u0142uga dostawy gwarantuje, \u017ce otrzymasz swoje rzeczy w dowolnym wybranym przez siebie miejscu.<\/p><p>Utrata przedmiot\u00f3w podczas podr\u00f3\u017cy mo\u017ce by\u0107 denerwuj\u0105ca, ale dzi\u0119ki GoEnvio ich odzyskanie jest \u0142atwiejsze ni\u017c kiedykolwiek. Podr\u00f3\u017cuj bez obaw, wiedz\u0105c, \u017ce GoEnvio jest tutaj, aby pom\u00f3c!<\/p>\t\t\t\t\t\t\t\t<\/div>\n\t\t\t\t<\/div>\n\t\t\t\t\t<\/div>\n\t\t<\/div>\n\t\t\t\t\t<\/div>\n\t\t<\/section>\n\t\t\t\t\t<\/div>\n\t\t<\/div>\n\t\t\t\t\t<\/div>\n\t\t<\/section>\n\t\t\t\t<section class=\"elementor-section elementor-top-section elementor-element elementor-element-64e0935 elementor-section-full_width elementor-section-stretched elementor-section-height-default elementor-section-height-default\" data-id=\"64e0935\" data-element_type=\"section\" data-e-type=\"section\" data-settings=\"{&quot;stretch_section&quot;:&quot;section-stretched&quot;}\">\n\t\t\t\t\t\t<div class=\"elementor-container elementor-column-gap-wider\">\n\t\t\t\t\t<div class=\"elementor-column elementor-col-100 elementor-top-column elementor-element elementor-element-3718854\" data-id=\"3718854\" data-element_type=\"column\" data-e-type=\"column\">\n\t\t\t<div class=\"elementor-widget-wrap elementor-element-populated\">\n\t\t\t\t\t\t<section class=\"elementor-section elementor-inner-section elementor-element elementor-element-6462d46 elementor-section-boxed elementor-section-height-default elementor-section-height-default\" data-id=\"6462d46\" data-element_type=\"section\" data-e-type=\"section\" data-settings=\"{&quot;background_background&quot;:&quot;classic&quot;}\">\n\t\t\t\t\t\t<div class=\"elementor-container elementor-column-gap-default\">\n\t\t\t\t\t<div class=\"elementor-column elementor-col-100 elementor-inner-column elementor-element elementor-element-cac5a93\" data-id=\"cac5a93\" data-element_type=\"column\" data-e-type=\"column\" data-settings=\"{&quot;background_background&quot;:&quot;classic&quot;}\">\n\t\t\t<div class=\"elementor-widget-wrap elementor-element-populated\">\n\t\t\t\t\t\t<div class=\"elementor-element elementor-element-96d16a7 elementor-widget__width-initial elementor-widget elementor-widget-heading\" data-id=\"96d16a7\" data-element_type=\"widget\" data-e-type=\"widget\" data-widget_type=\"heading.default\">\n\t\t\t\t<div class=\"elementor-widget-container\">\n\t\t\t\t\t<h3 class=\"elementor-heading-title elementor-size-default\"><p><span style=\"color: #2b6cf5\">Popro\u015b o<\/span> niewi\u0105\u017c\u0105ca oferta &lt;\/p<\/h3>\t\t\t\t<\/div>\n\t\t\t\t<\/div>\n\t\t\t\t<div class=\"elementor-element elementor-element-3f554ac elementor-mobile-align-center elementor-widget-tablet__width-inherit elementor-align-center elementor-widget elementor-widget-button\" data-id=\"3f554ac\" data-element_type=\"widget\" data-e-type=\"widget\" data-widget_type=\"button.default\">\n\t\t\t\t<div class=\"elementor-widget-container\">\n\t\t\t\t\t\t\t\t\t<div class=\"elementor-button-wrapper\">\n\t\t\t\t\t<a class=\"elementor-button elementor-button-link elementor-size-sm\" href=\"\/pl\/oszacowanie-kosztow-wysylki-utraconego-mienia\/\">\n\t\t\t\t\t\t<span class=\"elementor-button-content-wrapper\">\n\t\t\t\t\t\t\t\t\t<span class=\"elementor-button-text\">Kliknij tutaj<\/span>\n\t\t\t\t\t<\/span>\n\t\t\t\t\t<\/a>\n\t\t\t\t<\/div>\n\t\t\t\t\t\t\t\t<\/div>\n\t\t\t\t<\/div>\n\t\t\t\t\t<\/div>\n\t\t<\/div>\n\t\t\t\t\t<\/div>\n\t\t<\/section>\n\t\t\t\t\t<\/div>\n\t\t<\/div>\n\t\t\t\t\t<\/div>\n\t\t<\/section>\n\t\t\t\t<\/div>","protected":false},"excerpt":{"rendered":"<p>La revoluci\u00f3n en la devoluci\u00f3n de Objetos Perdidos en Aeropuertos \u00bfAlguna vez has llegado a tu destino solo para darte cuenta de que has dejado algo<span class=\"excerpt-hellip\"> [\u2026]<\/span><\/p>\n","protected":false},"author":1,"featured_media":0,"parent":0,"menu_order":0,"comment_status":"open","ping_status":"closed","template":"","meta":{"footnotes":""},"class_list":["post-13","page","type-page","status-publish","hentry"],"yoast_head":"<!-- This site is optimized with the Yoast SEO Premium plugin v21.7 (Yoast SEO v27.3) - https:\/\/yoast.com\/product\/yoast-seo-premium-wordpress\/ -->\n<title>Recupera tus Objetos Perdidos en Aeropuertos con GoEnvio - Goenv\u00edo<\/title>\n<meta name=\"robots\" content=\"index, follow, max-snippet:-1, max-image-preview:large, max-video-preview:-1\" \/>\n<link rel=\"canonical\" href=\"https:\/\/goenvio.es\/pl\/odzyskaj-utracona-wlasnosc-na-lotniskach-z-goenvio\/\" \/>\n<meta property=\"og:locale\" content=\"pl_PL\" \/>\n<meta property=\"og:type\" content=\"article\" \/>\n<meta property=\"og:title\" content=\"Recupera tus Objetos Perdidos en Aeropuertos con GoEnvio\" \/>\n<meta property=\"og:description\" content=\"La revoluci\u00f3n en la devoluci\u00f3n de Objetos Perdidos en Aeropuertos \u00bfAlguna vez has llegado a tu destino solo para darte cuenta de que has dejado algo [\u2026]\" \/>\n<meta property=\"og:url\" content=\"https:\/\/goenvio.es\/pl\/odzyskaj-utracona-wlasnosc-na-lotniskach-z-goenvio\/\" \/>\n<meta property=\"og:site_name\" content=\"Goenv\u00edo\" \/>\n<meta property=\"article:modified_time\" content=\"2024-05-13T03:45:57+00:00\" \/>\n<meta name=\"twitter:card\" content=\"summary_large_image\" \/>\n<meta name=\"twitter:label1\" content=\"Szacowany czas czytania\" \/>\n\t<meta name=\"twitter:data1\" content=\"2 minuty\" \/>\n<script type=\"application\/ld+json\" class=\"yoast-schema-graph\">{\"@context\":\"https:\\\/\\\/schema.org\",\"@graph\":[{\"@type\":\"WebPage\",\"@id\":\"https:\\\/\\\/goenvio.es\\\/recupera-tus-objetos-perdidos-en-aeropuertos-con-goenvio\\\/\",\"url\":\"https:\\\/\\\/goenvio.es\\\/recupera-tus-objetos-perdidos-en-aeropuertos-con-goenvio\\\/\",\"name\":\"Recupera tus Objetos Perdidos en Aeropuertos con GoEnvio - Goenv\u00edo\",\"isPartOf\":{\"@id\":\"https:\\\/\\\/goenvio.es\\\/#website\"},\"datePublished\":\"2022-10-18T10:54:12+00:00\",\"dateModified\":\"2024-05-13T03:45:57+00:00\",\"breadcrumb\":{\"@id\":\"https:\\\/\\\/goenvio.es\\\/recupera-tus-objetos-perdidos-en-aeropuertos-con-goenvio\\\/#breadcrumb\"},\"inLanguage\":\"pl-PL\",\"potentialAction\":[{\"@type\":\"ReadAction\",\"target\":[\"https:\\\/\\\/goenvio.es\\\/recupera-tus-objetos-perdidos-en-aeropuertos-con-goenvio\\\/\"]}]},{\"@type\":\"BreadcrumbList\",\"@id\":\"https:\\\/\\\/goenvio.es\\\/recupera-tus-objetos-perdidos-en-aeropuertos-con-goenvio\\\/#breadcrumb\",\"itemListElement\":[{\"@type\":\"ListItem\",\"position\":1,\"name\":\"Home\",\"item\":\"https:\\\/\\\/goenvio.es\\\/\"},{\"@type\":\"ListItem\",\"position\":2,\"name\":\"Recupera tus Objetos Perdidos en Aeropuertos con GoEnvio\"}]},{\"@type\":\"WebSite\",\"@id\":\"https:\\\/\\\/goenvio.es\\\/#website\",\"url\":\"https:\\\/\\\/goenvio.es\\\/\",\"name\":\"goenv\u00edo\",\"description\":\"Recogida y env\u00edo de objetos perdidos en aeropuertos, trenes y ciudades\",\"publisher\":{\"@id\":\"https:\\\/\\\/goenvio.es\\\/#organization\"},\"potentialAction\":[{\"@type\":\"SearchAction\",\"target\":{\"@type\":\"EntryPoint\",\"urlTemplate\":\"https:\\\/\\\/goenvio.es\\\/?s={search_term_string}\"},\"query-input\":{\"@type\":\"PropertyValueSpecification\",\"valueRequired\":true,\"valueName\":\"search_term_string\"}}],\"inLanguage\":\"pl-PL\"},{\"@type\":\"Organization\",\"@id\":\"https:\\\/\\\/goenvio.es\\\/#organization\",\"name\":\"goenv\u00edo\",\"url\":\"https:\\\/\\\/goenvio.es\\\/\",\"logo\":{\"@type\":\"ImageObject\",\"inLanguage\":\"pl-PL\",\"@id\":\"https:\\\/\\\/goenvio.es\\\/#\\\/schema\\\/logo\\\/image\\\/\",\"url\":\"\",\"contentUrl\":\"\",\"caption\":\"goenv\u00edo\"},\"image\":{\"@id\":\"https:\\\/\\\/goenvio.es\\\/#\\\/schema\\\/logo\\\/image\\\/\"}}]}<\/script>\n<!-- \/ Yoast SEO Premium plugin. -->","yoast_head_json":{"title":"Odzyskiwanie zgubionych i znalezionych rzeczy na lotniskach z GoEnvio - Goenv\u00edo","robots":{"index":"index","follow":"follow","max-snippet":"max-snippet:-1","max-image-preview":"max-image-preview:large","max-video-preview":"max-video-preview:-1"},"canonical":"https:\/\/goenvio.es\/pl\/odzyskaj-utracona-wlasnosc-na-lotniskach-z-goenvio\/","og_locale":"pl_PL","og_type":"article","og_title":"Recupera tus Objetos Perdidos en Aeropuertos con GoEnvio","og_description":"La revoluci\u00f3n en la devoluci\u00f3n de Objetos Perdidos en Aeropuertos \u00bfAlguna vez has llegado a tu destino solo para darte cuenta de que has dejado algo [\u2026]","og_url":"https:\/\/goenvio.es\/pl\/odzyskaj-utracona-wlasnosc-na-lotniskach-z-goenvio\/","og_site_name":"Goenv\u00edo","article_modified_time":"2024-05-13T03:45:57+00:00","twitter_card":"summary_large_image","twitter_misc":{"Szacowany czas czytania":"2 minuty"},"schema":{"@context":"https:\/\/schema.org","@graph":[{"@type":"WebPage","@id":"https:\/\/goenvio.es\/recupera-tus-objetos-perdidos-en-aeropuertos-con-goenvio\/","url":"https:\/\/goenvio.es\/recupera-tus-objetos-perdidos-en-aeropuertos-con-goenvio\/","name":"Odzyskiwanie zgubionych i znalezionych rzeczy na lotniskach z GoEnvio - Goenv\u00edo","isPartOf":{"@id":"https:\/\/goenvio.es\/#website"},"datePublished":"2022-10-18T10:54:12+00:00","dateModified":"2024-05-13T03:45:57+00:00","breadcrumb":{"@id":"https:\/\/goenvio.es\/recupera-tus-objetos-perdidos-en-aeropuertos-con-goenvio\/#breadcrumb"},"inLanguage":"pl-PL","potentialAction":[{"@type":"ReadAction","target":["https:\/\/goenvio.es\/recupera-tus-objetos-perdidos-en-aeropuertos-con-goenvio\/"]}]},{"@type":"BreadcrumbList","@id":"https:\/\/goenvio.es\/recupera-tus-objetos-perdidos-en-aeropuertos-con-goenvio\/#breadcrumb","itemListElement":[{"@type":"ListItem","position":1,"name":"Home","item":"https:\/\/goenvio.es\/"},{"@type":"ListItem","position":2,"name":"Recupera tus Objetos Perdidos en Aeropuertos con GoEnvio"}]},{"@type":"WebSite","@id":"https:\/\/goenvio.es\/#website","url":"https:\/\/goenvio.es\/","name":"goenv\u00edo","description":"Odbi\u00f3r i przekazywanie zagubionego mienia na lotniskach, w poci\u0105gach i miastach","publisher":{"@id":"https:\/\/goenvio.es\/#organization"},"potentialAction":[{"@type":"SearchAction","target":{"@type":"EntryPoint","urlTemplate":"https:\/\/goenvio.es\/?s={search_term_string}"},"query-input":{"@type":"PropertyValueSpecification","valueRequired":true,"valueName":"search_term_string"}}],"inLanguage":"pl-PL"},{"@type":"Organization","@id":"https:\/\/goenvio.es\/#organization","name":"goenv\u00edo","url":"https:\/\/goenvio.es\/","logo":{"@type":"ImageObject","inLanguage":"pl-PL","@id":"https:\/\/goenvio.es\/#\/schema\/logo\/image\/","url":"","contentUrl":"","caption":"goenv\u00edo"},"image":{"@id":"https:\/\/goenvio.es\/#\/schema\/logo\/image\/"}}]}},"_links":{"self":[{"href":"https:\/\/goenvio.es\/pl\/wp-json\/wp\/v2\/pages\/13","targetHints":{"allow":["GET"]}}],"collection":[{"href":"https:\/\/goenvio.es\/pl\/wp-json\/wp\/v2\/pages"}],"about":[{"href":"https:\/\/goenvio.es\/pl\/wp-json\/wp\/v2\/types\/page"}],"author":[{"embeddable":true,"href":"https:\/\/goenvio.es\/pl\/wp-json\/wp\/v2\/users\/1"}],"replies":[{"embeddable":true,"href":"https:\/\/goenvio.es\/pl\/wp-json\/wp\/v2\/comments?post=13"}],"version-history":[{"count":0,"href":"https:\/\/goenvio.es\/pl\/wp-json\/wp\/v2\/pages\/13\/revisions"}],"wp:attachment":[{"href":"https:\/\/goenvio.es\/pl\/wp-json\/wp\/v2\/media?parent=13"}],"curies":[{"name":"wp","href":"https:\/\/api.w.org\/{rel}","templated":true}]}}