{"id":839,"date":"2024-05-13T04:12:00","date_gmt":"2024-05-13T04:12:00","guid":{"rendered":"https:\/\/goenvio.es\/?page_id=839"},"modified":"2024-05-13T04:20:11","modified_gmt":"2024-05-13T04:20:11","slug":"hvordan-goenvio-gjor-det-enklere-a-finne-igjen-hittegods-pa-flyplasser","status":"publish","type":"page","link":"https:\/\/goenvio.es\/nb\/hvordan-goenvio-gjor-det-enklere-a-finne-igjen-hittegods-pa-flyplasser\/","title":{"rendered":"Gjenfunn p\u00e5 flyplasser: Hvordan GoEnvio gj\u00f8r prosessen enklere"},"content":{"rendered":"<div data-elementor-type=\"wp-page\" data-elementor-id=\"839\" class=\"elementor elementor-839\">\n\t\t\t\t\t\t<section class=\"elementor-section elementor-top-section elementor-element elementor-element-d676a70 elementor-section-full_width elementor-section-stretched elementor-section-height-default elementor-section-height-default\" data-id=\"d676a70\" data-element_type=\"section\" data-e-type=\"section\" data-settings=\"{&quot;stretch_section&quot;:&quot;section-stretched&quot;}\">\n\t\t\t\t\t\t<div class=\"elementor-container elementor-column-gap-wider\">\n\t\t\t\t\t<div class=\"elementor-column elementor-col-100 elementor-top-column elementor-element elementor-element-d57ed04\" data-id=\"d57ed04\" data-element_type=\"column\" data-e-type=\"column\" data-settings=\"{&quot;background_background&quot;:&quot;classic&quot;}\">\n\t\t\t<div class=\"elementor-widget-wrap elementor-element-populated\">\n\t\t\t\t\t\t<section class=\"elementor-section elementor-inner-section elementor-element elementor-element-d3a90e6 elementor-section-boxed elementor-section-height-default elementor-section-height-default\" data-id=\"d3a90e6\" data-element_type=\"section\" data-e-type=\"section\">\n\t\t\t\t\t\t<div class=\"elementor-container elementor-column-gap-default\">\n\t\t\t\t\t<div class=\"elementor-column elementor-col-100 elementor-inner-column elementor-element elementor-element-bd5e915\" data-id=\"bd5e915\" data-element_type=\"column\" data-e-type=\"column\">\n\t\t\t<div class=\"elementor-widget-wrap elementor-element-populated\">\n\t\t\t\t\t\t<section class=\"elementor-section elementor-inner-section elementor-element elementor-element-c100ef7 elementor-section-boxed elementor-section-height-default elementor-section-height-default\" data-id=\"c100ef7\" data-element_type=\"section\" data-e-type=\"section\">\n\t\t\t\t\t\t<div class=\"elementor-container elementor-column-gap-default\">\n\t\t\t\t\t<div class=\"elementor-column elementor-col-25 elementor-inner-column elementor-element elementor-element-8cbaae0\" data-id=\"8cbaae0\" data-element_type=\"column\" data-e-type=\"column\">\n\t\t\t<div class=\"elementor-widget-wrap\">\n\t\t\t\t\t\t\t<\/div>\n\t\t<\/div>\n\t\t\t\t<div class=\"elementor-column elementor-col-50 elementor-inner-column elementor-element elementor-element-f71378a\" data-id=\"f71378a\" data-element_type=\"column\" data-e-type=\"column\">\n\t\t\t<div class=\"elementor-widget-wrap elementor-element-populated\">\n\t\t\t\t\t\t<div class=\"elementor-element elementor-element-598cb93 elementor-widget elementor-widget-heading\" data-id=\"598cb93\" data-element_type=\"widget\" data-e-type=\"widget\" data-widget_type=\"heading.default\">\n\t\t\t\t<div class=\"elementor-widget-container\">\n\t\t\t\t\t<h3 class=\"elementor-heading-title elementor-size-default\">Gjenfunn p\u00e5 flyplasser: Hvordan GoEnvio gj\u00f8r prosessen enklere\n\n<\/h3>\t\t\t\t<\/div>\n\t\t\t\t<\/div>\n\t\t\t\t<div class=\"elementor-element elementor-element-563c703 elementor-widget-tablet__width-initial elementor-widget elementor-widget-heading\" data-id=\"563c703\" data-element_type=\"widget\" data-e-type=\"widget\" data-widget_type=\"heading.default\">\n\t\t\t\t<div class=\"elementor-widget-container\">\n\t\t\t\t\t<h5 class=\"elementor-heading-title elementor-size-default\">\u00c5 miste ting p\u00e5 reisen kan v\u00e6re et stort problem. Hvis du noen gang har mistet noe p\u00e5 en flyplass, vet du hvor frustrerende det kan v\u00e6re. Det finnes imidlertid klare tiltak du kan iverksette for \u00e5 pr\u00f8ve \u00e5 finne igjen eiendelene dine, og med hjelp av tjenester som GoEnvio kan denne prosessen bli mye enklere og mer effektiv. Her er hvordan du g\u00e5r frem og hvordan v\u00e5r tjeneste kan hjelpe deg hele veien.\n\n\n\n\n\n<\/h5>\t\t\t\t<\/div>\n\t\t\t\t<\/div>\n\t\t\t\t\t<\/div>\n\t\t<\/div>\n\t\t\t\t<div class=\"elementor-column elementor-col-25 elementor-inner-column elementor-element elementor-element-50c51bc\" data-id=\"50c51bc\" data-element_type=\"column\" data-e-type=\"column\">\n\t\t\t<div class=\"elementor-widget-wrap\">\n\t\t\t\t\t\t\t<\/div>\n\t\t<\/div>\n\t\t\t\t\t<\/div>\n\t\t<\/section>\n\t\t\t\t\t<\/div>\n\t\t<\/div>\n\t\t\t\t\t<\/div>\n\t\t<\/section>\n\t\t\t\t\t<\/div>\n\t\t<\/div>\n\t\t\t\t\t<\/div>\n\t\t<\/section>\n\t\t\t\t<section class=\"elementor-section elementor-top-section elementor-element elementor-element-0d58ce0 elementor-section-full_width elementor-section-stretched elementor-section-height-default elementor-section-height-default\" data-id=\"0d58ce0\" data-element_type=\"section\" data-e-type=\"section\" data-settings=\"{&quot;stretch_section&quot;:&quot;section-stretched&quot;,&quot;background_background&quot;:&quot;classic&quot;}\">\n\t\t\t\t\t\t<div class=\"elementor-container elementor-column-gap-default\">\n\t\t\t\t\t<div class=\"elementor-column elementor-col-100 elementor-top-column elementor-element elementor-element-16d11c8\" data-id=\"16d11c8\" data-element_type=\"column\" data-e-type=\"column\" data-settings=\"{&quot;background_background&quot;:&quot;classic&quot;}\">\n\t\t\t<div class=\"elementor-widget-wrap elementor-element-populated\">\n\t\t\t\t\t\t<section class=\"elementor-section elementor-inner-section elementor-element elementor-element-4a1e55a elementor-reverse-tablet elementor-reverse-mobile elementor-section-boxed elementor-section-height-default elementor-section-height-default\" data-id=\"4a1e55a\" data-element_type=\"section\" data-e-type=\"section\" id=\"dental\">\n\t\t\t\t\t\t<div class=\"elementor-container elementor-column-gap-default\">\n\t\t\t\t\t<div class=\"elementor-column elementor-col-50 elementor-inner-column elementor-element elementor-element-6a6be8d\" data-id=\"6a6be8d\" data-element_type=\"column\" data-e-type=\"column\" data-settings=\"{&quot;background_background&quot;:&quot;classic&quot;}\">\n\t\t\t<div class=\"elementor-widget-wrap elementor-element-populated\">\n\t\t\t\t\t\t<div class=\"elementor-element elementor-element-3774c39 elementor-widget elementor-widget-text-editor\" data-id=\"3774c39\" data-element_type=\"widget\" data-e-type=\"widget\" data-widget_type=\"text-editor.default\">\n\t\t\t\t<div class=\"elementor-widget-container\">\n\t\t\t\t\t\t\t\t\t<h3>Trinn 1: Meld fra om hittegodset<\/h3><p>S\u00e5 snart du oppdager at du har mistet noe, er det viktig at du melder fra om det. De fleste flyplasser har en hittegodsdesk eller en nettjeneste der du kan melde fra om tapet ditt. Gi en detaljert beskrivelse av gjenstanden, inkludert merke, farge og eventuelle kjennetegn som kan bidra til \u00e5 identifisere den.<\/p><h3>Trinn 2: Bes\u00f8k informasjonspunktet<\/h3><p>Hvis du fremdeles befinner deg p\u00e5 flyplassen, kan du g\u00e5 til informasjonspunktet eller hittegodskontoret. Personalet kan hjelpe deg med \u00e5 sjekke om gjenstanden din er innlevert, og veilede deg om hvordan du skal g\u00e5 frem.<\/p>\t\t\t\t\t\t\t\t<\/div>\n\t\t\t\t<\/div>\n\t\t\t\t\t<\/div>\n\t\t<\/div>\n\t\t\t\t<div class=\"elementor-column elementor-col-50 elementor-inner-column elementor-element elementor-element-5eb845c\" data-id=\"5eb845c\" data-element_type=\"column\" data-e-type=\"column\" data-settings=\"{&quot;background_background&quot;:&quot;classic&quot;}\">\n\t\t\t<div class=\"elementor-widget-wrap elementor-element-populated\">\n\t\t\t\t\t\t<div class=\"elementor-element elementor-element-fe8aa1c elementor-widget elementor-widget-spacer\" data-id=\"fe8aa1c\" data-element_type=\"widget\" data-e-type=\"widget\" data-widget_type=\"spacer.default\">\n\t\t\t\t<div class=\"elementor-widget-container\">\n\t\t\t\t\t\t\t<div class=\"elementor-spacer\">\n\t\t\t<div class=\"elementor-spacer-inner\"><\/div>\n\t\t<\/div>\n\t\t\t\t\t\t<\/div>\n\t\t\t\t<\/div>\n\t\t\t\t\t<\/div>\n\t\t<\/div>\n\t\t\t\t\t<\/div>\n\t\t<\/section>\n\t\t\t\t<section class=\"elementor-section elementor-inner-section elementor-element elementor-element-9f13e75 elementor-section-boxed elementor-section-height-default elementor-section-height-default\" data-id=\"9f13e75\" data-element_type=\"section\" data-e-type=\"section\" id=\"xray\">\n\t\t\t\t\t\t<div class=\"elementor-container elementor-column-gap-default\">\n\t\t\t\t\t<div class=\"elementor-column elementor-col-100 elementor-inner-column elementor-element elementor-element-a864368\" data-id=\"a864368\" data-element_type=\"column\" data-e-type=\"column\" data-settings=\"{&quot;background_background&quot;:&quot;classic&quot;}\">\n\t\t\t<div class=\"elementor-widget-wrap elementor-element-populated\">\n\t\t\t\t\t\t<div class=\"elementor-element elementor-element-a429858 elementor-widget elementor-widget-text-editor\" data-id=\"a429858\" data-element_type=\"widget\" data-e-type=\"widget\" data-widget_type=\"text-editor.default\">\n\t\t\t\t<div class=\"elementor-widget-container\">\n\t\t\t\t\t\t\t\t\t<h3>Trinn 3: Oppretthold kontakten<\/h3><p>Hvis gjenstanden din ikke blir funnet umiddelbart, er det viktig \u00e5 opprettholde kontakten med flyplassens hittegodsavdeling. Mange flyplasser har nettbaserte systemer for registrering av hittegods, slik at du kan sjekke statusen p\u00e5 saken din p\u00e5 avstand.<\/p><h3>Trinn 4: Bruk GoEnvio hvis du trenger hjelp<\/h3><p>Hvis standardprosessen virker overveldende, eller hvis du rett og slett foretrekker en enklere og mer effektiv l\u00f8sning, er GoEnvio her for \u00e5 hjelpe deg. V\u00e5r tjeneste som er spesielt utviklet for \u00e5 gjenfinne tapte eiendeler p\u00e5 Aena-administrerte flyplasser, forenkler denne prosessen.<\/p>\t\t\t\t\t\t\t\t<\/div>\n\t\t\t\t<\/div>\n\t\t\t\t<div class=\"elementor-element elementor-element-ac07bb3 elementor-widget elementor-widget-heading\" data-id=\"ac07bb3\" data-element_type=\"widget\" data-e-type=\"widget\" data-widget_type=\"heading.default\">\n\t\t\t\t<div class=\"elementor-widget-container\">\n\t\t\t\t\t<h3 class=\"elementor-heading-title elementor-size-default\">\nHvordan kan GoEnvio hjelpe deg?\n<\/h3>\t\t\t\t<\/div>\n\t\t\t\t<\/div>\n\t\t\t\t<div class=\"elementor-element elementor-element-9902a9f elementor-widget elementor-widget-text-editor\" data-id=\"9902a9f\" data-element_type=\"widget\" data-e-type=\"widget\" data-widget_type=\"text-editor.default\">\n\t\t\t\t<div class=\"elementor-widget-container\">\n\t\t\t\t\t\t\t\t\t<p><strong>Henting og levering:<\/strong> Hvis varen din befinner seg p\u00e5 et sted, tar vi oss av hele henteprosessen. I tillegg sender vi den direkte til den adressen du oppgir, enten nasjonalt eller internasjonalt.<\/p><p><strong>Forenklet prosess:<\/strong> Du kan starte prosessen ved \u00e5 g\u00e5 til nettstedet v\u00e5rt og fylle ut et enkelt skjema p\u00e5 <a href=\"https:\/\/goenvio.es\/nb\/estimat-for-frakt-av-hittegods\/\" target=\"_new\" rel=\"noreferrer\">Be om hittegodstjeneste<\/a>. Vi tar oss av resten og s\u00f8rger for at den tapte gjenstanden din blir returnert trygt og effektivt.<\/p><h3>Konklusjon<\/h3><p>\u00c5 miste gjenstander p\u00e5 en flyplass trenger ikke \u00e5 v\u00e6re en ulykkelig slutt for eiendelene dine. Ved \u00e5 f\u00f8lge disse trinnene, og ved hjelp av GoEnvio, kan du \u00f8ke sjansene betydelig for \u00e5 f\u00e5 tilbake de tapte gjenstandene dine. V\u00e5r tjeneste er designet for \u00e5 gi trygghet til reisende, og sikrer at selv n\u00e5r noe er tapt, finnes det en p\u00e5litelig og effektiv m\u00e5te \u00e5 f\u00e5 det tilbake p\u00e5. Reis med mindre bekymring n\u00e5r du vet at GoEnvio er p\u00e5 din side for \u00e5 hjelpe deg med \u00e5 f\u00e5 tilbake det som er ditt!<\/p>\t\t\t\t\t\t\t\t<\/div>\n\t\t\t\t<\/div>\n\t\t\t\t\t<\/div>\n\t\t<\/div>\n\t\t\t\t\t<\/div>\n\t\t<\/section>\n\t\t\t\t\t<\/div>\n\t\t<\/div>\n\t\t\t\t\t<\/div>\n\t\t<\/section>\n\t\t\t\t<section class=\"elementor-section elementor-top-section elementor-element elementor-element-64e0935 elementor-section-full_width elementor-section-stretched elementor-section-height-default elementor-section-height-default\" data-id=\"64e0935\" data-element_type=\"section\" data-e-type=\"section\" data-settings=\"{&quot;stretch_section&quot;:&quot;section-stretched&quot;}\">\n\t\t\t\t\t\t<div class=\"elementor-container elementor-column-gap-wider\">\n\t\t\t\t\t<div class=\"elementor-column elementor-col-100 elementor-top-column elementor-element elementor-element-3718854\" data-id=\"3718854\" data-element_type=\"column\" data-e-type=\"column\">\n\t\t\t<div class=\"elementor-widget-wrap elementor-element-populated\">\n\t\t\t\t\t\t<section class=\"elementor-section elementor-inner-section elementor-element elementor-element-6462d46 elementor-section-boxed elementor-section-height-default elementor-section-height-default\" data-id=\"6462d46\" data-element_type=\"section\" data-e-type=\"section\" data-settings=\"{&quot;background_background&quot;:&quot;classic&quot;}\">\n\t\t\t\t\t\t<div class=\"elementor-container elementor-column-gap-default\">\n\t\t\t\t\t<div class=\"elementor-column elementor-col-100 elementor-inner-column elementor-element elementor-element-cac5a93\" data-id=\"cac5a93\" data-element_type=\"column\" data-e-type=\"column\" data-settings=\"{&quot;background_background&quot;:&quot;classic&quot;}\">\n\t\t\t<div class=\"elementor-widget-wrap elementor-element-populated\">\n\t\t\t\t\t\t<div class=\"elementor-element elementor-element-96d16a7 elementor-widget__width-initial elementor-widget elementor-widget-heading\" data-id=\"96d16a7\" data-element_type=\"widget\" data-e-type=\"widget\" data-widget_type=\"heading.default\">\n\t\t\t\t<div class=\"elementor-widget-container\">\n\t\t\t\t\t<h3 class=\"elementor-heading-title elementor-size-default\"><p><span style=\"color: #2b6cf5\">Be om din<\/span> ikke-bindende tilbud &lt;\/p<\/h3>\t\t\t\t<\/div>\n\t\t\t\t<\/div>\n\t\t\t\t<div class=\"elementor-element elementor-element-3f554ac elementor-mobile-align-center elementor-widget-tablet__width-inherit elementor-align-center elementor-widget elementor-widget-button\" data-id=\"3f554ac\" data-element_type=\"widget\" data-e-type=\"widget\" data-widget_type=\"button.default\">\n\t\t\t\t<div class=\"elementor-widget-container\">\n\t\t\t\t\t\t\t\t\t<div class=\"elementor-button-wrapper\">\n\t\t\t\t\t<a class=\"elementor-button elementor-button-link elementor-size-sm\" href=\"\/nb\/estimat-for-frakt-av-hittegods\/\">\n\t\t\t\t\t\t<span class=\"elementor-button-content-wrapper\">\n\t\t\t\t\t\t\t\t\t<span class=\"elementor-button-text\">Klikk her<\/span>\n\t\t\t\t\t<\/span>\n\t\t\t\t\t<\/a>\n\t\t\t\t<\/div>\n\t\t\t\t\t\t\t\t<\/div>\n\t\t\t\t<\/div>\n\t\t\t\t\t<\/div>\n\t\t<\/div>\n\t\t\t\t\t<\/div>\n\t\t<\/section>\n\t\t\t\t\t<\/div>\n\t\t<\/div>\n\t\t\t\t\t<\/div>\n\t\t<\/section>\n\t\t\t\t<\/div>","protected":false},"excerpt":{"rendered":"<p>Objetos Perdidos en Aeropuertos: Pasos para Recuperarlos y C\u00f3mo GoEnvio Facilita el Proceso Perder objetos durante un viaje puede convertirse en una gran preocupaci\u00f3n. Si alguna<span class=\"excerpt-hellip\"> [\u2026]<\/span><\/p>\n","protected":false},"author":1,"featured_media":0,"parent":0,"menu_order":0,"comment_status":"open","ping_status":"closed","template":"","meta":{"footnotes":""},"class_list":["post-839","page","type-page","status-publish","hentry"],"yoast_head":"<!-- This site is optimized with the Yoast SEO Premium plugin v21.7 (Yoast SEO v27.3) - https:\/\/yoast.com\/product\/yoast-seo-premium-wordpress\/ -->\n<title>Objetos Perdidos en Aeropuertos: Pasos para Recuperarlos y C\u00f3mo GoEnvio Facilita el Proceso - Goenv\u00edo<\/title>\n<meta name=\"robots\" content=\"index, follow, max-snippet:-1, max-image-preview:large, max-video-preview:-1\" \/>\n<link rel=\"canonical\" href=\"https:\/\/goenvio.es\/nb\/hvordan-goenvio-gjor-det-enklere-a-finne-igjen-hittegods-pa-flyplasser\/\" \/>\n<meta property=\"og:locale\" content=\"nb_NO\" \/>\n<meta property=\"og:type\" content=\"article\" \/>\n<meta property=\"og:title\" content=\"Objetos Perdidos en Aeropuertos: Pasos para Recuperarlos y C\u00f3mo GoEnvio Facilita el Proceso\" \/>\n<meta property=\"og:description\" content=\"Objetos Perdidos en Aeropuertos: Pasos para Recuperarlos y C\u00f3mo GoEnvio Facilita el Proceso Perder objetos durante un viaje puede convertirse en una gran preocupaci\u00f3n. Si alguna [\u2026]\" \/>\n<meta property=\"og:url\" content=\"https:\/\/goenvio.es\/nb\/hvordan-goenvio-gjor-det-enklere-a-finne-igjen-hittegods-pa-flyplasser\/\" \/>\n<meta property=\"og:site_name\" content=\"Goenv\u00edo\" \/>\n<meta property=\"article:modified_time\" content=\"2024-05-13T04:20:11+00:00\" \/>\n<meta name=\"twitter:card\" content=\"summary_large_image\" \/>\n<meta name=\"twitter:label1\" content=\"Ansl. lesetid\" \/>\n\t<meta name=\"twitter:data1\" content=\"3 minutter\" \/>\n<script type=\"application\/ld+json\" class=\"yoast-schema-graph\">{\"@context\":\"https:\\\/\\\/schema.org\",\"@graph\":[{\"@type\":\"WebPage\",\"@id\":\"https:\\\/\\\/goenvio.es\\\/objetos-perdidos-en-aeropuertos-pasos-para-recuperarlos-y-como-goenvio-facilita-el-proceso\\\/\",\"url\":\"https:\\\/\\\/goenvio.es\\\/objetos-perdidos-en-aeropuertos-pasos-para-recuperarlos-y-como-goenvio-facilita-el-proceso\\\/\",\"name\":\"Objetos Perdidos en Aeropuertos: Pasos para Recuperarlos y C\u00f3mo GoEnvio Facilita el Proceso - Goenv\u00edo\",\"isPartOf\":{\"@id\":\"https:\\\/\\\/goenvio.es\\\/#website\"},\"datePublished\":\"2024-05-13T04:12:00+00:00\",\"dateModified\":\"2024-05-13T04:20:11+00:00\",\"breadcrumb\":{\"@id\":\"https:\\\/\\\/goenvio.es\\\/objetos-perdidos-en-aeropuertos-pasos-para-recuperarlos-y-como-goenvio-facilita-el-proceso\\\/#breadcrumb\"},\"inLanguage\":\"nb-NO\",\"potentialAction\":[{\"@type\":\"ReadAction\",\"target\":[\"https:\\\/\\\/goenvio.es\\\/objetos-perdidos-en-aeropuertos-pasos-para-recuperarlos-y-como-goenvio-facilita-el-proceso\\\/\"]}]},{\"@type\":\"BreadcrumbList\",\"@id\":\"https:\\\/\\\/goenvio.es\\\/objetos-perdidos-en-aeropuertos-pasos-para-recuperarlos-y-como-goenvio-facilita-el-proceso\\\/#breadcrumb\",\"itemListElement\":[{\"@type\":\"ListItem\",\"position\":1,\"name\":\"Home\",\"item\":\"https:\\\/\\\/goenvio.es\\\/\"},{\"@type\":\"ListItem\",\"position\":2,\"name\":\"Objetos Perdidos en Aeropuertos: Pasos para Recuperarlos y C\u00f3mo GoEnvio Facilita el Proceso\"}]},{\"@type\":\"WebSite\",\"@id\":\"https:\\\/\\\/goenvio.es\\\/#website\",\"url\":\"https:\\\/\\\/goenvio.es\\\/\",\"name\":\"goenv\u00edo\",\"description\":\"Recogida y env\u00edo de objetos perdidos en aeropuertos, trenes y ciudades\",\"publisher\":{\"@id\":\"https:\\\/\\\/goenvio.es\\\/#organization\"},\"potentialAction\":[{\"@type\":\"SearchAction\",\"target\":{\"@type\":\"EntryPoint\",\"urlTemplate\":\"https:\\\/\\\/goenvio.es\\\/?s={search_term_string}\"},\"query-input\":{\"@type\":\"PropertyValueSpecification\",\"valueRequired\":true,\"valueName\":\"search_term_string\"}}],\"inLanguage\":\"nb-NO\"},{\"@type\":\"Organization\",\"@id\":\"https:\\\/\\\/goenvio.es\\\/#organization\",\"name\":\"goenv\u00edo\",\"url\":\"https:\\\/\\\/goenvio.es\\\/\",\"logo\":{\"@type\":\"ImageObject\",\"inLanguage\":\"nb-NO\",\"@id\":\"https:\\\/\\\/goenvio.es\\\/#\\\/schema\\\/logo\\\/image\\\/\",\"url\":\"\",\"contentUrl\":\"\",\"caption\":\"goenv\u00edo\"},\"image\":{\"@id\":\"https:\\\/\\\/goenvio.es\\\/#\\\/schema\\\/logo\\\/image\\\/\"}}]}<\/script>\n<!-- \/ Yoast SEO Premium plugin. -->","yoast_head_json":{"title":"Hittegods p\u00e5 flyplasser: Hvordan GoEnvoy gj\u00f8r prosessen enklere - GoEnvoy","robots":{"index":"index","follow":"follow","max-snippet":"max-snippet:-1","max-image-preview":"max-image-preview:large","max-video-preview":"max-video-preview:-1"},"canonical":"https:\/\/goenvio.es\/nb\/hvordan-goenvio-gjor-det-enklere-a-finne-igjen-hittegods-pa-flyplasser\/","og_locale":"nb_NO","og_type":"article","og_title":"Objetos Perdidos en Aeropuertos: Pasos para Recuperarlos y C\u00f3mo GoEnvio Facilita el Proceso","og_description":"Objetos Perdidos en Aeropuertos: Pasos para Recuperarlos y C\u00f3mo GoEnvio Facilita el Proceso Perder objetos durante un viaje puede convertirse en una gran preocupaci\u00f3n. Si alguna [\u2026]","og_url":"https:\/\/goenvio.es\/nb\/hvordan-goenvio-gjor-det-enklere-a-finne-igjen-hittegods-pa-flyplasser\/","og_site_name":"Goenv\u00edo","article_modified_time":"2024-05-13T04:20:11+00:00","twitter_card":"summary_large_image","twitter_misc":{"Ansl. lesetid":"3 minutter"},"schema":{"@context":"https:\/\/schema.org","@graph":[{"@type":"WebPage","@id":"https:\/\/goenvio.es\/objetos-perdidos-en-aeropuertos-pasos-para-recuperarlos-y-como-goenvio-facilita-el-proceso\/","url":"https:\/\/goenvio.es\/objetos-perdidos-en-aeropuertos-pasos-para-recuperarlos-y-como-goenvio-facilita-el-proceso\/","name":"Hittegods p\u00e5 flyplasser: Hvordan GoEnvoy gj\u00f8r prosessen enklere - GoEnvoy","isPartOf":{"@id":"https:\/\/goenvio.es\/#website"},"datePublished":"2024-05-13T04:12:00+00:00","dateModified":"2024-05-13T04:20:11+00:00","breadcrumb":{"@id":"https:\/\/goenvio.es\/objetos-perdidos-en-aeropuertos-pasos-para-recuperarlos-y-como-goenvio-facilita-el-proceso\/#breadcrumb"},"inLanguage":"nb-NO","potentialAction":[{"@type":"ReadAction","target":["https:\/\/goenvio.es\/objetos-perdidos-en-aeropuertos-pasos-para-recuperarlos-y-como-goenvio-facilita-el-proceso\/"]}]},{"@type":"BreadcrumbList","@id":"https:\/\/goenvio.es\/objetos-perdidos-en-aeropuertos-pasos-para-recuperarlos-y-como-goenvio-facilita-el-proceso\/#breadcrumb","itemListElement":[{"@type":"ListItem","position":1,"name":"Home","item":"https:\/\/goenvio.es\/"},{"@type":"ListItem","position":2,"name":"Objetos Perdidos en Aeropuertos: Pasos para Recuperarlos y C\u00f3mo GoEnvio Facilita el Proceso"}]},{"@type":"WebSite","@id":"https:\/\/goenvio.es\/#website","url":"https:\/\/goenvio.es\/","name":"goenv\u00edo","description":"Innsamling og videresending av hittegods p\u00e5 flyplasser, tog og i byer","publisher":{"@id":"https:\/\/goenvio.es\/#organization"},"potentialAction":[{"@type":"SearchAction","target":{"@type":"EntryPoint","urlTemplate":"https:\/\/goenvio.es\/?s={search_term_string}"},"query-input":{"@type":"PropertyValueSpecification","valueRequired":true,"valueName":"search_term_string"}}],"inLanguage":"nb-NO"},{"@type":"Organization","@id":"https:\/\/goenvio.es\/#organization","name":"goenv\u00edo","url":"https:\/\/goenvio.es\/","logo":{"@type":"ImageObject","inLanguage":"nb-NO","@id":"https:\/\/goenvio.es\/#\/schema\/logo\/image\/","url":"","contentUrl":"","caption":"goenv\u00edo"},"image":{"@id":"https:\/\/goenvio.es\/#\/schema\/logo\/image\/"}}]}},"_links":{"self":[{"href":"https:\/\/goenvio.es\/nb\/wp-json\/wp\/v2\/pages\/839","targetHints":{"allow":["GET"]}}],"collection":[{"href":"https:\/\/goenvio.es\/nb\/wp-json\/wp\/v2\/pages"}],"about":[{"href":"https:\/\/goenvio.es\/nb\/wp-json\/wp\/v2\/types\/page"}],"author":[{"embeddable":true,"href":"https:\/\/goenvio.es\/nb\/wp-json\/wp\/v2\/users\/1"}],"replies":[{"embeddable":true,"href":"https:\/\/goenvio.es\/nb\/wp-json\/wp\/v2\/comments?post=839"}],"version-history":[{"count":0,"href":"https:\/\/goenvio.es\/nb\/wp-json\/wp\/v2\/pages\/839\/revisions"}],"wp:attachment":[{"href":"https:\/\/goenvio.es\/nb\/wp-json\/wp\/v2\/media?parent=839"}],"curies":[{"name":"wp","href":"https:\/\/api.w.org\/{rel}","templated":true}]}}