{"id":600,"date":"2024-05-11T07:35:45","date_gmt":"2024-05-11T07:35:45","guid":{"rendered":"https:\/\/goenvio.es\/?page_id=600"},"modified":"2024-05-11T07:36:34","modified_gmt":"2024-05-11T07:36:34","slug":"dette-nettstedet-bruker-informasjonskapsler","status":"publish","type":"page","link":"https:\/\/goenvio.es\/nb\/dette-nettstedet-bruker-informasjonskapsler\/","title":{"rendered":"Dette nettstedet bruker informasjonskapsler"},"content":{"rendered":"<div data-elementor-type=\"wp-page\" data-elementor-id=\"600\" class=\"elementor elementor-600\">\n\t\t\t\t\t\t<section class=\"elementor-section elementor-top-section elementor-element elementor-element-20c92f7 elementor-section-full_width elementor-section-stretched elementor-section-height-default elementor-section-height-default\" data-id=\"20c92f7\" data-element_type=\"section\" data-e-type=\"section\" data-settings=\"{&quot;stretch_section&quot;:&quot;section-stretched&quot;}\">\n\t\t\t\t\t\t<div class=\"elementor-container elementor-column-gap-wider\">\n\t\t\t\t\t<div class=\"elementor-column elementor-col-100 elementor-top-column elementor-element elementor-element-0c45c5b\" data-id=\"0c45c5b\" data-element_type=\"column\" data-e-type=\"column\">\n\t\t\t<div class=\"elementor-widget-wrap elementor-element-populated\">\n\t\t\t\t\t\t<section class=\"elementor-section elementor-inner-section elementor-element elementor-element-3868c9a elementor-section-boxed elementor-section-height-default elementor-section-height-default\" data-id=\"3868c9a\" data-element_type=\"section\" data-e-type=\"section\" data-settings=\"{&quot;background_background&quot;:&quot;classic&quot;}\">\n\t\t\t\t\t\t<div class=\"elementor-container elementor-column-gap-default\">\n\t\t\t\t\t<div class=\"elementor-column elementor-col-100 elementor-inner-column elementor-element elementor-element-d33c264\" data-id=\"d33c264\" data-element_type=\"column\" data-e-type=\"column\" data-settings=\"{&quot;background_background&quot;:&quot;classic&quot;}\">\n\t\t\t<div class=\"elementor-widget-wrap elementor-element-populated\">\n\t\t\t\t\t\t<div class=\"elementor-element elementor-element-dc8a8cd elementor-widget elementor-widget-spacer\" data-id=\"dc8a8cd\" data-element_type=\"widget\" data-e-type=\"widget\" data-widget_type=\"spacer.default\">\n\t\t\t\t<div class=\"elementor-widget-container\">\n\t\t\t\t\t\t\t<div class=\"elementor-spacer\">\n\t\t\t<div class=\"elementor-spacer-inner\"><\/div>\n\t\t<\/div>\n\t\t\t\t\t\t<\/div>\n\t\t\t\t<\/div>\n\t\t\t\t<div class=\"elementor-element elementor-element-a20e3cf elementor-widget elementor-widget-heading\" data-id=\"a20e3cf\" data-element_type=\"widget\" data-e-type=\"widget\" data-widget_type=\"heading.default\">\n\t\t\t\t<div class=\"elementor-widget-container\">\n\t\t\t\t\t<h1 class=\"elementor-heading-title elementor-size-default\">Dette nettstedet bruker informasjonskapsler<\/h1>\t\t\t\t<\/div>\n\t\t\t\t<\/div>\n\t\t\t\t<div class=\"elementor-element elementor-element-70d466d elementor-widget elementor-widget-text-editor\" data-id=\"70d466d\" data-element_type=\"widget\" data-e-type=\"widget\" data-widget_type=\"text-editor.default\">\n\t\t\t\t<div class=\"elementor-widget-container\">\n\t\t\t\t\t\t\t\t\t<p>I samsvar med lov 34\/2002 av 11. juli 2002 om informasjonssamfunnstjenester og elektronisk handel (LSSICE) informerer vi deg om at Goenvios nettsted bruker informasjonskapsler.<\/p><p>LSSICE gjelder alle typer filer eller enheter som lastes ned til en brukers terminalutstyr for \u00e5 lagre data som kan oppdateres og hentes av den som er ansvarlig for installasjonen. En informasjonskapsel er en av disse mye brukte filene, som vi i det f\u00f8lgende kaller informasjonskapsler.<\/p><p>Informasjonskapsler er sm\u00e5 tekstfiler som sendes til en nettleser fra en webserver for \u00e5 registrere brukerens aktivitet p\u00e5 et nettsted, slik at denne informasjonen kan hentes frem senere n\u00e5r du surfer p\u00e5 de ulike sidene som er koblet til serveren som installerte dem.<\/p><p>Informasjonskapsler lagrer vanligvis informasjon av teknisk art, personlige preferanser, personalisering av innhold, bruksstatistikk, lenker til sosiale nettverk, tilgang til brukerkontoer osv.<\/p><p>Typer informasjonskapsler<\/p><p>Nedenfor er informasjonskapslene klassifisert i en rekke kategorier. Det er imidlertid n\u00f8dvendig \u00e5 huske p\u00e5 at samme informasjonskapsel kan inng\u00e5 i mer enn \u00e9n kategori.<\/p><p>If\u00f8lge enheten som forvalter dem<\/p><p>Egne informasjonskapsler: Dette er informasjonskapsler som sendes til brukerens terminalutstyr fra en datamaskin eller et domene som redakt\u00f8ren selv administrerer, og hvorfra tjenesten som brukeren ber om, leveres.<\/p><p>Tredjeparts informasjonskapsler: Dette er informasjonskapsler som sendes til brukerens terminalutstyr fra en datamaskin eller et domene som ikke administreres av redakt\u00f8ren, men av en annen enhet som behandler dataene som innhentes gjennom informasjonskapslene.<\/p><p>Hvis informasjonskapslene installeres fra en datamaskin eller et domene som administreres av redakt\u00f8ren selv, men informasjonen som samles inn gjennom disse, administreres av en tredjepart, anses de ikke som egne informasjonskapsler.<\/p><p>Alt etter hvor lenge de er aktive<\/p><p>Avhengig av hvor lenge de forblir aktivert i terminalutstyret, kan vi skille mellom:<\/p><p>\u00d8ktinformasjonskapsler: Dette er en type informasjonskapsler som er utformet for \u00e5 samle inn og lagre data mens brukeren er inne p\u00e5 et nettsted. De brukes vanligvis til \u00e5 lagre informasjon som kun er n\u00f8dvendig for \u00e5 levere den tjenesten brukeren har bedt om ved en enkelt anledning (f.eks. en liste over kj\u00f8pte produkter).<\/p><p>Permanente informasjonskapsler: Dette er en type informasjonskapsel der dataene forblir lagret i terminalen og kan n\u00e5s og behandles i en periode som defineres av den ansvarlige for informasjonskapselen, som kan variere fra noen f\u00e5 minutter til flere \u00e5r.<\/p><p>I henhold til deres form\u00e5l<\/p><p>Avhengig av form\u00e5let med behandlingen av opplysningene som innhentes gjennom informasjonskapsler, kan vi skille mellom:<\/p><p>Tekniske informasjonskapsler: Dette er informasjonskapsler som gj\u00f8r det mulig for brukeren \u00e5 surfe p\u00e5 et nettsted, en plattform eller en applikasjon og bruke de ulike alternativene eller tjenestene som finnes der, for eksempel for \u00e5 kontrollere trafikk og datakommunikasjon, identifisere \u00f8kten, f\u00e5 tilgang til deler med begrenset tilgang, huske elementene som inng\u00e5r i en bestilling, gjennomf\u00f8re kj\u00f8psprosessen for en bestilling, s\u00f8ke om registrering eller deltakelse i et arrangement, bruke sikkerhetselementer under surfing, lagre innhold for kringkasting av videoer eller lyd eller dele innhold via sosiale nettverk.<\/p><p>Informasjonskapsler for personlig tilpasning: Dette er informasjonskapsler som gj\u00f8r det mulig for brukeren \u00e5 f\u00e5 tilgang til tjenesten med forh\u00e5ndsdefinerte generelle egenskaper avhengig av en rekke kriterier i brukerens terminal, for eksempel spr\u00e5k, type nettleser som brukes for \u00e5 f\u00e5 tilgang til tjenesten, den regionale konfigurasjonen som tjenesten \u00e5pnes fra osv.<\/p><p>Analyseinformasjonskapsler: Disse informasjonskapslene gj\u00f8r det mulig for den som er ansvarlig for dem \u00e5 overv\u00e5ke og analysere atferden til brukerne av nettstedene de er knyttet til. Informasjonen som samles inn gjennom denne typen informasjonskapsler, brukes til \u00e5 m\u00e5le aktiviteten p\u00e5 nettstedene, applikasjonene eller plattformene og til \u00e5 utarbeide nettleserprofiler for brukerne av disse nettstedene, applikasjonene og plattformene, for \u00e5 kunne innf\u00f8re forbedringer basert p\u00e5 analyse av bruksdata fra brukerne av tjenesten.<\/p><p>Informasjonskapsler for reklame: Dette er informasjonskapsler som gj\u00f8r det mulig \u00e5 administrere reklameplassene som redakt\u00f8ren eventuelt har inkludert p\u00e5 et nettsted, en applikasjon eller en plattform der den forespurte tjenesten leveres, p\u00e5 en mest mulig effektiv m\u00e5te, basert p\u00e5 kriterier som det redigerte innholdet eller frekvensen annonsene vises med.<\/p><p>Informasjonskapsler for atferdsbasert annonsering: Dette er informasjonskapsler som gj\u00f8r det mulig \u00e5 administrere reklameplassene som utgiveren eventuelt har inkludert p\u00e5 et nettsted, en applikasjon eller en plattform der den forespurte tjenesten leveres, p\u00e5 en mest mulig effektiv m\u00e5te. Disse informasjonskapslene lagrer informasjon om brukernes atferd som er innhentet gjennom kontinuerlig observasjon av surfevanene deres, noe som gj\u00f8r det mulig \u00e5 utvikle en spesifikk profil for \u00e5 vise reklame basert p\u00e5 denne.<\/p><p>Slik deaktiverer du informasjonskapsler i de vanligste nettleserne<\/p><p>Hvis du vil konfigurere bruken av informasjonskapsler, kan du f\u00f8lge instruksjonene for nettleseren din eller konsultere nettleserens hjelp:<\/p><p>Safari<\/p><p>Firefox<\/p><p>Krom<\/p><p>Opera<\/p><p>Internet Explorer<\/p><p>Kant<\/p><p>Hva skjer hvis du ikke godtar informasjonskapsler?<\/p><p>Hvis du avviser informasjonskapsler, kan det hindre tilgang til personlig tilpasset innhold og tjenester.<\/p><p>Oppdateringer og endringer i retningslinjene for informasjonskapsler<\/p><p>Goenvio kan endre disse retningslinjene for informasjonskapsler i henhold til lovkrav, forskrifter, for \u00e5 tilpasse retningslinjene til instruksjonene fra det spanske databeskyttelsesbyr\u00e5et, for tekniske problemer eller omorganisering av nettet, s\u00e5 vi anbefaler deg \u00e5 bes\u00f8ke den med jevne mellomrom.<\/p><p>Kontakt<\/p><p>Hvis du har sp\u00f8rsm\u00e5l om hvordan vi bruker informasjonskapsler, kan du sende oss en e-post p\u00e5 info@Goenvio.es.<\/p>\t\t\t\t\t\t\t\t<\/div>\n\t\t\t\t<\/div>\n\t\t\t\t\t<\/div>\n\t\t<\/div>\n\t\t\t\t\t<\/div>\n\t\t<\/section>\n\t\t\t\t\t<\/div>\n\t\t<\/div>\n\t\t\t\t\t<\/div>\n\t\t<\/section>\n\t\t\t\t<\/div>","protected":false},"excerpt":{"rendered":"<p>Este sitio utiliza cookies En cumplimiento de la Ley 34\/2002 de 11 de julio de Servicios de la Sociedad de la Informaci\u00f3n y de Comercio Electr\u00f3nico<span class=\"excerpt-hellip\"> [\u2026]<\/span><\/p>\n","protected":false},"author":1,"featured_media":0,"parent":0,"menu_order":0,"comment_status":"open","ping_status":"closed","template":"","meta":{"footnotes":""},"class_list":["post-600","page","type-page","status-publish","hentry"],"yoast_head":"<!-- This site is optimized with the Yoast SEO Premium plugin v21.7 (Yoast SEO v27.3) - https:\/\/yoast.com\/product\/yoast-seo-premium-wordpress\/ -->\n<title>Este sitio utiliza cookies - Goenv\u00edo<\/title>\n<meta name=\"robots\" content=\"index, follow, max-snippet:-1, max-image-preview:large, max-video-preview:-1\" \/>\n<link rel=\"canonical\" href=\"https:\/\/goenvio.es\/nb\/dette-nettstedet-bruker-informasjonskapsler\/\" \/>\n<meta property=\"og:locale\" content=\"nb_NO\" \/>\n<meta property=\"og:type\" content=\"article\" \/>\n<meta property=\"og:title\" content=\"Este sitio utiliza cookies\" \/>\n<meta property=\"og:description\" content=\"Este sitio utiliza cookies En cumplimiento de la Ley 34\/2002 de 11 de julio de Servicios de la Sociedad de la Informaci\u00f3n y de Comercio Electr\u00f3nico [\u2026]\" \/>\n<meta property=\"og:url\" content=\"https:\/\/goenvio.es\/nb\/dette-nettstedet-bruker-informasjonskapsler\/\" \/>\n<meta property=\"og:site_name\" content=\"Goenv\u00edo\" \/>\n<meta property=\"article:modified_time\" content=\"2024-05-11T07:36:34+00:00\" \/>\n<meta name=\"twitter:card\" content=\"summary_large_image\" \/>\n<meta name=\"twitter:label1\" content=\"Ansl. lesetid\" \/>\n\t<meta name=\"twitter:data1\" content=\"5 minutter\" \/>\n<script type=\"application\/ld+json\" class=\"yoast-schema-graph\">{\"@context\":\"https:\\\/\\\/schema.org\",\"@graph\":[{\"@type\":\"WebPage\",\"@id\":\"https:\\\/\\\/goenvio.es\\\/este-sitio-utiliza-cookies\\\/\",\"url\":\"https:\\\/\\\/goenvio.es\\\/este-sitio-utiliza-cookies\\\/\",\"name\":\"Este sitio utiliza cookies - Goenv\u00edo\",\"isPartOf\":{\"@id\":\"https:\\\/\\\/goenvio.es\\\/#website\"},\"datePublished\":\"2024-05-11T07:35:45+00:00\",\"dateModified\":\"2024-05-11T07:36:34+00:00\",\"breadcrumb\":{\"@id\":\"https:\\\/\\\/goenvio.es\\\/este-sitio-utiliza-cookies\\\/#breadcrumb\"},\"inLanguage\":\"nb-NO\",\"potentialAction\":[{\"@type\":\"ReadAction\",\"target\":[\"https:\\\/\\\/goenvio.es\\\/este-sitio-utiliza-cookies\\\/\"]}]},{\"@type\":\"BreadcrumbList\",\"@id\":\"https:\\\/\\\/goenvio.es\\\/este-sitio-utiliza-cookies\\\/#breadcrumb\",\"itemListElement\":[{\"@type\":\"ListItem\",\"position\":1,\"name\":\"Home\",\"item\":\"https:\\\/\\\/goenvio.es\\\/\"},{\"@type\":\"ListItem\",\"position\":2,\"name\":\"Este sitio utiliza cookies\"}]},{\"@type\":\"WebSite\",\"@id\":\"https:\\\/\\\/goenvio.es\\\/#website\",\"url\":\"https:\\\/\\\/goenvio.es\\\/\",\"name\":\"goenv\u00edo\",\"description\":\"Recogida y env\u00edo de objetos perdidos en aeropuertos, trenes y ciudades\",\"publisher\":{\"@id\":\"https:\\\/\\\/goenvio.es\\\/#organization\"},\"potentialAction\":[{\"@type\":\"SearchAction\",\"target\":{\"@type\":\"EntryPoint\",\"urlTemplate\":\"https:\\\/\\\/goenvio.es\\\/?s={search_term_string}\"},\"query-input\":{\"@type\":\"PropertyValueSpecification\",\"valueRequired\":true,\"valueName\":\"search_term_string\"}}],\"inLanguage\":\"nb-NO\"},{\"@type\":\"Organization\",\"@id\":\"https:\\\/\\\/goenvio.es\\\/#organization\",\"name\":\"goenv\u00edo\",\"url\":\"https:\\\/\\\/goenvio.es\\\/\",\"logo\":{\"@type\":\"ImageObject\",\"inLanguage\":\"nb-NO\",\"@id\":\"https:\\\/\\\/goenvio.es\\\/#\\\/schema\\\/logo\\\/image\\\/\",\"url\":\"\",\"contentUrl\":\"\",\"caption\":\"goenv\u00edo\"},\"image\":{\"@id\":\"https:\\\/\\\/goenvio.es\\\/#\\\/schema\\\/logo\\\/image\\\/\"}}]}<\/script>\n<!-- \/ Yoast SEO Premium plugin. -->","yoast_head_json":{"title":"Dette nettstedet bruker informasjonskapsler - Goenv\u00edo","robots":{"index":"index","follow":"follow","max-snippet":"max-snippet:-1","max-image-preview":"max-image-preview:large","max-video-preview":"max-video-preview:-1"},"canonical":"https:\/\/goenvio.es\/nb\/dette-nettstedet-bruker-informasjonskapsler\/","og_locale":"nb_NO","og_type":"article","og_title":"Este sitio utiliza cookies","og_description":"Este sitio utiliza cookies En cumplimiento de la Ley 34\/2002 de 11 de julio de Servicios de la Sociedad de la Informaci\u00f3n y de Comercio Electr\u00f3nico [\u2026]","og_url":"https:\/\/goenvio.es\/nb\/dette-nettstedet-bruker-informasjonskapsler\/","og_site_name":"Goenv\u00edo","article_modified_time":"2024-05-11T07:36:34+00:00","twitter_card":"summary_large_image","twitter_misc":{"Ansl. lesetid":"5 minutter"},"schema":{"@context":"https:\/\/schema.org","@graph":[{"@type":"WebPage","@id":"https:\/\/goenvio.es\/este-sitio-utiliza-cookies\/","url":"https:\/\/goenvio.es\/este-sitio-utiliza-cookies\/","name":"Dette nettstedet bruker informasjonskapsler - Goenv\u00edo","isPartOf":{"@id":"https:\/\/goenvio.es\/#website"},"datePublished":"2024-05-11T07:35:45+00:00","dateModified":"2024-05-11T07:36:34+00:00","breadcrumb":{"@id":"https:\/\/goenvio.es\/este-sitio-utiliza-cookies\/#breadcrumb"},"inLanguage":"nb-NO","potentialAction":[{"@type":"ReadAction","target":["https:\/\/goenvio.es\/este-sitio-utiliza-cookies\/"]}]},{"@type":"BreadcrumbList","@id":"https:\/\/goenvio.es\/este-sitio-utiliza-cookies\/#breadcrumb","itemListElement":[{"@type":"ListItem","position":1,"name":"Home","item":"https:\/\/goenvio.es\/"},{"@type":"ListItem","position":2,"name":"Este sitio utiliza cookies"}]},{"@type":"WebSite","@id":"https:\/\/goenvio.es\/#website","url":"https:\/\/goenvio.es\/","name":"goenv\u00edo","description":"Innsamling og videresending av hittegods p\u00e5 flyplasser, tog og i byer","publisher":{"@id":"https:\/\/goenvio.es\/#organization"},"potentialAction":[{"@type":"SearchAction","target":{"@type":"EntryPoint","urlTemplate":"https:\/\/goenvio.es\/?s={search_term_string}"},"query-input":{"@type":"PropertyValueSpecification","valueRequired":true,"valueName":"search_term_string"}}],"inLanguage":"nb-NO"},{"@type":"Organization","@id":"https:\/\/goenvio.es\/#organization","name":"goenv\u00edo","url":"https:\/\/goenvio.es\/","logo":{"@type":"ImageObject","inLanguage":"nb-NO","@id":"https:\/\/goenvio.es\/#\/schema\/logo\/image\/","url":"","contentUrl":"","caption":"goenv\u00edo"},"image":{"@id":"https:\/\/goenvio.es\/#\/schema\/logo\/image\/"}}]}},"_links":{"self":[{"href":"https:\/\/goenvio.es\/nb\/wp-json\/wp\/v2\/pages\/600","targetHints":{"allow":["GET"]}}],"collection":[{"href":"https:\/\/goenvio.es\/nb\/wp-json\/wp\/v2\/pages"}],"about":[{"href":"https:\/\/goenvio.es\/nb\/wp-json\/wp\/v2\/types\/page"}],"author":[{"embeddable":true,"href":"https:\/\/goenvio.es\/nb\/wp-json\/wp\/v2\/users\/1"}],"replies":[{"embeddable":true,"href":"https:\/\/goenvio.es\/nb\/wp-json\/wp\/v2\/comments?post=600"}],"version-history":[{"count":0,"href":"https:\/\/goenvio.es\/nb\/wp-json\/wp\/v2\/pages\/600\/revisions"}],"wp:attachment":[{"href":"https:\/\/goenvio.es\/nb\/wp-json\/wp\/v2\/media?parent=600"}],"curies":[{"name":"wp","href":"https:\/\/api.w.org\/{rel}","templated":true}]}}