{"id":587,"date":"2024-05-11T07:28:58","date_gmt":"2024-05-11T07:28:58","guid":{"rendered":"https:\/\/goenvio.es\/?page_id=587"},"modified":"2024-11-01T09:25:39","modified_gmt":"2024-11-01T09:25:39","slug":"databeskyttelse","status":"publish","type":"page","link":"https:\/\/goenvio.es\/nb\/databeskyttelse\/","title":{"rendered":"BEHANDLING AV KUNDEDATA"},"content":{"rendered":"<div data-elementor-type=\"wp-page\" data-elementor-id=\"587\" class=\"elementor elementor-587\">\n\t\t\t\t\t\t<section class=\"elementor-section elementor-top-section elementor-element elementor-element-20c92f7 elementor-section-full_width elementor-section-stretched elementor-section-height-default elementor-section-height-default\" data-id=\"20c92f7\" data-element_type=\"section\" data-e-type=\"section\" data-settings=\"{&quot;stretch_section&quot;:&quot;section-stretched&quot;}\">\n\t\t\t\t\t\t<div class=\"elementor-container elementor-column-gap-wider\">\n\t\t\t\t\t<div class=\"elementor-column elementor-col-100 elementor-top-column elementor-element elementor-element-0c45c5b\" data-id=\"0c45c5b\" data-element_type=\"column\" data-e-type=\"column\">\n\t\t\t<div class=\"elementor-widget-wrap elementor-element-populated\">\n\t\t\t\t\t\t<section class=\"elementor-section elementor-inner-section elementor-element elementor-element-3868c9a elementor-section-boxed elementor-section-height-default elementor-section-height-default\" data-id=\"3868c9a\" data-element_type=\"section\" data-e-type=\"section\" data-settings=\"{&quot;background_background&quot;:&quot;classic&quot;}\">\n\t\t\t\t\t\t<div class=\"elementor-container elementor-column-gap-default\">\n\t\t\t\t\t<div class=\"elementor-column elementor-col-100 elementor-inner-column elementor-element elementor-element-d33c264\" data-id=\"d33c264\" data-element_type=\"column\" data-e-type=\"column\" data-settings=\"{&quot;background_background&quot;:&quot;classic&quot;}\">\n\t\t\t<div class=\"elementor-widget-wrap elementor-element-populated\">\n\t\t\t\t\t\t<div class=\"elementor-element elementor-element-dc8a8cd elementor-widget elementor-widget-spacer\" data-id=\"dc8a8cd\" data-element_type=\"widget\" data-e-type=\"widget\" data-widget_type=\"spacer.default\">\n\t\t\t\t<div class=\"elementor-widget-container\">\n\t\t\t\t\t\t\t<div class=\"elementor-spacer\">\n\t\t\t<div class=\"elementor-spacer-inner\"><\/div>\n\t\t<\/div>\n\t\t\t\t\t\t<\/div>\n\t\t\t\t<\/div>\n\t\t\t\t<div class=\"elementor-element elementor-element-a20e3cf elementor-widget elementor-widget-heading\" data-id=\"a20e3cf\" data-element_type=\"widget\" data-e-type=\"widget\" data-widget_type=\"heading.default\">\n\t\t\t\t<div class=\"elementor-widget-container\">\n\t\t\t\t\t<h1 class=\"elementor-heading-title elementor-size-default\">BEHANDLING AV KUNDEDATA<\/h1>\t\t\t\t<\/div>\n\t\t\t\t<\/div>\n\t\t\t\t<div class=\"elementor-element elementor-element-70d466d elementor-widget elementor-widget-text-editor\" data-id=\"70d466d\" data-element_type=\"widget\" data-e-type=\"widget\" data-widget_type=\"text-editor.default\">\n\t\t\t\t<div class=\"elementor-widget-container\">\n\t\t\t\t\t\t\t\t\t<p>N\u00e6rmere opplysninger om den behandlingsansvarlige:<\/p><p>Identitet: AEROSAFE SL - NIF: B05417399<\/p><p>Telefon: 654712208 - E-post: info@goenvio.es<\/p><p>\"I AEROSAFE SL behandler vi informasjonen du gir oss med det form\u00e5l \u00e5 levere den forespurte tjenesten og faktureringen. Opplysningene vil bli oppbevart s\u00e5 lenge forretningsforholdet opprettholdes eller s\u00e5 lenge det er n\u00f8dvendig for \u00e5 overholde juridiske forpliktelser og oppfylle mulige forpliktelser som kan oppst\u00e5 som f\u00f8lge av overholdelse av form\u00e5let som opplysningene ble samlet inn for. Opplysningene vil ikke bli overf\u00f8rt til tredjeparter, unntatt i tilfeller der det foreligger en juridisk forpliktelse. Du har rett til \u00e5 f\u00e5 informasjon om hvorvidt AEROSAFE SL behandler dine personopplysninger, slik at du kan ut\u00f8ve dine rettigheter til tilgang, retting, sletting og portabilitet av data og motstand og begrensning av behandlingen av dem f\u00f8r AEROSAFE SL SL, CALLE PRECIADOS, 3 URBANIZACION URLISA II. 03599, ALTEA, ALICANTE. eller p\u00e5 e-postadressen info@goenvio.es, ved \u00e5 legge ved en kopi av ID-kortet ditt eller et tilsvarende dokument.  P\u00e5 samme m\u00e5te, og spesielt hvis du mener at du ikke har f\u00e5tt fullt medhold i ut\u00f8velsen av dine rettigheter, kan du sende inn en klage til den nasjonale tilsynsmyndigheten ved \u00e5 kontakte det spanske datatilsynet, C\/ Jorge Juan, 6 - 28001 Madrid.<\/p><p>Vi ber ogs\u00e5 om din tillatelse til \u00e5 tilby deg produkter og tjenester som er relatert til de avtalte tjenestene, og til \u00e5 bygge kundelojalitet\".<\/p>\t\t\t\t\t\t\t\t<\/div>\n\t\t\t\t<\/div>\n\t\t\t\t\t<\/div>\n\t\t<\/div>\n\t\t\t\t\t<\/div>\n\t\t<\/section>\n\t\t\t\t\t<\/div>\n\t\t<\/div>\n\t\t\t\t\t<\/div>\n\t\t<\/section>\n\t\t\t\t<\/div>","protected":false},"excerpt":{"rendered":"<p>TRATAMIENTO DE DATOS DE CLIENTES Datos del responsable del tratamiento: Identidad: AEROSAFE SL \u2013 NIF: B05417399 Tel\u00e9fono: 654712208 \u2013 Correo electr\u00f3nico: info@goenvio.es \u201cEn AEROSAFE SL tratamos<span class=\"excerpt-hellip\"> [\u2026]<\/span><\/p>\n","protected":false},"author":1,"featured_media":0,"parent":0,"menu_order":0,"comment_status":"open","ping_status":"closed","template":"","meta":{"footnotes":""},"class_list":["post-587","page","type-page","status-publish","hentry"],"yoast_head":"<!-- This site is optimized with the Yoast SEO Premium plugin v21.7 (Yoast SEO v27.3) - https:\/\/yoast.com\/product\/yoast-seo-premium-wordpress\/ -->\n<title>TRATAMIENTO DE DATOS DE CLIENTES - Goenv\u00edo<\/title>\n<meta name=\"robots\" content=\"index, follow, max-snippet:-1, max-image-preview:large, max-video-preview:-1\" \/>\n<link rel=\"canonical\" href=\"https:\/\/goenvio.es\/nb\/databeskyttelse\/\" \/>\n<meta property=\"og:locale\" content=\"nb_NO\" \/>\n<meta property=\"og:type\" content=\"article\" \/>\n<meta property=\"og:title\" content=\"TRATAMIENTO DE DATOS DE CLIENTES\" \/>\n<meta property=\"og:description\" content=\"TRATAMIENTO DE DATOS DE CLIENTES Datos del responsable del tratamiento: Identidad: AEROSAFE SL \u2013 NIF: B05417399 Tel\u00e9fono: 654712208 \u2013 Correo electr\u00f3nico: info@goenvio.es \u201cEn AEROSAFE SL tratamos [\u2026]\" \/>\n<meta property=\"og:url\" content=\"https:\/\/goenvio.es\/nb\/databeskyttelse\/\" \/>\n<meta property=\"og:site_name\" content=\"Goenv\u00edo\" \/>\n<meta property=\"article:modified_time\" content=\"2024-11-01T09:25:39+00:00\" \/>\n<meta name=\"twitter:card\" content=\"summary_large_image\" \/>\n<meta name=\"twitter:label1\" content=\"Ansl. lesetid\" \/>\n\t<meta name=\"twitter:data1\" content=\"2 minutter\" \/>\n<script type=\"application\/ld+json\" class=\"yoast-schema-graph\">{\"@context\":\"https:\\\/\\\/schema.org\",\"@graph\":[{\"@type\":\"WebPage\",\"@id\":\"https:\\\/\\\/goenvio.es\\\/proteccion-datos\\\/\",\"url\":\"https:\\\/\\\/goenvio.es\\\/proteccion-datos\\\/\",\"name\":\"TRATAMIENTO DE DATOS DE CLIENTES - Goenv\u00edo\",\"isPartOf\":{\"@id\":\"https:\\\/\\\/goenvio.es\\\/#website\"},\"datePublished\":\"2024-05-11T07:28:58+00:00\",\"dateModified\":\"2024-11-01T09:25:39+00:00\",\"breadcrumb\":{\"@id\":\"https:\\\/\\\/goenvio.es\\\/proteccion-datos\\\/#breadcrumb\"},\"inLanguage\":\"nb-NO\",\"potentialAction\":[{\"@type\":\"ReadAction\",\"target\":[\"https:\\\/\\\/goenvio.es\\\/proteccion-datos\\\/\"]}]},{\"@type\":\"BreadcrumbList\",\"@id\":\"https:\\\/\\\/goenvio.es\\\/proteccion-datos\\\/#breadcrumb\",\"itemListElement\":[{\"@type\":\"ListItem\",\"position\":1,\"name\":\"Home\",\"item\":\"https:\\\/\\\/goenvio.es\\\/\"},{\"@type\":\"ListItem\",\"position\":2,\"name\":\"TRATAMIENTO DE DATOS DE CLIENTES\"}]},{\"@type\":\"WebSite\",\"@id\":\"https:\\\/\\\/goenvio.es\\\/#website\",\"url\":\"https:\\\/\\\/goenvio.es\\\/\",\"name\":\"goenv\u00edo\",\"description\":\"Recogida y env\u00edo de objetos perdidos en aeropuertos, trenes y ciudades\",\"publisher\":{\"@id\":\"https:\\\/\\\/goenvio.es\\\/#organization\"},\"potentialAction\":[{\"@type\":\"SearchAction\",\"target\":{\"@type\":\"EntryPoint\",\"urlTemplate\":\"https:\\\/\\\/goenvio.es\\\/?s={search_term_string}\"},\"query-input\":{\"@type\":\"PropertyValueSpecification\",\"valueRequired\":true,\"valueName\":\"search_term_string\"}}],\"inLanguage\":\"nb-NO\"},{\"@type\":\"Organization\",\"@id\":\"https:\\\/\\\/goenvio.es\\\/#organization\",\"name\":\"goenv\u00edo\",\"url\":\"https:\\\/\\\/goenvio.es\\\/\",\"logo\":{\"@type\":\"ImageObject\",\"inLanguage\":\"nb-NO\",\"@id\":\"https:\\\/\\\/goenvio.es\\\/#\\\/schema\\\/logo\\\/image\\\/\",\"url\":\"\",\"contentUrl\":\"\",\"caption\":\"goenv\u00edo\"},\"image\":{\"@id\":\"https:\\\/\\\/goenvio.es\\\/#\\\/schema\\\/logo\\\/image\\\/\"}}]}<\/script>\n<!-- \/ Yoast SEO Premium plugin. -->","yoast_head_json":{"title":"BEHANDLING AV KUNDEDATA - Goenv\u00edo","robots":{"index":"index","follow":"follow","max-snippet":"max-snippet:-1","max-image-preview":"max-image-preview:large","max-video-preview":"max-video-preview:-1"},"canonical":"https:\/\/goenvio.es\/nb\/databeskyttelse\/","og_locale":"nb_NO","og_type":"article","og_title":"TRATAMIENTO DE DATOS DE CLIENTES","og_description":"TRATAMIENTO DE DATOS DE CLIENTES Datos del responsable del tratamiento: Identidad: AEROSAFE SL \u2013 NIF: B05417399 Tel\u00e9fono: 654712208 \u2013 Correo electr\u00f3nico: info@goenvio.es \u201cEn AEROSAFE SL tratamos [\u2026]","og_url":"https:\/\/goenvio.es\/nb\/databeskyttelse\/","og_site_name":"Goenv\u00edo","article_modified_time":"2024-11-01T09:25:39+00:00","twitter_card":"summary_large_image","twitter_misc":{"Ansl. lesetid":"2 minutter"},"schema":{"@context":"https:\/\/schema.org","@graph":[{"@type":"WebPage","@id":"https:\/\/goenvio.es\/proteccion-datos\/","url":"https:\/\/goenvio.es\/proteccion-datos\/","name":"BEHANDLING AV KUNDEDATA - Goenv\u00edo","isPartOf":{"@id":"https:\/\/goenvio.es\/#website"},"datePublished":"2024-05-11T07:28:58+00:00","dateModified":"2024-11-01T09:25:39+00:00","breadcrumb":{"@id":"https:\/\/goenvio.es\/proteccion-datos\/#breadcrumb"},"inLanguage":"nb-NO","potentialAction":[{"@type":"ReadAction","target":["https:\/\/goenvio.es\/proteccion-datos\/"]}]},{"@type":"BreadcrumbList","@id":"https:\/\/goenvio.es\/proteccion-datos\/#breadcrumb","itemListElement":[{"@type":"ListItem","position":1,"name":"Home","item":"https:\/\/goenvio.es\/"},{"@type":"ListItem","position":2,"name":"TRATAMIENTO DE DATOS DE CLIENTES"}]},{"@type":"WebSite","@id":"https:\/\/goenvio.es\/#website","url":"https:\/\/goenvio.es\/","name":"goenv\u00edo","description":"Innsamling og videresending av hittegods p\u00e5 flyplasser, tog og i byer","publisher":{"@id":"https:\/\/goenvio.es\/#organization"},"potentialAction":[{"@type":"SearchAction","target":{"@type":"EntryPoint","urlTemplate":"https:\/\/goenvio.es\/?s={search_term_string}"},"query-input":{"@type":"PropertyValueSpecification","valueRequired":true,"valueName":"search_term_string"}}],"inLanguage":"nb-NO"},{"@type":"Organization","@id":"https:\/\/goenvio.es\/#organization","name":"goenv\u00edo","url":"https:\/\/goenvio.es\/","logo":{"@type":"ImageObject","inLanguage":"nb-NO","@id":"https:\/\/goenvio.es\/#\/schema\/logo\/image\/","url":"","contentUrl":"","caption":"goenv\u00edo"},"image":{"@id":"https:\/\/goenvio.es\/#\/schema\/logo\/image\/"}}]}},"_links":{"self":[{"href":"https:\/\/goenvio.es\/nb\/wp-json\/wp\/v2\/pages\/587","targetHints":{"allow":["GET"]}}],"collection":[{"href":"https:\/\/goenvio.es\/nb\/wp-json\/wp\/v2\/pages"}],"about":[{"href":"https:\/\/goenvio.es\/nb\/wp-json\/wp\/v2\/types\/page"}],"author":[{"embeddable":true,"href":"https:\/\/goenvio.es\/nb\/wp-json\/wp\/v2\/users\/1"}],"replies":[{"embeddable":true,"href":"https:\/\/goenvio.es\/nb\/wp-json\/wp\/v2\/comments?post=587"}],"version-history":[{"count":0,"href":"https:\/\/goenvio.es\/nb\/wp-json\/wp\/v2\/pages\/587\/revisions"}],"wp:attachment":[{"href":"https:\/\/goenvio.es\/nb\/wp-json\/wp\/v2\/media?parent=587"}],"curies":[{"name":"wp","href":"https:\/\/api.w.org\/{rel}","templated":true}]}}