{"id":839,"date":"2024-05-13T04:12:00","date_gmt":"2024-05-13T04:12:00","guid":{"rendered":"https:\/\/goenvio.es\/?page_id=839"},"modified":"2024-05-13T04:20:11","modified_gmt":"2024-05-13T04:20:11","slug":"%e7%a9%ba%e6%b8%af%e3%81%a7%e3%81%ae%e9%81%ba%e5%a4%b1%e7%89%a9%e3%81%ae%e5%bc%95%e3%81%8d%e5%8f%96%e3%82%8a%e6%89%8b%e9%a0%86%e3%81%a8goenvio%e3%81%ae%e6%b4%bb%e7%94%a8%e6%b3%95","status":"publish","type":"page","link":"https:\/\/goenvio.es\/ja\/%e7%a9%ba%e6%b8%af%e3%81%a7%e3%81%ae%e9%81%ba%e5%a4%b1%e7%89%a9%e3%81%ae%e5%bc%95%e3%81%8d%e5%8f%96%e3%82%8a%e6%89%8b%e9%a0%86%e3%81%a8goenvio%e3%81%ae%e6%b4%bb%e7%94%a8%e6%b3%95\/","title":{"rendered":"\u7a7a\u6e2f\u3067\u306e\u5fd8\u308c\u7269\uff1a\u56de\u53ce\u3078\u306e\u30b9\u30c6\u30c3\u30d7\u3068GoEnvio\u306b\u3088\u308b\u30d7\u30ed\u30bb\u30b9\u4fc3\u9032\u65b9\u6cd5"},"content":{"rendered":"<div data-elementor-type=\"wp-page\" data-elementor-id=\"839\" class=\"elementor elementor-839\">\n\t\t\t\t\t\t<section class=\"elementor-section elementor-top-section elementor-element elementor-element-d676a70 elementor-section-full_width elementor-section-stretched elementor-section-height-default elementor-section-height-default\" data-id=\"d676a70\" data-element_type=\"section\" data-e-type=\"section\" data-settings=\"{&quot;stretch_section&quot;:&quot;section-stretched&quot;}\">\n\t\t\t\t\t\t<div class=\"elementor-container elementor-column-gap-wider\">\n\t\t\t\t\t<div class=\"elementor-column elementor-col-100 elementor-top-column elementor-element elementor-element-d57ed04\" data-id=\"d57ed04\" data-element_type=\"column\" data-e-type=\"column\" data-settings=\"{&quot;background_background&quot;:&quot;classic&quot;}\">\n\t\t\t<div class=\"elementor-widget-wrap elementor-element-populated\">\n\t\t\t\t\t\t<section class=\"elementor-section elementor-inner-section elementor-element elementor-element-d3a90e6 elementor-section-boxed elementor-section-height-default elementor-section-height-default\" data-id=\"d3a90e6\" data-element_type=\"section\" data-e-type=\"section\">\n\t\t\t\t\t\t<div class=\"elementor-container elementor-column-gap-default\">\n\t\t\t\t\t<div class=\"elementor-column elementor-col-100 elementor-inner-column elementor-element elementor-element-bd5e915\" data-id=\"bd5e915\" data-element_type=\"column\" data-e-type=\"column\">\n\t\t\t<div class=\"elementor-widget-wrap elementor-element-populated\">\n\t\t\t\t\t\t<section class=\"elementor-section elementor-inner-section elementor-element elementor-element-c100ef7 elementor-section-boxed elementor-section-height-default elementor-section-height-default\" data-id=\"c100ef7\" data-element_type=\"section\" data-e-type=\"section\">\n\t\t\t\t\t\t<div class=\"elementor-container elementor-column-gap-default\">\n\t\t\t\t\t<div class=\"elementor-column elementor-col-25 elementor-inner-column elementor-element elementor-element-8cbaae0\" data-id=\"8cbaae0\" data-element_type=\"column\" data-e-type=\"column\">\n\t\t\t<div class=\"elementor-widget-wrap\">\n\t\t\t\t\t\t\t<\/div>\n\t\t<\/div>\n\t\t\t\t<div class=\"elementor-column elementor-col-50 elementor-inner-column elementor-element elementor-element-f71378a\" data-id=\"f71378a\" data-element_type=\"column\" data-e-type=\"column\">\n\t\t\t<div class=\"elementor-widget-wrap elementor-element-populated\">\n\t\t\t\t\t\t<div class=\"elementor-element elementor-element-598cb93 elementor-widget elementor-widget-heading\" data-id=\"598cb93\" data-element_type=\"widget\" data-e-type=\"widget\" data-widget_type=\"heading.default\">\n\t\t\t\t<div class=\"elementor-widget-container\">\n\t\t\t\t\t<h3 class=\"elementor-heading-title elementor-size-default\">\u7a7a\u6e2f\u3067\u306e\u5fd8\u308c\u7269\uff1a\u56de\u53ce\u3078\u306e\u30b9\u30c6\u30c3\u30d7\u3068GoEnvio\u306b\u3088\u308b\u30d7\u30ed\u30bb\u30b9\u4fc3\u9032\u65b9\u6cd5\n\n<\/h3>\t\t\t\t<\/div>\n\t\t\t\t<\/div>\n\t\t\t\t<div class=\"elementor-element elementor-element-563c703 elementor-widget-tablet__width-initial elementor-widget elementor-widget-heading\" data-id=\"563c703\" data-element_type=\"widget\" data-e-type=\"widget\" data-widget_type=\"heading.default\">\n\t\t\t\t<div class=\"elementor-widget-container\">\n\t\t\t\t\t<h5 class=\"elementor-heading-title elementor-size-default\">\u65c5\u884c\u4e2d\u306e\u8377\u7269\u306e\u7d1b\u5931\u306f\u5927\u304d\u306a\u5fc3\u914d\u4e8b\u3067\u3042\u308b\u3002\u7a7a\u6e2f\u3067\u843d\u3057\u7269\u3092\u3057\u305f\u3053\u3068\u304c\u3042\u308b\u4eba\u306a\u3089\u3001\u305d\u308c\u304c\u3069\u308c\u307b\u3069\u6094\u3057\u3044\u3053\u3068\u304b\u308f\u304b\u308b\u3060\u308d\u3046\u3002GoEnvio\u306e\u3088\u3046\u306a\u30b5\u30fc\u30d3\u30b9\u3092\u5229\u7528\u3059\u308b\u3053\u3068\u3067\u3001\u3053\u306e\u30d7\u30ed\u30bb\u30b9\u3092\u3088\u308a\u7c21\u5358\u304b\u3064\u52b9\u7387\u7684\u306b\u884c\u3046\u3053\u3068\u304c\u3067\u304d\u307e\u3059\u3002GoEnvio\u306e\u3088\u3046\u306a\u30b5\u30fc\u30d3\u30b9\u3092\u5229\u7528\u3059\u308c\u3070\u3001\u3053\u306e\u30d7\u30ed\u30bb\u30b9\u3092\u3088\u308a\u7c21\u5358\u304b\u3064\u52b9\u7387\u7684\u306b\u884c\u3046\u3053\u3068\u304c\u3067\u304d\u307e\u3059\u3002\n\n\n\n\n\n<\/h5>\t\t\t\t<\/div>\n\t\t\t\t<\/div>\n\t\t\t\t\t<\/div>\n\t\t<\/div>\n\t\t\t\t<div class=\"elementor-column elementor-col-25 elementor-inner-column elementor-element elementor-element-50c51bc\" data-id=\"50c51bc\" data-element_type=\"column\" data-e-type=\"column\">\n\t\t\t<div class=\"elementor-widget-wrap\">\n\t\t\t\t\t\t\t<\/div>\n\t\t<\/div>\n\t\t\t\t\t<\/div>\n\t\t<\/section>\n\t\t\t\t\t<\/div>\n\t\t<\/div>\n\t\t\t\t\t<\/div>\n\t\t<\/section>\n\t\t\t\t\t<\/div>\n\t\t<\/div>\n\t\t\t\t\t<\/div>\n\t\t<\/section>\n\t\t\t\t<section class=\"elementor-section elementor-top-section elementor-element elementor-element-0d58ce0 elementor-section-full_width elementor-section-stretched elementor-section-height-default elementor-section-height-default\" data-id=\"0d58ce0\" data-element_type=\"section\" data-e-type=\"section\" data-settings=\"{&quot;stretch_section&quot;:&quot;section-stretched&quot;,&quot;background_background&quot;:&quot;classic&quot;}\">\n\t\t\t\t\t\t<div class=\"elementor-container elementor-column-gap-default\">\n\t\t\t\t\t<div class=\"elementor-column elementor-col-100 elementor-top-column elementor-element elementor-element-16d11c8\" data-id=\"16d11c8\" data-element_type=\"column\" data-e-type=\"column\" data-settings=\"{&quot;background_background&quot;:&quot;classic&quot;}\">\n\t\t\t<div class=\"elementor-widget-wrap elementor-element-populated\">\n\t\t\t\t\t\t<section class=\"elementor-section elementor-inner-section elementor-element elementor-element-4a1e55a elementor-reverse-tablet elementor-reverse-mobile elementor-section-boxed elementor-section-height-default elementor-section-height-default\" data-id=\"4a1e55a\" data-element_type=\"section\" data-e-type=\"section\" id=\"dental\">\n\t\t\t\t\t\t<div class=\"elementor-container elementor-column-gap-default\">\n\t\t\t\t\t<div class=\"elementor-column elementor-col-50 elementor-inner-column elementor-element elementor-element-6a6be8d\" data-id=\"6a6be8d\" data-element_type=\"column\" data-e-type=\"column\" data-settings=\"{&quot;background_background&quot;:&quot;classic&quot;}\">\n\t\t\t<div class=\"elementor-widget-wrap elementor-element-populated\">\n\t\t\t\t\t\t<div class=\"elementor-element elementor-element-3774c39 elementor-widget elementor-widget-text-editor\" data-id=\"3774c39\" data-element_type=\"widget\" data-e-type=\"widget\" data-widget_type=\"text-editor.default\">\n\t\t\t\t<div class=\"elementor-widget-container\">\n\t\t\t\t\t\t\t\t\t<h3>\u30b9\u30c6\u30c3\u30d71\uff1a\u907a\u5931\u7269\u306e\u5c4a\u3051\u51fa<\/h3><p>\u843d\u3057\u7269\u306b\u6c17\u3065\u3044\u305f\u3089\u3001\u3059\u3050\u306b\u5c4a\u3051\u51fa\u308b\u3053\u3068\u304c\u5927\u5207\u3067\u3059\u3002\u307b\u3068\u3093\u3069\u306e\u7a7a\u6e2f\u306b\u306f\u907a\u5931\u7269\u53d7\u4ed8\u30ab\u30a6\u30f3\u30bf\u30fc\u3084\u30aa\u30f3\u30e9\u30a4\u30f3\u30b5\u30fc\u30d3\u30b9\u304c\u3042\u308a\u3001\u7d1b\u5931\u7269\u3092\u5c4a\u3051\u51fa\u308b\u3053\u3068\u304c\u3067\u304d\u307e\u3059\u3002\u305d\u306e\u969b\u3001\u30d6\u30e9\u30f3\u30c9\u3001\u8272\u3001\u898b\u5206\u3051\u3084\u3059\u3044\u7279\u5fb4\u306a\u3069\u3001\u54c1\u7269\u306e\u8a73\u7d30\u306a\u8aac\u660e\u3092\u8a18\u5165\u3057\u3066\u304f\u3060\u3055\u3044\u3002<\/p><h3>\u30b9\u30c6\u30c3\u30d72\uff1a\u30a4\u30f3\u30d5\u30a9\u30e1\u30fc\u30b7\u30e7\u30f3\u30fb\u30dd\u30a4\u30f3\u30c8\u3092\u8a2a\u308c\u308b<\/h3><p>\u7a7a\u6e2f\u306b\u6b8b\u3063\u3066\u3044\u308b\u5834\u5408\u306f\u3001\u30a4\u30f3\u30d5\u30a9\u30e1\u30fc\u30b7\u30e7\u30f3\u30fb\u30dd\u30a4\u30f3\u30c8\u307e\u305f\u306f\u907a\u5931\u7269\u53d7\u4ed8\u30ab\u30a6\u30f3\u30bf\u30fc\u3078\u304a\u8d8a\u3057\u304f\u3060\u3055\u3044\u3002\u4fc2\u54e1\u304c\u54c1\u7269\u304c\u5f15\u304d\u6e21\u3055\u308c\u305f\u304b\u3069\u3046\u304b\u3092\u78ba\u8a8d\u3057\u3001\u624b\u7d9a\u304d\u65b9\u6cd5\u3092\u6848\u5185\u3057\u3066\u304f\u308c\u307e\u3059\u3002<\/p>\t\t\t\t\t\t\t\t<\/div>\n\t\t\t\t<\/div>\n\t\t\t\t\t<\/div>\n\t\t<\/div>\n\t\t\t\t<div class=\"elementor-column elementor-col-50 elementor-inner-column elementor-element elementor-element-5eb845c\" data-id=\"5eb845c\" data-element_type=\"column\" data-e-type=\"column\" data-settings=\"{&quot;background_background&quot;:&quot;classic&quot;}\">\n\t\t\t<div class=\"elementor-widget-wrap elementor-element-populated\">\n\t\t\t\t\t\t<div class=\"elementor-element elementor-element-fe8aa1c elementor-widget elementor-widget-spacer\" data-id=\"fe8aa1c\" data-element_type=\"widget\" data-e-type=\"widget\" data-widget_type=\"spacer.default\">\n\t\t\t\t<div class=\"elementor-widget-container\">\n\t\t\t\t\t\t\t<div class=\"elementor-spacer\">\n\t\t\t<div class=\"elementor-spacer-inner\"><\/div>\n\t\t<\/div>\n\t\t\t\t\t\t<\/div>\n\t\t\t\t<\/div>\n\t\t\t\t\t<\/div>\n\t\t<\/div>\n\t\t\t\t\t<\/div>\n\t\t<\/section>\n\t\t\t\t<section class=\"elementor-section elementor-inner-section elementor-element elementor-element-9f13e75 elementor-section-boxed elementor-section-height-default elementor-section-height-default\" data-id=\"9f13e75\" data-element_type=\"section\" data-e-type=\"section\" id=\"xray\">\n\t\t\t\t\t\t<div class=\"elementor-container elementor-column-gap-default\">\n\t\t\t\t\t<div class=\"elementor-column elementor-col-100 elementor-inner-column elementor-element elementor-element-a864368\" data-id=\"a864368\" data-element_type=\"column\" data-e-type=\"column\" data-settings=\"{&quot;background_background&quot;:&quot;classic&quot;}\">\n\t\t\t<div class=\"elementor-widget-wrap elementor-element-populated\">\n\t\t\t\t\t\t<div class=\"elementor-element elementor-element-a429858 elementor-widget elementor-widget-text-editor\" data-id=\"a429858\" data-element_type=\"widget\" data-e-type=\"widget\" data-widget_type=\"text-editor.default\">\n\t\t\t\t<div class=\"elementor-widget-container\">\n\t\t\t\t\t\t\t\t\t<h3>\u30b9\u30c6\u30c3\u30d73\uff1a\u30b3\u30f3\u30bf\u30af\u30c8\u306e\u7dad\u6301<\/h3><p>\u907a\u5931\u7269\u304c\u3059\u3050\u306b\u898b\u3064\u304b\u3089\u306a\u3044\u5834\u5408\u306f\u3001\u7a7a\u6e2f\u306e\u907a\u5931\u7269\u4fc2\u3068\u9023\u7d61\u3092\u53d6\u308b\u3053\u3068\u304c\u91cd\u8981\u3067\u3059\u3002\u591a\u304f\u306e\u7a7a\u6e2f\u306b\u306f\u907a\u5931\u7269\u767b\u9332\u306e\u30aa\u30f3\u30e9\u30a4\u30f3\u30b7\u30b9\u30c6\u30e0\u304c\u3042\u308a\u3001\u30ea\u30e2\u30fc\u30c8\u3067\u72b6\u6cc1\u3092\u78ba\u8a8d\u3059\u308b\u3053\u3068\u304c\u3067\u304d\u307e\u3059\u3002<\/p><h3>\u30b9\u30c6\u30c3\u30d74\uff1a\u30d8\u30eb\u30d7\u304c\u5fc5\u8981\u306a\u5834\u5408\u306fGoEnvio\u3092\u4f7f\u3046<\/h3><p>\u6a19\u6e96\u7684\u306a\u30d7\u30ed\u30bb\u30b9\u306b\u5727\u5012\u3055\u308c\u305d\u3046\u306a\u5834\u5408\u3001\u307e\u305f\u306f\u5358\u306b\u3082\u3063\u3068\u7c21\u5358\u3067\u52b9\u7387\u7684\u306a\u30bd\u30ea\u30e5\u30fc\u30b7\u30e7\u30f3\u3092\u3054\u5e0c\u671b\u306e\u5834\u5408\u3001GoEnvio\u304c\u304a\u624b\u4f1d\u3044\u3044\u305f\u3057\u307e\u3059\u3002\u30a2\u30a8\u30ca\u304c\u7ba1\u7406\u3059\u308b\u7a7a\u6e2f\u3067\u306e\u7d1b\u5931\u7269\u56de\u53ce\u306b\u7279\u5316\u3057\u305f\u5f53\u793e\u306e\u30b5\u30fc\u30d3\u30b9\u306f\u3001\u3053\u306e\u30d7\u30ed\u30bb\u30b9\u3092\u7c21\u7d20\u5316\u3057\u307e\u3059\u3002<\/p>\t\t\t\t\t\t\t\t<\/div>\n\t\t\t\t<\/div>\n\t\t\t\t<div class=\"elementor-element elementor-element-ac07bb3 elementor-widget elementor-widget-heading\" data-id=\"ac07bb3\" data-element_type=\"widget\" data-e-type=\"widget\" data-widget_type=\"heading.default\">\n\t\t\t\t<div class=\"elementor-widget-container\">\n\t\t\t\t\t<h3 class=\"elementor-heading-title elementor-size-default\">\nGoEnvio\u306f\u3069\u306e\u3088\u3046\u306b\u304a\u5f79\u306b\u7acb\u3061\u307e\u3059\u304b\uff1f\n<\/h3>\t\t\t\t<\/div>\n\t\t\t\t<\/div>\n\t\t\t\t<div class=\"elementor-element elementor-element-9902a9f elementor-widget elementor-widget-text-editor\" data-id=\"9902a9f\" data-element_type=\"widget\" data-e-type=\"widget\" data-widget_type=\"text-editor.default\">\n\t\t\t\t<div class=\"elementor-widget-container\">\n\t\t\t\t\t\t\t\t\t<p><strong>\u96c6\u8377\u3068\u914d\u9054\uff1a<\/strong> \u304a\u5ba2\u69d8\u306e\u5546\u54c1\u304c\u6240\u5728\u4e0d\u660e\u306e\u5834\u5408\u3001\u5f0a\u793e\u304c\u5168\u3066\u306e\u56de\u53ce\u624b\u7d9a\u304d\u3092\u884c\u3044\u307e\u3059\u3002\u3055\u3089\u306b\u3001\u56fd\u5185\u5916\u3092\u554f\u308f\u305a\u3001\u3054\u6307\u5b9a\u306e\u4f4f\u6240\u306b\u76f4\u63a5\u304a\u9001\u308a\u3057\u307e\u3059\u3002<\/p><p><strong>\u7c21\u7d20\u5316\u3055\u308c\u305f\u30d7\u30ed\u30bb\u30b9\uff1a<\/strong> \u3053\u306e\u624b\u7d9a\u304d\u306f\u3001\u5f53\u793e\u306e\u30a6\u30a7\u30d6\u30b5\u30a4\u30c8\u306b\u30a2\u30af\u30bb\u30b9\u3057\u3001\u4ee5\u4e0b\u306e\u7c21\u5358\u306a\u30d5\u30a9\u30fc\u30e0\u306b\u3054\u8a18\u5165\u3044\u305f\u3060\u304f\u3053\u3068\u3067\u958b\u59cb\u3067\u304d\u307e\u3059\u3002 <a href=\"https:\/\/goenvio.es\/ja\/%e9%81%ba%e5%a4%b1%e7%89%a9%e7%99%ba%e9%80%81%e8%a6%8b%e7%a9%8d%e3%82%82%e3%82%8a\/\" target=\"_new\" rel=\"noreferrer\">\u907a\u5931\u7269\u30b5\u30fc\u30d3\u30b9<\/a>.\u7d1b\u5931\u7269\u304c\u5b89\u5168\u304b\u3064\u52b9\u7387\u7684\u306b\u8fd4\u9001\u3055\u308c\u308b\u3088\u3046\u3001\u3042\u3068\u306f\u79c1\u305f\u3061\u306b\u304a\u4efb\u305b\u304f\u3060\u3055\u3044\u3002<\/p><h3>\u7d50\u8ad6<\/h3><p>\u7a7a\u6e2f\u3067\u306e\u7d1b\u5931\u306f\u3001\u6301\u3061\u7269\u306b\u3068\u3063\u3066\u4e0d\u5e78\u306a\u7d50\u672b\u3068\u306a\u308b\u3053\u3068\u306f\u3042\u308a\u307e\u305b\u3093\u3002GoEnvio\u306e\u30b5\u30fc\u30d3\u30b9\u3092\u3054\u5229\u7528\u3044\u305f\u3060\u3051\u308c\u3070\u3001\u7d1b\u5931\u7269\u3092\u53d6\u308a\u623b\u305b\u308b\u53ef\u80fd\u6027\u304c\u5927\u5e45\u306b\u9ad8\u307e\u308a\u307e\u3059\u3002GoEnvio\u306e\u30b5\u30fc\u30d3\u30b9\u306f\u3001\u7d1b\u5931\u3057\u305f\u5834\u5408\u3067\u3082\u3001\u4fe1\u983c\u3067\u304d\u308b\u52b9\u7387\u7684\u306a\u65b9\u6cd5\u3067\u53d6\u308a\u623b\u305b\u308b\u3088\u3046\u3001\u65c5\u884c\u8005\u306b\u5b89\u5fc3\u3092\u63d0\u4f9b\u3059\u308b\u3088\u3046\u306b\u8a2d\u8a08\u3055\u308c\u3066\u3044\u307e\u3059\u3002 GoEnvio\u304c\u3042\u306a\u305f\u306e\u5473\u65b9\u3068\u306a\u3063\u3066\u3001\u3042\u306a\u305f\u306e\u3082\u306e\u3092\u53d6\u308a\u623b\u3059\u304a\u624b\u4f1d\u3044\u3092\u3044\u305f\u3057\u307e\u3059\u306e\u3067\u3001\u5b89\u5fc3\u3057\u3066\u3054\u65c5\u884c\u304f\u3060\u3055\u3044\uff01<\/p>\t\t\t\t\t\t\t\t<\/div>\n\t\t\t\t<\/div>\n\t\t\t\t\t<\/div>\n\t\t<\/div>\n\t\t\t\t\t<\/div>\n\t\t<\/section>\n\t\t\t\t\t<\/div>\n\t\t<\/div>\n\t\t\t\t\t<\/div>\n\t\t<\/section>\n\t\t\t\t<section class=\"elementor-section elementor-top-section elementor-element elementor-element-64e0935 elementor-section-full_width elementor-section-stretched elementor-section-height-default elementor-section-height-default\" data-id=\"64e0935\" data-element_type=\"section\" data-e-type=\"section\" data-settings=\"{&quot;stretch_section&quot;:&quot;section-stretched&quot;}\">\n\t\t\t\t\t\t<div class=\"elementor-container elementor-column-gap-wider\">\n\t\t\t\t\t<div class=\"elementor-column elementor-col-100 elementor-top-column elementor-element elementor-element-3718854\" data-id=\"3718854\" data-element_type=\"column\" data-e-type=\"column\">\n\t\t\t<div class=\"elementor-widget-wrap elementor-element-populated\">\n\t\t\t\t\t\t<section class=\"elementor-section elementor-inner-section elementor-element elementor-element-6462d46 elementor-section-boxed elementor-section-height-default elementor-section-height-default\" data-id=\"6462d46\" data-element_type=\"section\" data-e-type=\"section\" data-settings=\"{&quot;background_background&quot;:&quot;classic&quot;}\">\n\t\t\t\t\t\t<div class=\"elementor-container elementor-column-gap-default\">\n\t\t\t\t\t<div class=\"elementor-column elementor-col-100 elementor-inner-column elementor-element elementor-element-cac5a93\" data-id=\"cac5a93\" data-element_type=\"column\" data-e-type=\"column\" data-settings=\"{&quot;background_background&quot;:&quot;classic&quot;}\">\n\t\t\t<div class=\"elementor-widget-wrap elementor-element-populated\">\n\t\t\t\t\t\t<div class=\"elementor-element elementor-element-96d16a7 elementor-widget__width-initial elementor-widget elementor-widget-heading\" data-id=\"96d16a7\" data-element_type=\"widget\" data-e-type=\"widget\" data-widget_type=\"heading.default\">\n\t\t\t\t<div class=\"elementor-widget-container\">\n\t\t\t\t\t<h3 class=\"elementor-heading-title elementor-size-default\"><p><span style=\"color: #2b6cf5\">\u30ea\u30af\u30a8\u30b9\u30c8<\/span> \u62d8\u675f\u529b\u306e\u306a\u3044\u898b\u7a4d\u308a&lt;\/p<\/h3>\t\t\t\t<\/div>\n\t\t\t\t<\/div>\n\t\t\t\t<div class=\"elementor-element elementor-element-3f554ac elementor-mobile-align-center elementor-widget-tablet__width-inherit elementor-align-center elementor-widget elementor-widget-button\" data-id=\"3f554ac\" data-element_type=\"widget\" data-e-type=\"widget\" data-widget_type=\"button.default\">\n\t\t\t\t<div class=\"elementor-widget-container\">\n\t\t\t\t\t\t\t\t\t<div class=\"elementor-button-wrapper\">\n\t\t\t\t\t<a class=\"elementor-button elementor-button-link elementor-size-sm\" href=\"\/ja\/%e9%81%ba%e5%a4%b1%e7%89%a9%e7%99%ba%e9%80%81%e8%a6%8b%e7%a9%8d%e3%82%82%e3%82%8a\/\">\n\t\t\t\t\t\t<span class=\"elementor-button-content-wrapper\">\n\t\t\t\t\t\t\t\t\t<span class=\"elementor-button-text\">\u3053\u3053\u3092\u30af\u30ea\u30c3\u30af<\/span>\n\t\t\t\t\t<\/span>\n\t\t\t\t\t<\/a>\n\t\t\t\t<\/div>\n\t\t\t\t\t\t\t\t<\/div>\n\t\t\t\t<\/div>\n\t\t\t\t\t<\/div>\n\t\t<\/div>\n\t\t\t\t\t<\/div>\n\t\t<\/section>\n\t\t\t\t\t<\/div>\n\t\t<\/div>\n\t\t\t\t\t<\/div>\n\t\t<\/section>\n\t\t\t\t<\/div>","protected":false},"excerpt":{"rendered":"<p>Objetos Perdidos en Aeropuertos: Pasos para Recuperarlos y C\u00f3mo GoEnvio Facilita el Proceso Perder objetos durante un viaje puede convertirse en una gran preocupaci\u00f3n. Si alguna<span class=\"excerpt-hellip\"> [\u2026]<\/span><\/p>\n","protected":false},"author":1,"featured_media":0,"parent":0,"menu_order":0,"comment_status":"open","ping_status":"closed","template":"","meta":{"footnotes":""},"class_list":["post-839","page","type-page","status-publish","hentry"],"yoast_head":"<!-- This site is optimized with the Yoast SEO Premium plugin v21.7 (Yoast SEO v27.3) - https:\/\/yoast.com\/product\/yoast-seo-premium-wordpress\/ -->\n<title>Objetos Perdidos en Aeropuertos: Pasos para Recuperarlos y C\u00f3mo GoEnvio Facilita el Proceso - Goenv\u00edo<\/title>\n<meta name=\"robots\" content=\"index, follow, max-snippet:-1, max-image-preview:large, max-video-preview:-1\" \/>\n<link rel=\"canonical\" href=\"https:\/\/goenvio.es\/ja\/\u7a7a\u6e2f\u3067\u306e\u907a\u5931\u7269\u306e\u5f15\u304d\u53d6\u308a\u624b\u9806\u3068goenvio\u306e\u6d3b\u7528\u6cd5\/\" \/>\n<meta property=\"og:locale\" content=\"ja_JP\" \/>\n<meta property=\"og:type\" content=\"article\" \/>\n<meta property=\"og:title\" content=\"Objetos Perdidos en Aeropuertos: Pasos para Recuperarlos y C\u00f3mo GoEnvio Facilita el Proceso\" \/>\n<meta property=\"og:description\" content=\"Objetos Perdidos en Aeropuertos: Pasos para Recuperarlos y C\u00f3mo GoEnvio Facilita el Proceso Perder objetos durante un viaje puede convertirse en una gran preocupaci\u00f3n. Si alguna [\u2026]\" \/>\n<meta property=\"og:url\" content=\"https:\/\/goenvio.es\/ja\/\u7a7a\u6e2f\u3067\u306e\u907a\u5931\u7269\u306e\u5f15\u304d\u53d6\u308a\u624b\u9806\u3068goenvio\u306e\u6d3b\u7528\u6cd5\/\" \/>\n<meta property=\"og:site_name\" content=\"Goenv\u00edo\" \/>\n<meta property=\"article:modified_time\" content=\"2024-05-13T04:20:11+00:00\" \/>\n<meta name=\"twitter:card\" content=\"summary_large_image\" \/>\n<meta name=\"twitter:label1\" content=\"\u63a8\u5b9a\u8aad\u307f\u53d6\u308a\u6642\u9593\" \/>\n\t<meta name=\"twitter:data1\" content=\"3\u5206\" \/>\n<script type=\"application\/ld+json\" class=\"yoast-schema-graph\">{\"@context\":\"https:\\\/\\\/schema.org\",\"@graph\":[{\"@type\":\"WebPage\",\"@id\":\"https:\\\/\\\/goenvio.es\\\/objetos-perdidos-en-aeropuertos-pasos-para-recuperarlos-y-como-goenvio-facilita-el-proceso\\\/\",\"url\":\"https:\\\/\\\/goenvio.es\\\/objetos-perdidos-en-aeropuertos-pasos-para-recuperarlos-y-como-goenvio-facilita-el-proceso\\\/\",\"name\":\"Objetos Perdidos en Aeropuertos: Pasos para Recuperarlos y C\u00f3mo GoEnvio Facilita el Proceso - Goenv\u00edo\",\"isPartOf\":{\"@id\":\"https:\\\/\\\/goenvio.es\\\/#website\"},\"datePublished\":\"2024-05-13T04:12:00+00:00\",\"dateModified\":\"2024-05-13T04:20:11+00:00\",\"breadcrumb\":{\"@id\":\"https:\\\/\\\/goenvio.es\\\/objetos-perdidos-en-aeropuertos-pasos-para-recuperarlos-y-como-goenvio-facilita-el-proceso\\\/#breadcrumb\"},\"inLanguage\":\"ja\",\"potentialAction\":[{\"@type\":\"ReadAction\",\"target\":[\"https:\\\/\\\/goenvio.es\\\/objetos-perdidos-en-aeropuertos-pasos-para-recuperarlos-y-como-goenvio-facilita-el-proceso\\\/\"]}]},{\"@type\":\"BreadcrumbList\",\"@id\":\"https:\\\/\\\/goenvio.es\\\/objetos-perdidos-en-aeropuertos-pasos-para-recuperarlos-y-como-goenvio-facilita-el-proceso\\\/#breadcrumb\",\"itemListElement\":[{\"@type\":\"ListItem\",\"position\":1,\"name\":\"Home\",\"item\":\"https:\\\/\\\/goenvio.es\\\/\"},{\"@type\":\"ListItem\",\"position\":2,\"name\":\"Objetos Perdidos en Aeropuertos: Pasos para Recuperarlos y C\u00f3mo GoEnvio Facilita el Proceso\"}]},{\"@type\":\"WebSite\",\"@id\":\"https:\\\/\\\/goenvio.es\\\/#website\",\"url\":\"https:\\\/\\\/goenvio.es\\\/\",\"name\":\"goenv\u00edo\",\"description\":\"Recogida y env\u00edo de objetos perdidos en aeropuertos, trenes y ciudades\",\"publisher\":{\"@id\":\"https:\\\/\\\/goenvio.es\\\/#organization\"},\"potentialAction\":[{\"@type\":\"SearchAction\",\"target\":{\"@type\":\"EntryPoint\",\"urlTemplate\":\"https:\\\/\\\/goenvio.es\\\/?s={search_term_string}\"},\"query-input\":{\"@type\":\"PropertyValueSpecification\",\"valueRequired\":true,\"valueName\":\"search_term_string\"}}],\"inLanguage\":\"ja\"},{\"@type\":\"Organization\",\"@id\":\"https:\\\/\\\/goenvio.es\\\/#organization\",\"name\":\"goenv\u00edo\",\"url\":\"https:\\\/\\\/goenvio.es\\\/\",\"logo\":{\"@type\":\"ImageObject\",\"inLanguage\":\"ja\",\"@id\":\"https:\\\/\\\/goenvio.es\\\/#\\\/schema\\\/logo\\\/image\\\/\",\"url\":\"\",\"contentUrl\":\"\",\"caption\":\"goenv\u00edo\"},\"image\":{\"@id\":\"https:\\\/\\\/goenvio.es\\\/#\\\/schema\\\/logo\\\/image\\\/\"}}]}<\/script>\n<!-- \/ Yoast SEO Premium plugin. -->","yoast_head_json":{"title":"\u7a7a\u6e2f\u3067\u306e\u907a\u5931\u7269\uff1aGoEnvoy\u306b\u3088\u308b\u56de\u53ce\u30b9\u30c6\u30c3\u30d7\u3068\u7c21\u5358\u306a\u65b9\u6cd5 - GoEnvoy","robots":{"index":"index","follow":"follow","max-snippet":"max-snippet:-1","max-image-preview":"max-image-preview:large","max-video-preview":"max-video-preview:-1"},"canonical":"https:\/\/goenvio.es\/ja\/\u7a7a\u6e2f\u3067\u306e\u907a\u5931\u7269\u306e\u5f15\u304d\u53d6\u308a\u624b\u9806\u3068goenvio\u306e\u6d3b\u7528\u6cd5\/","og_locale":"ja_JP","og_type":"article","og_title":"Objetos Perdidos en Aeropuertos: Pasos para Recuperarlos y C\u00f3mo GoEnvio Facilita el Proceso","og_description":"Objetos Perdidos en Aeropuertos: Pasos para Recuperarlos y C\u00f3mo GoEnvio Facilita el Proceso Perder objetos durante un viaje puede convertirse en una gran preocupaci\u00f3n. Si alguna [\u2026]","og_url":"https:\/\/goenvio.es\/ja\/\u7a7a\u6e2f\u3067\u306e\u907a\u5931\u7269\u306e\u5f15\u304d\u53d6\u308a\u624b\u9806\u3068goenvio\u306e\u6d3b\u7528\u6cd5\/","og_site_name":"Goenv\u00edo","article_modified_time":"2024-05-13T04:20:11+00:00","twitter_card":"summary_large_image","twitter_misc":{"\u63a8\u5b9a\u8aad\u307f\u53d6\u308a\u6642\u9593":"3\u5206"},"schema":{"@context":"https:\/\/schema.org","@graph":[{"@type":"WebPage","@id":"https:\/\/goenvio.es\/objetos-perdidos-en-aeropuertos-pasos-para-recuperarlos-y-como-goenvio-facilita-el-proceso\/","url":"https:\/\/goenvio.es\/objetos-perdidos-en-aeropuertos-pasos-para-recuperarlos-y-como-goenvio-facilita-el-proceso\/","name":"\u7a7a\u6e2f\u3067\u306e\u907a\u5931\u7269\uff1aGoEnvoy\u306b\u3088\u308b\u56de\u53ce\u30b9\u30c6\u30c3\u30d7\u3068\u7c21\u5358\u306a\u65b9\u6cd5 - GoEnvoy","isPartOf":{"@id":"https:\/\/goenvio.es\/#website"},"datePublished":"2024-05-13T04:12:00+00:00","dateModified":"2024-05-13T04:20:11+00:00","breadcrumb":{"@id":"https:\/\/goenvio.es\/objetos-perdidos-en-aeropuertos-pasos-para-recuperarlos-y-como-goenvio-facilita-el-proceso\/#breadcrumb"},"inLanguage":"ja","potentialAction":[{"@type":"ReadAction","target":["https:\/\/goenvio.es\/objetos-perdidos-en-aeropuertos-pasos-para-recuperarlos-y-como-goenvio-facilita-el-proceso\/"]}]},{"@type":"BreadcrumbList","@id":"https:\/\/goenvio.es\/objetos-perdidos-en-aeropuertos-pasos-para-recuperarlos-y-como-goenvio-facilita-el-proceso\/#breadcrumb","itemListElement":[{"@type":"ListItem","position":1,"name":"Home","item":"https:\/\/goenvio.es\/"},{"@type":"ListItem","position":2,"name":"Objetos Perdidos en Aeropuertos: Pasos para Recuperarlos y C\u00f3mo GoEnvio Facilita el Proceso"}]},{"@type":"WebSite","@id":"https:\/\/goenvio.es\/#website","url":"https:\/\/goenvio.es\/","name":"\u30b4\u30a8\u30f3\u30d3\u30aa","description":"\u7a7a\u6e2f\u3001\u9244\u9053\u3001\u90fd\u5e02\u306b\u304a\u3051\u308b\u907a\u5931\u7269\u306e\u56de\u53ce\u3068\u8ee2\u9001","publisher":{"@id":"https:\/\/goenvio.es\/#organization"},"potentialAction":[{"@type":"SearchAction","target":{"@type":"EntryPoint","urlTemplate":"https:\/\/goenvio.es\/?s={search_term_string}"},"query-input":{"@type":"PropertyValueSpecification","valueRequired":true,"valueName":"search_term_string"}}],"inLanguage":"ja"},{"@type":"Organization","@id":"https:\/\/goenvio.es\/#organization","name":"\u30b4\u30a8\u30f3\u30d3\u30aa","url":"https:\/\/goenvio.es\/","logo":{"@type":"ImageObject","inLanguage":"ja","@id":"https:\/\/goenvio.es\/#\/schema\/logo\/image\/","url":"","contentUrl":"","caption":"goenv\u00edo"},"image":{"@id":"https:\/\/goenvio.es\/#\/schema\/logo\/image\/"}}]}},"_links":{"self":[{"href":"https:\/\/goenvio.es\/ja\/wp-json\/wp\/v2\/pages\/839","targetHints":{"allow":["GET"]}}],"collection":[{"href":"https:\/\/goenvio.es\/ja\/wp-json\/wp\/v2\/pages"}],"about":[{"href":"https:\/\/goenvio.es\/ja\/wp-json\/wp\/v2\/types\/page"}],"author":[{"embeddable":true,"href":"https:\/\/goenvio.es\/ja\/wp-json\/wp\/v2\/users\/1"}],"replies":[{"embeddable":true,"href":"https:\/\/goenvio.es\/ja\/wp-json\/wp\/v2\/comments?post=839"}],"version-history":[{"count":0,"href":"https:\/\/goenvio.es\/ja\/wp-json\/wp\/v2\/pages\/839\/revisions"}],"wp:attachment":[{"href":"https:\/\/goenvio.es\/ja\/wp-json\/wp\/v2\/media?parent=839"}],"curies":[{"name":"wp","href":"https:\/\/api.w.org\/{rel}","templated":true}]}}