{"id":821,"date":"2024-05-13T03:51:53","date_gmt":"2024-05-13T03:51:53","guid":{"rendered":"https:\/\/goenvio.es\/?page_id=821"},"modified":"2024-05-13T04:00:26","modified_gmt":"2024-05-13T04:00:26","slug":"%e4%ba%ba%e5%b7%a5%e7%9f%a5%e8%83%bd%e3%81%8c%e7%a9%ba%e6%b8%af%e3%81%a7%e3%81%ae%e9%81%ba%e5%a4%b1%e7%89%a9%e5%9b%9e%e5%8f%8e%e3%82%92%e3%81%84%e3%81%8b%e3%81%ab%e6%94%b9%e5%96%84%e3%81%99%e3%82%8b","status":"publish","type":"page","link":"https:\/\/goenvio.es\/ja\/%e4%ba%ba%e5%b7%a5%e7%9f%a5%e8%83%bd%e3%81%8c%e7%a9%ba%e6%b8%af%e3%81%a7%e3%81%ae%e9%81%ba%e5%a4%b1%e7%89%a9%e5%9b%9e%e5%8f%8e%e3%82%92%e3%81%84%e3%81%8b%e3%81%ab%e6%94%b9%e5%96%84%e3%81%99%e3%82%8b\/","title":{"rendered":"\u6551\u52a9\u3059\u308b\u30c6\u30af\u30ce\u30ed\u30b8\u30fc\uff1a\u4eba\u5de5\u77e5\u80fd\u304cGoEnvoy\u3068\u3068\u3082\u306b\u7a7a\u6e2f\u3067\u306e\u907a\u5931\u7269\u56de\u53ce\u3092\u6539\u5584\u3059\u308b\u65b9\u6cd5"},"content":{"rendered":"<div data-elementor-type=\"wp-page\" data-elementor-id=\"821\" class=\"elementor elementor-821\">\n\t\t\t\t\t\t<section class=\"elementor-section elementor-top-section elementor-element elementor-element-d676a70 elementor-section-full_width elementor-section-stretched elementor-section-height-default elementor-section-height-default\" data-id=\"d676a70\" data-element_type=\"section\" data-e-type=\"section\" data-settings=\"{&quot;stretch_section&quot;:&quot;section-stretched&quot;}\">\n\t\t\t\t\t\t<div class=\"elementor-container elementor-column-gap-wider\">\n\t\t\t\t\t<div class=\"elementor-column elementor-col-100 elementor-top-column elementor-element elementor-element-d57ed04\" data-id=\"d57ed04\" data-element_type=\"column\" data-e-type=\"column\" data-settings=\"{&quot;background_background&quot;:&quot;classic&quot;}\">\n\t\t\t<div class=\"elementor-widget-wrap elementor-element-populated\">\n\t\t\t\t\t\t<section class=\"elementor-section elementor-inner-section elementor-element elementor-element-d3a90e6 elementor-section-boxed elementor-section-height-default elementor-section-height-default\" data-id=\"d3a90e6\" data-element_type=\"section\" data-e-type=\"section\">\n\t\t\t\t\t\t<div class=\"elementor-container elementor-column-gap-default\">\n\t\t\t\t\t<div class=\"elementor-column elementor-col-100 elementor-inner-column elementor-element elementor-element-bd5e915\" data-id=\"bd5e915\" data-element_type=\"column\" data-e-type=\"column\">\n\t\t\t<div class=\"elementor-widget-wrap elementor-element-populated\">\n\t\t\t\t\t\t<section class=\"elementor-section elementor-inner-section elementor-element elementor-element-c100ef7 elementor-section-boxed elementor-section-height-default elementor-section-height-default\" data-id=\"c100ef7\" data-element_type=\"section\" data-e-type=\"section\">\n\t\t\t\t\t\t<div class=\"elementor-container elementor-column-gap-default\">\n\t\t\t\t\t<div class=\"elementor-column elementor-col-25 elementor-inner-column elementor-element elementor-element-8cbaae0\" data-id=\"8cbaae0\" data-element_type=\"column\" data-e-type=\"column\">\n\t\t\t<div class=\"elementor-widget-wrap\">\n\t\t\t\t\t\t\t<\/div>\n\t\t<\/div>\n\t\t\t\t<div class=\"elementor-column elementor-col-50 elementor-inner-column elementor-element elementor-element-f71378a\" data-id=\"f71378a\" data-element_type=\"column\" data-e-type=\"column\">\n\t\t\t<div class=\"elementor-widget-wrap elementor-element-populated\">\n\t\t\t\t\t\t<div class=\"elementor-element elementor-element-598cb93 elementor-widget elementor-widget-heading\" data-id=\"598cb93\" data-element_type=\"widget\" data-e-type=\"widget\" data-widget_type=\"heading.default\">\n\t\t\t\t<div class=\"elementor-widget-container\">\n\t\t\t\t\t<h3 class=\"elementor-heading-title elementor-size-default\">\u6551\u52a9\u3059\u308b\u30c6\u30af\u30ce\u30ed\u30b8\u30fc\uff1a\u4eba\u5de5\u77e5\u80fd\u304cGoEnvoy\u3068\u3068\u3082\u306b\u7a7a\u6e2f\u3067\u306e\u907a\u5931\u7269\u56de\u53ce\u3092\u6539\u5584\u3059\u308b\u65b9\u6cd5\n\n<\/h3>\t\t\t\t<\/div>\n\t\t\t\t<\/div>\n\t\t\t\t<div class=\"elementor-element elementor-element-563c703 elementor-widget-tablet__width-initial elementor-widget elementor-widget-heading\" data-id=\"563c703\" data-element_type=\"widget\" data-e-type=\"widget\" data-widget_type=\"heading.default\">\n\t\t\t\t<div class=\"elementor-widget-container\">\n\t\t\t\t\t<h5 class=\"elementor-heading-title elementor-size-default\">\u7a7a\u6e2f\u3067\u306e\u7d1b\u5931\u306f\u3001\u82db\u7acb\u3061\u3068\u30b9\u30c8\u30ec\u30b9\u306b\u6e80\u3061\u305f\u7d4c\u9a13\u3068\u306a\u308b\u3002\u96fb\u5b50\u6a5f\u5668\u304b\u3089\u91cd\u8981\u66f8\u985e\u307e\u3067\u3001\u7d1b\u5931\u7269\u306f\u65c5\u884c\u8005\u306b\u6df1\u523b\u306a\u4e0d\u4fbf\u3092\u3082\u305f\u3089\u3059\u3002\u3057\u304b\u3057\u3001\u30c6\u30af\u30ce\u30ed\u30b8\u30fc\u3001\u7279\u306b\u4eba\u5de5\u77e5\u80fd\uff08AI\uff09\u306f\u3001\u3053\u3046\u3057\u305f\u7d1b\u5931\u7269\u306e\u56de\u53ce\u65b9\u6cd5\u3092\u5909\u3048\u3064\u3064\u3042\u308a\u3001\u305d\u306e\u30d7\u30ed\u30bb\u30b9\u3092\u3088\u308a\u52b9\u7387\u7684\u3067\u82e6\u75db\u306e\u5c11\u306a\u3044\u3082\u306e\u306b\u3057\u3066\u3044\u308b\u3002\u3053\u306e\u3088\u3046\u306a\u80cc\u666f\u304b\u3089\u3001\u4e00\u90e8\u306e\u7a7a\u6e2f\u3067\u306fAI\u30bd\u30ea\u30e5\u30fc\u30b7\u30e7\u30f3\u3092\u30b5\u30fc\u30d3\u30b9\u306b\u7d44\u307f\u8fbc\u307f\u59cb\u3081\u3066\u3044\u308b\u3002\n\n\n\n\n\n\n<\/h5>\t\t\t\t<\/div>\n\t\t\t\t<\/div>\n\t\t\t\t\t<\/div>\n\t\t<\/div>\n\t\t\t\t<div class=\"elementor-column elementor-col-25 elementor-inner-column elementor-element elementor-element-50c51bc\" data-id=\"50c51bc\" data-element_type=\"column\" data-e-type=\"column\">\n\t\t\t<div class=\"elementor-widget-wrap\">\n\t\t\t\t\t\t\t<\/div>\n\t\t<\/div>\n\t\t\t\t\t<\/div>\n\t\t<\/section>\n\t\t\t\t\t<\/div>\n\t\t<\/div>\n\t\t\t\t\t<\/div>\n\t\t<\/section>\n\t\t\t\t\t<\/div>\n\t\t<\/div>\n\t\t\t\t\t<\/div>\n\t\t<\/section>\n\t\t\t\t<section class=\"elementor-section elementor-top-section elementor-element elementor-element-0d58ce0 elementor-section-full_width elementor-section-stretched elementor-section-height-default elementor-section-height-default\" data-id=\"0d58ce0\" data-element_type=\"section\" data-e-type=\"section\" data-settings=\"{&quot;stretch_section&quot;:&quot;section-stretched&quot;,&quot;background_background&quot;:&quot;classic&quot;}\">\n\t\t\t\t\t\t<div class=\"elementor-container elementor-column-gap-default\">\n\t\t\t\t\t<div class=\"elementor-column elementor-col-100 elementor-top-column elementor-element elementor-element-16d11c8\" data-id=\"16d11c8\" data-element_type=\"column\" data-e-type=\"column\" data-settings=\"{&quot;background_background&quot;:&quot;classic&quot;}\">\n\t\t\t<div class=\"elementor-widget-wrap elementor-element-populated\">\n\t\t\t\t\t\t<section class=\"elementor-section elementor-inner-section elementor-element elementor-element-4a1e55a elementor-reverse-tablet elementor-reverse-mobile elementor-section-boxed elementor-section-height-default elementor-section-height-default\" data-id=\"4a1e55a\" data-element_type=\"section\" data-e-type=\"section\" id=\"dental\">\n\t\t\t\t\t\t<div class=\"elementor-container elementor-column-gap-default\">\n\t\t\t\t\t<div class=\"elementor-column elementor-col-50 elementor-inner-column elementor-element elementor-element-6a6be8d\" data-id=\"6a6be8d\" data-element_type=\"column\" data-e-type=\"column\" data-settings=\"{&quot;background_background&quot;:&quot;classic&quot;}\">\n\t\t\t<div class=\"elementor-widget-wrap elementor-element-populated\">\n\t\t\t\t\t\t<div class=\"elementor-element elementor-element-3774c39 elementor-widget elementor-widget-text-editor\" data-id=\"3774c39\" data-element_type=\"widget\" data-e-type=\"widget\" data-widget_type=\"text-editor.default\">\n\t\t\t\t<div class=\"elementor-widget-container\">\n\t\t\t\t\t\t\t\t\t<h3>\u907a\u5931\u7269\u53d6\u6271\u3044\u306b\u304a\u3051\u308bAI\u306e\u6d3b\u7528<\/h3>\n<p>\u4e00\u90e8\u306e\u7a7a\u6e2f\u3067\u306f\u3001\u7d1b\u5931\u7269\u306e\u8b58\u5225\u3068\u56de\u53ce\u3092\u6700\u9069\u5316\u3059\u308b\u305f\u3081\u306b\u4eba\u5de5\u77e5\u80fd\u3092\u5229\u7528\u3057\u59cb\u3081\u3066\u3044\u308b\u3002AI\u306f\u3001\u907a\u5931\u7269\u306e\u7279\u5fb4\u3084\u5831\u544a\u3055\u308c\u305f\u5834\u6240\u306b\u57fa\u3065\u3044\u3066\u907a\u5931\u7269\u3092\u8fc5\u901f\u306b\u5206\u985e\u3057\u3001\u76ee\u9332\u3092\u4f5c\u6210\u3059\u308b\u306e\u306b\u5f79\u7acb\u3061\u3001\u3088\u308a\u8fc5\u901f\u3067\u6b63\u78ba\u306a\u51e6\u7406\u3092\u53ef\u80fd\u306b\u3059\u308b\u3002\u3053\u306e\u30a4\u30f3\u30c6\u30ea\u30b8\u30a7\u30f3\u30c8\u30fb\u30b7\u30b9\u30c6\u30e0\u306f\u3001\u907a\u5931\u7269\u306e\u8b58\u5225\u7cbe\u5ea6\u3092\u5411\u4e0a\u3055\u305b\u308b\u3060\u3051\u3067\u306a\u304f\u3001\u907a\u5931\u7269\u3068\u6301\u3061\u4e3b\u306e\u7167\u5408\u30d7\u30ed\u30bb\u30b9\u3082\u52b9\u7387\u5316\u3059\u308b\u3002<\/p>\t\t\t\t\t\t\t\t<\/div>\n\t\t\t\t<\/div>\n\t\t\t\t\t<\/div>\n\t\t<\/div>\n\t\t\t\t<div class=\"elementor-column elementor-col-50 elementor-inner-column elementor-element elementor-element-5eb845c\" data-id=\"5eb845c\" data-element_type=\"column\" data-e-type=\"column\" data-settings=\"{&quot;background_background&quot;:&quot;classic&quot;}\">\n\t\t\t<div class=\"elementor-widget-wrap elementor-element-populated\">\n\t\t\t\t\t\t<div class=\"elementor-element elementor-element-fe8aa1c elementor-widget elementor-widget-spacer\" data-id=\"fe8aa1c\" data-element_type=\"widget\" data-e-type=\"widget\" data-widget_type=\"spacer.default\">\n\t\t\t\t<div class=\"elementor-widget-container\">\n\t\t\t\t\t\t\t<div class=\"elementor-spacer\">\n\t\t\t<div class=\"elementor-spacer-inner\"><\/div>\n\t\t<\/div>\n\t\t\t\t\t\t<\/div>\n\t\t\t\t<\/div>\n\t\t\t\t\t<\/div>\n\t\t<\/div>\n\t\t\t\t\t<\/div>\n\t\t<\/section>\n\t\t\t\t<section class=\"elementor-section elementor-inner-section elementor-element elementor-element-9f13e75 elementor-section-boxed elementor-section-height-default elementor-section-height-default\" data-id=\"9f13e75\" data-element_type=\"section\" data-e-type=\"section\" id=\"xray\">\n\t\t\t\t\t\t<div class=\"elementor-container elementor-column-gap-default\">\n\t\t\t\t\t<div class=\"elementor-column elementor-col-100 elementor-inner-column elementor-element elementor-element-a864368\" data-id=\"a864368\" data-element_type=\"column\" data-e-type=\"column\" data-settings=\"{&quot;background_background&quot;:&quot;classic&quot;}\">\n\t\t\t<div class=\"elementor-widget-wrap elementor-element-populated\">\n\t\t\t\t\t\t<div class=\"elementor-element elementor-element-ac07bb3 elementor-widget elementor-widget-heading\" data-id=\"ac07bb3\" data-element_type=\"widget\" data-e-type=\"widget\" data-widget_type=\"heading.default\">\n\t\t\t\t<div class=\"elementor-widget-container\">\n\t\t\t\t\t<h3 class=\"elementor-heading-title elementor-size-default\">\u30c6\u30af\u30ce\u30ed\u30b8\u30fc\u306e\u4ed5\u7d44\u307f\n<\/h3>\t\t\t\t<\/div>\n\t\t\t\t<\/div>\n\t\t\t\t<div class=\"elementor-element elementor-element-9902a9f elementor-widget elementor-widget-text-editor\" data-id=\"9902a9f\" data-element_type=\"widget\" data-e-type=\"widget\" data-widget_type=\"text-editor.default\">\n\t\t\t\t<div class=\"elementor-widget-container\">\n\t\t\t\t\t\t\t\t\t<p>\u7d1b\u5931\u7269\u304c\u5831\u544a\u3055\u308c\u308b\u3068\u3001\u30e6\u30fc\u30b6\u30fc\u304b\u3089\u63d0\u4f9b\u3055\u308c\u305f\u8aac\u660e\u304cAI\u3092\u642d\u8f09\u3057\u305f\u30c7\u30fc\u30bf\u30d9\u30fc\u30b9\u306b\u5165\u529b\u3055\u308c\u308b\u3002\u3053\u306e\u6280\u8853\u306f\u3001\u3053\u306e\u60c5\u5831\u3092\u7a7a\u6e2f\u3067\u767a\u898b\u3055\u308c\u305f\u7269\u4f53\u306e\u65e2\u5b58\u306e\u8a18\u9332\u3068\u6bd4\u8f03\u3057\u3001\u9ad8\u5ea6\u306a\u30a2\u30eb\u30b4\u30ea\u30ba\u30e0\u3092\u4f7f\u3063\u3066\u4e00\u81f4\u3059\u308b\u53ef\u80fd\u6027\u306e\u3042\u308b\u3082\u306e\u3092\u7279\u5b9a\u3059\u308b\u3002\u3053\u308c\u306b\u3088\u308a\u3001\u7d1b\u5931\u7269\u306e\u6240\u5728\u3092\u7279\u5b9a\u3059\u308b\u306e\u306b\u5fc5\u8981\u306a\u6642\u9593\u304c\u5927\u5e45\u306b\u77ed\u7e2e\u3055\u308c\u3001\u7d1b\u5931\u7269\u306e\u8fd4\u9084\u306b\u5411\u3051\u305f\u8abf\u6574\u304c\u5bb9\u6613\u306b\u306a\u308b\u3002<\/p>\n<p>\u00a0<\/p>\n<h3>\u907a\u5931\u7269\u56de\u53ce\u306b\u304a\u3051\u308bAI\u306e\u5229\u70b9<\/h3>\n<p>\u00a0<\/p>\n<ol>\n<li><strong>\u52b9\u7387\u306e\u5411\u4e0a<\/strong>AI\u306f\u5927\u91cf\u306e\u30c7\u30fc\u30bf\u3092\u77ed\u6642\u9593\u3067\u51e6\u7406\u3059\u308b\u305f\u3081\u3001\u30de\u30c3\u30c1\u30f3\u30b0\u3092\u7d20\u65e9\u304f\u898b\u3064\u3051\u308b\u3053\u3068\u304c\u3067\u304d\u3001\u65c5\u884c\u8005\u306e\u5f85\u3061\u6642\u9593\u3092\u6e1b\u3089\u3059\u3053\u3068\u304c\u3067\u304d\u308b\u3002<\/li>\n<li><strong>\u30d2\u30e5\u30fc\u30de\u30f3\u30a8\u30e9\u30fc\u306e\u524a\u6e1b<\/strong>\u76ee\u9332\u4f5c\u6210\u3068\u691c\u7d22\u30d7\u30ed\u30bb\u30b9\u306e\u4e00\u90e8\u3092\u81ea\u52d5\u5316\u3059\u308b\u3053\u3068\u3067\u3001\u4eba\u70ba\u7684\u306a\u30df\u30b9\u3092\u6700\u5c0f\u9650\u306b\u6291\u3048\u3001\u7d50\u679c\u7684\u306b\u691c\u7d22\u7cbe\u5ea6\u3092\u9ad8\u3081\u308b\u3053\u3068\u304c\u3067\u304d\u308b\u3002<\/li>\n<li><strong>\u500b\u5225\u5bfe\u5fdc<\/strong>\u30c6\u30af\u30ce\u30ed\u30b8\u30fc\u306f\u3001\u56de\u53ce\u4f53\u9a13\u3092\u30d1\u30fc\u30bd\u30ca\u30e9\u30a4\u30ba\u3059\u308b\u3053\u3068\u3092\u53ef\u80fd\u306b\u3057\u3001\u54c1\u7269\u304c\u52b9\u7387\u7684\u306b\u3001\u5353\u8d8a\u3057\u305f\u9867\u5ba2\u30b5\u30fc\u30d3\u30b9\u3068\u3068\u3082\u306b\u6301\u3061\u4e3b\u306b\u8fd4\u5374\u3055\u308c\u308b\u3053\u3068\u3092\u4fdd\u8a3c\u3059\u308b\u3002<\/li>\n<\/ol>\n<p>\u00a0<\/p>\n<h3>\u7d50\u8ad6<\/h3>\n<p>GoEnvio\u306e\u3088\u3046\u306a\u30b5\u30fc\u30d3\u30b9\u306b\u4eba\u5de5\u77e5\u80fd\u3092\u53d6\u308a\u5165\u308c\u308b\u3053\u3068\u3067\u3001\u7a7a\u6e2f\u3067\u306e\u843d\u3057\u7269\u306e\u7ba1\u7406\u65b9\u6cd5\u304c\u4e00\u5909\u3059\u308b\u3060\u3051\u3067\u306a\u304f\u3001\u9867\u5ba2\u30b5\u30fc\u30d3\u30b9\u3068\u30ed\u30b8\u30b9\u30c6\u30a3\u30af\u30b9\u7ba1\u7406\u306b\u3082\u65b0\u3057\u3044\u6642\u4ee3\u304c\u5230\u6765\u3057\u3064\u3064\u3042\u308b\u3002GoEnvio\u304c\u3042\u308c\u3070\u3001\u7a7a\u6e2f\u3067\u306e\u843d\u3057\u7269\u306f\u3082\u306f\u3084\u3053\u306e\u4e16\u306e\u7d42\u308f\u308a\u3067\u306f\u3042\u308a\u307e\u305b\u3093\u3002GoEnvio\u3068AI\u304c\u3042\u306a\u305f\u306e\u5473\u65b9\u3067\u3042\u308b\u3053\u3068\u3092\u77e5\u3063\u3066\u3001\u5b89\u5fc3\u3057\u3066\u65c5\u884c\u3057\u3066\u304f\u3060\u3055\u3044\uff01<\/p>\t\t\t\t\t\t\t\t<\/div>\n\t\t\t\t<\/div>\n\t\t\t\t\t<\/div>\n\t\t<\/div>\n\t\t\t\t\t<\/div>\n\t\t<\/section>\n\t\t\t\t\t<\/div>\n\t\t<\/div>\n\t\t\t\t\t<\/div>\n\t\t<\/section>\n\t\t\t\t<section class=\"elementor-section elementor-top-section elementor-element elementor-element-64e0935 elementor-section-full_width elementor-section-stretched elementor-section-height-default elementor-section-height-default\" data-id=\"64e0935\" data-element_type=\"section\" data-e-type=\"section\" data-settings=\"{&quot;stretch_section&quot;:&quot;section-stretched&quot;}\">\n\t\t\t\t\t\t<div class=\"elementor-container elementor-column-gap-wider\">\n\t\t\t\t\t<div class=\"elementor-column elementor-col-100 elementor-top-column elementor-element elementor-element-3718854\" data-id=\"3718854\" data-element_type=\"column\" data-e-type=\"column\">\n\t\t\t<div class=\"elementor-widget-wrap elementor-element-populated\">\n\t\t\t\t\t\t<section class=\"elementor-section elementor-inner-section elementor-element elementor-element-6462d46 elementor-section-boxed elementor-section-height-default elementor-section-height-default\" data-id=\"6462d46\" data-element_type=\"section\" data-e-type=\"section\" data-settings=\"{&quot;background_background&quot;:&quot;classic&quot;}\">\n\t\t\t\t\t\t<div class=\"elementor-container elementor-column-gap-default\">\n\t\t\t\t\t<div class=\"elementor-column elementor-col-100 elementor-inner-column elementor-element elementor-element-cac5a93\" data-id=\"cac5a93\" data-element_type=\"column\" data-e-type=\"column\" data-settings=\"{&quot;background_background&quot;:&quot;classic&quot;}\">\n\t\t\t<div class=\"elementor-widget-wrap elementor-element-populated\">\n\t\t\t\t\t\t<div class=\"elementor-element elementor-element-96d16a7 elementor-widget__width-initial elementor-widget elementor-widget-heading\" data-id=\"96d16a7\" data-element_type=\"widget\" data-e-type=\"widget\" data-widget_type=\"heading.default\">\n\t\t\t\t<div class=\"elementor-widget-container\">\n\t\t\t\t\t<h3 class=\"elementor-heading-title elementor-size-default\"><p><span style=\"color: #2b6cf5\">\u30ea\u30af\u30a8\u30b9\u30c8<\/span> \u62d8\u675f\u529b\u306e\u306a\u3044\u898b\u7a4d\u308a&lt;\/p<\/h3>\t\t\t\t<\/div>\n\t\t\t\t<\/div>\n\t\t\t\t<div class=\"elementor-element elementor-element-3f554ac elementor-mobile-align-center elementor-widget-tablet__width-inherit elementor-align-center elementor-widget elementor-widget-button\" data-id=\"3f554ac\" data-element_type=\"widget\" data-e-type=\"widget\" data-widget_type=\"button.default\">\n\t\t\t\t<div class=\"elementor-widget-container\">\n\t\t\t\t\t\t\t\t\t<div class=\"elementor-button-wrapper\">\n\t\t\t\t\t<a class=\"elementor-button elementor-button-link elementor-size-sm\" href=\"\/ja\/%e9%81%ba%e5%a4%b1%e7%89%a9%e7%99%ba%e9%80%81%e8%a6%8b%e7%a9%8d%e3%82%82%e3%82%8a\/\">\n\t\t\t\t\t\t<span class=\"elementor-button-content-wrapper\">\n\t\t\t\t\t\t\t\t\t<span class=\"elementor-button-text\">\u3053\u3053\u3092\u30af\u30ea\u30c3\u30af<\/span>\n\t\t\t\t\t<\/span>\n\t\t\t\t\t<\/a>\n\t\t\t\t<\/div>\n\t\t\t\t\t\t\t\t<\/div>\n\t\t\t\t<\/div>\n\t\t\t\t\t<\/div>\n\t\t<\/div>\n\t\t\t\t\t<\/div>\n\t\t<\/section>\n\t\t\t\t\t<\/div>\n\t\t<\/div>\n\t\t\t\t\t<\/div>\n\t\t<\/section>\n\t\t\t\t<\/div>","protected":false},"excerpt":{"rendered":"<p>Tecnolog\u00eda al Rescate: C\u00f3mo la Inteligencia Artificial Est\u00e1 Mejorando la Recuperaci\u00f3n de Objetos Perdidos en Aeropuertos con GoEnvio Perder objetos en los aeropuertos puede ser una<span class=\"excerpt-hellip\"> [\u2026]<\/span><\/p>\n","protected":false},"author":1,"featured_media":0,"parent":0,"menu_order":0,"comment_status":"open","ping_status":"closed","template":"","meta":{"footnotes":""},"class_list":["post-821","page","type-page","status-publish","hentry"],"yoast_head":"<!-- This site is optimized with the Yoast SEO Premium plugin v21.7 (Yoast SEO v27.3) - https:\/\/yoast.com\/product\/yoast-seo-premium-wordpress\/ -->\n<title>Tecnolog\u00eda al Rescate: C\u00f3mo la Inteligencia Artificial Est\u00e1 Mejorando la Recuperaci\u00f3n de Objetos Perdidos en Aeropuertos con GoEnvio - Goenv\u00edo<\/title>\n<meta name=\"robots\" content=\"index, follow, max-snippet:-1, max-image-preview:large, max-video-preview:-1\" \/>\n<link rel=\"canonical\" href=\"https:\/\/goenvio.es\/ja\/\u4eba\u5de5\u77e5\u80fd\u304c\u7a7a\u6e2f\u3067\u306e\u907a\u5931\u7269\u56de\u53ce\u3092\u3044\u304b\u306b\u6539\u5584\u3059\u308b\/\" \/>\n<meta property=\"og:locale\" content=\"ja_JP\" \/>\n<meta property=\"og:type\" content=\"article\" \/>\n<meta property=\"og:title\" content=\"Tecnolog\u00eda al Rescate: C\u00f3mo la Inteligencia Artificial Est\u00e1 Mejorando la Recuperaci\u00f3n de Objetos Perdidos en Aeropuertos con GoEnvio\" \/>\n<meta property=\"og:description\" content=\"Tecnolog\u00eda al Rescate: C\u00f3mo la Inteligencia Artificial Est\u00e1 Mejorando la Recuperaci\u00f3n de Objetos Perdidos en Aeropuertos con GoEnvio Perder objetos en los aeropuertos puede ser una [\u2026]\" \/>\n<meta property=\"og:url\" content=\"https:\/\/goenvio.es\/ja\/\u4eba\u5de5\u77e5\u80fd\u304c\u7a7a\u6e2f\u3067\u306e\u907a\u5931\u7269\u56de\u53ce\u3092\u3044\u304b\u306b\u6539\u5584\u3059\u308b\/\" \/>\n<meta property=\"og:site_name\" content=\"Goenv\u00edo\" \/>\n<meta property=\"article:modified_time\" content=\"2024-05-13T04:00:26+00:00\" \/>\n<meta name=\"twitter:card\" content=\"summary_large_image\" \/>\n<meta name=\"twitter:label1\" content=\"\u63a8\u5b9a\u8aad\u307f\u53d6\u308a\u6642\u9593\" \/>\n\t<meta name=\"twitter:data1\" content=\"2\u5206\" \/>\n<script type=\"application\/ld+json\" class=\"yoast-schema-graph\">{\"@context\":\"https:\\\/\\\/schema.org\",\"@graph\":[{\"@type\":\"WebPage\",\"@id\":\"https:\\\/\\\/goenvio.es\\\/tecnologia-al-rescate-como-la-inteligencia-artificial-esta-mejorando-la-recuperacion-de-objetos-perdidos-en-aeropuertos-con-goenvio\\\/\",\"url\":\"https:\\\/\\\/goenvio.es\\\/tecnologia-al-rescate-como-la-inteligencia-artificial-esta-mejorando-la-recuperacion-de-objetos-perdidos-en-aeropuertos-con-goenvio\\\/\",\"name\":\"Tecnolog\u00eda al Rescate: C\u00f3mo la Inteligencia Artificial Est\u00e1 Mejorando la Recuperaci\u00f3n de Objetos Perdidos en Aeropuertos con GoEnvio - Goenv\u00edo\",\"isPartOf\":{\"@id\":\"https:\\\/\\\/goenvio.es\\\/#website\"},\"datePublished\":\"2024-05-13T03:51:53+00:00\",\"dateModified\":\"2024-05-13T04:00:26+00:00\",\"breadcrumb\":{\"@id\":\"https:\\\/\\\/goenvio.es\\\/tecnologia-al-rescate-como-la-inteligencia-artificial-esta-mejorando-la-recuperacion-de-objetos-perdidos-en-aeropuertos-con-goenvio\\\/#breadcrumb\"},\"inLanguage\":\"ja\",\"potentialAction\":[{\"@type\":\"ReadAction\",\"target\":[\"https:\\\/\\\/goenvio.es\\\/tecnologia-al-rescate-como-la-inteligencia-artificial-esta-mejorando-la-recuperacion-de-objetos-perdidos-en-aeropuertos-con-goenvio\\\/\"]}]},{\"@type\":\"BreadcrumbList\",\"@id\":\"https:\\\/\\\/goenvio.es\\\/tecnologia-al-rescate-como-la-inteligencia-artificial-esta-mejorando-la-recuperacion-de-objetos-perdidos-en-aeropuertos-con-goenvio\\\/#breadcrumb\",\"itemListElement\":[{\"@type\":\"ListItem\",\"position\":1,\"name\":\"Home\",\"item\":\"https:\\\/\\\/goenvio.es\\\/\"},{\"@type\":\"ListItem\",\"position\":2,\"name\":\"Tecnolog\u00eda al Rescate: C\u00f3mo la Inteligencia Artificial Est\u00e1 Mejorando la Recuperaci\u00f3n de Objetos Perdidos en Aeropuertos con GoEnvio\"}]},{\"@type\":\"WebSite\",\"@id\":\"https:\\\/\\\/goenvio.es\\\/#website\",\"url\":\"https:\\\/\\\/goenvio.es\\\/\",\"name\":\"goenv\u00edo\",\"description\":\"Recogida y env\u00edo de objetos perdidos en aeropuertos, trenes y ciudades\",\"publisher\":{\"@id\":\"https:\\\/\\\/goenvio.es\\\/#organization\"},\"potentialAction\":[{\"@type\":\"SearchAction\",\"target\":{\"@type\":\"EntryPoint\",\"urlTemplate\":\"https:\\\/\\\/goenvio.es\\\/?s={search_term_string}\"},\"query-input\":{\"@type\":\"PropertyValueSpecification\",\"valueRequired\":true,\"valueName\":\"search_term_string\"}}],\"inLanguage\":\"ja\"},{\"@type\":\"Organization\",\"@id\":\"https:\\\/\\\/goenvio.es\\\/#organization\",\"name\":\"goenv\u00edo\",\"url\":\"https:\\\/\\\/goenvio.es\\\/\",\"logo\":{\"@type\":\"ImageObject\",\"inLanguage\":\"ja\",\"@id\":\"https:\\\/\\\/goenvio.es\\\/#\\\/schema\\\/logo\\\/image\\\/\",\"url\":\"\",\"contentUrl\":\"\",\"caption\":\"goenv\u00edo\"},\"image\":{\"@id\":\"https:\\\/\\\/goenvio.es\\\/#\\\/schema\\\/logo\\\/image\\\/\"}}]}<\/script>\n<!-- \/ Yoast SEO Premium plugin. -->","yoast_head_json":{"title":"\u6551\u52a9\u3059\u308b\u30c6\u30af\u30ce\u30ed\u30b8\u30fc\uff1a\u4eba\u5de5\u77e5\u80fd\u304cGoEnvoy\u3067\u7a7a\u6e2f\u3067\u306e\u907a\u5931\u7269\u56de\u53ce\u3092\u6539\u5584\u3059\u308b\u65b9\u6cd5 - GoEnvoy","robots":{"index":"index","follow":"follow","max-snippet":"max-snippet:-1","max-image-preview":"max-image-preview:large","max-video-preview":"max-video-preview:-1"},"canonical":"https:\/\/goenvio.es\/ja\/\u4eba\u5de5\u77e5\u80fd\u304c\u7a7a\u6e2f\u3067\u306e\u907a\u5931\u7269\u56de\u53ce\u3092\u3044\u304b\u306b\u6539\u5584\u3059\u308b\/","og_locale":"ja_JP","og_type":"article","og_title":"Tecnolog\u00eda al Rescate: C\u00f3mo la Inteligencia Artificial Est\u00e1 Mejorando la Recuperaci\u00f3n de Objetos Perdidos en Aeropuertos con GoEnvio","og_description":"Tecnolog\u00eda al Rescate: C\u00f3mo la Inteligencia Artificial Est\u00e1 Mejorando la Recuperaci\u00f3n de Objetos Perdidos en Aeropuertos con GoEnvio Perder objetos en los aeropuertos puede ser una [\u2026]","og_url":"https:\/\/goenvio.es\/ja\/\u4eba\u5de5\u77e5\u80fd\u304c\u7a7a\u6e2f\u3067\u306e\u907a\u5931\u7269\u56de\u53ce\u3092\u3044\u304b\u306b\u6539\u5584\u3059\u308b\/","og_site_name":"Goenv\u00edo","article_modified_time":"2024-05-13T04:00:26+00:00","twitter_card":"summary_large_image","twitter_misc":{"\u63a8\u5b9a\u8aad\u307f\u53d6\u308a\u6642\u9593":"2\u5206"},"schema":{"@context":"https:\/\/schema.org","@graph":[{"@type":"WebPage","@id":"https:\/\/goenvio.es\/tecnologia-al-rescate-como-la-inteligencia-artificial-esta-mejorando-la-recuperacion-de-objetos-perdidos-en-aeropuertos-con-goenvio\/","url":"https:\/\/goenvio.es\/tecnologia-al-rescate-como-la-inteligencia-artificial-esta-mejorando-la-recuperacion-de-objetos-perdidos-en-aeropuertos-con-goenvio\/","name":"\u6551\u52a9\u3059\u308b\u30c6\u30af\u30ce\u30ed\u30b8\u30fc\uff1a\u4eba\u5de5\u77e5\u80fd\u304cGoEnvoy\u3067\u7a7a\u6e2f\u3067\u306e\u907a\u5931\u7269\u56de\u53ce\u3092\u6539\u5584\u3059\u308b\u65b9\u6cd5 - GoEnvoy","isPartOf":{"@id":"https:\/\/goenvio.es\/#website"},"datePublished":"2024-05-13T03:51:53+00:00","dateModified":"2024-05-13T04:00:26+00:00","breadcrumb":{"@id":"https:\/\/goenvio.es\/tecnologia-al-rescate-como-la-inteligencia-artificial-esta-mejorando-la-recuperacion-de-objetos-perdidos-en-aeropuertos-con-goenvio\/#breadcrumb"},"inLanguage":"ja","potentialAction":[{"@type":"ReadAction","target":["https:\/\/goenvio.es\/tecnologia-al-rescate-como-la-inteligencia-artificial-esta-mejorando-la-recuperacion-de-objetos-perdidos-en-aeropuertos-con-goenvio\/"]}]},{"@type":"BreadcrumbList","@id":"https:\/\/goenvio.es\/tecnologia-al-rescate-como-la-inteligencia-artificial-esta-mejorando-la-recuperacion-de-objetos-perdidos-en-aeropuertos-con-goenvio\/#breadcrumb","itemListElement":[{"@type":"ListItem","position":1,"name":"Home","item":"https:\/\/goenvio.es\/"},{"@type":"ListItem","position":2,"name":"Tecnolog\u00eda al Rescate: C\u00f3mo la Inteligencia Artificial Est\u00e1 Mejorando la Recuperaci\u00f3n de Objetos Perdidos en Aeropuertos con GoEnvio"}]},{"@type":"WebSite","@id":"https:\/\/goenvio.es\/#website","url":"https:\/\/goenvio.es\/","name":"\u30b4\u30a8\u30f3\u30d3\u30aa","description":"\u7a7a\u6e2f\u3001\u9244\u9053\u3001\u90fd\u5e02\u306b\u304a\u3051\u308b\u907a\u5931\u7269\u306e\u56de\u53ce\u3068\u8ee2\u9001","publisher":{"@id":"https:\/\/goenvio.es\/#organization"},"potentialAction":[{"@type":"SearchAction","target":{"@type":"EntryPoint","urlTemplate":"https:\/\/goenvio.es\/?s={search_term_string}"},"query-input":{"@type":"PropertyValueSpecification","valueRequired":true,"valueName":"search_term_string"}}],"inLanguage":"ja"},{"@type":"Organization","@id":"https:\/\/goenvio.es\/#organization","name":"\u30b4\u30a8\u30f3\u30d3\u30aa","url":"https:\/\/goenvio.es\/","logo":{"@type":"ImageObject","inLanguage":"ja","@id":"https:\/\/goenvio.es\/#\/schema\/logo\/image\/","url":"","contentUrl":"","caption":"goenv\u00edo"},"image":{"@id":"https:\/\/goenvio.es\/#\/schema\/logo\/image\/"}}]}},"_links":{"self":[{"href":"https:\/\/goenvio.es\/ja\/wp-json\/wp\/v2\/pages\/821","targetHints":{"allow":["GET"]}}],"collection":[{"href":"https:\/\/goenvio.es\/ja\/wp-json\/wp\/v2\/pages"}],"about":[{"href":"https:\/\/goenvio.es\/ja\/wp-json\/wp\/v2\/types\/page"}],"author":[{"embeddable":true,"href":"https:\/\/goenvio.es\/ja\/wp-json\/wp\/v2\/users\/1"}],"replies":[{"embeddable":true,"href":"https:\/\/goenvio.es\/ja\/wp-json\/wp\/v2\/comments?post=821"}],"version-history":[{"count":0,"href":"https:\/\/goenvio.es\/ja\/wp-json\/wp\/v2\/pages\/821\/revisions"}],"wp:attachment":[{"href":"https:\/\/goenvio.es\/ja\/wp-json\/wp\/v2\/media?parent=821"}],"curies":[{"name":"wp","href":"https:\/\/api.w.org\/{rel}","templated":true}]}}