{"id":821,"date":"2024-05-13T03:51:53","date_gmt":"2024-05-13T03:51:53","guid":{"rendered":"https:\/\/goenvio.es\/?page_id=821"},"modified":"2024-05-13T04:00:26","modified_gmt":"2024-05-13T04:00:26","slug":"la-tecnologia-in-soccorso-come-lintelligenza-artificiale-sta-migliorando-il-recupero-degli-oggetti-smarriti-negli-aeroporti-con-goenvio","status":"publish","type":"page","link":"https:\/\/goenvio.es\/it\/la-tecnologia-in-soccorso-come-lintelligenza-artificiale-sta-migliorando-il-recupero-degli-oggetti-smarriti-negli-aeroporti-con-goenvio\/","title":{"rendered":"La tecnologia in soccorso: come l'intelligenza artificiale sta migliorando il recupero degli oggetti smarriti negli aeroporti con GoEnvoy"},"content":{"rendered":"<div data-elementor-type=\"wp-page\" data-elementor-id=\"821\" class=\"elementor elementor-821\">\n\t\t\t\t\t\t<section class=\"elementor-section elementor-top-section elementor-element elementor-element-d676a70 elementor-section-full_width elementor-section-stretched elementor-section-height-default elementor-section-height-default\" data-id=\"d676a70\" data-element_type=\"section\" data-e-type=\"section\" data-settings=\"{&quot;stretch_section&quot;:&quot;section-stretched&quot;}\">\n\t\t\t\t\t\t<div class=\"elementor-container elementor-column-gap-wider\">\n\t\t\t\t\t<div class=\"elementor-column elementor-col-100 elementor-top-column elementor-element elementor-element-d57ed04\" data-id=\"d57ed04\" data-element_type=\"column\" data-e-type=\"column\" data-settings=\"{&quot;background_background&quot;:&quot;classic&quot;}\">\n\t\t\t<div class=\"elementor-widget-wrap elementor-element-populated\">\n\t\t\t\t\t\t<section class=\"elementor-section elementor-inner-section elementor-element elementor-element-d3a90e6 elementor-section-boxed elementor-section-height-default elementor-section-height-default\" data-id=\"d3a90e6\" data-element_type=\"section\" data-e-type=\"section\">\n\t\t\t\t\t\t<div class=\"elementor-container elementor-column-gap-default\">\n\t\t\t\t\t<div class=\"elementor-column elementor-col-100 elementor-inner-column elementor-element elementor-element-bd5e915\" data-id=\"bd5e915\" data-element_type=\"column\" data-e-type=\"column\">\n\t\t\t<div class=\"elementor-widget-wrap elementor-element-populated\">\n\t\t\t\t\t\t<section class=\"elementor-section elementor-inner-section elementor-element elementor-element-c100ef7 elementor-section-boxed elementor-section-height-default elementor-section-height-default\" data-id=\"c100ef7\" data-element_type=\"section\" data-e-type=\"section\">\n\t\t\t\t\t\t<div class=\"elementor-container elementor-column-gap-default\">\n\t\t\t\t\t<div class=\"elementor-column elementor-col-25 elementor-inner-column elementor-element elementor-element-8cbaae0\" data-id=\"8cbaae0\" data-element_type=\"column\" data-e-type=\"column\">\n\t\t\t<div class=\"elementor-widget-wrap\">\n\t\t\t\t\t\t\t<\/div>\n\t\t<\/div>\n\t\t\t\t<div class=\"elementor-column elementor-col-50 elementor-inner-column elementor-element elementor-element-f71378a\" data-id=\"f71378a\" data-element_type=\"column\" data-e-type=\"column\">\n\t\t\t<div class=\"elementor-widget-wrap elementor-element-populated\">\n\t\t\t\t\t\t<div class=\"elementor-element elementor-element-598cb93 elementor-widget elementor-widget-heading\" data-id=\"598cb93\" data-element_type=\"widget\" data-e-type=\"widget\" data-widget_type=\"heading.default\">\n\t\t\t\t<div class=\"elementor-widget-container\">\n\t\t\t\t\t<h3 class=\"elementor-heading-title elementor-size-default\">La tecnologia in soccorso: come l'intelligenza artificiale sta migliorando il recupero degli oggetti smarriti negli aeroporti con GoEnvoy\n\n<\/h3>\t\t\t\t<\/div>\n\t\t\t\t<\/div>\n\t\t\t\t<div class=\"elementor-element elementor-element-563c703 elementor-widget-tablet__width-initial elementor-widget elementor-widget-heading\" data-id=\"563c703\" data-element_type=\"widget\" data-e-type=\"widget\" data-widget_type=\"heading.default\">\n\t\t\t\t<div class=\"elementor-widget-container\">\n\t\t\t\t\t<h5 class=\"elementor-heading-title elementor-size-default\">La perdita di oggetti negli aeroporti pu\u00f2 essere un'esperienza frustrante e stressante. Dai dispositivi elettronici ai documenti importanti, gli oggetti smarriti possono causare gravi disagi ai viaggiatori. Tuttavia, la tecnologia, in particolare l'intelligenza artificiale (AI), sta cambiando il modo in cui recuperiamo questi oggetti smarriti, rendendo il processo molto pi\u00f9 efficiente e meno angosciante. In questo contesto, alcuni aeroporti stanno iniziando a integrare soluzioni di intelligenza artificiale nei loro servizi.\n\n\n\n\n\n\n<\/h5>\t\t\t\t<\/div>\n\t\t\t\t<\/div>\n\t\t\t\t\t<\/div>\n\t\t<\/div>\n\t\t\t\t<div class=\"elementor-column elementor-col-25 elementor-inner-column elementor-element elementor-element-50c51bc\" data-id=\"50c51bc\" data-element_type=\"column\" data-e-type=\"column\">\n\t\t\t<div class=\"elementor-widget-wrap\">\n\t\t\t\t\t\t\t<\/div>\n\t\t<\/div>\n\t\t\t\t\t<\/div>\n\t\t<\/section>\n\t\t\t\t\t<\/div>\n\t\t<\/div>\n\t\t\t\t\t<\/div>\n\t\t<\/section>\n\t\t\t\t\t<\/div>\n\t\t<\/div>\n\t\t\t\t\t<\/div>\n\t\t<\/section>\n\t\t\t\t<section class=\"elementor-section elementor-top-section elementor-element elementor-element-0d58ce0 elementor-section-full_width elementor-section-stretched elementor-section-height-default elementor-section-height-default\" data-id=\"0d58ce0\" data-element_type=\"section\" data-e-type=\"section\" data-settings=\"{&quot;stretch_section&quot;:&quot;section-stretched&quot;,&quot;background_background&quot;:&quot;classic&quot;}\">\n\t\t\t\t\t\t<div class=\"elementor-container elementor-column-gap-default\">\n\t\t\t\t\t<div class=\"elementor-column elementor-col-100 elementor-top-column elementor-element elementor-element-16d11c8\" data-id=\"16d11c8\" data-element_type=\"column\" data-e-type=\"column\" data-settings=\"{&quot;background_background&quot;:&quot;classic&quot;}\">\n\t\t\t<div class=\"elementor-widget-wrap elementor-element-populated\">\n\t\t\t\t\t\t<section class=\"elementor-section elementor-inner-section elementor-element elementor-element-4a1e55a elementor-reverse-tablet elementor-reverse-mobile elementor-section-boxed elementor-section-height-default elementor-section-height-default\" data-id=\"4a1e55a\" data-element_type=\"section\" data-e-type=\"section\" id=\"dental\">\n\t\t\t\t\t\t<div class=\"elementor-container elementor-column-gap-default\">\n\t\t\t\t\t<div class=\"elementor-column elementor-col-50 elementor-inner-column elementor-element elementor-element-6a6be8d\" data-id=\"6a6be8d\" data-element_type=\"column\" data-e-type=\"column\" data-settings=\"{&quot;background_background&quot;:&quot;classic&quot;}\">\n\t\t\t<div class=\"elementor-widget-wrap elementor-element-populated\">\n\t\t\t\t\t\t<div class=\"elementor-element elementor-element-3774c39 elementor-widget elementor-widget-text-editor\" data-id=\"3774c39\" data-element_type=\"widget\" data-e-type=\"widget\" data-widget_type=\"text-editor.default\">\n\t\t\t\t<div class=\"elementor-widget-container\">\n\t\t\t\t\t\t\t\t\t<h3>L'applicazione dell'intelligenza artificiale nel settore degli oggetti smarriti<\/h3>\n<p>Alcuni aeroporti stanno iniziando a utilizzare l'intelligenza artificiale per ottimizzare l'identificazione e il recupero degli oggetti smarriti. L'intelligenza artificiale aiuta a classificare e catalogare rapidamente gli oggetti smarriti in base alle loro caratteristiche e alle posizioni segnalate, consentendo una gestione pi\u00f9 rapida e accurata. Questo sistema intelligente non solo migliora l'accuratezza nell'identificazione degli oggetti, ma snellisce anche il processo di abbinamento con i proprietari.<\/p>\t\t\t\t\t\t\t\t<\/div>\n\t\t\t\t<\/div>\n\t\t\t\t\t<\/div>\n\t\t<\/div>\n\t\t\t\t<div class=\"elementor-column elementor-col-50 elementor-inner-column elementor-element elementor-element-5eb845c\" data-id=\"5eb845c\" data-element_type=\"column\" data-e-type=\"column\" data-settings=\"{&quot;background_background&quot;:&quot;classic&quot;}\">\n\t\t\t<div class=\"elementor-widget-wrap elementor-element-populated\">\n\t\t\t\t\t\t<div class=\"elementor-element elementor-element-fe8aa1c elementor-widget elementor-widget-spacer\" data-id=\"fe8aa1c\" data-element_type=\"widget\" data-e-type=\"widget\" data-widget_type=\"spacer.default\">\n\t\t\t\t<div class=\"elementor-widget-container\">\n\t\t\t\t\t\t\t<div class=\"elementor-spacer\">\n\t\t\t<div class=\"elementor-spacer-inner\"><\/div>\n\t\t<\/div>\n\t\t\t\t\t\t<\/div>\n\t\t\t\t<\/div>\n\t\t\t\t\t<\/div>\n\t\t<\/div>\n\t\t\t\t\t<\/div>\n\t\t<\/section>\n\t\t\t\t<section class=\"elementor-section elementor-inner-section elementor-element elementor-element-9f13e75 elementor-section-boxed elementor-section-height-default elementor-section-height-default\" data-id=\"9f13e75\" data-element_type=\"section\" data-e-type=\"section\" id=\"xray\">\n\t\t\t\t\t\t<div class=\"elementor-container elementor-column-gap-default\">\n\t\t\t\t\t<div class=\"elementor-column elementor-col-100 elementor-inner-column elementor-element elementor-element-a864368\" data-id=\"a864368\" data-element_type=\"column\" data-e-type=\"column\" data-settings=\"{&quot;background_background&quot;:&quot;classic&quot;}\">\n\t\t\t<div class=\"elementor-widget-wrap elementor-element-populated\">\n\t\t\t\t\t\t<div class=\"elementor-element elementor-element-ac07bb3 elementor-widget elementor-widget-heading\" data-id=\"ac07bb3\" data-element_type=\"widget\" data-e-type=\"widget\" data-widget_type=\"heading.default\">\n\t\t\t\t<div class=\"elementor-widget-container\">\n\t\t\t\t\t<h3 class=\"elementor-heading-title elementor-size-default\">Come funziona la tecnologia\n<\/h3>\t\t\t\t<\/div>\n\t\t\t\t<\/div>\n\t\t\t\t<div class=\"elementor-element elementor-element-9902a9f elementor-widget elementor-widget-text-editor\" data-id=\"9902a9f\" data-element_type=\"widget\" data-e-type=\"widget\" data-widget_type=\"text-editor.default\">\n\t\t\t\t<div class=\"elementor-widget-container\">\n\t\t\t\t\t\t\t\t\t<p>Quando viene segnalato un oggetto smarrito, la descrizione fornita dall'utente viene inserita in un database alimentato dall'intelligenza artificiale. La tecnologia confronta queste informazioni con le registrazioni esistenti di oggetti trovati negli aeroporti, utilizzando algoritmi avanzati per identificare potenziali corrispondenze. Questo riduce significativamente il tempo necessario per localizzare un oggetto e facilita il coordinamento per la sua restituzione.<\/p>\n<p>\u00a0<\/p>\n<h3>Vantaggi dell'intelligenza artificiale nel recupero degli oggetti smarriti<\/h3>\n<p>\u00a0<\/p>\n<ol>\n<li><strong>Efficienza migliorata<\/strong>L'intelligenza artificiale elabora grandi quantit\u00e0 di dati in breve tempo, consentendo di trovare rapidamente le corrispondenze e riducendo i tempi di attesa per i viaggiatori.<\/li>\n<li><strong>Riduzione dell'errore umano<\/strong>Automatizzando parte del processo di catalogazione e ricerca, si riduce al minimo l'errore umano e si ottiene una maggiore precisione nel recupero degli oggetti.<\/li>\n<li><strong>Attenzione personalizzata<\/strong>La tecnologia consente di personalizzare l'esperienza di recupero, assicurando che gli oggetti vengano restituiti ai proprietari in modo efficiente e con un servizio clienti eccezionale.<\/li>\n<\/ol>\n<p>\u00a0<\/p>\n<h3>Conclusione<\/h3>\n<p>L'incorporazione dell'intelligenza artificiale in servizi come GoEnvio non solo sta trasformando il modo in cui gestiamo gli oggetti smarriti negli aeroporti, ma sta anche inaugurando una nuova era nel servizio clienti e nella gestione della logistica. Con GoEnvio, perdere qualcosa in aeroporto non deve pi\u00f9 essere la fine del mondo. La tecnologia, e in particolare l'intelligenza artificiale, \u00e8 qui per aiutarvi a recuperare ci\u00f2 che \u00e8 vostro in modo rapido e sicuro: viaggiate in tutta tranquillit\u00e0 sapendo che GoEnvio e l'intelligenza artificiale sono dalla vostra parte!<\/p>\t\t\t\t\t\t\t\t<\/div>\n\t\t\t\t<\/div>\n\t\t\t\t\t<\/div>\n\t\t<\/div>\n\t\t\t\t\t<\/div>\n\t\t<\/section>\n\t\t\t\t\t<\/div>\n\t\t<\/div>\n\t\t\t\t\t<\/div>\n\t\t<\/section>\n\t\t\t\t<section class=\"elementor-section elementor-top-section elementor-element elementor-element-64e0935 elementor-section-full_width elementor-section-stretched elementor-section-height-default elementor-section-height-default\" data-id=\"64e0935\" data-element_type=\"section\" data-e-type=\"section\" data-settings=\"{&quot;stretch_section&quot;:&quot;section-stretched&quot;}\">\n\t\t\t\t\t\t<div class=\"elementor-container elementor-column-gap-wider\">\n\t\t\t\t\t<div class=\"elementor-column elementor-col-100 elementor-top-column elementor-element elementor-element-3718854\" data-id=\"3718854\" data-element_type=\"column\" data-e-type=\"column\">\n\t\t\t<div class=\"elementor-widget-wrap elementor-element-populated\">\n\t\t\t\t\t\t<section class=\"elementor-section elementor-inner-section elementor-element elementor-element-6462d46 elementor-section-boxed elementor-section-height-default elementor-section-height-default\" data-id=\"6462d46\" data-element_type=\"section\" data-e-type=\"section\" data-settings=\"{&quot;background_background&quot;:&quot;classic&quot;}\">\n\t\t\t\t\t\t<div class=\"elementor-container elementor-column-gap-default\">\n\t\t\t\t\t<div class=\"elementor-column elementor-col-100 elementor-inner-column elementor-element elementor-element-cac5a93\" data-id=\"cac5a93\" data-element_type=\"column\" data-e-type=\"column\" data-settings=\"{&quot;background_background&quot;:&quot;classic&quot;}\">\n\t\t\t<div class=\"elementor-widget-wrap elementor-element-populated\">\n\t\t\t\t\t\t<div class=\"elementor-element elementor-element-96d16a7 elementor-widget__width-initial elementor-widget elementor-widget-heading\" data-id=\"96d16a7\" data-element_type=\"widget\" data-e-type=\"widget\" data-widget_type=\"heading.default\">\n\t\t\t\t<div class=\"elementor-widget-container\">\n\t\t\t\t\t<h3 class=\"elementor-heading-title elementor-size-default\"><p><span style=\"color: #2b6cf5\">Richiedi il tuo<\/span> preventivo non vincolante &lt;\/p<\/h3>\t\t\t\t<\/div>\n\t\t\t\t<\/div>\n\t\t\t\t<div class=\"elementor-element elementor-element-3f554ac elementor-mobile-align-center elementor-widget-tablet__width-inherit elementor-align-center elementor-widget elementor-widget-button\" data-id=\"3f554ac\" data-element_type=\"widget\" data-e-type=\"widget\" data-widget_type=\"button.default\">\n\t\t\t\t<div class=\"elementor-widget-container\">\n\t\t\t\t\t\t\t\t\t<div class=\"elementor-button-wrapper\">\n\t\t\t\t\t<a class=\"elementor-button elementor-button-link elementor-size-sm\" href=\"\/it\/preventivo-per-la-spedizione-di-oggetti-smarriti\/\">\n\t\t\t\t\t\t<span class=\"elementor-button-content-wrapper\">\n\t\t\t\t\t\t\t\t\t<span class=\"elementor-button-text\">Fai clic qui<\/span>\n\t\t\t\t\t<\/span>\n\t\t\t\t\t<\/a>\n\t\t\t\t<\/div>\n\t\t\t\t\t\t\t\t<\/div>\n\t\t\t\t<\/div>\n\t\t\t\t\t<\/div>\n\t\t<\/div>\n\t\t\t\t\t<\/div>\n\t\t<\/section>\n\t\t\t\t\t<\/div>\n\t\t<\/div>\n\t\t\t\t\t<\/div>\n\t\t<\/section>\n\t\t\t\t<\/div>","protected":false},"excerpt":{"rendered":"<p>Tecnolog\u00eda al Rescate: C\u00f3mo la Inteligencia Artificial Est\u00e1 Mejorando la Recuperaci\u00f3n de Objetos Perdidos en Aeropuertos con GoEnvio Perder objetos en los aeropuertos puede ser una<span class=\"excerpt-hellip\"> [\u2026]<\/span><\/p>\n","protected":false},"author":1,"featured_media":0,"parent":0,"menu_order":0,"comment_status":"open","ping_status":"closed","template":"","meta":{"footnotes":""},"class_list":["post-821","page","type-page","status-publish","hentry"],"yoast_head":"<!-- This site is optimized with the Yoast SEO Premium plugin v21.7 (Yoast SEO v27.3) - https:\/\/yoast.com\/product\/yoast-seo-premium-wordpress\/ -->\n<title>Tecnolog\u00eda al Rescate: C\u00f3mo la Inteligencia Artificial Est\u00e1 Mejorando la Recuperaci\u00f3n de Objetos Perdidos en Aeropuertos con GoEnvio - Goenv\u00edo<\/title>\n<meta name=\"robots\" content=\"index, follow, max-snippet:-1, max-image-preview:large, max-video-preview:-1\" \/>\n<link rel=\"canonical\" href=\"https:\/\/goenvio.es\/it\/la-tecnologia-in-soccorso-come-lintelligenza-artificiale-sta-migliorando-il-recupero-degli-oggetti-smarriti-negli-aeroporti-con-goenvio\/\" \/>\n<meta property=\"og:locale\" content=\"it_IT\" \/>\n<meta property=\"og:type\" content=\"article\" \/>\n<meta property=\"og:title\" content=\"Tecnolog\u00eda al Rescate: C\u00f3mo la Inteligencia Artificial Est\u00e1 Mejorando la Recuperaci\u00f3n de Objetos Perdidos en Aeropuertos con GoEnvio\" \/>\n<meta property=\"og:description\" content=\"Tecnolog\u00eda al Rescate: C\u00f3mo la Inteligencia Artificial Est\u00e1 Mejorando la Recuperaci\u00f3n de Objetos Perdidos en Aeropuertos con GoEnvio Perder objetos en los aeropuertos puede ser una [\u2026]\" \/>\n<meta property=\"og:url\" content=\"https:\/\/goenvio.es\/it\/la-tecnologia-in-soccorso-come-lintelligenza-artificiale-sta-migliorando-il-recupero-degli-oggetti-smarriti-negli-aeroporti-con-goenvio\/\" \/>\n<meta property=\"og:site_name\" content=\"Goenv\u00edo\" \/>\n<meta property=\"article:modified_time\" content=\"2024-05-13T04:00:26+00:00\" \/>\n<meta name=\"twitter:card\" content=\"summary_large_image\" \/>\n<meta name=\"twitter:label1\" content=\"Tempo di lettura stimato\" \/>\n\t<meta name=\"twitter:data1\" content=\"2 minuti\" \/>\n<script type=\"application\/ld+json\" class=\"yoast-schema-graph\">{\"@context\":\"https:\\\/\\\/schema.org\",\"@graph\":[{\"@type\":\"WebPage\",\"@id\":\"https:\\\/\\\/goenvio.es\\\/tecnologia-al-rescate-como-la-inteligencia-artificial-esta-mejorando-la-recuperacion-de-objetos-perdidos-en-aeropuertos-con-goenvio\\\/\",\"url\":\"https:\\\/\\\/goenvio.es\\\/tecnologia-al-rescate-como-la-inteligencia-artificial-esta-mejorando-la-recuperacion-de-objetos-perdidos-en-aeropuertos-con-goenvio\\\/\",\"name\":\"Tecnolog\u00eda al Rescate: C\u00f3mo la Inteligencia Artificial Est\u00e1 Mejorando la Recuperaci\u00f3n de Objetos Perdidos en Aeropuertos con GoEnvio - Goenv\u00edo\",\"isPartOf\":{\"@id\":\"https:\\\/\\\/goenvio.es\\\/#website\"},\"datePublished\":\"2024-05-13T03:51:53+00:00\",\"dateModified\":\"2024-05-13T04:00:26+00:00\",\"breadcrumb\":{\"@id\":\"https:\\\/\\\/goenvio.es\\\/tecnologia-al-rescate-como-la-inteligencia-artificial-esta-mejorando-la-recuperacion-de-objetos-perdidos-en-aeropuertos-con-goenvio\\\/#breadcrumb\"},\"inLanguage\":\"it-IT\",\"potentialAction\":[{\"@type\":\"ReadAction\",\"target\":[\"https:\\\/\\\/goenvio.es\\\/tecnologia-al-rescate-como-la-inteligencia-artificial-esta-mejorando-la-recuperacion-de-objetos-perdidos-en-aeropuertos-con-goenvio\\\/\"]}]},{\"@type\":\"BreadcrumbList\",\"@id\":\"https:\\\/\\\/goenvio.es\\\/tecnologia-al-rescate-como-la-inteligencia-artificial-esta-mejorando-la-recuperacion-de-objetos-perdidos-en-aeropuertos-con-goenvio\\\/#breadcrumb\",\"itemListElement\":[{\"@type\":\"ListItem\",\"position\":1,\"name\":\"Home\",\"item\":\"https:\\\/\\\/goenvio.es\\\/\"},{\"@type\":\"ListItem\",\"position\":2,\"name\":\"Tecnolog\u00eda al Rescate: C\u00f3mo la Inteligencia Artificial Est\u00e1 Mejorando la Recuperaci\u00f3n de Objetos Perdidos en Aeropuertos con GoEnvio\"}]},{\"@type\":\"WebSite\",\"@id\":\"https:\\\/\\\/goenvio.es\\\/#website\",\"url\":\"https:\\\/\\\/goenvio.es\\\/\",\"name\":\"goenv\u00edo\",\"description\":\"Recogida y env\u00edo de objetos perdidos en aeropuertos, trenes y ciudades\",\"publisher\":{\"@id\":\"https:\\\/\\\/goenvio.es\\\/#organization\"},\"potentialAction\":[{\"@type\":\"SearchAction\",\"target\":{\"@type\":\"EntryPoint\",\"urlTemplate\":\"https:\\\/\\\/goenvio.es\\\/?s={search_term_string}\"},\"query-input\":{\"@type\":\"PropertyValueSpecification\",\"valueRequired\":true,\"valueName\":\"search_term_string\"}}],\"inLanguage\":\"it-IT\"},{\"@type\":\"Organization\",\"@id\":\"https:\\\/\\\/goenvio.es\\\/#organization\",\"name\":\"goenv\u00edo\",\"url\":\"https:\\\/\\\/goenvio.es\\\/\",\"logo\":{\"@type\":\"ImageObject\",\"inLanguage\":\"it-IT\",\"@id\":\"https:\\\/\\\/goenvio.es\\\/#\\\/schema\\\/logo\\\/image\\\/\",\"url\":\"\",\"contentUrl\":\"\",\"caption\":\"goenv\u00edo\"},\"image\":{\"@id\":\"https:\\\/\\\/goenvio.es\\\/#\\\/schema\\\/logo\\\/image\\\/\"}}]}<\/script>\n<!-- \/ Yoast SEO Premium plugin. -->","yoast_head_json":{"title":"La tecnologia in soccorso: come l'intelligenza artificiale migliora il recupero degli oggetti smarriti negli aeroporti con GoEnvoy - GoEnvoy","robots":{"index":"index","follow":"follow","max-snippet":"max-snippet:-1","max-image-preview":"max-image-preview:large","max-video-preview":"max-video-preview:-1"},"canonical":"https:\/\/goenvio.es\/it\/la-tecnologia-in-soccorso-come-lintelligenza-artificiale-sta-migliorando-il-recupero-degli-oggetti-smarriti-negli-aeroporti-con-goenvio\/","og_locale":"it_IT","og_type":"article","og_title":"Tecnolog\u00eda al Rescate: C\u00f3mo la Inteligencia Artificial Est\u00e1 Mejorando la Recuperaci\u00f3n de Objetos Perdidos en Aeropuertos con GoEnvio","og_description":"Tecnolog\u00eda al Rescate: C\u00f3mo la Inteligencia Artificial Est\u00e1 Mejorando la Recuperaci\u00f3n de Objetos Perdidos en Aeropuertos con GoEnvio Perder objetos en los aeropuertos puede ser una [\u2026]","og_url":"https:\/\/goenvio.es\/it\/la-tecnologia-in-soccorso-come-lintelligenza-artificiale-sta-migliorando-il-recupero-degli-oggetti-smarriti-negli-aeroporti-con-goenvio\/","og_site_name":"Goenv\u00edo","article_modified_time":"2024-05-13T04:00:26+00:00","twitter_card":"summary_large_image","twitter_misc":{"Tempo di lettura stimato":"2 minuti"},"schema":{"@context":"https:\/\/schema.org","@graph":[{"@type":"WebPage","@id":"https:\/\/goenvio.es\/tecnologia-al-rescate-como-la-inteligencia-artificial-esta-mejorando-la-recuperacion-de-objetos-perdidos-en-aeropuertos-con-goenvio\/","url":"https:\/\/goenvio.es\/tecnologia-al-rescate-como-la-inteligencia-artificial-esta-mejorando-la-recuperacion-de-objetos-perdidos-en-aeropuertos-con-goenvio\/","name":"La tecnologia in soccorso: come l'intelligenza artificiale migliora il recupero degli oggetti smarriti negli aeroporti con GoEnvoy - GoEnvoy","isPartOf":{"@id":"https:\/\/goenvio.es\/#website"},"datePublished":"2024-05-13T03:51:53+00:00","dateModified":"2024-05-13T04:00:26+00:00","breadcrumb":{"@id":"https:\/\/goenvio.es\/tecnologia-al-rescate-como-la-inteligencia-artificial-esta-mejorando-la-recuperacion-de-objetos-perdidos-en-aeropuertos-con-goenvio\/#breadcrumb"},"inLanguage":"it-IT","potentialAction":[{"@type":"ReadAction","target":["https:\/\/goenvio.es\/tecnologia-al-rescate-como-la-inteligencia-artificial-esta-mejorando-la-recuperacion-de-objetos-perdidos-en-aeropuertos-con-goenvio\/"]}]},{"@type":"BreadcrumbList","@id":"https:\/\/goenvio.es\/tecnologia-al-rescate-como-la-inteligencia-artificial-esta-mejorando-la-recuperacion-de-objetos-perdidos-en-aeropuertos-con-goenvio\/#breadcrumb","itemListElement":[{"@type":"ListItem","position":1,"name":"Home","item":"https:\/\/goenvio.es\/"},{"@type":"ListItem","position":2,"name":"Tecnolog\u00eda al Rescate: C\u00f3mo la Inteligencia Artificial Est\u00e1 Mejorando la Recuperaci\u00f3n de Objetos Perdidos en Aeropuertos con GoEnvio"}]},{"@type":"WebSite","@id":"https:\/\/goenvio.es\/#website","url":"https:\/\/goenvio.es\/","name":"goenv\u00edo","description":"Raccolta e spedizione di oggetti smarriti in aeroporti, treni e citt\u00e0","publisher":{"@id":"https:\/\/goenvio.es\/#organization"},"potentialAction":[{"@type":"SearchAction","target":{"@type":"EntryPoint","urlTemplate":"https:\/\/goenvio.es\/?s={search_term_string}"},"query-input":{"@type":"PropertyValueSpecification","valueRequired":true,"valueName":"search_term_string"}}],"inLanguage":"it-IT"},{"@type":"Organization","@id":"https:\/\/goenvio.es\/#organization","name":"goenv\u00edo","url":"https:\/\/goenvio.es\/","logo":{"@type":"ImageObject","inLanguage":"it-IT","@id":"https:\/\/goenvio.es\/#\/schema\/logo\/image\/","url":"","contentUrl":"","caption":"goenv\u00edo"},"image":{"@id":"https:\/\/goenvio.es\/#\/schema\/logo\/image\/"}}]}},"_links":{"self":[{"href":"https:\/\/goenvio.es\/it\/wp-json\/wp\/v2\/pages\/821","targetHints":{"allow":["GET"]}}],"collection":[{"href":"https:\/\/goenvio.es\/it\/wp-json\/wp\/v2\/pages"}],"about":[{"href":"https:\/\/goenvio.es\/it\/wp-json\/wp\/v2\/types\/page"}],"author":[{"embeddable":true,"href":"https:\/\/goenvio.es\/it\/wp-json\/wp\/v2\/users\/1"}],"replies":[{"embeddable":true,"href":"https:\/\/goenvio.es\/it\/wp-json\/wp\/v2\/comments?post=821"}],"version-history":[{"count":0,"href":"https:\/\/goenvio.es\/it\/wp-json\/wp\/v2\/pages\/821\/revisions"}],"wp:attachment":[{"href":"https:\/\/goenvio.es\/it\/wp-json\/wp\/v2\/media?parent=821"}],"curies":[{"name":"wp","href":"https:\/\/api.w.org\/{rel}","templated":true}]}}