{"id":821,"date":"2024-05-13T03:51:53","date_gmt":"2024-05-13T03:51:53","guid":{"rendered":"https:\/\/goenvio.es\/?page_id=821"},"modified":"2024-05-13T04:00:26","modified_gmt":"2024-05-13T04:00:26","slug":"la-technologie-a-la-rescousse-comment-lintelligence-artificielle-ameliore-la-recuperation-des-objets-perdus-dans-les-aeroports-grace-a-goenvio","status":"publish","type":"page","link":"https:\/\/goenvio.es\/fr\/la-technologie-a-la-rescousse-comment-lintelligence-artificielle-ameliore-la-recuperation-des-objets-perdus-dans-les-aeroports-grace-a-goenvio\/","title":{"rendered":"La technologie \u00e0 la rescousse : comment l'intelligence artificielle am\u00e9liore la r\u00e9cup\u00e9ration des objets perdus dans les a\u00e9roports avec GoEnvoy"},"content":{"rendered":"<div data-elementor-type=\"wp-page\" data-elementor-id=\"821\" class=\"elementor elementor-821\">\n\t\t\t\t\t\t<section class=\"elementor-section elementor-top-section elementor-element elementor-element-d676a70 elementor-section-full_width elementor-section-stretched elementor-section-height-default elementor-section-height-default\" data-id=\"d676a70\" data-element_type=\"section\" data-e-type=\"section\" data-settings=\"{&quot;stretch_section&quot;:&quot;section-stretched&quot;}\">\n\t\t\t\t\t\t<div class=\"elementor-container elementor-column-gap-wider\">\n\t\t\t\t\t<div class=\"elementor-column elementor-col-100 elementor-top-column elementor-element elementor-element-d57ed04\" data-id=\"d57ed04\" data-element_type=\"column\" data-e-type=\"column\" data-settings=\"{&quot;background_background&quot;:&quot;classic&quot;}\">\n\t\t\t<div class=\"elementor-widget-wrap elementor-element-populated\">\n\t\t\t\t\t\t<section class=\"elementor-section elementor-inner-section elementor-element elementor-element-d3a90e6 elementor-section-boxed elementor-section-height-default elementor-section-height-default\" data-id=\"d3a90e6\" data-element_type=\"section\" data-e-type=\"section\">\n\t\t\t\t\t\t<div class=\"elementor-container elementor-column-gap-default\">\n\t\t\t\t\t<div class=\"elementor-column elementor-col-100 elementor-inner-column elementor-element elementor-element-bd5e915\" data-id=\"bd5e915\" data-element_type=\"column\" data-e-type=\"column\">\n\t\t\t<div class=\"elementor-widget-wrap elementor-element-populated\">\n\t\t\t\t\t\t<section class=\"elementor-section elementor-inner-section elementor-element elementor-element-c100ef7 elementor-section-boxed elementor-section-height-default elementor-section-height-default\" data-id=\"c100ef7\" data-element_type=\"section\" data-e-type=\"section\">\n\t\t\t\t\t\t<div class=\"elementor-container elementor-column-gap-default\">\n\t\t\t\t\t<div class=\"elementor-column elementor-col-25 elementor-inner-column elementor-element elementor-element-8cbaae0\" data-id=\"8cbaae0\" data-element_type=\"column\" data-e-type=\"column\">\n\t\t\t<div class=\"elementor-widget-wrap\">\n\t\t\t\t\t\t\t<\/div>\n\t\t<\/div>\n\t\t\t\t<div class=\"elementor-column elementor-col-50 elementor-inner-column elementor-element elementor-element-f71378a\" data-id=\"f71378a\" data-element_type=\"column\" data-e-type=\"column\">\n\t\t\t<div class=\"elementor-widget-wrap elementor-element-populated\">\n\t\t\t\t\t\t<div class=\"elementor-element elementor-element-598cb93 elementor-widget elementor-widget-heading\" data-id=\"598cb93\" data-element_type=\"widget\" data-e-type=\"widget\" data-widget_type=\"heading.default\">\n\t\t\t\t<div class=\"elementor-widget-container\">\n\t\t\t\t\t<h3 class=\"elementor-heading-title elementor-size-default\">La technologie \u00e0 la rescousse : comment l'intelligence artificielle am\u00e9liore la r\u00e9cup\u00e9ration des objets perdus dans les a\u00e9roports avec GoEnvoy\n\n<\/h3>\t\t\t\t<\/div>\n\t\t\t\t<\/div>\n\t\t\t\t<div class=\"elementor-element elementor-element-563c703 elementor-widget-tablet__width-initial elementor-widget elementor-widget-heading\" data-id=\"563c703\" data-element_type=\"widget\" data-e-type=\"widget\" data-widget_type=\"heading.default\">\n\t\t\t\t<div class=\"elementor-widget-container\">\n\t\t\t\t\t<h5 class=\"elementor-heading-title elementor-size-default\">La perte d'objets dans les a\u00e9roports peut \u00eatre une exp\u00e9rience frustrante et stressante. Qu'il s'agisse d'appareils \u00e9lectroniques ou de documents importants, les objets \u00e9gar\u00e9s peuvent causer de s\u00e9rieux d\u00e9sagr\u00e9ments aux voyageurs. Toutefois, la technologie, et en particulier l'intelligence artificielle (IA), modifie la mani\u00e8re dont nous r\u00e9cup\u00e9rons ces objets perdus, rendant le processus beaucoup plus efficace et moins p\u00e9nible. Dans ce contexte, certains a\u00e9roports commencent \u00e0 int\u00e9grer des solutions d'IA dans leurs services.\n\n\n\n\n\n\n<\/h5>\t\t\t\t<\/div>\n\t\t\t\t<\/div>\n\t\t\t\t\t<\/div>\n\t\t<\/div>\n\t\t\t\t<div class=\"elementor-column elementor-col-25 elementor-inner-column elementor-element elementor-element-50c51bc\" data-id=\"50c51bc\" data-element_type=\"column\" data-e-type=\"column\">\n\t\t\t<div class=\"elementor-widget-wrap\">\n\t\t\t\t\t\t\t<\/div>\n\t\t<\/div>\n\t\t\t\t\t<\/div>\n\t\t<\/section>\n\t\t\t\t\t<\/div>\n\t\t<\/div>\n\t\t\t\t\t<\/div>\n\t\t<\/section>\n\t\t\t\t\t<\/div>\n\t\t<\/div>\n\t\t\t\t\t<\/div>\n\t\t<\/section>\n\t\t\t\t<section class=\"elementor-section elementor-top-section elementor-element elementor-element-0d58ce0 elementor-section-full_width elementor-section-stretched elementor-section-height-default elementor-section-height-default\" data-id=\"0d58ce0\" data-element_type=\"section\" data-e-type=\"section\" data-settings=\"{&quot;stretch_section&quot;:&quot;section-stretched&quot;,&quot;background_background&quot;:&quot;classic&quot;}\">\n\t\t\t\t\t\t<div class=\"elementor-container elementor-column-gap-default\">\n\t\t\t\t\t<div class=\"elementor-column elementor-col-100 elementor-top-column elementor-element elementor-element-16d11c8\" data-id=\"16d11c8\" data-element_type=\"column\" data-e-type=\"column\" data-settings=\"{&quot;background_background&quot;:&quot;classic&quot;}\">\n\t\t\t<div class=\"elementor-widget-wrap elementor-element-populated\">\n\t\t\t\t\t\t<section class=\"elementor-section elementor-inner-section elementor-element elementor-element-4a1e55a elementor-reverse-tablet elementor-reverse-mobile elementor-section-boxed elementor-section-height-default elementor-section-height-default\" data-id=\"4a1e55a\" data-element_type=\"section\" data-e-type=\"section\" id=\"dental\">\n\t\t\t\t\t\t<div class=\"elementor-container elementor-column-gap-default\">\n\t\t\t\t\t<div class=\"elementor-column elementor-col-50 elementor-inner-column elementor-element elementor-element-6a6be8d\" data-id=\"6a6be8d\" data-element_type=\"column\" data-e-type=\"column\" data-settings=\"{&quot;background_background&quot;:&quot;classic&quot;}\">\n\t\t\t<div class=\"elementor-widget-wrap elementor-element-populated\">\n\t\t\t\t\t\t<div class=\"elementor-element elementor-element-3774c39 elementor-widget elementor-widget-text-editor\" data-id=\"3774c39\" data-element_type=\"widget\" data-e-type=\"widget\" data-widget_type=\"text-editor.default\">\n\t\t\t\t<div class=\"elementor-widget-container\">\n\t\t\t\t\t\t\t\t\t<h3>L'application de l'IA aux objets trouv\u00e9s<\/h3>\n<p>Certains a\u00e9roports commencent \u00e0 utiliser l'intelligence artificielle pour optimiser l'identification et la r\u00e9cup\u00e9ration des objets perdus. L'intelligence artificielle permet de classer et de cataloguer rapidement les objets perdus en fonction de leurs caract\u00e9ristiques et des lieux o\u00f9 ils se trouvent, ce qui permet un traitement plus rapide et plus pr\u00e9cis. Ce syst\u00e8me intelligent am\u00e9liore non seulement la pr\u00e9cision de l'identification des objets, mais rationalise \u00e9galement le processus de mise en relation avec leurs propri\u00e9taires.<\/p>\t\t\t\t\t\t\t\t<\/div>\n\t\t\t\t<\/div>\n\t\t\t\t\t<\/div>\n\t\t<\/div>\n\t\t\t\t<div class=\"elementor-column elementor-col-50 elementor-inner-column elementor-element elementor-element-5eb845c\" data-id=\"5eb845c\" data-element_type=\"column\" data-e-type=\"column\" data-settings=\"{&quot;background_background&quot;:&quot;classic&quot;}\">\n\t\t\t<div class=\"elementor-widget-wrap elementor-element-populated\">\n\t\t\t\t\t\t<div class=\"elementor-element elementor-element-fe8aa1c elementor-widget elementor-widget-spacer\" data-id=\"fe8aa1c\" data-element_type=\"widget\" data-e-type=\"widget\" data-widget_type=\"spacer.default\">\n\t\t\t\t<div class=\"elementor-widget-container\">\n\t\t\t\t\t\t\t<div class=\"elementor-spacer\">\n\t\t\t<div class=\"elementor-spacer-inner\"><\/div>\n\t\t<\/div>\n\t\t\t\t\t\t<\/div>\n\t\t\t\t<\/div>\n\t\t\t\t\t<\/div>\n\t\t<\/div>\n\t\t\t\t\t<\/div>\n\t\t<\/section>\n\t\t\t\t<section class=\"elementor-section elementor-inner-section elementor-element elementor-element-9f13e75 elementor-section-boxed elementor-section-height-default elementor-section-height-default\" data-id=\"9f13e75\" data-element_type=\"section\" data-e-type=\"section\" id=\"xray\">\n\t\t\t\t\t\t<div class=\"elementor-container elementor-column-gap-default\">\n\t\t\t\t\t<div class=\"elementor-column elementor-col-100 elementor-inner-column elementor-element elementor-element-a864368\" data-id=\"a864368\" data-element_type=\"column\" data-e-type=\"column\" data-settings=\"{&quot;background_background&quot;:&quot;classic&quot;}\">\n\t\t\t<div class=\"elementor-widget-wrap elementor-element-populated\">\n\t\t\t\t\t\t<div class=\"elementor-element elementor-element-ac07bb3 elementor-widget elementor-widget-heading\" data-id=\"ac07bb3\" data-element_type=\"widget\" data-e-type=\"widget\" data-widget_type=\"heading.default\">\n\t\t\t\t<div class=\"elementor-widget-container\">\n\t\t\t\t\t<h3 class=\"elementor-heading-title elementor-size-default\">Comment fonctionne la technologie\n<\/h3>\t\t\t\t<\/div>\n\t\t\t\t<\/div>\n\t\t\t\t<div class=\"elementor-element elementor-element-9902a9f elementor-widget elementor-widget-text-editor\" data-id=\"9902a9f\" data-element_type=\"widget\" data-e-type=\"widget\" data-widget_type=\"text-editor.default\">\n\t\t\t\t<div class=\"elementor-widget-container\">\n\t\t\t\t\t\t\t\t\t<p>Lorsqu'un objet perdu est signal\u00e9, la description fournie par l'utilisateur est introduite dans une base de donn\u00e9es aliment\u00e9e par l'IA. La technologie compare ces informations avec les enregistrements existants des objets trouv\u00e9s dans les a\u00e9roports, en utilisant des algorithmes avanc\u00e9s pour identifier les correspondances potentielles. Cela permet de r\u00e9duire consid\u00e9rablement le temps n\u00e9cessaire pour localiser un objet et de faciliter la coordination de sa restitution.<\/p>\n<p>\u00a0<\/p>\n<h3>Avantages de l'IA dans la r\u00e9cup\u00e9ration des objets trouv\u00e9s<\/h3>\n<p>\u00a0<\/p>\n<ol>\n<li><strong>Am\u00e9lioration de l'efficacit\u00e9<\/strong>L'IA traite de grandes quantit\u00e9s de donn\u00e9es en peu de temps, ce qui permet de trouver rapidement des correspondances et de r\u00e9duire les temps d'attente pour les voyageurs.<\/li>\n<li><strong>R\u00e9duire l'erreur humaine<\/strong>L'automatisation d'une partie du processus de catalogage et de recherche permet de minimiser l'erreur humaine, ce qui se traduit par une plus grande pr\u00e9cision dans la recherche des objets.<\/li>\n<li><strong>Une attention personnalis\u00e9e<\/strong>La technologie permet de personnaliser l'exp\u00e9rience de r\u00e9cup\u00e9ration, en veillant \u00e0 ce que les objets soient rendus \u00e0 leurs propri\u00e9taires de mani\u00e8re efficace et avec un service client exceptionnel.<\/li>\n<\/ol>\n<p>\u00a0<\/p>\n<h3>Conclusion<\/h3>\n<p>L'int\u00e9gration de l'intelligence artificielle dans des services tels que GoEnvio ne transforme pas seulement la mani\u00e8re dont nous g\u00e9rons les objets perdus dans les a\u00e9roports, elle ouvre \u00e9galement une nouvelle \u00e8re dans le service \u00e0 la client\u00e8le et la gestion de la logistique. Avec GoEnvio, la perte d'un objet dans un a\u00e9roport ne doit plus \u00eatre la fin du monde. La technologie, et en particulier l'IA, est l\u00e0 pour vous aider \u00e0 r\u00e9cup\u00e9rer ce qui vous appartient rapidement et en toute s\u00e9curit\u00e9 - voyagez l'esprit tranquille en sachant que GoEnvio et l'IA sont de votre c\u00f4t\u00e9 !<\/p>\t\t\t\t\t\t\t\t<\/div>\n\t\t\t\t<\/div>\n\t\t\t\t\t<\/div>\n\t\t<\/div>\n\t\t\t\t\t<\/div>\n\t\t<\/section>\n\t\t\t\t\t<\/div>\n\t\t<\/div>\n\t\t\t\t\t<\/div>\n\t\t<\/section>\n\t\t\t\t<section class=\"elementor-section elementor-top-section elementor-element elementor-element-64e0935 elementor-section-full_width elementor-section-stretched elementor-section-height-default elementor-section-height-default\" data-id=\"64e0935\" data-element_type=\"section\" data-e-type=\"section\" data-settings=\"{&quot;stretch_section&quot;:&quot;section-stretched&quot;}\">\n\t\t\t\t\t\t<div class=\"elementor-container elementor-column-gap-wider\">\n\t\t\t\t\t<div class=\"elementor-column elementor-col-100 elementor-top-column elementor-element elementor-element-3718854\" data-id=\"3718854\" data-element_type=\"column\" data-e-type=\"column\">\n\t\t\t<div class=\"elementor-widget-wrap elementor-element-populated\">\n\t\t\t\t\t\t<section class=\"elementor-section elementor-inner-section elementor-element elementor-element-6462d46 elementor-section-boxed elementor-section-height-default elementor-section-height-default\" data-id=\"6462d46\" data-element_type=\"section\" data-e-type=\"section\" data-settings=\"{&quot;background_background&quot;:&quot;classic&quot;}\">\n\t\t\t\t\t\t<div class=\"elementor-container elementor-column-gap-default\">\n\t\t\t\t\t<div class=\"elementor-column elementor-col-100 elementor-inner-column elementor-element elementor-element-cac5a93\" data-id=\"cac5a93\" data-element_type=\"column\" data-e-type=\"column\" data-settings=\"{&quot;background_background&quot;:&quot;classic&quot;}\">\n\t\t\t<div class=\"elementor-widget-wrap elementor-element-populated\">\n\t\t\t\t\t\t<div class=\"elementor-element elementor-element-96d16a7 elementor-widget__width-initial elementor-widget elementor-widget-heading\" data-id=\"96d16a7\" data-element_type=\"widget\" data-e-type=\"widget\" data-widget_type=\"heading.default\">\n\t\t\t\t<div class=\"elementor-widget-container\">\n\t\t\t\t\t<h3 class=\"elementor-heading-title elementor-size-default\"><p><span style=\"color: #2b6cf5\">Demandez votre<\/span> devis sans engagement &lt;\/p<\/h3>\t\t\t\t<\/div>\n\t\t\t\t<\/div>\n\t\t\t\t<div class=\"elementor-element elementor-element-3f554ac elementor-mobile-align-center elementor-widget-tablet__width-inherit elementor-align-center elementor-widget elementor-widget-button\" data-id=\"3f554ac\" data-element_type=\"widget\" data-e-type=\"widget\" data-widget_type=\"button.default\">\n\t\t\t\t<div class=\"elementor-widget-container\">\n\t\t\t\t\t\t\t\t\t<div class=\"elementor-button-wrapper\">\n\t\t\t\t\t<a class=\"elementor-button elementor-button-link elementor-size-sm\" href=\"\/fr\/devis-pour-lexpedition-dobjets-perdus\/\">\n\t\t\t\t\t\t<span class=\"elementor-button-content-wrapper\">\n\t\t\t\t\t\t\t\t\t<span class=\"elementor-button-text\">Cliquez ici<\/span>\n\t\t\t\t\t<\/span>\n\t\t\t\t\t<\/a>\n\t\t\t\t<\/div>\n\t\t\t\t\t\t\t\t<\/div>\n\t\t\t\t<\/div>\n\t\t\t\t\t<\/div>\n\t\t<\/div>\n\t\t\t\t\t<\/div>\n\t\t<\/section>\n\t\t\t\t\t<\/div>\n\t\t<\/div>\n\t\t\t\t\t<\/div>\n\t\t<\/section>\n\t\t\t\t<\/div>","protected":false},"excerpt":{"rendered":"<p>Tecnolog\u00eda al Rescate: C\u00f3mo la Inteligencia Artificial Est\u00e1 Mejorando la Recuperaci\u00f3n de Objetos Perdidos en Aeropuertos con GoEnvio Perder objetos en los aeropuertos puede ser una<span class=\"excerpt-hellip\"> [\u2026]<\/span><\/p>\n","protected":false},"author":1,"featured_media":0,"parent":0,"menu_order":0,"comment_status":"open","ping_status":"closed","template":"","meta":{"footnotes":""},"class_list":["post-821","page","type-page","status-publish","hentry"],"yoast_head":"<!-- This site is optimized with the Yoast SEO Premium plugin v21.7 (Yoast SEO v27.3) - https:\/\/yoast.com\/product\/yoast-seo-premium-wordpress\/ -->\n<title>Tecnolog\u00eda al Rescate: C\u00f3mo la Inteligencia Artificial Est\u00e1 Mejorando la Recuperaci\u00f3n de Objetos Perdidos en Aeropuertos con GoEnvio - Goenv\u00edo<\/title>\n<meta name=\"robots\" content=\"index, follow, max-snippet:-1, max-image-preview:large, max-video-preview:-1\" \/>\n<link rel=\"canonical\" href=\"https:\/\/goenvio.es\/fr\/la-technologie-a-la-rescousse-comment-lintelligence-artificielle-ameliore-la-recuperation-des-objets-perdus-dans-les-aeroports-grace-a-goenvio\/\" \/>\n<meta property=\"og:locale\" content=\"fr_FR\" \/>\n<meta property=\"og:type\" content=\"article\" \/>\n<meta property=\"og:title\" content=\"Tecnolog\u00eda al Rescate: C\u00f3mo la Inteligencia Artificial Est\u00e1 Mejorando la Recuperaci\u00f3n de Objetos Perdidos en Aeropuertos con GoEnvio\" \/>\n<meta property=\"og:description\" content=\"Tecnolog\u00eda al Rescate: C\u00f3mo la Inteligencia Artificial Est\u00e1 Mejorando la Recuperaci\u00f3n de Objetos Perdidos en Aeropuertos con GoEnvio Perder objetos en los aeropuertos puede ser una [\u2026]\" \/>\n<meta property=\"og:url\" content=\"https:\/\/goenvio.es\/fr\/la-technologie-a-la-rescousse-comment-lintelligence-artificielle-ameliore-la-recuperation-des-objets-perdus-dans-les-aeroports-grace-a-goenvio\/\" \/>\n<meta property=\"og:site_name\" content=\"Goenv\u00edo\" \/>\n<meta property=\"article:modified_time\" content=\"2024-05-13T04:00:26+00:00\" \/>\n<meta name=\"twitter:card\" content=\"summary_large_image\" \/>\n<meta name=\"twitter:label1\" content=\"Dur\u00e9e de lecture estim\u00e9e\" \/>\n\t<meta name=\"twitter:data1\" content=\"2 minutes\" \/>\n<script type=\"application\/ld+json\" class=\"yoast-schema-graph\">{\"@context\":\"https:\\\/\\\/schema.org\",\"@graph\":[{\"@type\":\"WebPage\",\"@id\":\"https:\\\/\\\/goenvio.es\\\/tecnologia-al-rescate-como-la-inteligencia-artificial-esta-mejorando-la-recuperacion-de-objetos-perdidos-en-aeropuertos-con-goenvio\\\/\",\"url\":\"https:\\\/\\\/goenvio.es\\\/tecnologia-al-rescate-como-la-inteligencia-artificial-esta-mejorando-la-recuperacion-de-objetos-perdidos-en-aeropuertos-con-goenvio\\\/\",\"name\":\"Tecnolog\u00eda al Rescate: C\u00f3mo la Inteligencia Artificial Est\u00e1 Mejorando la Recuperaci\u00f3n de Objetos Perdidos en Aeropuertos con GoEnvio - Goenv\u00edo\",\"isPartOf\":{\"@id\":\"https:\\\/\\\/goenvio.es\\\/#website\"},\"datePublished\":\"2024-05-13T03:51:53+00:00\",\"dateModified\":\"2024-05-13T04:00:26+00:00\",\"breadcrumb\":{\"@id\":\"https:\\\/\\\/goenvio.es\\\/tecnologia-al-rescate-como-la-inteligencia-artificial-esta-mejorando-la-recuperacion-de-objetos-perdidos-en-aeropuertos-con-goenvio\\\/#breadcrumb\"},\"inLanguage\":\"fr-FR\",\"potentialAction\":[{\"@type\":\"ReadAction\",\"target\":[\"https:\\\/\\\/goenvio.es\\\/tecnologia-al-rescate-como-la-inteligencia-artificial-esta-mejorando-la-recuperacion-de-objetos-perdidos-en-aeropuertos-con-goenvio\\\/\"]}]},{\"@type\":\"BreadcrumbList\",\"@id\":\"https:\\\/\\\/goenvio.es\\\/tecnologia-al-rescate-como-la-inteligencia-artificial-esta-mejorando-la-recuperacion-de-objetos-perdidos-en-aeropuertos-con-goenvio\\\/#breadcrumb\",\"itemListElement\":[{\"@type\":\"ListItem\",\"position\":1,\"name\":\"Home\",\"item\":\"https:\\\/\\\/goenvio.es\\\/\"},{\"@type\":\"ListItem\",\"position\":2,\"name\":\"Tecnolog\u00eda al Rescate: C\u00f3mo la Inteligencia Artificial Est\u00e1 Mejorando la Recuperaci\u00f3n de Objetos Perdidos en Aeropuertos con GoEnvio\"}]},{\"@type\":\"WebSite\",\"@id\":\"https:\\\/\\\/goenvio.es\\\/#website\",\"url\":\"https:\\\/\\\/goenvio.es\\\/\",\"name\":\"goenv\u00edo\",\"description\":\"Recogida y env\u00edo de objetos perdidos en aeropuertos, trenes y ciudades\",\"publisher\":{\"@id\":\"https:\\\/\\\/goenvio.es\\\/#organization\"},\"potentialAction\":[{\"@type\":\"SearchAction\",\"target\":{\"@type\":\"EntryPoint\",\"urlTemplate\":\"https:\\\/\\\/goenvio.es\\\/?s={search_term_string}\"},\"query-input\":{\"@type\":\"PropertyValueSpecification\",\"valueRequired\":true,\"valueName\":\"search_term_string\"}}],\"inLanguage\":\"fr-FR\"},{\"@type\":\"Organization\",\"@id\":\"https:\\\/\\\/goenvio.es\\\/#organization\",\"name\":\"goenv\u00edo\",\"url\":\"https:\\\/\\\/goenvio.es\\\/\",\"logo\":{\"@type\":\"ImageObject\",\"inLanguage\":\"fr-FR\",\"@id\":\"https:\\\/\\\/goenvio.es\\\/#\\\/schema\\\/logo\\\/image\\\/\",\"url\":\"\",\"contentUrl\":\"\",\"caption\":\"goenv\u00edo\"},\"image\":{\"@id\":\"https:\\\/\\\/goenvio.es\\\/#\\\/schema\\\/logo\\\/image\\\/\"}}]}<\/script>\n<!-- \/ Yoast SEO Premium plugin. -->","yoast_head_json":{"title":"La technologie \u00e0 la rescousse : comment l'intelligence artificielle am\u00e9liore la r\u00e9cup\u00e9ration des objets perdus dans les a\u00e9roports avec GoEnvoy - GoEnvoy","robots":{"index":"index","follow":"follow","max-snippet":"max-snippet:-1","max-image-preview":"max-image-preview:large","max-video-preview":"max-video-preview:-1"},"canonical":"https:\/\/goenvio.es\/fr\/la-technologie-a-la-rescousse-comment-lintelligence-artificielle-ameliore-la-recuperation-des-objets-perdus-dans-les-aeroports-grace-a-goenvio\/","og_locale":"fr_FR","og_type":"article","og_title":"Tecnolog\u00eda al Rescate: C\u00f3mo la Inteligencia Artificial Est\u00e1 Mejorando la Recuperaci\u00f3n de Objetos Perdidos en Aeropuertos con GoEnvio","og_description":"Tecnolog\u00eda al Rescate: C\u00f3mo la Inteligencia Artificial Est\u00e1 Mejorando la Recuperaci\u00f3n de Objetos Perdidos en Aeropuertos con GoEnvio Perder objetos en los aeropuertos puede ser una [\u2026]","og_url":"https:\/\/goenvio.es\/fr\/la-technologie-a-la-rescousse-comment-lintelligence-artificielle-ameliore-la-recuperation-des-objets-perdus-dans-les-aeroports-grace-a-goenvio\/","og_site_name":"Goenv\u00edo","article_modified_time":"2024-05-13T04:00:26+00:00","twitter_card":"summary_large_image","twitter_misc":{"Dur\u00e9e de lecture estim\u00e9e":"2 minutes"},"schema":{"@context":"https:\/\/schema.org","@graph":[{"@type":"WebPage","@id":"https:\/\/goenvio.es\/tecnologia-al-rescate-como-la-inteligencia-artificial-esta-mejorando-la-recuperacion-de-objetos-perdidos-en-aeropuertos-con-goenvio\/","url":"https:\/\/goenvio.es\/tecnologia-al-rescate-como-la-inteligencia-artificial-esta-mejorando-la-recuperacion-de-objetos-perdidos-en-aeropuertos-con-goenvio\/","name":"La technologie \u00e0 la rescousse : comment l'intelligence artificielle am\u00e9liore la r\u00e9cup\u00e9ration des objets perdus dans les a\u00e9roports avec GoEnvoy - GoEnvoy","isPartOf":{"@id":"https:\/\/goenvio.es\/#website"},"datePublished":"2024-05-13T03:51:53+00:00","dateModified":"2024-05-13T04:00:26+00:00","breadcrumb":{"@id":"https:\/\/goenvio.es\/tecnologia-al-rescate-como-la-inteligencia-artificial-esta-mejorando-la-recuperacion-de-objetos-perdidos-en-aeropuertos-con-goenvio\/#breadcrumb"},"inLanguage":"fr-FR","potentialAction":[{"@type":"ReadAction","target":["https:\/\/goenvio.es\/tecnologia-al-rescate-como-la-inteligencia-artificial-esta-mejorando-la-recuperacion-de-objetos-perdidos-en-aeropuertos-con-goenvio\/"]}]},{"@type":"BreadcrumbList","@id":"https:\/\/goenvio.es\/tecnologia-al-rescate-como-la-inteligencia-artificial-esta-mejorando-la-recuperacion-de-objetos-perdidos-en-aeropuertos-con-goenvio\/#breadcrumb","itemListElement":[{"@type":"ListItem","position":1,"name":"Home","item":"https:\/\/goenvio.es\/"},{"@type":"ListItem","position":2,"name":"Tecnolog\u00eda al Rescate: C\u00f3mo la Inteligencia Artificial Est\u00e1 Mejorando la Recuperaci\u00f3n de Objetos Perdidos en Aeropuertos con GoEnvio"}]},{"@type":"WebSite","@id":"https:\/\/goenvio.es\/#website","url":"https:\/\/goenvio.es\/","name":"goenv\u00edo","description":"Collecte et transmission des objets perdus dans les a\u00e9roports, les trains et les villes","publisher":{"@id":"https:\/\/goenvio.es\/#organization"},"potentialAction":[{"@type":"SearchAction","target":{"@type":"EntryPoint","urlTemplate":"https:\/\/goenvio.es\/?s={search_term_string}"},"query-input":{"@type":"PropertyValueSpecification","valueRequired":true,"valueName":"search_term_string"}}],"inLanguage":"fr-FR"},{"@type":"Organization","@id":"https:\/\/goenvio.es\/#organization","name":"goenv\u00edo","url":"https:\/\/goenvio.es\/","logo":{"@type":"ImageObject","inLanguage":"fr-FR","@id":"https:\/\/goenvio.es\/#\/schema\/logo\/image\/","url":"","contentUrl":"","caption":"goenv\u00edo"},"image":{"@id":"https:\/\/goenvio.es\/#\/schema\/logo\/image\/"}}]}},"_links":{"self":[{"href":"https:\/\/goenvio.es\/fr\/wp-json\/wp\/v2\/pages\/821","targetHints":{"allow":["GET"]}}],"collection":[{"href":"https:\/\/goenvio.es\/fr\/wp-json\/wp\/v2\/pages"}],"about":[{"href":"https:\/\/goenvio.es\/fr\/wp-json\/wp\/v2\/types\/page"}],"author":[{"embeddable":true,"href":"https:\/\/goenvio.es\/fr\/wp-json\/wp\/v2\/users\/1"}],"replies":[{"embeddable":true,"href":"https:\/\/goenvio.es\/fr\/wp-json\/wp\/v2\/comments?post=821"}],"version-history":[{"count":0,"href":"https:\/\/goenvio.es\/fr\/wp-json\/wp\/v2\/pages\/821\/revisions"}],"wp:attachment":[{"href":"https:\/\/goenvio.es\/fr\/wp-json\/wp\/v2\/media?parent=821"}],"curies":[{"name":"wp","href":"https:\/\/api.w.org\/{rel}","templated":true}]}}