{"id":600,"date":"2024-05-11T07:35:45","date_gmt":"2024-05-11T07:35:45","guid":{"rendered":"https:\/\/goenvio.es\/?page_id=600"},"modified":"2024-05-11T07:36:34","modified_gmt":"2024-05-11T07:36:34","slug":"ce-site-utilise-des-cookies","status":"publish","type":"page","link":"https:\/\/goenvio.es\/fr\/ce-site-utilise-des-cookies\/","title":{"rendered":"Ce site utilise des cookies"},"content":{"rendered":"<div data-elementor-type=\"wp-page\" data-elementor-id=\"600\" class=\"elementor elementor-600\">\n\t\t\t\t\t\t<section class=\"elementor-section elementor-top-section elementor-element elementor-element-20c92f7 elementor-section-full_width elementor-section-stretched elementor-section-height-default elementor-section-height-default\" data-id=\"20c92f7\" data-element_type=\"section\" data-e-type=\"section\" data-settings=\"{&quot;stretch_section&quot;:&quot;section-stretched&quot;}\">\n\t\t\t\t\t\t<div class=\"elementor-container elementor-column-gap-wider\">\n\t\t\t\t\t<div class=\"elementor-column elementor-col-100 elementor-top-column elementor-element elementor-element-0c45c5b\" data-id=\"0c45c5b\" data-element_type=\"column\" data-e-type=\"column\">\n\t\t\t<div class=\"elementor-widget-wrap elementor-element-populated\">\n\t\t\t\t\t\t<section class=\"elementor-section elementor-inner-section elementor-element elementor-element-3868c9a elementor-section-boxed elementor-section-height-default elementor-section-height-default\" data-id=\"3868c9a\" data-element_type=\"section\" data-e-type=\"section\" data-settings=\"{&quot;background_background&quot;:&quot;classic&quot;}\">\n\t\t\t\t\t\t<div class=\"elementor-container elementor-column-gap-default\">\n\t\t\t\t\t<div class=\"elementor-column elementor-col-100 elementor-inner-column elementor-element elementor-element-d33c264\" data-id=\"d33c264\" data-element_type=\"column\" data-e-type=\"column\" data-settings=\"{&quot;background_background&quot;:&quot;classic&quot;}\">\n\t\t\t<div class=\"elementor-widget-wrap elementor-element-populated\">\n\t\t\t\t\t\t<div class=\"elementor-element elementor-element-dc8a8cd elementor-widget elementor-widget-spacer\" data-id=\"dc8a8cd\" data-element_type=\"widget\" data-e-type=\"widget\" data-widget_type=\"spacer.default\">\n\t\t\t\t<div class=\"elementor-widget-container\">\n\t\t\t\t\t\t\t<div class=\"elementor-spacer\">\n\t\t\t<div class=\"elementor-spacer-inner\"><\/div>\n\t\t<\/div>\n\t\t\t\t\t\t<\/div>\n\t\t\t\t<\/div>\n\t\t\t\t<div class=\"elementor-element elementor-element-a20e3cf elementor-widget elementor-widget-heading\" data-id=\"a20e3cf\" data-element_type=\"widget\" data-e-type=\"widget\" data-widget_type=\"heading.default\">\n\t\t\t\t<div class=\"elementor-widget-container\">\n\t\t\t\t\t<h1 class=\"elementor-heading-title elementor-size-default\">Ce site utilise des cookies<\/h1>\t\t\t\t<\/div>\n\t\t\t\t<\/div>\n\t\t\t\t<div class=\"elementor-element elementor-element-70d466d elementor-widget elementor-widget-text-editor\" data-id=\"70d466d\" data-element_type=\"widget\" data-e-type=\"widget\" data-widget_type=\"text-editor.default\">\n\t\t\t\t<div class=\"elementor-widget-container\">\n\t\t\t\t\t\t\t\t\t<p>Conform\u00e9ment \u00e0 la loi 34\/2002 du 11 juillet 2002 sur les services de la soci\u00e9t\u00e9 de l'information et le commerce \u00e9lectronique (LSSICE), nous t'informons que ce site Web de Goenvio utilise des cookies.<\/p><p>La LSSICE s'applique \u00e0 tout type de fichier ou de dispositif qui est t\u00e9l\u00e9charg\u00e9 sur l'\u00e9quipement terminal d'un utilisateur dans le but de stocker des donn\u00e9es qui peuvent \u00eatre mises \u00e0 jour et r\u00e9cup\u00e9r\u00e9es par l'entit\u00e9 responsable de son installation. Un cookie est l'un de ces fichiers tr\u00e8s r\u00e9pandus, que nous appellerons de mani\u00e8re g\u00e9n\u00e9rique \" t\u00e9moins de connexion \".<\/p><p>Les cookies sont de petits fichiers texte envoy\u00e9s \u00e0 un navigateur par un serveur web pour enregistrer l'activit\u00e9 de l'utilisateur sur un site web afin que ces informations puissent \u00eatre r\u00e9cup\u00e9r\u00e9es ult\u00e9rieurement lors de la navigation sur les diff\u00e9rentes pages connect\u00e9es au serveur qui les a install\u00e9s.<\/p><p>Les cookies stockent g\u00e9n\u00e9ralement des informations de nature technique, des pr\u00e9f\u00e9rences personnelles, la personnalisation du contenu, des statistiques d'utilisation, des liens vers les r\u00e9seaux sociaux, l'acc\u00e8s aux comptes d'utilisateurs, etc.<\/p><p>Types de cookies<\/p><p>Ci-dessous, les cookies sont class\u00e9s selon une s\u00e9rie de cat\u00e9gories. Il faut cependant garder \u00e0 l'esprit qu'un m\u00eame cookie peut \u00eatre inclus dans plusieurs cat\u00e9gories.<\/p><p>Selon l'entit\u00e9 qui les g\u00e8re<\/p><p>Cookies propres : ce sont ceux qui sont envoy\u00e9s \u00e0 l'\u00e9quipement terminal de l'utilisateur \u00e0 partir d'un ordinateur ou d'un domaine g\u00e9r\u00e9 par l'\u00e9diteur lui-m\u00eame et \u00e0 partir duquel le service demand\u00e9 par l'utilisateur est fourni.<\/p><p>Cookies tiers : il s'agit de cookies envoy\u00e9s \u00e0 l'\u00e9quipement terminal de l'utilisateur \u00e0 partir d'un ordinateur ou d'un domaine qui n'est pas g\u00e9r\u00e9 par l'\u00e9diteur, mais par une autre entit\u00e9 qui traite les donn\u00e9es obtenues par le biais des cookies.<\/p><p>Dans le cas o\u00f9 les cookies sont install\u00e9s \u00e0 partir d'un ordinateur ou d'un domaine g\u00e9r\u00e9 par l'\u00e9diteur lui-m\u00eame mais que les informations collect\u00e9es gr\u00e2ce \u00e0 ceux-ci sont g\u00e9r\u00e9es par un tiers, ils ne sont pas consid\u00e9r\u00e9s comme des cookies propres.<\/p><p>En fonction de la dur\u00e9e pendant laquelle ils restent activ\u00e9s.<\/p><p>Selon la dur\u00e9e pendant laquelle ils restent activ\u00e9s dans l'\u00e9quipement terminal, on peut les distinguer :<\/p><p>Cookies de session : il s'agit d'un type de cookie con\u00e7u pour collecter et stocker des donn\u00e9es pendant que l'utilisateur acc\u00e8de \u00e0 un site Web. Ils sont g\u00e9n\u00e9ralement utilis\u00e9s pour stocker des informations qui ne doivent \u00eatre conserv\u00e9es que pour la fourniture du service demand\u00e9 par l'utilisateur en une seule occasion (par exemple, une liste de produits achet\u00e9s).<\/p><p>Cookies persistants : Il s'agit d'un type de cookie dans lequel les donn\u00e9es restent stock\u00e9es dans le terminal et peuvent \u00eatre consult\u00e9es et trait\u00e9es pendant une p\u00e9riode d\u00e9finie par le responsable du cookie, qui peut aller de quelques minutes \u00e0 plusieurs ann\u00e9es.<\/p><p>En fonction de leur objectif<\/p><p>Selon la finalit\u00e9 pour laquelle les donn\u00e9es obtenues par le biais des cookies sont trait\u00e9es, nous pouvons faire la distinction entre :<\/p><p>Cookies techniques : Ce sont ceux qui permettent \u00e0 l'utilisateur de naviguer sur un site web, une plateforme ou une application et d'utiliser les diff\u00e9rentes options ou services qui y existent comme, par exemple, le contr\u00f4le du trafic et de la communication des donn\u00e9es, l'identification de la session, l'acc\u00e8s aux parties \u00e0 acc\u00e8s restreint, la m\u00e9morisation des \u00e9l\u00e9ments qui composent une commande, la r\u00e9alisation du processus d'achat d'une commande, la r\u00e9alisation de la demande d'inscription ou de participation \u00e0 un \u00e9v\u00e9nement, l'utilisation des \u00e9l\u00e9ments de s\u00e9curit\u00e9 lors de la navigation, le stockage de contenus pour la diffusion de vid\u00e9os ou de sons ou le partage de contenus sur les r\u00e9seaux sociaux.<\/p><p>Cookies de personnalisation : il s'agit de cookies qui permettent \u00e0 l'utilisateur d'acc\u00e9der au service avec certaines caract\u00e9ristiques g\u00e9n\u00e9rales pr\u00e9d\u00e9finies en fonction d'une s\u00e9rie de crit\u00e8res du terminal de l'utilisateur, tels que la langue, le type de navigateur utilis\u00e9 pour acc\u00e9der au service, la configuration r\u00e9gionale \u00e0 partir de laquelle on acc\u00e8de au service, etc.<\/p><p>Cookies d'analyse : ces cookies permettent \u00e0 leur responsable de suivre et d'analyser le comportement des utilisateurs des sites Internet auxquels ils sont li\u00e9s. Les informations collect\u00e9es par ce type de cookies sont utilis\u00e9es pour mesurer l'activit\u00e9 des sites Internet, de l'application ou de la plateforme et pour l'\u00e9laboration de profils de navigation des utilisateurs de ces sites, applications et plateformes, afin d'introduire des am\u00e9liorations bas\u00e9es sur l'analyse des donn\u00e9es d'utilisation des utilisateurs du service.<\/p><p>Cookies publicitaires : Ce sont ceux qui permettent de g\u00e9rer, de la mani\u00e8re la plus efficace possible, les espaces publicitaires que, le cas \u00e9ch\u00e9ant, l'\u00e9diteur a inclus sur un site web, une application ou une plateforme \u00e0 partir de laquelle le service demand\u00e9 est fourni en fonction de crit\u00e8res tels que le contenu \u00e9dit\u00e9 ou la fr\u00e9quence \u00e0 laquelle les publicit\u00e9s sont affich\u00e9es.<\/p><p>Cookies de publicit\u00e9 comportementale : Il s'agit de cookies qui permettent de g\u00e9rer, de la mani\u00e8re la plus efficace possible, les espaces publicitaires que, le cas \u00e9ch\u00e9ant, l'\u00e9diteur a inclus sur un site Web, une application ou une plateforme \u00e0 partir de laquelle le service demand\u00e9 est fourni. Ces cookies stockent des informations sur le comportement des utilisateurs obtenues gr\u00e2ce \u00e0 l'observation continue de leurs habitudes de navigation, ce qui permet d'\u00e9laborer un profil sp\u00e9cifique afin d'afficher des publicit\u00e9s bas\u00e9es sur ce dernier.<\/p><p>Comment d\u00e9sactiver les cookies dans les principaux navigateurs web ?<\/p><p>Pour configurer l'utilisation des cookies, tu dois suivre les instructions de ton navigateur ou consulter son aide :<\/p><p>Safari<\/p><p>Firefox<\/p><p>Chrome<\/p><p>L'op\u00e9ra<\/p><p>Internet Explorer<\/p><p>Bord<\/p><p>Que se passe-t-il si tu n'acceptes pas les cookies ?<\/p><p>Le refus des cookies peut emp\u00eacher l'acc\u00e8s aux contenus et services personnalis\u00e9s.<\/p><p>Mises \u00e0 jour et modifications de la politique en mati\u00e8re de cookies.<\/p><p>Goenvio peut modifier cette politique de cookies en fonction des exigences l\u00e9gislatives, des r\u00e9glementations, afin d'adapter cette politique aux instructions \u00e9mises par l'Agence espagnole de protection des donn\u00e9es, pour des questions techniques ou la r\u00e9organisation du web, c'est pourquoi nous te conseillons de la consulter p\u00e9riodiquement.<\/p><p>Contact<\/p><p>Si tu as des questions sur la fa\u00e7on dont nous utilisons les cookies, envoie-nous un courriel \u00e0 l'adresse suivante : info@Goenvio.es.<\/p>\t\t\t\t\t\t\t\t<\/div>\n\t\t\t\t<\/div>\n\t\t\t\t\t<\/div>\n\t\t<\/div>\n\t\t\t\t\t<\/div>\n\t\t<\/section>\n\t\t\t\t\t<\/div>\n\t\t<\/div>\n\t\t\t\t\t<\/div>\n\t\t<\/section>\n\t\t\t\t<\/div>","protected":false},"excerpt":{"rendered":"<p>Este sitio utiliza cookies En cumplimiento de la Ley 34\/2002 de 11 de julio de Servicios de la Sociedad de la Informaci\u00f3n y de Comercio Electr\u00f3nico<span class=\"excerpt-hellip\"> [\u2026]<\/span><\/p>\n","protected":false},"author":1,"featured_media":0,"parent":0,"menu_order":0,"comment_status":"open","ping_status":"closed","template":"","meta":{"footnotes":""},"class_list":["post-600","page","type-page","status-publish","hentry"],"yoast_head":"<!-- This site is optimized with the Yoast SEO Premium plugin v21.7 (Yoast SEO v27.3) - https:\/\/yoast.com\/product\/yoast-seo-premium-wordpress\/ -->\n<title>Este sitio utiliza cookies - Goenv\u00edo<\/title>\n<meta name=\"robots\" content=\"index, follow, max-snippet:-1, max-image-preview:large, max-video-preview:-1\" \/>\n<link rel=\"canonical\" href=\"https:\/\/goenvio.es\/fr\/ce-site-utilise-des-cookies\/\" \/>\n<meta property=\"og:locale\" content=\"fr_FR\" \/>\n<meta property=\"og:type\" content=\"article\" \/>\n<meta property=\"og:title\" content=\"Este sitio utiliza cookies\" \/>\n<meta property=\"og:description\" content=\"Este sitio utiliza cookies En cumplimiento de la Ley 34\/2002 de 11 de julio de Servicios de la Sociedad de la Informaci\u00f3n y de Comercio Electr\u00f3nico [\u2026]\" \/>\n<meta property=\"og:url\" content=\"https:\/\/goenvio.es\/fr\/ce-site-utilise-des-cookies\/\" \/>\n<meta property=\"og:site_name\" content=\"Goenv\u00edo\" \/>\n<meta property=\"article:modified_time\" content=\"2024-05-11T07:36:34+00:00\" \/>\n<meta name=\"twitter:card\" content=\"summary_large_image\" \/>\n<meta name=\"twitter:label1\" content=\"Dur\u00e9e de lecture estim\u00e9e\" \/>\n\t<meta name=\"twitter:data1\" content=\"5 minutes\" \/>\n<script type=\"application\/ld+json\" class=\"yoast-schema-graph\">{\"@context\":\"https:\\\/\\\/schema.org\",\"@graph\":[{\"@type\":\"WebPage\",\"@id\":\"https:\\\/\\\/goenvio.es\\\/este-sitio-utiliza-cookies\\\/\",\"url\":\"https:\\\/\\\/goenvio.es\\\/este-sitio-utiliza-cookies\\\/\",\"name\":\"Este sitio utiliza cookies - Goenv\u00edo\",\"isPartOf\":{\"@id\":\"https:\\\/\\\/goenvio.es\\\/#website\"},\"datePublished\":\"2024-05-11T07:35:45+00:00\",\"dateModified\":\"2024-05-11T07:36:34+00:00\",\"breadcrumb\":{\"@id\":\"https:\\\/\\\/goenvio.es\\\/este-sitio-utiliza-cookies\\\/#breadcrumb\"},\"inLanguage\":\"fr-FR\",\"potentialAction\":[{\"@type\":\"ReadAction\",\"target\":[\"https:\\\/\\\/goenvio.es\\\/este-sitio-utiliza-cookies\\\/\"]}]},{\"@type\":\"BreadcrumbList\",\"@id\":\"https:\\\/\\\/goenvio.es\\\/este-sitio-utiliza-cookies\\\/#breadcrumb\",\"itemListElement\":[{\"@type\":\"ListItem\",\"position\":1,\"name\":\"Home\",\"item\":\"https:\\\/\\\/goenvio.es\\\/\"},{\"@type\":\"ListItem\",\"position\":2,\"name\":\"Este sitio utiliza cookies\"}]},{\"@type\":\"WebSite\",\"@id\":\"https:\\\/\\\/goenvio.es\\\/#website\",\"url\":\"https:\\\/\\\/goenvio.es\\\/\",\"name\":\"goenv\u00edo\",\"description\":\"Recogida y env\u00edo de objetos perdidos en aeropuertos, trenes y ciudades\",\"publisher\":{\"@id\":\"https:\\\/\\\/goenvio.es\\\/#organization\"},\"potentialAction\":[{\"@type\":\"SearchAction\",\"target\":{\"@type\":\"EntryPoint\",\"urlTemplate\":\"https:\\\/\\\/goenvio.es\\\/?s={search_term_string}\"},\"query-input\":{\"@type\":\"PropertyValueSpecification\",\"valueRequired\":true,\"valueName\":\"search_term_string\"}}],\"inLanguage\":\"fr-FR\"},{\"@type\":\"Organization\",\"@id\":\"https:\\\/\\\/goenvio.es\\\/#organization\",\"name\":\"goenv\u00edo\",\"url\":\"https:\\\/\\\/goenvio.es\\\/\",\"logo\":{\"@type\":\"ImageObject\",\"inLanguage\":\"fr-FR\",\"@id\":\"https:\\\/\\\/goenvio.es\\\/#\\\/schema\\\/logo\\\/image\\\/\",\"url\":\"\",\"contentUrl\":\"\",\"caption\":\"goenv\u00edo\"},\"image\":{\"@id\":\"https:\\\/\\\/goenvio.es\\\/#\\\/schema\\\/logo\\\/image\\\/\"}}]}<\/script>\n<!-- \/ Yoast SEO Premium plugin. -->","yoast_head_json":{"title":"Ce site utilise des cookies - Goenv\u00edo","robots":{"index":"index","follow":"follow","max-snippet":"max-snippet:-1","max-image-preview":"max-image-preview:large","max-video-preview":"max-video-preview:-1"},"canonical":"https:\/\/goenvio.es\/fr\/ce-site-utilise-des-cookies\/","og_locale":"fr_FR","og_type":"article","og_title":"Este sitio utiliza cookies","og_description":"Este sitio utiliza cookies En cumplimiento de la Ley 34\/2002 de 11 de julio de Servicios de la Sociedad de la Informaci\u00f3n y de Comercio Electr\u00f3nico [\u2026]","og_url":"https:\/\/goenvio.es\/fr\/ce-site-utilise-des-cookies\/","og_site_name":"Goenv\u00edo","article_modified_time":"2024-05-11T07:36:34+00:00","twitter_card":"summary_large_image","twitter_misc":{"Dur\u00e9e de lecture estim\u00e9e":"5 minutes"},"schema":{"@context":"https:\/\/schema.org","@graph":[{"@type":"WebPage","@id":"https:\/\/goenvio.es\/este-sitio-utiliza-cookies\/","url":"https:\/\/goenvio.es\/este-sitio-utiliza-cookies\/","name":"Ce site utilise des cookies - Goenv\u00edo","isPartOf":{"@id":"https:\/\/goenvio.es\/#website"},"datePublished":"2024-05-11T07:35:45+00:00","dateModified":"2024-05-11T07:36:34+00:00","breadcrumb":{"@id":"https:\/\/goenvio.es\/este-sitio-utiliza-cookies\/#breadcrumb"},"inLanguage":"fr-FR","potentialAction":[{"@type":"ReadAction","target":["https:\/\/goenvio.es\/este-sitio-utiliza-cookies\/"]}]},{"@type":"BreadcrumbList","@id":"https:\/\/goenvio.es\/este-sitio-utiliza-cookies\/#breadcrumb","itemListElement":[{"@type":"ListItem","position":1,"name":"Home","item":"https:\/\/goenvio.es\/"},{"@type":"ListItem","position":2,"name":"Este sitio utiliza cookies"}]},{"@type":"WebSite","@id":"https:\/\/goenvio.es\/#website","url":"https:\/\/goenvio.es\/","name":"goenv\u00edo","description":"Collecte et transmission des objets perdus dans les a\u00e9roports, les trains et les villes","publisher":{"@id":"https:\/\/goenvio.es\/#organization"},"potentialAction":[{"@type":"SearchAction","target":{"@type":"EntryPoint","urlTemplate":"https:\/\/goenvio.es\/?s={search_term_string}"},"query-input":{"@type":"PropertyValueSpecification","valueRequired":true,"valueName":"search_term_string"}}],"inLanguage":"fr-FR"},{"@type":"Organization","@id":"https:\/\/goenvio.es\/#organization","name":"goenv\u00edo","url":"https:\/\/goenvio.es\/","logo":{"@type":"ImageObject","inLanguage":"fr-FR","@id":"https:\/\/goenvio.es\/#\/schema\/logo\/image\/","url":"","contentUrl":"","caption":"goenv\u00edo"},"image":{"@id":"https:\/\/goenvio.es\/#\/schema\/logo\/image\/"}}]}},"_links":{"self":[{"href":"https:\/\/goenvio.es\/fr\/wp-json\/wp\/v2\/pages\/600","targetHints":{"allow":["GET"]}}],"collection":[{"href":"https:\/\/goenvio.es\/fr\/wp-json\/wp\/v2\/pages"}],"about":[{"href":"https:\/\/goenvio.es\/fr\/wp-json\/wp\/v2\/types\/page"}],"author":[{"embeddable":true,"href":"https:\/\/goenvio.es\/fr\/wp-json\/wp\/v2\/users\/1"}],"replies":[{"embeddable":true,"href":"https:\/\/goenvio.es\/fr\/wp-json\/wp\/v2\/comments?post=600"}],"version-history":[{"count":0,"href":"https:\/\/goenvio.es\/fr\/wp-json\/wp\/v2\/pages\/600\/revisions"}],"wp:attachment":[{"href":"https:\/\/goenvio.es\/fr\/wp-json\/wp\/v2\/media?parent=600"}],"curies":[{"name":"wp","href":"https:\/\/api.w.org\/{rel}","templated":true}]}}