{"id":821,"date":"2024-05-13T03:51:53","date_gmt":"2024-05-13T03:51:53","guid":{"rendered":"https:\/\/goenvio.es\/?page_id=821"},"modified":"2024-05-13T04:00:26","modified_gmt":"2024-05-13T04:00:26","slug":"technology-to-the-rescue-how-artificial-intelligence-is-improving-the-recovery-of-lost-property-items-at-airports-with-goenvio","status":"publish","type":"page","link":"https:\/\/goenvio.es\/en\/technology-to-the-rescue-how-artificial-intelligence-is-improving-the-recovery-of-lost-property-items-at-airports-with-goenvio\/","title":{"rendered":"Technology to the Rescue: How Artificial Intelligence is Improving Lost Property Recovery at Airports with GoEnvoy"},"content":{"rendered":"<div data-elementor-type=\"wp-page\" data-elementor-id=\"821\" class=\"elementor elementor-821\">\n\t\t\t\t\t\t<section class=\"elementor-section elementor-top-section elementor-element elementor-element-d676a70 elementor-section-full_width elementor-section-stretched elementor-section-height-default elementor-section-height-default\" data-id=\"d676a70\" data-element_type=\"section\" data-e-type=\"section\" data-settings=\"{&quot;stretch_section&quot;:&quot;section-stretched&quot;}\">\n\t\t\t\t\t\t<div class=\"elementor-container elementor-column-gap-wider\">\n\t\t\t\t\t<div class=\"elementor-column elementor-col-100 elementor-top-column elementor-element elementor-element-d57ed04\" data-id=\"d57ed04\" data-element_type=\"column\" data-e-type=\"column\" data-settings=\"{&quot;background_background&quot;:&quot;classic&quot;}\">\n\t\t\t<div class=\"elementor-widget-wrap elementor-element-populated\">\n\t\t\t\t\t\t<section class=\"elementor-section elementor-inner-section elementor-element elementor-element-d3a90e6 elementor-section-boxed elementor-section-height-default elementor-section-height-default\" data-id=\"d3a90e6\" data-element_type=\"section\" data-e-type=\"section\">\n\t\t\t\t\t\t<div class=\"elementor-container elementor-column-gap-default\">\n\t\t\t\t\t<div class=\"elementor-column elementor-col-100 elementor-inner-column elementor-element elementor-element-bd5e915\" data-id=\"bd5e915\" data-element_type=\"column\" data-e-type=\"column\">\n\t\t\t<div class=\"elementor-widget-wrap elementor-element-populated\">\n\t\t\t\t\t\t<section class=\"elementor-section elementor-inner-section elementor-element elementor-element-c100ef7 elementor-section-boxed elementor-section-height-default elementor-section-height-default\" data-id=\"c100ef7\" data-element_type=\"section\" data-e-type=\"section\">\n\t\t\t\t\t\t<div class=\"elementor-container elementor-column-gap-default\">\n\t\t\t\t\t<div class=\"elementor-column elementor-col-25 elementor-inner-column elementor-element elementor-element-8cbaae0\" data-id=\"8cbaae0\" data-element_type=\"column\" data-e-type=\"column\">\n\t\t\t<div class=\"elementor-widget-wrap\">\n\t\t\t\t\t\t\t<\/div>\n\t\t<\/div>\n\t\t\t\t<div class=\"elementor-column elementor-col-50 elementor-inner-column elementor-element elementor-element-f71378a\" data-id=\"f71378a\" data-element_type=\"column\" data-e-type=\"column\">\n\t\t\t<div class=\"elementor-widget-wrap elementor-element-populated\">\n\t\t\t\t\t\t<div class=\"elementor-element elementor-element-598cb93 elementor-widget elementor-widget-heading\" data-id=\"598cb93\" data-element_type=\"widget\" data-e-type=\"widget\" data-widget_type=\"heading.default\">\n\t\t\t\t<div class=\"elementor-widget-container\">\n\t\t\t\t\t<h3 class=\"elementor-heading-title elementor-size-default\">Technology to the Rescue: How Artificial Intelligence is Improving Lost Property Recovery at Airports with GoEnvoy\n\n<\/h3>\t\t\t\t<\/div>\n\t\t\t\t<\/div>\n\t\t\t\t<div class=\"elementor-element elementor-element-563c703 elementor-widget-tablet__width-initial elementor-widget elementor-widget-heading\" data-id=\"563c703\" data-element_type=\"widget\" data-e-type=\"widget\" data-widget_type=\"heading.default\">\n\t\t\t\t<div class=\"elementor-widget-container\">\n\t\t\t\t\t<h5 class=\"elementor-heading-title elementor-size-default\">Losing items at airports can be a frustrating and stressful experience. From electronic devices to important documents, misplaced items can cause serious inconvenience for travellers. However, technology, especially artificial intelligence (AI), is changing the way we retrieve these lost items, making the process much more efficient and less distressing. In this context, some airports are beginning to integrate AI solutions into their services.\n\n\n\n\n\n\n<\/h5>\t\t\t\t<\/div>\n\t\t\t\t<\/div>\n\t\t\t\t\t<\/div>\n\t\t<\/div>\n\t\t\t\t<div class=\"elementor-column elementor-col-25 elementor-inner-column elementor-element elementor-element-50c51bc\" data-id=\"50c51bc\" data-element_type=\"column\" data-e-type=\"column\">\n\t\t\t<div class=\"elementor-widget-wrap\">\n\t\t\t\t\t\t\t<\/div>\n\t\t<\/div>\n\t\t\t\t\t<\/div>\n\t\t<\/section>\n\t\t\t\t\t<\/div>\n\t\t<\/div>\n\t\t\t\t\t<\/div>\n\t\t<\/section>\n\t\t\t\t\t<\/div>\n\t\t<\/div>\n\t\t\t\t\t<\/div>\n\t\t<\/section>\n\t\t\t\t<section class=\"elementor-section elementor-top-section elementor-element elementor-element-0d58ce0 elementor-section-full_width elementor-section-stretched elementor-section-height-default elementor-section-height-default\" data-id=\"0d58ce0\" data-element_type=\"section\" data-e-type=\"section\" data-settings=\"{&quot;stretch_section&quot;:&quot;section-stretched&quot;,&quot;background_background&quot;:&quot;classic&quot;}\">\n\t\t\t\t\t\t<div class=\"elementor-container elementor-column-gap-default\">\n\t\t\t\t\t<div class=\"elementor-column elementor-col-100 elementor-top-column elementor-element elementor-element-16d11c8\" data-id=\"16d11c8\" data-element_type=\"column\" data-e-type=\"column\" data-settings=\"{&quot;background_background&quot;:&quot;classic&quot;}\">\n\t\t\t<div class=\"elementor-widget-wrap elementor-element-populated\">\n\t\t\t\t\t\t<section class=\"elementor-section elementor-inner-section elementor-element elementor-element-4a1e55a elementor-reverse-tablet elementor-reverse-mobile elementor-section-boxed elementor-section-height-default elementor-section-height-default\" data-id=\"4a1e55a\" data-element_type=\"section\" data-e-type=\"section\" id=\"dental\">\n\t\t\t\t\t\t<div class=\"elementor-container elementor-column-gap-default\">\n\t\t\t\t\t<div class=\"elementor-column elementor-col-50 elementor-inner-column elementor-element elementor-element-6a6be8d\" data-id=\"6a6be8d\" data-element_type=\"column\" data-e-type=\"column\" data-settings=\"{&quot;background_background&quot;:&quot;classic&quot;}\">\n\t\t\t<div class=\"elementor-widget-wrap elementor-element-populated\">\n\t\t\t\t\t\t<div class=\"elementor-element elementor-element-3774c39 elementor-widget elementor-widget-text-editor\" data-id=\"3774c39\" data-element_type=\"widget\" data-e-type=\"widget\" data-widget_type=\"text-editor.default\">\n\t\t\t\t<div class=\"elementor-widget-container\">\n\t\t\t\t\t\t\t\t\t<h3>The Application of AI in Lost and Found<\/h3>\n<p>Some airports are beginning to use artificial intelligence to optimise the identification and recovery of lost items. AI helps to quickly classify and catalogue lost objects based on their characteristics and reported locations, allowing for faster and more accurate handling. This intelligent system not only improves accuracy in identifying objects, but also streamlines the process of matching them with their owners.<\/p>\t\t\t\t\t\t\t\t<\/div>\n\t\t\t\t<\/div>\n\t\t\t\t\t<\/div>\n\t\t<\/div>\n\t\t\t\t<div class=\"elementor-column elementor-col-50 elementor-inner-column elementor-element elementor-element-5eb845c\" data-id=\"5eb845c\" data-element_type=\"column\" data-e-type=\"column\" data-settings=\"{&quot;background_background&quot;:&quot;classic&quot;}\">\n\t\t\t<div class=\"elementor-widget-wrap elementor-element-populated\">\n\t\t\t\t\t\t<div class=\"elementor-element elementor-element-fe8aa1c elementor-widget elementor-widget-spacer\" data-id=\"fe8aa1c\" data-element_type=\"widget\" data-e-type=\"widget\" data-widget_type=\"spacer.default\">\n\t\t\t\t<div class=\"elementor-widget-container\">\n\t\t\t\t\t\t\t<div class=\"elementor-spacer\">\n\t\t\t<div class=\"elementor-spacer-inner\"><\/div>\n\t\t<\/div>\n\t\t\t\t\t\t<\/div>\n\t\t\t\t<\/div>\n\t\t\t\t\t<\/div>\n\t\t<\/div>\n\t\t\t\t\t<\/div>\n\t\t<\/section>\n\t\t\t\t<section class=\"elementor-section elementor-inner-section elementor-element elementor-element-9f13e75 elementor-section-boxed elementor-section-height-default elementor-section-height-default\" data-id=\"9f13e75\" data-element_type=\"section\" data-e-type=\"section\" id=\"xray\">\n\t\t\t\t\t\t<div class=\"elementor-container elementor-column-gap-default\">\n\t\t\t\t\t<div class=\"elementor-column elementor-col-100 elementor-inner-column elementor-element elementor-element-a864368\" data-id=\"a864368\" data-element_type=\"column\" data-e-type=\"column\" data-settings=\"{&quot;background_background&quot;:&quot;classic&quot;}\">\n\t\t\t<div class=\"elementor-widget-wrap elementor-element-populated\">\n\t\t\t\t\t\t<div class=\"elementor-element elementor-element-ac07bb3 elementor-widget elementor-widget-heading\" data-id=\"ac07bb3\" data-element_type=\"widget\" data-e-type=\"widget\" data-widget_type=\"heading.default\">\n\t\t\t\t<div class=\"elementor-widget-container\">\n\t\t\t\t\t<h3 class=\"elementor-heading-title elementor-size-default\">How Technology Works\n<\/h3>\t\t\t\t<\/div>\n\t\t\t\t<\/div>\n\t\t\t\t<div class=\"elementor-element elementor-element-9902a9f elementor-widget elementor-widget-text-editor\" data-id=\"9902a9f\" data-element_type=\"widget\" data-e-type=\"widget\" data-widget_type=\"text-editor.default\">\n\t\t\t\t<div class=\"elementor-widget-container\">\n\t\t\t\t\t\t\t\t\t<p>When a lost object is reported, the description provided by the user is entered into an AI-powered database. The technology compares this information with existing records of objects found at airports, using advanced algorithms to identify potential matches. This significantly reduces the time needed to locate an object and facilitates coordination for its return.<\/p>\n<p>\u00a0<\/p>\n<h3>Advantages of AI in Lost &amp; Found Recovery<\/h3>\n<p>\u00a0<\/p>\n<ol>\n<li><strong>Improved Efficiency<\/strong>AI processes large amounts of data in a short time, allowing matches to be found quickly and reducing waiting times for travellers.<\/li>\n<li><strong>Reducing Human Error<\/strong>By automating part of the cataloguing and searching process, human error is minimised, resulting in greater accuracy in retrieving objects.<\/li>\n<li><strong>Personalized Attention<\/strong>Technology enables the recovery experience to be personalised, ensuring that items are returned to their owners efficiently and with exceptional customer service.<\/li>\n<\/ol>\n<p>\u00a0<\/p>\n<h3>Conclusion<\/h3>\n<p>The incorporation of artificial intelligence into services like GoEnvio is not only transforming the way we manage lost property at airports, it is also ushering in a new era in customer service and logistics management. With GoEnvio, losing something at an airport no longer has to be the end of the world. Technology, and in particular AI, is here to help you get back what's yours quickly and safely - travel with peace of mind knowing that GoEnvio and AI are on your side!<\/p>\t\t\t\t\t\t\t\t<\/div>\n\t\t\t\t<\/div>\n\t\t\t\t\t<\/div>\n\t\t<\/div>\n\t\t\t\t\t<\/div>\n\t\t<\/section>\n\t\t\t\t\t<\/div>\n\t\t<\/div>\n\t\t\t\t\t<\/div>\n\t\t<\/section>\n\t\t\t\t<section class=\"elementor-section elementor-top-section elementor-element elementor-element-64e0935 elementor-section-full_width elementor-section-stretched elementor-section-height-default elementor-section-height-default\" data-id=\"64e0935\" data-element_type=\"section\" data-e-type=\"section\" data-settings=\"{&quot;stretch_section&quot;:&quot;section-stretched&quot;}\">\n\t\t\t\t\t\t<div class=\"elementor-container elementor-column-gap-wider\">\n\t\t\t\t\t<div class=\"elementor-column elementor-col-100 elementor-top-column elementor-element elementor-element-3718854\" data-id=\"3718854\" data-element_type=\"column\" data-e-type=\"column\">\n\t\t\t<div class=\"elementor-widget-wrap elementor-element-populated\">\n\t\t\t\t\t\t<section class=\"elementor-section elementor-inner-section elementor-element elementor-element-6462d46 elementor-section-boxed elementor-section-height-default elementor-section-height-default\" data-id=\"6462d46\" data-element_type=\"section\" data-e-type=\"section\" data-settings=\"{&quot;background_background&quot;:&quot;classic&quot;}\">\n\t\t\t\t\t\t<div class=\"elementor-container elementor-column-gap-default\">\n\t\t\t\t\t<div class=\"elementor-column elementor-col-100 elementor-inner-column elementor-element elementor-element-cac5a93\" data-id=\"cac5a93\" data-element_type=\"column\" data-e-type=\"column\" data-settings=\"{&quot;background_background&quot;:&quot;classic&quot;}\">\n\t\t\t<div class=\"elementor-widget-wrap elementor-element-populated\">\n\t\t\t\t\t\t<div class=\"elementor-element elementor-element-96d16a7 elementor-widget__width-initial elementor-widget elementor-widget-heading\" data-id=\"96d16a7\" data-element_type=\"widget\" data-e-type=\"widget\" data-widget_type=\"heading.default\">\n\t\t\t\t<div class=\"elementor-widget-container\">\n\t\t\t\t\t<h3 class=\"elementor-heading-title elementor-size-default\"><p><span style=\"color: #2b6cf5\">Request your<\/span> non-binding quotation &lt;\/p<\/h3>\t\t\t\t<\/div>\n\t\t\t\t<\/div>\n\t\t\t\t<div class=\"elementor-element elementor-element-3f554ac elementor-mobile-align-center elementor-widget-tablet__width-inherit elementor-align-center elementor-widget elementor-widget-button\" data-id=\"3f554ac\" data-element_type=\"widget\" data-e-type=\"widget\" data-widget_type=\"button.default\">\n\t\t\t\t<div class=\"elementor-widget-container\">\n\t\t\t\t\t\t\t\t\t<div class=\"elementor-button-wrapper\">\n\t\t\t\t\t<a class=\"elementor-button elementor-button-link elementor-size-sm\" href=\"\/en\/shipping-lost-property-quote\/\">\n\t\t\t\t\t\t<span class=\"elementor-button-content-wrapper\">\n\t\t\t\t\t\t\t\t\t<span class=\"elementor-button-text\">Click here<\/span>\n\t\t\t\t\t<\/span>\n\t\t\t\t\t<\/a>\n\t\t\t\t<\/div>\n\t\t\t\t\t\t\t\t<\/div>\n\t\t\t\t<\/div>\n\t\t\t\t\t<\/div>\n\t\t<\/div>\n\t\t\t\t\t<\/div>\n\t\t<\/section>\n\t\t\t\t\t<\/div>\n\t\t<\/div>\n\t\t\t\t\t<\/div>\n\t\t<\/section>\n\t\t\t\t<\/div>","protected":false},"excerpt":{"rendered":"<p>Tecnolog\u00eda al Rescate: C\u00f3mo la Inteligencia Artificial Est\u00e1 Mejorando la Recuperaci\u00f3n de Objetos Perdidos en Aeropuertos con GoEnvio Perder objetos en los aeropuertos puede ser una<span class=\"excerpt-hellip\"> [\u2026]<\/span><\/p>\n","protected":false},"author":1,"featured_media":0,"parent":0,"menu_order":0,"comment_status":"open","ping_status":"closed","template":"","meta":{"footnotes":""},"class_list":["post-821","page","type-page","status-publish","hentry"],"yoast_head":"<!-- This site is optimized with the Yoast SEO Premium plugin v21.7 (Yoast SEO v27.3) - https:\/\/yoast.com\/product\/yoast-seo-premium-wordpress\/ -->\n<title>Tecnolog\u00eda al Rescate: C\u00f3mo la Inteligencia Artificial Est\u00e1 Mejorando la Recuperaci\u00f3n de Objetos Perdidos en Aeropuertos con GoEnvio - Goenv\u00edo<\/title>\n<meta name=\"robots\" content=\"index, follow, max-snippet:-1, max-image-preview:large, max-video-preview:-1\" \/>\n<link rel=\"canonical\" href=\"https:\/\/goenvio.es\/en\/technology-to-the-rescue-how-artificial-intelligence-is-improving-the-recovery-of-lost-property-items-at-airports-with-goenvio\/\" \/>\n<meta property=\"og:locale\" content=\"en_GB\" \/>\n<meta property=\"og:type\" content=\"article\" \/>\n<meta property=\"og:title\" content=\"Tecnolog\u00eda al Rescate: C\u00f3mo la Inteligencia Artificial Est\u00e1 Mejorando la Recuperaci\u00f3n de Objetos Perdidos en Aeropuertos con GoEnvio\" \/>\n<meta property=\"og:description\" content=\"Tecnolog\u00eda al Rescate: C\u00f3mo la Inteligencia Artificial Est\u00e1 Mejorando la Recuperaci\u00f3n de Objetos Perdidos en Aeropuertos con GoEnvio Perder objetos en los aeropuertos puede ser una [\u2026]\" \/>\n<meta property=\"og:url\" content=\"https:\/\/goenvio.es\/en\/technology-to-the-rescue-how-artificial-intelligence-is-improving-the-recovery-of-lost-property-items-at-airports-with-goenvio\/\" \/>\n<meta property=\"og:site_name\" content=\"Goenv\u00edo\" \/>\n<meta property=\"article:modified_time\" content=\"2024-05-13T04:00:26+00:00\" \/>\n<meta name=\"twitter:card\" content=\"summary_large_image\" \/>\n<meta name=\"twitter:label1\" content=\"Estimated reading time\" \/>\n\t<meta name=\"twitter:data1\" content=\"2 minutes\" \/>\n<script type=\"application\/ld+json\" class=\"yoast-schema-graph\">{\"@context\":\"https:\\\/\\\/schema.org\",\"@graph\":[{\"@type\":\"WebPage\",\"@id\":\"https:\\\/\\\/goenvio.es\\\/tecnologia-al-rescate-como-la-inteligencia-artificial-esta-mejorando-la-recuperacion-de-objetos-perdidos-en-aeropuertos-con-goenvio\\\/\",\"url\":\"https:\\\/\\\/goenvio.es\\\/tecnologia-al-rescate-como-la-inteligencia-artificial-esta-mejorando-la-recuperacion-de-objetos-perdidos-en-aeropuertos-con-goenvio\\\/\",\"name\":\"Tecnolog\u00eda al Rescate: C\u00f3mo la Inteligencia Artificial Est\u00e1 Mejorando la Recuperaci\u00f3n de Objetos Perdidos en Aeropuertos con GoEnvio - Goenv\u00edo\",\"isPartOf\":{\"@id\":\"https:\\\/\\\/goenvio.es\\\/#website\"},\"datePublished\":\"2024-05-13T03:51:53+00:00\",\"dateModified\":\"2024-05-13T04:00:26+00:00\",\"breadcrumb\":{\"@id\":\"https:\\\/\\\/goenvio.es\\\/tecnologia-al-rescate-como-la-inteligencia-artificial-esta-mejorando-la-recuperacion-de-objetos-perdidos-en-aeropuertos-con-goenvio\\\/#breadcrumb\"},\"inLanguage\":\"en-GB\",\"potentialAction\":[{\"@type\":\"ReadAction\",\"target\":[\"https:\\\/\\\/goenvio.es\\\/tecnologia-al-rescate-como-la-inteligencia-artificial-esta-mejorando-la-recuperacion-de-objetos-perdidos-en-aeropuertos-con-goenvio\\\/\"]}]},{\"@type\":\"BreadcrumbList\",\"@id\":\"https:\\\/\\\/goenvio.es\\\/tecnologia-al-rescate-como-la-inteligencia-artificial-esta-mejorando-la-recuperacion-de-objetos-perdidos-en-aeropuertos-con-goenvio\\\/#breadcrumb\",\"itemListElement\":[{\"@type\":\"ListItem\",\"position\":1,\"name\":\"Home\",\"item\":\"https:\\\/\\\/goenvio.es\\\/\"},{\"@type\":\"ListItem\",\"position\":2,\"name\":\"Tecnolog\u00eda al Rescate: C\u00f3mo la Inteligencia Artificial Est\u00e1 Mejorando la Recuperaci\u00f3n de Objetos Perdidos en Aeropuertos con GoEnvio\"}]},{\"@type\":\"WebSite\",\"@id\":\"https:\\\/\\\/goenvio.es\\\/#website\",\"url\":\"https:\\\/\\\/goenvio.es\\\/\",\"name\":\"goenv\u00edo\",\"description\":\"Recogida y env\u00edo de objetos perdidos en aeropuertos, trenes y ciudades\",\"publisher\":{\"@id\":\"https:\\\/\\\/goenvio.es\\\/#organization\"},\"potentialAction\":[{\"@type\":\"SearchAction\",\"target\":{\"@type\":\"EntryPoint\",\"urlTemplate\":\"https:\\\/\\\/goenvio.es\\\/?s={search_term_string}\"},\"query-input\":{\"@type\":\"PropertyValueSpecification\",\"valueRequired\":true,\"valueName\":\"search_term_string\"}}],\"inLanguage\":\"en-GB\"},{\"@type\":\"Organization\",\"@id\":\"https:\\\/\\\/goenvio.es\\\/#organization\",\"name\":\"goenv\u00edo\",\"url\":\"https:\\\/\\\/goenvio.es\\\/\",\"logo\":{\"@type\":\"ImageObject\",\"inLanguage\":\"en-GB\",\"@id\":\"https:\\\/\\\/goenvio.es\\\/#\\\/schema\\\/logo\\\/image\\\/\",\"url\":\"\",\"contentUrl\":\"\",\"caption\":\"goenv\u00edo\"},\"image\":{\"@id\":\"https:\\\/\\\/goenvio.es\\\/#\\\/schema\\\/logo\\\/image\\\/\"}}]}<\/script>\n<!-- \/ Yoast SEO Premium plugin. -->","yoast_head_json":{"title":"Technology to the Rescue: How Artificial Intelligence is Improving Lost Property Recovery at Airports with GoEnvoy - GoEnvoy","robots":{"index":"index","follow":"follow","max-snippet":"max-snippet:-1","max-image-preview":"max-image-preview:large","max-video-preview":"max-video-preview:-1"},"canonical":"https:\/\/goenvio.es\/en\/technology-to-the-rescue-how-artificial-intelligence-is-improving-the-recovery-of-lost-property-items-at-airports-with-goenvio\/","og_locale":"en_GB","og_type":"article","og_title":"Tecnolog\u00eda al Rescate: C\u00f3mo la Inteligencia Artificial Est\u00e1 Mejorando la Recuperaci\u00f3n de Objetos Perdidos en Aeropuertos con GoEnvio","og_description":"Tecnolog\u00eda al Rescate: C\u00f3mo la Inteligencia Artificial Est\u00e1 Mejorando la Recuperaci\u00f3n de Objetos Perdidos en Aeropuertos con GoEnvio Perder objetos en los aeropuertos puede ser una [\u2026]","og_url":"https:\/\/goenvio.es\/en\/technology-to-the-rescue-how-artificial-intelligence-is-improving-the-recovery-of-lost-property-items-at-airports-with-goenvio\/","og_site_name":"Goenv\u00edo","article_modified_time":"2024-05-13T04:00:26+00:00","twitter_card":"summary_large_image","twitter_misc":{"Estimated reading time":"2 minutes"},"schema":{"@context":"https:\/\/schema.org","@graph":[{"@type":"WebPage","@id":"https:\/\/goenvio.es\/tecnologia-al-rescate-como-la-inteligencia-artificial-esta-mejorando-la-recuperacion-de-objetos-perdidos-en-aeropuertos-con-goenvio\/","url":"https:\/\/goenvio.es\/tecnologia-al-rescate-como-la-inteligencia-artificial-esta-mejorando-la-recuperacion-de-objetos-perdidos-en-aeropuertos-con-goenvio\/","name":"Technology to the Rescue: How Artificial Intelligence is Improving Lost Property Recovery at Airports with GoEnvoy - GoEnvoy","isPartOf":{"@id":"https:\/\/goenvio.es\/#website"},"datePublished":"2024-05-13T03:51:53+00:00","dateModified":"2024-05-13T04:00:26+00:00","breadcrumb":{"@id":"https:\/\/goenvio.es\/tecnologia-al-rescate-como-la-inteligencia-artificial-esta-mejorando-la-recuperacion-de-objetos-perdidos-en-aeropuertos-con-goenvio\/#breadcrumb"},"inLanguage":"en-GB","potentialAction":[{"@type":"ReadAction","target":["https:\/\/goenvio.es\/tecnologia-al-rescate-como-la-inteligencia-artificial-esta-mejorando-la-recuperacion-de-objetos-perdidos-en-aeropuertos-con-goenvio\/"]}]},{"@type":"BreadcrumbList","@id":"https:\/\/goenvio.es\/tecnologia-al-rescate-como-la-inteligencia-artificial-esta-mejorando-la-recuperacion-de-objetos-perdidos-en-aeropuertos-con-goenvio\/#breadcrumb","itemListElement":[{"@type":"ListItem","position":1,"name":"Home","item":"https:\/\/goenvio.es\/"},{"@type":"ListItem","position":2,"name":"Tecnolog\u00eda al Rescate: C\u00f3mo la Inteligencia Artificial Est\u00e1 Mejorando la Recuperaci\u00f3n de Objetos Perdidos en Aeropuertos con GoEnvio"}]},{"@type":"WebSite","@id":"https:\/\/goenvio.es\/#website","url":"https:\/\/goenvio.es\/","name":"goenv\u00edo","description":"Collection and forwarding of lost property in airports, trains and cities","publisher":{"@id":"https:\/\/goenvio.es\/#organization"},"potentialAction":[{"@type":"SearchAction","target":{"@type":"EntryPoint","urlTemplate":"https:\/\/goenvio.es\/?s={search_term_string}"},"query-input":{"@type":"PropertyValueSpecification","valueRequired":true,"valueName":"search_term_string"}}],"inLanguage":"en-GB"},{"@type":"Organization","@id":"https:\/\/goenvio.es\/#organization","name":"goenv\u00edo","url":"https:\/\/goenvio.es\/","logo":{"@type":"ImageObject","inLanguage":"en-GB","@id":"https:\/\/goenvio.es\/#\/schema\/logo\/image\/","url":"","contentUrl":"","caption":"goenv\u00edo"},"image":{"@id":"https:\/\/goenvio.es\/#\/schema\/logo\/image\/"}}]}},"_links":{"self":[{"href":"https:\/\/goenvio.es\/en\/wp-json\/wp\/v2\/pages\/821","targetHints":{"allow":["GET"]}}],"collection":[{"href":"https:\/\/goenvio.es\/en\/wp-json\/wp\/v2\/pages"}],"about":[{"href":"https:\/\/goenvio.es\/en\/wp-json\/wp\/v2\/types\/page"}],"author":[{"embeddable":true,"href":"https:\/\/goenvio.es\/en\/wp-json\/wp\/v2\/users\/1"}],"replies":[{"embeddable":true,"href":"https:\/\/goenvio.es\/en\/wp-json\/wp\/v2\/comments?post=821"}],"version-history":[{"count":0,"href":"https:\/\/goenvio.es\/en\/wp-json\/wp\/v2\/pages\/821\/revisions"}],"wp:attachment":[{"href":"https:\/\/goenvio.es\/en\/wp-json\/wp\/v2\/media?parent=821"}],"curies":[{"name":"wp","href":"https:\/\/api.w.org\/{rel}","templated":true}]}}