{"id":600,"date":"2024-05-11T07:35:45","date_gmt":"2024-05-11T07:35:45","guid":{"rendered":"https:\/\/goenvio.es\/?page_id=600"},"modified":"2024-05-11T07:36:34","modified_gmt":"2024-05-11T07:36:34","slug":"diese-seite-verwendet-cookies","status":"publish","type":"page","link":"https:\/\/goenvio.es\/de\/diese-seite-verwendet-cookies\/","title":{"rendered":"Diese Seite verwendet Cookies"},"content":{"rendered":"<div data-elementor-type=\"wp-page\" data-elementor-id=\"600\" class=\"elementor elementor-600\">\n\t\t\t\t\t\t<section class=\"elementor-section elementor-top-section elementor-element elementor-element-20c92f7 elementor-section-full_width elementor-section-stretched elementor-section-height-default elementor-section-height-default\" data-id=\"20c92f7\" data-element_type=\"section\" data-e-type=\"section\" data-settings=\"{&quot;stretch_section&quot;:&quot;section-stretched&quot;}\">\n\t\t\t\t\t\t<div class=\"elementor-container elementor-column-gap-wider\">\n\t\t\t\t\t<div class=\"elementor-column elementor-col-100 elementor-top-column elementor-element elementor-element-0c45c5b\" data-id=\"0c45c5b\" data-element_type=\"column\" data-e-type=\"column\">\n\t\t\t<div class=\"elementor-widget-wrap elementor-element-populated\">\n\t\t\t\t\t\t<section class=\"elementor-section elementor-inner-section elementor-element elementor-element-3868c9a elementor-section-boxed elementor-section-height-default elementor-section-height-default\" data-id=\"3868c9a\" data-element_type=\"section\" data-e-type=\"section\" data-settings=\"{&quot;background_background&quot;:&quot;classic&quot;}\">\n\t\t\t\t\t\t<div class=\"elementor-container elementor-column-gap-default\">\n\t\t\t\t\t<div class=\"elementor-column elementor-col-100 elementor-inner-column elementor-element elementor-element-d33c264\" data-id=\"d33c264\" data-element_type=\"column\" data-e-type=\"column\" data-settings=\"{&quot;background_background&quot;:&quot;classic&quot;}\">\n\t\t\t<div class=\"elementor-widget-wrap elementor-element-populated\">\n\t\t\t\t\t\t<div class=\"elementor-element elementor-element-dc8a8cd elementor-widget elementor-widget-spacer\" data-id=\"dc8a8cd\" data-element_type=\"widget\" data-e-type=\"widget\" data-widget_type=\"spacer.default\">\n\t\t\t\t<div class=\"elementor-widget-container\">\n\t\t\t\t\t\t\t<div class=\"elementor-spacer\">\n\t\t\t<div class=\"elementor-spacer-inner\"><\/div>\n\t\t<\/div>\n\t\t\t\t\t\t<\/div>\n\t\t\t\t<\/div>\n\t\t\t\t<div class=\"elementor-element elementor-element-a20e3cf elementor-widget elementor-widget-heading\" data-id=\"a20e3cf\" data-element_type=\"widget\" data-e-type=\"widget\" data-widget_type=\"heading.default\">\n\t\t\t\t<div class=\"elementor-widget-container\">\n\t\t\t\t\t<h1 class=\"elementor-heading-title elementor-size-default\">Diese Seite verwendet Cookies<\/h1>\t\t\t\t<\/div>\n\t\t\t\t<\/div>\n\t\t\t\t<div class=\"elementor-element elementor-element-70d466d elementor-widget elementor-widget-text-editor\" data-id=\"70d466d\" data-element_type=\"widget\" data-e-type=\"widget\" data-widget_type=\"text-editor.default\">\n\t\t\t\t<div class=\"elementor-widget-container\">\n\t\t\t\t\t\t\t\t\t<p>In \u00dcbereinstimmung mit dem Gesetz 34\/2002 vom 11. Juli 2002 \u00fcber die Dienste der Informationsgesellschaft und den elektronischen Handel (LSSICE) informieren wir dich, dass diese Goenvio-Website Cookies verwendet.<\/p><p>Die LSSICE gilt f\u00fcr jede Art von Datei oder Vorrichtung, die auf das Endger\u00e4t eines Nutzers heruntergeladen wird, um Daten zu speichern, die von der f\u00fcr ihre Installation verantwortlichen Stelle aktualisiert und abgerufen werden k\u00f6nnen. Ein Cookie ist eine dieser weit verbreiteten Dateien, die wir im Folgenden allgemein als Cookies bezeichnen.<\/p><p>Cookies sind kleine Textdateien, die von einem Webserver an einen Browser gesendet werden, um die Aktivit\u00e4ten der Nutzer\/innen auf einer Website aufzuzeichnen, damit diese Informationen sp\u00e4ter beim Durchsuchen der verschiedenen Seiten, die mit dem Server, der sie installiert hat, verbunden sind, abgerufen werden k\u00f6nnen.<\/p><p>Cookies speichern in der Regel Informationen technischer Art, pers\u00f6nliche Vorlieben, die Personalisierung von Inhalten, Nutzungsstatistiken, Links zu sozialen Netzwerken, Zugang zu Benutzerkonten usw.<\/p><p>Arten von Cookies<\/p><p>Im Folgenden werden die Cookies in eine Reihe von Kategorien eingeteilt. Es ist jedoch zu beachten, dass ein und dasselbe Cookie in mehr als einer Kategorie enthalten sein kann.<\/p><p>Nach Angaben der Einrichtung, die sie verwaltet<\/p><p>Eigene Cookies: Das sind Cookies, die von einem Computer oder einer Domain, die vom Herausgeber selbst verwaltet wird und von der aus der vom Nutzer angeforderte Dienst erbracht wird, an das Endger\u00e4t des Nutzers gesendet werden.<\/p><p>Drittanbieter-Cookies: Das sind Cookies, die von einem Computer oder einer Dom\u00e4ne, die nicht vom Herausgeber, sondern von einer anderen Stelle, die die durch die Cookies erhaltenen Daten verarbeitet, an das Endger\u00e4t des Nutzers gesendet werden.<\/p><p>F\u00fcr den Fall, dass die Cookies von einem Computer oder einer Dom\u00e4ne installiert werden, die vom Herausgeber selbst verwaltet wird, die dadurch gesammelten Informationen aber von einer dritten Partei verwaltet werden, gelten sie nicht als eigene Cookies.<\/p><p>Je nachdem, wie lange sie aktiviert bleiben<\/p><p>Je nachdem, wie lange sie in den Endger\u00e4ten aktiviert bleiben, k\u00f6nnen wir unterscheiden:<\/p><p>Sitzungscookies: Das sind Cookies, die dazu dienen, Daten zu sammeln und zu speichern, w\u00e4hrend der\/die Nutzer\/in auf eine Website zugreift. Sie werden in der Regel verwendet, um Informationen zu speichern, die nur f\u00fcr die Erbringung der vom Nutzer\/von der Nutzerin angeforderten Dienstleistung ben\u00f6tigt werden (z. B. eine Liste der gekauften Produkte).<\/p><p>Dauerhafte Cookies: Dabei handelt es sich um eine Art von Cookie, bei dem die Daten auf dem Endger\u00e4t gespeichert bleiben und f\u00fcr einen von der f\u00fcr das Cookie verantwortlichen Partei festgelegten Zeitraum, der von wenigen Minuten bis zu mehreren Jahren reichen kann, abgerufen und verarbeitet werden k\u00f6nnen.<\/p><p>Je nach ihrem Zweck<\/p><p>Je nach dem Zweck, zu dem die durch Cookies gewonnenen Daten verarbeitet werden, k\u00f6nnen wir unterscheiden zwischen:<\/p><p>Technische Cookies: Diese erm\u00f6glichen es dem Nutzer\/der Nutzerin, auf einer Website, Plattform oder Anwendung zu surfen und die verschiedenen Optionen oder Dienste zu nutzen, die es dort gibt, wie z. B. die Steuerung des Datenverkehrs und der Datenkommunikation, die Identifizierung der Sitzung, den Zugriff auf Teile mit eingeschr\u00e4nktem Zugang, die Erinnerung an die Elemente, aus denen eine Bestellung besteht, die Durchf\u00fchrung des Kaufvorgangs einer Bestellung, die Anmeldung zur Registrierung oder die Teilnahme an einer Veranstaltung, die Nutzung von Sicherheitselementen beim Surfen, die Speicherung von Inhalten f\u00fcr die \u00dcbertragung von Videos oder Ton oder das Teilen von Inhalten \u00fcber soziale Netzwerke.<\/p><p>Personalisierungs-Cookies: Das sind Cookies, die es dem\/der Nutzer\/in erm\u00f6glichen, auf den Dienst mit einigen vordefinierten allgemeinen Merkmalen zuzugreifen, die von einer Reihe von Kriterien auf dem Endger\u00e4t des\/der Nutzers\/in abh\u00e4ngen, wie z. B. der Sprache, der Art des Browsers, mit dem auf den Dienst zugegriffen wird, der regionalen Konfiguration, von der aus auf den Dienst zugegriffen wird, usw.<\/p><p>Analyse-Cookies: Diese Cookies erm\u00f6glichen es der f\u00fcr sie verantwortlichen Partei, das Verhalten der Nutzer der Websites, mit denen sie verkn\u00fcpft sind, zu \u00fcberwachen und zu analysieren. Die durch diese Art von Cookies gesammelten Informationen werden verwendet, um die Aktivit\u00e4t der Websites, Anwendungen oder Plattformen zu messen und um Browsing-Profile der Nutzer\/innen dieser Websites, Anwendungen und Plattformen zu erstellen, um Verbesserungen auf der Grundlage der Analyse der Nutzungsdaten der Nutzer\/innen des Dienstes einzuf\u00fchren.<\/p><p>Werbe-Cookies: Das sind Cookies, die es erm\u00f6glichen, die Werbefl\u00e4chen, die der Herausgeber gegebenenfalls auf einer Website, Anwendung oder Plattform, von der aus der angeforderte Dienst erbracht wird, eingef\u00fcgt hat, anhand von Kriterien wie dem bearbeiteten Inhalt oder der H\u00e4ufigkeit, mit der die Werbung angezeigt wird, m\u00f6glichst effektiv zu verwalten.<\/p><p>Cookies f\u00fcr verhaltensbasierte Werbung: Das sind Cookies, die eine m\u00f6glichst effiziente Verwaltung der Werbefl\u00e4chen erm\u00f6glichen, die der Herausgeber gegebenenfalls auf einer Website, Anwendung oder Plattform platziert hat, von der aus der angeforderte Dienst erbracht wird. Diese Cookies speichern Informationen \u00fcber das Verhalten der Nutzerinnen und Nutzer, die durch die kontinuierliche Beobachtung ihrer Surfgewohnheiten gewonnen werden, wodurch ein spezifisches Profil erstellt werden kann, um darauf basierende Werbung anzuzeigen.<\/p><p>So deaktivierst du Cookies in den g\u00e4ngigen Webbrowsern<\/p><p>Um die Verwendung von Cookies zu konfigurieren, befolge bitte die Anweisungen deines Browsers oder konsultiere die Hilfe deines Browsers:<\/p><p>Safari<\/p><p>Firefox<\/p><p>Chrom<\/p><p>Oper<\/p><p>Internet Explorer<\/p><p>Kante<\/p><p>Was passiert, wenn du keine Cookies akzeptierst<\/p><p>Die Ablehnung von Cookies kann den Zugang zu personalisierten Inhalten und Diensten verhindern.<\/p><p>Aktualisierungen und \u00c4nderungen an der Cookie-Richtlinie<\/p><p>Goenvio kann diese Cookie-Richtlinie aufgrund gesetzlicher Bestimmungen, Vorschriften, zur Anpassung an die Anweisungen der spanischen Datenschutzbeh\u00f6rde, aus technischen Gr\u00fcnden oder wegen der Umstrukturierung der Website \u00e4ndern.<\/p><p>Kontakt<\/p><p>Wenn du Fragen dazu hast, wie wir Cookies verwenden, schreibe uns bitte eine E-Mail an: info@Goenvio.es.<\/p>\t\t\t\t\t\t\t\t<\/div>\n\t\t\t\t<\/div>\n\t\t\t\t\t<\/div>\n\t\t<\/div>\n\t\t\t\t\t<\/div>\n\t\t<\/section>\n\t\t\t\t\t<\/div>\n\t\t<\/div>\n\t\t\t\t\t<\/div>\n\t\t<\/section>\n\t\t\t\t<\/div>","protected":false},"excerpt":{"rendered":"<p>Este sitio utiliza cookies En cumplimiento de la Ley 34\/2002 de 11 de julio de Servicios de la Sociedad de la Informaci\u00f3n y de Comercio Electr\u00f3nico<span class=\"excerpt-hellip\"> [\u2026]<\/span><\/p>\n","protected":false},"author":1,"featured_media":0,"parent":0,"menu_order":0,"comment_status":"open","ping_status":"closed","template":"","meta":{"footnotes":""},"class_list":["post-600","page","type-page","status-publish","hentry"],"yoast_head":"<!-- This site is optimized with the Yoast SEO Premium plugin v21.7 (Yoast SEO v27.3) - https:\/\/yoast.com\/product\/yoast-seo-premium-wordpress\/ -->\n<title>Este sitio utiliza cookies - Goenv\u00edo<\/title>\n<meta name=\"robots\" content=\"index, follow, max-snippet:-1, max-image-preview:large, max-video-preview:-1\" \/>\n<link rel=\"canonical\" href=\"https:\/\/goenvio.es\/de\/diese-seite-verwendet-cookies\/\" \/>\n<meta property=\"og:locale\" content=\"de_DE\" \/>\n<meta property=\"og:type\" content=\"article\" \/>\n<meta property=\"og:title\" content=\"Este sitio utiliza cookies\" \/>\n<meta property=\"og:description\" content=\"Este sitio utiliza cookies En cumplimiento de la Ley 34\/2002 de 11 de julio de Servicios de la Sociedad de la Informaci\u00f3n y de Comercio Electr\u00f3nico [\u2026]\" \/>\n<meta property=\"og:url\" content=\"https:\/\/goenvio.es\/de\/diese-seite-verwendet-cookies\/\" \/>\n<meta property=\"og:site_name\" content=\"Goenv\u00edo\" \/>\n<meta property=\"article:modified_time\" content=\"2024-05-11T07:36:34+00:00\" \/>\n<meta name=\"twitter:card\" content=\"summary_large_image\" \/>\n<meta name=\"twitter:label1\" content=\"Gesch\u00e4tzte Lesezeit\" \/>\n\t<meta name=\"twitter:data1\" content=\"5\u00a0Minuten\" \/>\n<script type=\"application\/ld+json\" class=\"yoast-schema-graph\">{\"@context\":\"https:\\\/\\\/schema.org\",\"@graph\":[{\"@type\":\"WebPage\",\"@id\":\"https:\\\/\\\/goenvio.es\\\/este-sitio-utiliza-cookies\\\/\",\"url\":\"https:\\\/\\\/goenvio.es\\\/este-sitio-utiliza-cookies\\\/\",\"name\":\"Este sitio utiliza cookies - Goenv\u00edo\",\"isPartOf\":{\"@id\":\"https:\\\/\\\/goenvio.es\\\/#website\"},\"datePublished\":\"2024-05-11T07:35:45+00:00\",\"dateModified\":\"2024-05-11T07:36:34+00:00\",\"breadcrumb\":{\"@id\":\"https:\\\/\\\/goenvio.es\\\/este-sitio-utiliza-cookies\\\/#breadcrumb\"},\"inLanguage\":\"de\",\"potentialAction\":[{\"@type\":\"ReadAction\",\"target\":[\"https:\\\/\\\/goenvio.es\\\/este-sitio-utiliza-cookies\\\/\"]}]},{\"@type\":\"BreadcrumbList\",\"@id\":\"https:\\\/\\\/goenvio.es\\\/este-sitio-utiliza-cookies\\\/#breadcrumb\",\"itemListElement\":[{\"@type\":\"ListItem\",\"position\":1,\"name\":\"Home\",\"item\":\"https:\\\/\\\/goenvio.es\\\/\"},{\"@type\":\"ListItem\",\"position\":2,\"name\":\"Este sitio utiliza cookies\"}]},{\"@type\":\"WebSite\",\"@id\":\"https:\\\/\\\/goenvio.es\\\/#website\",\"url\":\"https:\\\/\\\/goenvio.es\\\/\",\"name\":\"goenv\u00edo\",\"description\":\"Recogida y env\u00edo de objetos perdidos en aeropuertos, trenes y ciudades\",\"publisher\":{\"@id\":\"https:\\\/\\\/goenvio.es\\\/#organization\"},\"potentialAction\":[{\"@type\":\"SearchAction\",\"target\":{\"@type\":\"EntryPoint\",\"urlTemplate\":\"https:\\\/\\\/goenvio.es\\\/?s={search_term_string}\"},\"query-input\":{\"@type\":\"PropertyValueSpecification\",\"valueRequired\":true,\"valueName\":\"search_term_string\"}}],\"inLanguage\":\"de\"},{\"@type\":\"Organization\",\"@id\":\"https:\\\/\\\/goenvio.es\\\/#organization\",\"name\":\"goenv\u00edo\",\"url\":\"https:\\\/\\\/goenvio.es\\\/\",\"logo\":{\"@type\":\"ImageObject\",\"inLanguage\":\"de\",\"@id\":\"https:\\\/\\\/goenvio.es\\\/#\\\/schema\\\/logo\\\/image\\\/\",\"url\":\"\",\"contentUrl\":\"\",\"caption\":\"goenv\u00edo\"},\"image\":{\"@id\":\"https:\\\/\\\/goenvio.es\\\/#\\\/schema\\\/logo\\\/image\\\/\"}}]}<\/script>\n<!-- \/ Yoast SEO Premium plugin. -->","yoast_head_json":{"title":"Diese Seite verwendet Cookies - Goenv\u00edo","robots":{"index":"index","follow":"follow","max-snippet":"max-snippet:-1","max-image-preview":"max-image-preview:large","max-video-preview":"max-video-preview:-1"},"canonical":"https:\/\/goenvio.es\/de\/diese-seite-verwendet-cookies\/","og_locale":"de_DE","og_type":"article","og_title":"Este sitio utiliza cookies","og_description":"Este sitio utiliza cookies En cumplimiento de la Ley 34\/2002 de 11 de julio de Servicios de la Sociedad de la Informaci\u00f3n y de Comercio Electr\u00f3nico [\u2026]","og_url":"https:\/\/goenvio.es\/de\/diese-seite-verwendet-cookies\/","og_site_name":"Goenv\u00edo","article_modified_time":"2024-05-11T07:36:34+00:00","twitter_card":"summary_large_image","twitter_misc":{"Gesch\u00e4tzte Lesezeit":"5\u00a0Minuten"},"schema":{"@context":"https:\/\/schema.org","@graph":[{"@type":"WebPage","@id":"https:\/\/goenvio.es\/este-sitio-utiliza-cookies\/","url":"https:\/\/goenvio.es\/este-sitio-utiliza-cookies\/","name":"Diese Seite verwendet Cookies - Goenv\u00edo","isPartOf":{"@id":"https:\/\/goenvio.es\/#website"},"datePublished":"2024-05-11T07:35:45+00:00","dateModified":"2024-05-11T07:36:34+00:00","breadcrumb":{"@id":"https:\/\/goenvio.es\/este-sitio-utiliza-cookies\/#breadcrumb"},"inLanguage":"de","potentialAction":[{"@type":"ReadAction","target":["https:\/\/goenvio.es\/este-sitio-utiliza-cookies\/"]}]},{"@type":"BreadcrumbList","@id":"https:\/\/goenvio.es\/este-sitio-utiliza-cookies\/#breadcrumb","itemListElement":[{"@type":"ListItem","position":1,"name":"Home","item":"https:\/\/goenvio.es\/"},{"@type":"ListItem","position":2,"name":"Este sitio utiliza cookies"}]},{"@type":"WebSite","@id":"https:\/\/goenvio.es\/#website","url":"https:\/\/goenvio.es\/","name":"goenv\u00edo","description":"Abholung und Weiterleitung von Fundsachen in Flugh\u00e4fen, Z\u00fcgen und St\u00e4dten","publisher":{"@id":"https:\/\/goenvio.es\/#organization"},"potentialAction":[{"@type":"SearchAction","target":{"@type":"EntryPoint","urlTemplate":"https:\/\/goenvio.es\/?s={search_term_string}"},"query-input":{"@type":"PropertyValueSpecification","valueRequired":true,"valueName":"search_term_string"}}],"inLanguage":"de"},{"@type":"Organization","@id":"https:\/\/goenvio.es\/#organization","name":"goenv\u00edo","url":"https:\/\/goenvio.es\/","logo":{"@type":"ImageObject","inLanguage":"de","@id":"https:\/\/goenvio.es\/#\/schema\/logo\/image\/","url":"","contentUrl":"","caption":"goenv\u00edo"},"image":{"@id":"https:\/\/goenvio.es\/#\/schema\/logo\/image\/"}}]}},"_links":{"self":[{"href":"https:\/\/goenvio.es\/de\/wp-json\/wp\/v2\/pages\/600","targetHints":{"allow":["GET"]}}],"collection":[{"href":"https:\/\/goenvio.es\/de\/wp-json\/wp\/v2\/pages"}],"about":[{"href":"https:\/\/goenvio.es\/de\/wp-json\/wp\/v2\/types\/page"}],"author":[{"embeddable":true,"href":"https:\/\/goenvio.es\/de\/wp-json\/wp\/v2\/users\/1"}],"replies":[{"embeddable":true,"href":"https:\/\/goenvio.es\/de\/wp-json\/wp\/v2\/comments?post=600"}],"version-history":[{"count":0,"href":"https:\/\/goenvio.es\/de\/wp-json\/wp\/v2\/pages\/600\/revisions"}],"wp:attachment":[{"href":"https:\/\/goenvio.es\/de\/wp-json\/wp\/v2\/media?parent=600"}],"curies":[{"name":"wp","href":"https:\/\/api.w.org\/{rel}","templated":true}]}}